{"id":7653,"date":"2021-02-08T15:44:28","date_gmt":"2021-02-08T15:44:28","guid":{"rendered":"http:\/\/ffyh.unc.edu.ar\/posgrado\/?page_id=7653"},"modified":"2022-11-07T21:07:32","modified_gmt":"2022-11-07T21:07:32","slug":"co-gestionadas-m","status":"publish","type":"page","link":"https:\/\/ffyh.unc.edu.ar\/posgrado\/maestrias\/co-gestionadas-m\/","title":{"rendered":"Co-Gestionadas"},"content":{"rendered":"<ul>\n<li><a href=\"https:\/\/ffyh.unc.edu.ar\/posgrado\/maestrias\/co-gestionadas-m\/maestria-en-conservacion-de-bienes-culturales\/\">Maestr\u00eda en Conservaci\u00f3n de Bienes Culturales<\/a><\/li>\n<li><a href=\"https:\/\/ffyh.unc.edu.ar\/posgrado\/maestrias\/maestria-en-tecnologia-politicas-y-culturas\/\">Maestr\u00eda en Tecnolog\u00eda, Pol\u00edticas y Culturas<\/a><\/li>\n<\/ul>\n","protected":false},"excerpt":{"rendered":"<p>Maestr\u00eda en Conservaci\u00f3n de Bienes Culturales Maestr\u00eda en Tecnolog\u00eda, Pol\u00edticas y Culturas<\/p>\n","protected":false},"author":5,"featured_media":0,"parent":30,"menu_order":0,"comment_status":"closed","ping_status":"closed","template":"","meta":{"_acf_changed":false,"colormag_page_container_layout":"default_layout","colormag_page_sidebar_layout":"default_layout","footnotes":""},"class_list":["post-7653","page","type-page","status-publish","hentry"],"acf":[],"jetpack_sharing_enabled":true,"_links":{"self":[{"href":"https:\/\/ffyh.unc.edu.ar\/posgrado\/wp-json\/wp\/v2\/pages\/7653","targetHints":{"allow":["GET"]}}],"collection":[{"href":"https:\/\/ffyh.unc.edu.ar\/posgrado\/wp-json\/wp\/v2\/pages"}],"about":[{"href":"https:\/\/ffyh.unc.edu.ar\/posgrado\/wp-json\/wp\/v2\/types\/page"}],"author":[{"embeddable":true,"href":"https:\/\/ffyh.unc.edu.ar\/posgrado\/wp-json\/wp\/v2\/users\/5"}],"replies":[{"embeddable":true,"href":"https:\/\/ffyh.unc.edu.ar\/posgrado\/wp-json\/wp\/v2\/comments?post=7653"}],"version-history":[{"count":2,"href":"https:\/\/ffyh.unc.edu.ar\/posgrado\/wp-json\/wp\/v2\/pages\/7653\/revisions"}],"predecessor-version":[{"id":8856,"href":"https:\/\/ffyh.unc.edu.ar\/posgrado\/wp-json\/wp\/v2\/pages\/7653\/revisions\/8856"}],"up":[{"embeddable":true,"href":"https:\/\/ffyh.unc.edu.ar\/posgrado\/wp-json\/wp\/v2\/pages\/30"}],"wp:attachment":[{"href":"https:\/\/ffyh.unc.edu.ar\/posgrado\/wp-json\/wp\/v2\/media?parent=7653"}],"curies":[{"name":"wp","href":"https:\/\/api.w.org\/{rel}","templated":true}]}}