{"id":7664,"date":"2021-02-10T10:17:09","date_gmt":"2021-02-10T10:17:09","guid":{"rendered":"http:\/\/ffyh.unc.edu.ar\/posgrado\/?page_id=7664"},"modified":"2021-02-10T10:17:09","modified_gmt":"2021-02-10T10:17:09","slug":"maestria-en-conservacion-de-bienes-culturales","status":"publish","type":"page","link":"https:\/\/ffyh.unc.edu.ar\/posgrado\/maestrias\/co-gestionadas-m\/maestria-en-conservacion-de-bienes-culturales\/","title":{"rendered":"Maestr\u00eda en Conservaci\u00f3n de Bienes Culturales"},"content":{"rendered":"<p><img decoding=\"async\" src=\"https:\/\/artes.unc.edu.ar\/wp-content\/blogs.dir\/2\/files\/sites\/2\/FA-Posgrado2021_Maestria-Slider.jpg\" \/><\/p>\n<p>La\u00a0<strong>Maestr\u00eda en Conservaci\u00f3n de Bienes Culturales<\/strong>\u00a0(MCBC) de la Universidad Nacional de C\u00f3rdoba tiene como finalidad la formaci\u00f3n de profesionales con competencias en el campo de la conservaci\u00f3n para abordar el vasto y m\u00faltiple acervo patrimonial. Brinda una capacitaci\u00f3n especializada en el tratamiento de los distintos tipos de materiales y soportes que lo componen como en el manejo de las condiciones de almacenamiento, resguardo y exposici\u00f3n de los bienes patrimoniales.<\/p>\n<p>La carrera est\u00e1 co-gestionada por las Facultades de Arquitectura, Urbanismo y Dise\u00f1o; Artes; Ciencias Qu\u00edmicas y Filosof\u00eda y Humanidades de la Universidad Nacional de C\u00f3rdoba, con sede administrativa en la Facultad de Artes. La colaboraci\u00f3n y el intercambio de los conocimientos y recursos disponibles de cada unidad acad\u00e9mica potencia y refuerza el valor multidisciplinar de la carrera que busca atender a la diversidad de aspectos y problem\u00e1ticas vinculados a la conservaci\u00f3n de los bienes culturales alojados en instituciones p\u00fablicas y privadas.<\/p>\n<p><strong>Informaci\u00f3n y contacto: <a href=\"https:\/\/artes.unc.edu.ar\/maestria-en-conservacion-de-bienes-culturales\/\">https:\/\/artes.unc.edu.ar\/maestria-en-conservacion-de-bienes-culturales\/<\/a><\/strong><\/p>\n<p><strong>Contacto: <a href=\"mailto:maestria.conservacionbc@artes.unc.edu.ar\">maestria.conservacionbc@artes.unc.edu.ar<\/a><\/strong><\/p>\n","protected":false},"excerpt":{"rendered":"<p>La\u00a0Maestr\u00eda en Conservaci\u00f3n de Bienes Culturales\u00a0(MCBC) de la Universidad Nacional de C\u00f3rdoba tiene como finalidad la formaci\u00f3n de profesionales con<\/p>\n","protected":false},"author":5,"featured_media":0,"parent":7653,"menu_order":0,"comment_status":"closed","ping_status":"closed","template":"","meta":{"_acf_changed":false,"colormag_page_container_layout":"default_layout","colormag_page_sidebar_layout":"default_layout","footnotes":""},"class_list":["post-7664","page","type-page","status-publish","hentry"],"acf":[],"jetpack_sharing_enabled":true,"_links":{"self":[{"href":"https:\/\/ffyh.unc.edu.ar\/posgrado\/wp-json\/wp\/v2\/pages\/7664","targetHints":{"allow":["GET"]}}],"collection":[{"href":"https:\/\/ffyh.unc.edu.ar\/posgrado\/wp-json\/wp\/v2\/pages"}],"about":[{"href":"https:\/\/ffyh.unc.edu.ar\/posgrado\/wp-json\/wp\/v2\/types\/page"}],"author":[{"embeddable":true,"href":"https:\/\/ffyh.unc.edu.ar\/posgrado\/wp-json\/wp\/v2\/users\/5"}],"replies":[{"embeddable":true,"href":"https:\/\/ffyh.unc.edu.ar\/posgrado\/wp-json\/wp\/v2\/comments?post=7664"}],"version-history":[{"count":1,"href":"https:\/\/ffyh.unc.edu.ar\/posgrado\/wp-json\/wp\/v2\/pages\/7664\/revisions"}],"predecessor-version":[{"id":7665,"href":"https:\/\/ffyh.unc.edu.ar\/posgrado\/wp-json\/wp\/v2\/pages\/7664\/revisions\/7665"}],"up":[{"embeddable":true,"href":"https:\/\/ffyh.unc.edu.ar\/posgrado\/wp-json\/wp\/v2\/pages\/7653"}],"wp:attachment":[{"href":"https:\/\/ffyh.unc.edu.ar\/posgrado\/wp-json\/wp\/v2\/media?parent=7664"}],"curies":[{"name":"wp","href":"https:\/\/api.w.org\/{rel}","templated":true}]}}