{"id":8828,"date":"2023-05-31T14:35:04","date_gmt":"2023-05-31T14:35:04","guid":{"rendered":"https:\/\/ffyh.unc.edu.ar\/posgrado\/?page_id=8828"},"modified":"2026-03-20T12:55:39","modified_gmt":"2026-03-20T12:55:39","slug":"madu","status":"publish","type":"page","link":"https:\/\/ffyh.unc.edu.ar\/posgrado\/maestrias\/madu\/","title":{"rendered":"Maestr\u00eda en Docencia Universitaria"},"content":{"rendered":"<p>Carrera aprobada por CONEAU, Acta 562\/22.<br \/>\nApertura Nueva Cohorte: Fecha a confirmar.<\/p>\n<p>Resoluci\u00f3n Ministerial <a href=\"https:\/\/ffyh.unc.edu.ar\/posgrado\/wp-content\/uploads\/sites\/3\/2023\/06\/RM-2433_22.pdf\">N\u00ba 2433\/22<\/a><\/p>\n<hr \/>\n<p><strong>COHORTE 2026 &#8211; <a href=\"https:\/\/docs.google.com\/forms\/d\/e\/1FAIpQLSf-GgoSjtUQelv3Dr3IqQTe-Xwk8OSauvZ78hfcxE2QsMBp4g\/viewform\" target=\"_blank\" rel=\"noopener\" data-saferedirecturl=\"https:\/\/www.google.com\/url?q=https:\/\/docs.google.com\/forms\/d\/e\/1FAIpQLSf-GgoSjtUQelv3Dr3IqQTe-Xwk8OSauvZ78hfcxE2QsMBp4g\/viewform&amp;source=gmail&amp;ust=1762974506324000&amp;usg=AOvVaw1mTsvt56VcFw6eHoUpVHig\">FORMULARIO DE PREINSCRIPCI\u00d3N<\/a><\/strong><\/p>\n<hr \/>\n<p><strong>Presentaci\u00f3n<\/strong><\/p>\n<p>La Maestr\u00eda en Docencia Universitaria (MaDU) es una propuesta innovadora, orientada a la formaci\u00f3n para la docencia universitaria en t\u00e9rminos amplios o gen\u00e9ricos, que viene a ocupar un espacio vacante en las carreras de posgrado de la UNC.<\/p>\n<p>Apuesta a ofrecer un tronco com\u00fan de saberes para las complejas y diversas tareas docentes. Saberes que est\u00e9n en di\u00e1logo con las profundas transformaciones contempor\u00e1neas que permean el trabajo cotidiano en la Universidad.<\/p>\n<p>Al asumir la docencia como objeto de conocimiento y desarrollo profesional, la MaDU se propone ampliar los marcos te\u00f3ricos y las herramientas de ense\u00f1anza pero tambi\u00e9n ser un espacio de producci\u00f3n creativa para que lxs docentes generen propuestas de intervenci\u00f3n pedag\u00f3gica que respondan a las necesidades de sus respectivas carreras, \u00e1reas o espacios curriculares.<\/p>\n<p>En ese sentido, constituye un espacio para pensar colectivamente los desaf\u00edos que implican la digitalizaci\u00f3n de la informaci\u00f3n, la diversidad sociocultural y los demandantes contextos institucionales, entre otros condicionantes del trabajo docente.<\/p>\n<p>A su vez, pretende dar cuenta de las multifac\u00e9ticas tareas docentes relativas a la participaci\u00f3n ciudadana en pol\u00edticas institucionales, en procesos de investigaci\u00f3n, extensi\u00f3n y trabajo comunitario, y en aquellas propias de la transmisi\u00f3n de saberes en los respectivos campos disciplinares.<\/p>\n<p>La carrera es cogestionada por la Facultad de Filosof\u00eda y Humanidades (FFyH) y la Facultad de Ciencias Sociales (FCS) de la UNC, en articulaci\u00f3n con el Gremio de Docentes e Investigadorxs Universitarixs de C\u00f3rdoba ADIUC, que viene desarrollando diversas propuestas orientadas a la formaci\u00f3n pedag\u00f3gica del profesorado desde una perspectiva interdisciplinar.<\/p>\n<hr \/>\n<p><strong>Apuestas de la MaDU<\/strong><\/p>\n<p>\u25cf Ampliar los marcos te\u00f3ricos y las herramientas para la ense\u00f1anza.<br \/>\n\u25cf Asumir la docencia como objeto de conocimiento y desarrollo profesional.<br \/>\n\u25cf Ofrecer un tronco com\u00fan de saberes para las complejas y diversas tareas docentes.<br \/>\n\u25cf Aprovechar experiencias institucionales y trayectorias personales previas para<br \/>\npotenciar nuevas articulaciones.<br \/>\n\u25cf Promover modos renovados de relaci\u00f3n con el conocimiento e inter\u00e9s por indagar en<br \/>\nlas propias pr\u00e1cticas.<br \/>\n\u25cf Considerar los requerimientos de la diversidad sociocultural en las aulas y los desaf\u00edos<br \/>\nde las transformaciones de \u00e9poca.<br \/>\n\u25cf Incorporar y transversalizar la persectiva de g\u00e9nero en la formaci\u00f3n docente.<\/p>\n<hr \/>\n<p>Reglamento y plan de estudios: <a href=\"http:\/\/ffyh.unc.edu.ar\/posgrado\/wp-content\/uploads\/sites\/3\/2026\/03\/RES_598_2019.pdf\">Acceder.<\/a><\/p>\n<hr \/>\n<p><strong>Destinatarixs<\/strong><\/p>\n<p>Podr\u00e1n postularse como estudiantes para esta Maestr\u00eda docentes universitarixs en ejercicio,<br \/>\nprofesorxs adscriptxs y egresadxs universitarixs.<\/p>\n<hr \/>\n<p><em><b>Aranceles a contar de febrero de 2026:<\/b><\/em><\/p>\n<ul>\n<li>Matr\u00edcula: $65000<\/li>\n<li>22 cuotas mensuales:<br \/>\nValor de la cuota: $65000<\/li>\n<li>Cursos para estudiantes externxs<b>: <\/b>$75000<\/li>\n<\/ul>\n<hr \/>\n<table>\n<tbody>\n<tr>\n<td><strong>T\u00edtulo que otorga<\/strong><\/td>\n<td><strong>Magister en Docencia Universitaria<\/strong><\/td>\n<\/tr>\n<tr>\n<td>Modalidad de dictado<\/td>\n<td>Presencial<\/td>\n<\/tr>\n<tr>\n<td>Plan de estudios<\/td>\n<td>Semiestructurado<\/td>\n<\/tr>\n<tr>\n<td>Duraci\u00f3n de la carrera<\/td>\n<td>Tres a\u00f1os en total; dos de cursado y uno m\u00e1s para la realizaci\u00f3n y presentaci\u00f3n del Trabajo Final de Maestr\u00eda (TFM)<\/td>\n<\/tr>\n<tr>\n<td>Carga horaria<\/td>\n<td>Total de horas: 740<\/p>\n<p>Horas te\u00f3ricas: 320<\/p>\n<p>Horas de actividades pr\u00e1cticas y tutor\u00edas: 270<\/p>\n<p>Horas de elaboraci\u00f3n del TFM: 150<\/td>\n<\/tr>\n<tr>\n<td>Espacios curriculares<\/td>\n<td>15 espacios curriculares:<\/p>\n<p>10 seminarios obligatorios (40 horas cada uno: 25\u00a0 presenciales y 15 de trabajo de campo)<\/p>\n<p>3 talleres obligatorios (50 horas cada uno: 10 presenciales y 40 de trabajo de campo)<\/p>\n<p>2 seminarios optativos (20 horas cada uno)<\/td>\n<\/tr>\n<tr>\n<td>Horario y lugar de cursado<\/td>\n<td>Las 25 horas presenciales de cada seminario obligatorio ser\u00e1n divididas en cuatro clases de 6hs 15 minutos cada una, que se desarrollar\u00e1n en dos fines de semana alternados (en el medio, una semana libre para realizar trabajos): los viernes, de 16 a 22hs (en aulas de Posgrado de la FFyH \u2013 Pabell\u00f3n Residencial, Ciudad Universitaria) \/ y los s\u00e1bados, de 9 a 14hs (en sede de ADIUC \u2013 Ciudad Universitaria).<\/td>\n<\/tr>\n<tr>\n<td>Unidades acad\u00e9micas que gestionan<\/td>\n<td>Facultad de Filosof\u00eda y Humanidades (FFyH)<\/p>\n<p>Facultad de Ciencias Sociales (FCS)<\/td>\n<\/tr>\n<tr>\n<td>Sede acad\u00e9mica y administrativa<\/td>\n<td>Facultad de Filosofia y Humanidades (FFyH)<\/td>\n<\/tr>\n<\/tbody>\n<\/table>\n<p><strong>Autoridades de la MaDU<\/strong><\/p>\n<p>\u25cf Directora: Dra. Marcela Pacheco<br \/>\n\u25cf Directora Alterna: Dra. Miriam Abate Daga<br \/>\n\u25cf Coordinadora Acad\u00e9mica: Dra. Jimena Massa<\/p>\n<p><strong>Comit\u00e9 Acad\u00e9mico<\/strong><\/p>\n<p>\u25cf Dra. Gloria Edelstein (Facultad de Filosof\u00eda y Humanidades)<br \/>\n\u25cf Dra. Estela Miranda (Facultad de Filosof\u00eda y Humanidades)<br \/>\n\u25cf Dra. Andrea Pujol (Facultad de Filosof\u00eda y Humanidades)<br \/>\n\u25cf Dra. Alicia Servetto (Facultad de Ciencias Sociales \u2013 Centro de Estudios Avanzados)<br \/>\n\u25cf Dra. Miriam Abate Daga (Facultad de Ciencias Sociales \u2013 Centro de Estudios<br \/>\nAvanzados)<br \/>\n\u25cf Dr. Javier Blanco (Facultad de Ciencias Sociales)<\/p>\n<p><strong>Tutora<\/strong><\/p>\n<p>&#8211; Mgtr. Jessica Ivette Ar\u00e9valo Schillino<\/p>\n<p><strong>Comit\u00e9 Asesor<\/strong> (conformado por docentes representantes de cada una de las facultades de la<br \/>\nUNC)<\/p>\n<p>&#8211; Dra. Claudia Romero de Gelonch (Facultad de Ciencias Agropecuarias)<br \/>\n&#8211; Mgter.Andrea Sarmiento (Facultad de Artes)<br \/>\n&#8211; Mgter. Adriana Tesio Conca (Facultad de Odontolog\u00eda)<br \/>\n&#8211; Mgter. Mar\u00eda Ruiz Juri (Facultad de Derecho)<br \/>\n&#8211; Dra. Isolda Carranza (Facultad de Lenguas)<br \/>\n&#8211; Dra. Esther Galina (Facultad de Matem\u00e1tica, Astronom\u00eda, F\u00edsica y Computaci\u00f3n)<br \/>\n&#8211; Dra. M\u00f3nica Garcia (Facultad de Ciencias Qu\u00edmicas)<br \/>\n&#8211; Dra.Rossana Forastello (Facultad de Ciencias Exactas, F\u00edsicas y Naturales)<br \/>\n&#8211; Mgter. Gabriela Sabulsky (Facultad de Ciencias Econ\u00f3micas)<br \/>\n&#8211; Dra. Marcela Lucchese (Facultad de Ciencias M\u00e9dicas)<br \/>\n&#8211; Mgter. C\u00e9sar Zuccarino (Facultad de Ciencias de la Comunicaci\u00f3n)<br \/>\n&#8211; Mgter. Luciana Schneider(Facultad de Psicolog\u00eda)<br \/>\n&#8211; Mgter Arq. Lidia Samar (Facultad de Arquitectura, Urbanismo y Dise\u00f1o)<br \/>\n&#8211; Dra. Marta Philp (Facultad de Filosof\u00eda y Humanidades)<br \/>\n&#8211; Mgter. Patricia Acevedo (Facultad de Ciencias Sociales)<\/p>\n<p><strong>Cuerpo docente<\/strong><\/p>\n<p>&#8211; Dra. Marcela Sosa<br \/>\n&#8211; Dr. Daniel Saur<br \/>\n&#8211; Dra. Estela Miranda<br \/>\n&#8211; Dra. Nora Lanfri<br \/>\n&#8211; Dra. Andrea Pujol<br \/>\n&#8211; Dra. Leticia Medina<br \/>\n&#8211; Dra. Gloria Edelstein<br \/>\n&#8211; Dra. Cecilia Four\u00e9s<br \/>\n&#8211; Dra. Silvia Servetto<br \/>\n&#8211; Dra. Guadalupe Molina<br \/>\n&#8211; Dra. Miriam Abate Daga<br \/>\n&#8211; Dra. Sergio Obeide<br \/>\n&#8211; Dra. Nora Alterman<br \/>\n&#8211; Dra. Carla Falavigna<br \/>\n&#8211; Dr. Marcos Luna<br \/>\n&#8211; Dra. Ingrid Sverdlick<br \/>\n&#8211; Dra. Eva Da Porta<br \/>\n&#8211; Dra. Ver\u00f3nica Plaza<br \/>\n&#8211; Dra. Javier Blanco<br \/>\n&#8211; Dra. Emilia Echeveste<br \/>\n&#8211; Dra. Cecilia Mart\u00ednez<br \/>\n&#8211; Dra. Marcela Pacheco<br \/>\n&#8211; Dra. Marina Yazyi<br \/>\n&#8211; Dra. Laura Mui\u00f1o<br \/>\n&#8211; Dra. J\u00e9ssica Ar\u00e9valo<br \/>\n&#8211; Dra. Ximena \u00c1vila<br \/>\n&#8211; Prof. Daniel Luque<br \/>\n&#8211; Prof. Mauro Orellana<\/p>\n<hr \/>\n<p><strong>Datos de contacto<\/strong><\/p>\n<p>Correo electr\u00f3nico: madu@ffyh.unc.edu.ar \/ posgrado@ffyh.unc.edu.ar<\/p>\n","protected":false},"excerpt":{"rendered":"<p>Carrera aprobada por CONEAU, Acta 562\/22. Apertura Nueva Cohorte: Fecha a confirmar. Resoluci\u00f3n Ministerial N\u00ba 2433\/22 COHORTE 2026 &#8211; FORMULARIO<\/p>\n","protected":false},"author":2,"featured_media":0,"parent":30,"menu_order":0,"comment_status":"closed","ping_status":"closed","template":"","meta":{"_acf_changed":false,"saved_in_kubio":false,"colormag_page_container_layout":"default_layout","colormag_page_sidebar_layout":"default_layout","footnotes":""},"class_list":["post-8828","page","type-page","status-publish","hentry"],"acf":[],"kubio_ai_page_context":{"short_desc":"","purpose":"general"},"jetpack_sharing_enabled":true,"_links":{"self":[{"href":"https:\/\/ffyh.unc.edu.ar\/posgrado\/wp-json\/wp\/v2\/pages\/8828","targetHints":{"allow":["GET"]}}],"collection":[{"href":"https:\/\/ffyh.unc.edu.ar\/posgrado\/wp-json\/wp\/v2\/pages"}],"about":[{"href":"https:\/\/ffyh.unc.edu.ar\/posgrado\/wp-json\/wp\/v2\/types\/page"}],"author":[{"embeddable":true,"href":"https:\/\/ffyh.unc.edu.ar\/posgrado\/wp-json\/wp\/v2\/users\/2"}],"replies":[{"embeddable":true,"href":"https:\/\/ffyh.unc.edu.ar\/posgrado\/wp-json\/wp\/v2\/comments?post=8828"}],"version-history":[{"count":60,"href":"https:\/\/ffyh.unc.edu.ar\/posgrado\/wp-json\/wp\/v2\/pages\/8828\/revisions"}],"predecessor-version":[{"id":12841,"href":"https:\/\/ffyh.unc.edu.ar\/posgrado\/wp-json\/wp\/v2\/pages\/8828\/revisions\/12841"}],"up":[{"embeddable":true,"href":"https:\/\/ffyh.unc.edu.ar\/posgrado\/wp-json\/wp\/v2\/pages\/30"}],"wp:attachment":[{"href":"https:\/\/ffyh.unc.edu.ar\/posgrado\/wp-json\/wp\/v2\/media?parent=8828"}],"curies":[{"name":"wp","href":"https:\/\/api.w.org\/{rel}","templated":true}]}}