{"id":8924,"date":"2022-12-14T13:05:52","date_gmt":"2022-12-14T13:05:52","guid":{"rendered":"https:\/\/ffyh.unc.edu.ar\/posgrado\/?page_id=8924"},"modified":"2026-02-02T15:00:13","modified_gmt":"2026-02-02T15:00:13","slug":"posdoctorado","status":"publish","type":"page","link":"https:\/\/ffyh.unc.edu.ar\/posgrado\/posdoctorado\/","title":{"rendered":"Posdoctorado"},"content":{"rendered":"<h4 class=\"entry-title\">Programa Posdoctoral y Estancias Posdoctorales en Ciencias Humanas y Sociales<\/h4>\n<hr \/>\n<p>Fue creado mediante la Resoluci\u00f3n 354\/21 por el Consejo Directivo en su sesi\u00f3n del 28 de octubre, y tiene por finalidad dar forma y articular las actividades posdoctorales que se realizan en el \u00e1mbito de nuestra unidad acad\u00e9mica. La propuesta es el resultado del trabajo en conjunto de la Secretar\u00eda de Posgrado y la Secretar\u00eda de Investigaci\u00f3n, Ciencia y T\u00e9cnica de la FFyH.<\/p>\n<p>En los siguientes enlaces se puede acceder a la <a href=\"http:\/\/ffyh.unc.edu.ar\/secyt\/wp-content\/uploads\/sites\/22\/2021\/12\/RHCD-2021-354-posdoctorado.pdf\">Resoluci\u00f3n HCD N\u00ba354\/21<\/a>, y su rectificatoria <a href=\"http:\/\/ffyh.unc.edu.ar\/posgrado\/wp-content\/uploads\/sites\/3\/2022\/12\/31-EX-2021-00528884-UNC-ME.pdf\">HCD N\u00ba560\/22<\/a><\/p>\n<p>Para acceder al Programa Posdoctoral y Estancias Posdoctorales en Ciencias Humanas y Sociales <a href=\"https:\/\/ffyh.unc.edu.ar\/posdoctorado\/\">clic aqu\u00ed<\/a>.<\/p>\n<hr \/>\n<p><strong>Comisi\u00f3n Acad\u00e9mica<\/strong> (Titulares)<\/p>\n<p>Dra. Silvia Mor\u00f3n<br \/>\nDra. Jaqueline Vasallo<br \/>\nDra. Bernarda Marconetto<br \/>\nDr. Marcos Carmignani<br \/>\nDr. Eduardo Mattio<\/p>\n<p><strong>Comisi\u00f3n Acad\u00e9mica<\/strong> (Suplentes)<\/p>\n<p>Dr. Carlos Mart\u00ednez Ruiz<br \/>\nDr. C\u00e9sar Marchesino<br \/>\nDra. Beatriz Bixio<br \/>\nDr. Javier Moyano<br \/>\nDra. Silvia Servetto<\/p>\n","protected":false},"excerpt":{"rendered":"<p>Programa Posdoctoral y Estancias Posdoctorales en Ciencias Humanas y Sociales Fue creado mediante la Resoluci\u00f3n 354\/21 por el Consejo Directivo<\/p>\n","protected":false},"author":5,"featured_media":0,"parent":0,"menu_order":10,"comment_status":"closed","ping_status":"closed","template":"","meta":{"_acf_changed":false,"saved_in_kubio":false,"colormag_page_container_layout":"default_layout","colormag_page_sidebar_layout":"default_layout","footnotes":""},"class_list":["post-8924","page","type-page","status-publish","hentry"],"acf":[],"kubio_ai_page_context":{"short_desc":"","purpose":"general"},"jetpack_sharing_enabled":true,"_links":{"self":[{"href":"https:\/\/ffyh.unc.edu.ar\/posgrado\/wp-json\/wp\/v2\/pages\/8924","targetHints":{"allow":["GET"]}}],"collection":[{"href":"https:\/\/ffyh.unc.edu.ar\/posgrado\/wp-json\/wp\/v2\/pages"}],"about":[{"href":"https:\/\/ffyh.unc.edu.ar\/posgrado\/wp-json\/wp\/v2\/types\/page"}],"author":[{"embeddable":true,"href":"https:\/\/ffyh.unc.edu.ar\/posgrado\/wp-json\/wp\/v2\/users\/5"}],"replies":[{"embeddable":true,"href":"https:\/\/ffyh.unc.edu.ar\/posgrado\/wp-json\/wp\/v2\/comments?post=8924"}],"version-history":[{"count":11,"href":"https:\/\/ffyh.unc.edu.ar\/posgrado\/wp-json\/wp\/v2\/pages\/8924\/revisions"}],"predecessor-version":[{"id":12689,"href":"https:\/\/ffyh.unc.edu.ar\/posgrado\/wp-json\/wp\/v2\/pages\/8924\/revisions\/12689"}],"wp:attachment":[{"href":"https:\/\/ffyh.unc.edu.ar\/posgrado\/wp-json\/wp\/v2\/media?parent=8924"}],"curies":[{"name":"wp","href":"https:\/\/api.w.org\/{rel}","templated":true}]}}