{"id":9566,"date":"2023-08-22T19:30:11","date_gmt":"2023-08-22T19:30:11","guid":{"rendered":"https:\/\/ffyh.unc.edu.ar\/posgrado\/?page_id=9566"},"modified":"2025-09-23T20:51:50","modified_gmt":"2025-09-23T20:51:50","slug":"alumnxs-regulares","status":"publish","type":"page","link":"https:\/\/ffyh.unc.edu.ar\/posgrado\/alumnxs-regulares\/","title":{"rendered":"Alumnxs regulares"},"content":{"rendered":"<p><strong>Cronograma 2025 | Instructivos SIU Guaran\u00ed:<\/strong><\/p>\n<ul>\n<li><strong><em>Reinscripci\u00f3n anual\u00a0<\/em><\/strong>(<a href=\"http:\/\/ffyh.unc.edu.ar\/posgrado\/wp-content\/uploads\/sites\/3\/2023\/05\/Instructivo-Reinscripcion-anual-datos-censales.pdf\">ver instructivo<\/a>)<strong><br \/>\n<\/strong>Hasta el 31 de mayo de cada a\u00f1o<\/li>\n<li><em><strong>Inscripci\u00f3n a Cursadas\u00a0<\/strong><\/em><a href=\"https:\/\/drive.google.com\/file\/d\/1bOj9wbcAUCgtYRWWCjxRFdmsoThhrNo9\/view\">(ver instructivo)<\/a><br \/>\nFechas: <a href=\"https:\/\/ffyh.unc.edu.ar\/posgrado\/2024\/12\/16\/calendario-academico-2025\/\">ver<\/a><\/li>\n<li><strong><em>Registro de Notas \/ Inscripci\u00f3n a ex\u00e1menes: Maestr\u00edas y Especializaciones <\/em><\/strong>(<a href=\"https:\/\/drive.google.com\/file\/d\/1unGSC763wqVgcGdfDT_wk5vhMyWW4bxz\/view\">ver instructivo<\/a>)<br \/>\nFechas: <a href=\"https:\/\/ffyh.unc.edu.ar\/posgrado\/2024\/12\/16\/calendario-academico-2025\/\">ver<\/a><\/li>\n<li><strong>Registro de cursos e idiomas acreditados en informes de avances de Doctorados: <a href=\"http:\/\/ffyh.unc.edu.ar\/posgrado\/wp-content\/uploads\/sites\/3\/2025\/09\/Copia-de-Registro-cursos-en-Guarani-Doctorado-Placas-para-IG-1080-x-1350-px-1.pdf\">Indicaciones administrativas<\/a><\/strong> &#8211;\u00a0<strong><a href=\"https:\/\/drive.google.com\/file\/d\/1unGSC763wqVgcGdfDT_wk5vhMyWW4bxz\/view\">Instructivo Guaran\u00ed<\/a><\/strong><br \/>\nFechas: <a href=\"https:\/\/ffyh.unc.edu.ar\/posgrado\/2024\/12\/16\/calendario-academico-2025\/\">ver<\/a><\/li>\n<li><strong><em>Inscripci\u00f3n pruebas de lecto comprensi\u00f3n de Idiomas\u00a0<\/em><\/strong>(<a href=\"https:\/\/drive.google.com\/file\/d\/1unGSC763wqVgcGdfDT_wk5vhMyWW4bxz\/view\">ver instructivo<\/a>)<br \/>\nVer fechas en calendario acad\u00e9mico\u00a0<a href=\"https:\/\/ffyh.unc.edu.ar\/posgrado\/2024\/12\/16\/calendario-academico-2025\/\">ver<\/a><\/li>\n<\/ul>\n<p>Modificaciones de datos en el Sistema:<\/p>\n<ul>\n<li><em><strong>Recuperar contrase\u00f1a<\/strong><\/em><br \/>\n<a href=\"https:\/\/autogestion.guarani.unc.edu.ar\/acceso\/recuperar\">(ver instructivo)<\/a><\/li>\n<li><em><strong>Modificar correo electr\u00f3nico<br \/>\n<\/strong><\/em><a href=\"https:\/\/ffyh.unc.edu.ar\/posgrado\/wp-content\/uploads\/sites\/3\/2023\/03\/Modificar-correo-electronico-SIU-GUARANI.jpg\">(ver instructivo)<\/a><em><strong><br \/>\n<\/strong><\/em><\/li>\n<li><strong>Actualizaci\u00f3n de datos personales<\/strong><br \/>\n<a href=\"https:\/\/drive.google.com\/file\/d\/1BJ77VjF_9fqG7VadxQdmQmt00aiPCZFL\/view?usp=sharing\">ver instructivo<\/a><\/li>\n<\/ul>\n","protected":false},"excerpt":{"rendered":"<p>Cronograma 2025 | Instructivos SIU Guaran\u00ed: Reinscripci\u00f3n anual\u00a0(ver instructivo) Hasta el 31 de mayo de cada a\u00f1o Inscripci\u00f3n a Cursadas\u00a0(ver<\/p>\n","protected":false},"author":5,"featured_media":0,"parent":0,"menu_order":0,"comment_status":"closed","ping_status":"closed","template":"","meta":{"_acf_changed":false,"colormag_page_container_layout":"default_layout","colormag_page_sidebar_layout":"default_layout","footnotes":""},"class_list":["post-9566","page","type-page","status-publish","hentry"],"acf":[],"jetpack_sharing_enabled":true,"_links":{"self":[{"href":"https:\/\/ffyh.unc.edu.ar\/posgrado\/wp-json\/wp\/v2\/pages\/9566","targetHints":{"allow":["GET"]}}],"collection":[{"href":"https:\/\/ffyh.unc.edu.ar\/posgrado\/wp-json\/wp\/v2\/pages"}],"about":[{"href":"https:\/\/ffyh.unc.edu.ar\/posgrado\/wp-json\/wp\/v2\/types\/page"}],"author":[{"embeddable":true,"href":"https:\/\/ffyh.unc.edu.ar\/posgrado\/wp-json\/wp\/v2\/users\/5"}],"replies":[{"embeddable":true,"href":"https:\/\/ffyh.unc.edu.ar\/posgrado\/wp-json\/wp\/v2\/comments?post=9566"}],"version-history":[{"count":14,"href":"https:\/\/ffyh.unc.edu.ar\/posgrado\/wp-json\/wp\/v2\/pages\/9566\/revisions"}],"predecessor-version":[{"id":12287,"href":"https:\/\/ffyh.unc.edu.ar\/posgrado\/wp-json\/wp\/v2\/pages\/9566\/revisions\/12287"}],"wp:attachment":[{"href":"https:\/\/ffyh.unc.edu.ar\/posgrado\/wp-json\/wp\/v2\/media?parent=9566"}],"curies":[{"name":"wp","href":"https:\/\/api.w.org\/{rel}","templated":true}]}}