{"id":9574,"date":"2023-08-22T19:56:28","date_gmt":"2023-08-22T19:56:28","guid":{"rendered":"https:\/\/ffyh.unc.edu.ar\/posgrado\/?page_id=9574"},"modified":"2024-08-22T15:30:56","modified_gmt":"2024-08-22T15:30:56","slug":"alumxs-externxs","status":"publish","type":"page","link":"https:\/\/ffyh.unc.edu.ar\/posgrado\/alumxs-externxs\/","title":{"rendered":"Alumnxs Externxs"},"content":{"rendered":"<p>Cronograma:<\/p>\n<ul>\n<li><em><strong>Inscripci\u00f3n a Cursos<\/strong><\/em><br \/>\nInstructivo para alumnxs CON usuario SIU-Guaran\u00ed: <a href=\"https:\/\/ffyh.unc.edu.ar\/posgrado\/wp-content\/uploads\/sites\/3\/2023\/03\/Alumnxs-con-usuario-Cursos-de-posgrado-Inscripcion-a-cursada-SIU-Guarani.pdf\">ver instructivo<\/a><br \/>\nInstructivo para alumnxs SIN usuario SIU-Guaran\u00ed:\u00a0<a href=\"https:\/\/ffyh.unc.edu.ar\/posgrado\/wp-content\/uploads\/sites\/3\/2023\/03\/Alumnxs-SIN-usuario-Cursos-de-posgrado-Inscripcion-a-cursada-SIU-Guarani.pdf\">ver instructivo<\/a><\/li>\n<li><strong><em>Inscripci\u00f3n a Ex\u00e1menes<\/em><\/strong><br \/>\nInstructivo para alumnxs CON usuario SIU-Guaran\u00ed:\u00a0<a href=\"http:\/\/ffyh.unc.edu.ar\/posgrado\/wp-content\/uploads\/sites\/3\/2024\/08\/Alumnxs-con-usuario-Cursos-de-posgrado-Inscripcion-a-EXAMEN-SIU-Guarani-1.pdf\">ver instructivo<\/a><\/li>\n<\/ul>\n<p>Modificaciones de datos en el Sistema SIU Guaran\u00ed:<\/p>\n<ul>\n<li><em><strong>Recuperar contrase\u00f1a<\/strong><\/em><br \/>\n<a href=\"https:\/\/autogestion.guarani.unc.edu.ar\/acceso\/recuperar\">ver instructivo<\/a><\/li>\n<li><em><strong>Modificar correo electr\u00f3nico<br \/>\n<\/strong><\/em><a href=\"https:\/\/ffyh.unc.edu.ar\/posgrado\/wp-content\/uploads\/sites\/3\/2023\/03\/Modificar-correo-electronico-SIU-GUARANI.jpg\">ver instructivo<\/a><\/li>\n<li><strong>Actualizaci\u00f3n de datos personales<\/strong><br \/>\n<a href=\"https:\/\/drive.google.com\/file\/d\/1BJ77VjF_9fqG7VadxQdmQmt00aiPCZFL\/view?usp=sharing\">ver instructivo<\/a><\/li>\n<\/ul>\n<p>Por consultas ver contactos de acuerdo a la carrera organizadora de la actividad: <a href=\"https:\/\/ffyh.unc.edu.ar\/posgrado\/contactos\/\">ingresar\u00a0<\/a><\/p>\n","protected":false},"excerpt":{"rendered":"<p>Cronograma: Inscripci\u00f3n a Cursos Instructivo para alumnxs CON usuario SIU-Guaran\u00ed: ver instructivo Instructivo para alumnxs SIN usuario SIU-Guaran\u00ed:\u00a0ver instructivo Inscripci\u00f3n<\/p>\n","protected":false},"author":5,"featured_media":0,"parent":0,"menu_order":0,"comment_status":"closed","ping_status":"closed","template":"","meta":{"_acf_changed":false,"saved_in_kubio":false,"colormag_page_container_layout":"default_layout","colormag_page_sidebar_layout":"default_layout","footnotes":""},"class_list":["post-9574","page","type-page","status-publish","hentry"],"acf":[],"kubio_ai_page_context":{"short_desc":"","purpose":"general"},"jetpack_sharing_enabled":true,"_links":{"self":[{"href":"https:\/\/ffyh.unc.edu.ar\/posgrado\/wp-json\/wp\/v2\/pages\/9574","targetHints":{"allow":["GET"]}}],"collection":[{"href":"https:\/\/ffyh.unc.edu.ar\/posgrado\/wp-json\/wp\/v2\/pages"}],"about":[{"href":"https:\/\/ffyh.unc.edu.ar\/posgrado\/wp-json\/wp\/v2\/types\/page"}],"author":[{"embeddable":true,"href":"https:\/\/ffyh.unc.edu.ar\/posgrado\/wp-json\/wp\/v2\/users\/5"}],"replies":[{"embeddable":true,"href":"https:\/\/ffyh.unc.edu.ar\/posgrado\/wp-json\/wp\/v2\/comments?post=9574"}],"version-history":[{"count":10,"href":"https:\/\/ffyh.unc.edu.ar\/posgrado\/wp-json\/wp\/v2\/pages\/9574\/revisions"}],"predecessor-version":[{"id":10865,"href":"https:\/\/ffyh.unc.edu.ar\/posgrado\/wp-json\/wp\/v2\/pages\/9574\/revisions\/10865"}],"wp:attachment":[{"href":"https:\/\/ffyh.unc.edu.ar\/posgrado\/wp-json\/wp\/v2\/media?parent=9574"}],"curies":[{"name":"wp","href":"https:\/\/api.w.org\/{rel}","templated":true}]}}