{"id":9596,"date":"2023-08-23T14:26:10","date_gmt":"2023-08-23T14:26:10","guid":{"rendered":"https:\/\/ffyh.unc.edu.ar\/posgrado\/?page_id=9596"},"modified":"2026-03-03T17:00:23","modified_gmt":"2026-03-03T17:00:23","slug":"preinscripcion","status":"publish","type":"page","link":"https:\/\/ffyh.unc.edu.ar\/posgrado\/preinscripcion\/","title":{"rendered":"Preinscripci\u00f3n"},"content":{"rendered":"<div>\n<p>Luego de recibir la confirmaci\u00f3n de admisi\u00f3n a una carrera de posgrado, deber\u00e1 registrar la misma en sistema Guaran\u00ed de acuerdo al procedimiento que se detalla a continuaci\u00f3n:<\/p>\n<hr \/>\n<\/div>\n<div><\/div>\n<div>\n<blockquote><p><b>Fecha habilitada<\/b><\/p><\/blockquote>\n<p>Las fechas ser\u00e1n comunicadas oportunamente por cada carrera de posgrado.<\/p>\n<hr \/>\n<\/div>\n<div>\n<p><strong>Instructivo<\/strong><\/p>\n<blockquote><p><span style=\"color: #ffffff\"><b>Quienes cuenten con usuario de Sistema Guaran\u00ed\u00a0<\/b>(por ejemplo estudiantes de grado y\/o posgrado de cualquier Dependencia de la UNC).<\/span><\/p><\/blockquote>\n<p><a href=\"http:\/\/ffyh.unc.edu.ar\/posgrado\/wp-content\/uploads\/sites\/3\/2023\/08\/Captura-de-pantalla-2023-08-23-112640.png\"><img fetchpriority=\"high\" decoding=\"async\" class=\"alignnone wp-image-9598\" src=\"http:\/\/ffyh.unc.edu.ar\/posgrado\/wp-content\/uploads\/sites\/3\/2023\/08\/Captura-de-pantalla-2023-08-23-112640.png\" alt=\"\" width=\"1040\" height=\"382\" srcset=\"https:\/\/ffyh.unc.edu.ar\/posgrado\/wp-content\/uploads\/sites\/3\/2023\/08\/Captura-de-pantalla-2023-08-23-112640.png 1144w, https:\/\/ffyh.unc.edu.ar\/posgrado\/wp-content\/uploads\/sites\/3\/2023\/08\/Captura-de-pantalla-2023-08-23-112640-300x110.png 300w, https:\/\/ffyh.unc.edu.ar\/posgrado\/wp-content\/uploads\/sites\/3\/2023\/08\/Captura-de-pantalla-2023-08-23-112640-1024x376.png 1024w, https:\/\/ffyh.unc.edu.ar\/posgrado\/wp-content\/uploads\/sites\/3\/2023\/08\/Captura-de-pantalla-2023-08-23-112640-768x282.png 768w\" sizes=\"(max-width: 1040px) 100vw, 1040px\" \/><\/a><\/p>\n<p>Deber\u00e1n ingresar a <a href=\"https:\/\/autogestion.guarani.unc.edu.ar\/\" target=\"_blank\" rel=\"noopener\" data-saferedirecturl=\"https:\/\/www.google.com\/url?q=https:\/\/autogestion.guarani.unc.edu.ar\/&amp;source=gmail&amp;ust=1692886300569000&amp;usg=AOvVaw0A2b8ABS0_yDckUjmjFGUy\">https:\/\/autogestion.guarani.unc.edu.ar<\/a>\/ : pesta\u00f1a \u00abtramites\u00bb y luego \u00ab<span class=\"il\">preinscripci\u00f3n<\/span> a propuesta\u00bb<\/p>\n<p><a href=\"http:\/\/ffyh.unc.edu.ar\/posgrado\/wp-content\/uploads\/sites\/3\/2023\/08\/Captura-de-pantalla-2023-08-23-111920.png\"><img decoding=\"async\" class=\"alignnone wp-image-9597\" src=\"http:\/\/ffyh.unc.edu.ar\/posgrado\/wp-content\/uploads\/sites\/3\/2023\/08\/Captura-de-pantalla-2023-08-23-111920.png\" alt=\"\" width=\"433\" height=\"343\" srcset=\"https:\/\/ffyh.unc.edu.ar\/posgrado\/wp-content\/uploads\/sites\/3\/2023\/08\/Captura-de-pantalla-2023-08-23-111920.png 555w, https:\/\/ffyh.unc.edu.ar\/posgrado\/wp-content\/uploads\/sites\/3\/2023\/08\/Captura-de-pantalla-2023-08-23-111920-300x238.png 300w\" sizes=\"(max-width: 433px) 100vw, 433px\" \/><\/a><\/p>\n<p>En el \u00abResponsable Acad\u00e9mica\u00bb seleccionar: <span style=\"color: #bf9000\">POSGRADO-FACULTAD DE FILOSOF\u00cdA Y HUMANIDADES<\/span>.<br \/>\nEn \u00abPropuesta\u00bb seleccionar: carrera\/s en la que ha sido admitidx.<br \/>\nEn \u00abUbicaci\u00f3n\u00bb seleccionar: Sede Unica &#8211; P12<br \/>\nEn \u00abModalidad\u00bb seleccionar: Presencial<br \/>\nPara terminar hacer click en \u00ab<strong>finalizar<\/strong>\u00aby enviar\u00a0una\u00a0<u>captura de pantalla<\/u> al correo de la carrera.\u00a0<b>Aclaraci\u00f3n: no es necesario validar documentaci\u00f3n en el Sistema.<\/b><\/p>\n<hr \/>\n<blockquote><p><span style=\"color: #ffffff\"><b>Quienes no cuenten con usuario en Sistema Guaran\u00ed<\/b><\/span><\/p><\/blockquote>\n<p><a href=\"http:\/\/ffyh.unc.edu.ar\/posgrado\/wp-content\/uploads\/sites\/3\/2023\/08\/Captura-de-pantalla-2023-08-23-113037.png\"><img decoding=\"async\" class=\"alignnone size-full wp-image-9601\" src=\"http:\/\/ffyh.unc.edu.ar\/posgrado\/wp-content\/uploads\/sites\/3\/2023\/08\/Captura-de-pantalla-2023-08-23-113037.png\" alt=\"\" width=\"998\" height=\"593\" srcset=\"https:\/\/ffyh.unc.edu.ar\/posgrado\/wp-content\/uploads\/sites\/3\/2023\/08\/Captura-de-pantalla-2023-08-23-113037.png 998w, https:\/\/ffyh.unc.edu.ar\/posgrado\/wp-content\/uploads\/sites\/3\/2023\/08\/Captura-de-pantalla-2023-08-23-113037-300x178.png 300w, https:\/\/ffyh.unc.edu.ar\/posgrado\/wp-content\/uploads\/sites\/3\/2023\/08\/Captura-de-pantalla-2023-08-23-113037-768x456.png 768w\" sizes=\"(max-width: 998px) 100vw, 998px\" \/><\/a><\/p>\n<p>Ingresar a: <a href=\"https:\/\/preinscripcion.guarani.unc.edu.ar\/preinscripcion\/\" target=\"_blank\" rel=\"noopener\" data-saferedirecturl=\"https:\/\/www.google.com\/url?q=https:\/\/preinscripcion.guarani.unc.edu.ar\/preinscripcion\/&amp;source=gmail&amp;ust=1692886300569000&amp;usg=AOvVaw1uqyr-jHdq2UffByw1zT2b\">https:\/\/<span class=\"il\">preinscripcion<\/span>.guarani.unc.edu.ar\/preinscripcion\/<\/a><\/p>\n<p><a href=\"http:\/\/ffyh.unc.edu.ar\/posgrado\/wp-content\/uploads\/sites\/3\/2023\/08\/Captura-de-pantalla-2023-08-23-113138.png\"><img loading=\"lazy\" decoding=\"async\" class=\"alignnone size-full wp-image-9602\" src=\"http:\/\/ffyh.unc.edu.ar\/posgrado\/wp-content\/uploads\/sites\/3\/2023\/08\/Captura-de-pantalla-2023-08-23-113138.png\" alt=\"\" width=\"1066\" height=\"310\" srcset=\"https:\/\/ffyh.unc.edu.ar\/posgrado\/wp-content\/uploads\/sites\/3\/2023\/08\/Captura-de-pantalla-2023-08-23-113138.png 1066w, https:\/\/ffyh.unc.edu.ar\/posgrado\/wp-content\/uploads\/sites\/3\/2023\/08\/Captura-de-pantalla-2023-08-23-113138-300x87.png 300w, https:\/\/ffyh.unc.edu.ar\/posgrado\/wp-content\/uploads\/sites\/3\/2023\/08\/Captura-de-pantalla-2023-08-23-113138-1024x298.png 1024w, https:\/\/ffyh.unc.edu.ar\/posgrado\/wp-content\/uploads\/sites\/3\/2023\/08\/Captura-de-pantalla-2023-08-23-113138-768x223.png 768w\" sizes=\"(max-width: 1066px) 100vw, 1066px\" \/><\/a><\/p>\n<p>Luego de crear el usuario, deber\u00e1n seleccionar la <span class=\"il\">preinscripci\u00f3n<\/span>\u00a0en la carrera y cargar todos los datos solicitados.<\/p>\n<p><a href=\"http:\/\/ffyh.unc.edu.ar\/posgrado\/wp-content\/uploads\/sites\/3\/2023\/08\/Captura-de-pantalla-2023-08-23-111920.png\"><img decoding=\"async\" class=\"alignnone wp-image-9597\" src=\"http:\/\/ffyh.unc.edu.ar\/posgrado\/wp-content\/uploads\/sites\/3\/2023\/08\/Captura-de-pantalla-2023-08-23-111920.png\" alt=\"\" width=\"433\" height=\"343\" srcset=\"https:\/\/ffyh.unc.edu.ar\/posgrado\/wp-content\/uploads\/sites\/3\/2023\/08\/Captura-de-pantalla-2023-08-23-111920.png 555w, https:\/\/ffyh.unc.edu.ar\/posgrado\/wp-content\/uploads\/sites\/3\/2023\/08\/Captura-de-pantalla-2023-08-23-111920-300x238.png 300w\" sizes=\"(max-width: 433px) 100vw, 433px\" \/><\/a><\/p>\n<p>En el \u00abResponsable Acad\u00e9mica\u00bb seleccionar: <span style=\"color: #bf9000\">POSGRADO-FACULTAD DE FILOSOF\u00cdA Y HUMANIDADES<\/span>.<br \/>\nEn \u00abPropuesta\u00bb seleccionar: carrera\/s en la que ha sido admitidx.<br \/>\nEn \u00abUbicaci\u00f3n\u00bb seleccionar: Sede Unica &#8211; P12<br \/>\nEn \u00abModalidad\u00bb seleccionar: Presencial<br \/>\nAl finalizar la <span class=\"il\">pre<\/span>-inscripci\u00f3n, enviar al correo de la carrera la ficha de preinscripci\u00f3n generada. <b>Aclaraci\u00f3n: no es necesario validar documentaci\u00f3n en el Sistema.<\/b><\/p>\n<hr \/>\n<p>En caso de tener inconvenientes con el Sistema Guaran\u00ed pueden enviar un mensaje a\u00a0<a href=\"mailto:despacho-posgrado@ffyh.unc.edu.ar\" target=\"_blank\" rel=\"noopener\">despacho-posgrado@ffyh.unc.edu.ar<\/a> indicando: Nombre y Apellido, DNI, carrera de posgrado; explicar brevemente la situaci\u00f3n; en caso que corresponda adjuntar captura\/s de pantalla\/s.<\/p>\n<\/div>\n","protected":false},"excerpt":{"rendered":"<p>Luego de recibir la confirmaci\u00f3n de admisi\u00f3n a una carrera de posgrado, deber\u00e1 registrar la misma en sistema Guaran\u00ed de<\/p>\n","protected":false},"author":5,"featured_media":0,"parent":0,"menu_order":0,"comment_status":"closed","ping_status":"closed","template":"","meta":{"_acf_changed":false,"colormag_page_container_layout":"default_layout","colormag_page_sidebar_layout":"default_layout","footnotes":""},"class_list":["post-9596","page","type-page","status-publish","hentry"],"acf":[],"jetpack_sharing_enabled":true,"_links":{"self":[{"href":"https:\/\/ffyh.unc.edu.ar\/posgrado\/wp-json\/wp\/v2\/pages\/9596","targetHints":{"allow":["GET"]}}],"collection":[{"href":"https:\/\/ffyh.unc.edu.ar\/posgrado\/wp-json\/wp\/v2\/pages"}],"about":[{"href":"https:\/\/ffyh.unc.edu.ar\/posgrado\/wp-json\/wp\/v2\/types\/page"}],"author":[{"embeddable":true,"href":"https:\/\/ffyh.unc.edu.ar\/posgrado\/wp-json\/wp\/v2\/users\/5"}],"replies":[{"embeddable":true,"href":"https:\/\/ffyh.unc.edu.ar\/posgrado\/wp-json\/wp\/v2\/comments?post=9596"}],"version-history":[{"count":11,"href":"https:\/\/ffyh.unc.edu.ar\/posgrado\/wp-json\/wp\/v2\/pages\/9596\/revisions"}],"predecessor-version":[{"id":12792,"href":"https:\/\/ffyh.unc.edu.ar\/posgrado\/wp-json\/wp\/v2\/pages\/9596\/revisions\/12792"}],"wp:attachment":[{"href":"https:\/\/ffyh.unc.edu.ar\/posgrado\/wp-json\/wp\/v2\/media?parent=9596"}],"curies":[{"name":"wp","href":"https:\/\/api.w.org\/{rel}","templated":true}]}}