{"id":9758,"date":"2023-10-10T14:21:00","date_gmt":"2023-10-10T14:21:00","guid":{"rendered":"https:\/\/ffyh.unc.edu.ar\/posgrado\/?page_id=9758"},"modified":"2025-02-26T15:49:39","modified_gmt":"2025-02-26T15:49:39","slug":"trabajo-final-especializacion-en-didactica-de-la-lengua-y-la-literatura","status":"publish","type":"page","link":"https:\/\/ffyh.unc.edu.ar\/posgrado\/especializaciones\/especializacion-en-la-didactica-de-la-lengua-y-la-literatura\/trabajo-final-especializacion-en-didactica-de-la-lengua-y-la-literatura\/","title":{"rendered":"Trabajo Final Especializaci\u00f3n en Did\u00e1ctica de la Lengua y la Literatura"},"content":{"rendered":"<p>Acceder a las orientaciones para trabajo final de la Especializaci\u00f3n en Did\u00e1ctica de la Lengua y la Literatura <strong><a href=\"http:\/\/ffyh.unc.edu.ar\/posgrado\/wp-content\/uploads\/sites\/3\/2025\/02\/Orientaciones-TF-Especializacion.docx-4.pdf\">aqu\u00ed<\/a><\/strong>.<\/p>\n<h3 class=\"iw\"><span class=\"qu\" role=\"gridcell\"><span class=\"gD\" data-hovercard-id=\"esplite@ffyh.unc.edu.ar\" data-hovercard-owner-id=\"121\">\u00a0<\/span><\/span><\/h3>\n","protected":false},"excerpt":{"rendered":"<p>Acceder a las orientaciones para trabajo final de la Especializaci\u00f3n en Did\u00e1ctica de la Lengua y la Literatura aqu\u00ed. \u00a0<\/p>\n","protected":false},"author":5,"featured_media":0,"parent":67,"menu_order":4,"comment_status":"closed","ping_status":"closed","template":"","meta":{"_acf_changed":false,"colormag_page_container_layout":"default_layout","colormag_page_sidebar_layout":"default_layout","footnotes":""},"class_list":["post-9758","page","type-page","status-publish","hentry"],"acf":[],"jetpack_sharing_enabled":true,"_links":{"self":[{"href":"https:\/\/ffyh.unc.edu.ar\/posgrado\/wp-json\/wp\/v2\/pages\/9758","targetHints":{"allow":["GET"]}}],"collection":[{"href":"https:\/\/ffyh.unc.edu.ar\/posgrado\/wp-json\/wp\/v2\/pages"}],"about":[{"href":"https:\/\/ffyh.unc.edu.ar\/posgrado\/wp-json\/wp\/v2\/types\/page"}],"author":[{"embeddable":true,"href":"https:\/\/ffyh.unc.edu.ar\/posgrado\/wp-json\/wp\/v2\/users\/5"}],"replies":[{"embeddable":true,"href":"https:\/\/ffyh.unc.edu.ar\/posgrado\/wp-json\/wp\/v2\/comments?post=9758"}],"version-history":[{"count":4,"href":"https:\/\/ffyh.unc.edu.ar\/posgrado\/wp-json\/wp\/v2\/pages\/9758\/revisions"}],"predecessor-version":[{"id":11425,"href":"https:\/\/ffyh.unc.edu.ar\/posgrado\/wp-json\/wp\/v2\/pages\/9758\/revisions\/11425"}],"up":[{"embeddable":true,"href":"https:\/\/ffyh.unc.edu.ar\/posgrado\/wp-json\/wp\/v2\/pages\/67"}],"wp:attachment":[{"href":"https:\/\/ffyh.unc.edu.ar\/posgrado\/wp-json\/wp\/v2\/media?parent=9758"}],"curies":[{"name":"wp","href":"https:\/\/api.w.org\/{rel}","templated":true}]}}