{"id":9806,"date":"2023-10-20T19:12:39","date_gmt":"2023-10-20T19:12:39","guid":{"rendered":"https:\/\/ffyh.unc.edu.ar\/posgrado\/?page_id=9806"},"modified":"2026-04-07T21:21:01","modified_gmt":"2026-04-07T21:21:01","slug":"info-posgrado","status":"publish","type":"page","link":"https:\/\/ffyh.unc.edu.ar\/posgrado\/info-posgrado\/","title":{"rendered":"Info Posgrado"},"content":{"rendered":"<p><img fetchpriority=\"high\" decoding=\"async\" src=\"http:\/\/ffyh.unc.edu.ar\/posgrado\/wp-content\/uploads\/sites\/3\/2025\/04\/Mesa-de-trabajo-11-1-1024x213.jpg\" alt=\"\" width=\"800\" height=\"166\" \/><\/p>\n<p><strong>Bolet\u00edn informativo de la Secretar\u00eda de Posgrado FFYH-UNC<\/strong><\/p>\n<hr \/>\n<p>Suscripci\u00f3n: enviar correo a <a href=\"mailto:cursos@ffyh.unc.edu.ar\">cursos@ffyh.unc.edu.ar<\/a><\/p>\n<ul>\n<li><a href=\"https:\/\/ffyh.unc.edu.ar\/posgrado?mailpoet_router&amp;endpoint=view_in_browser&amp;action=view&amp;data=WzE5NCwiZTI1Nzk1MTAxMDcyIiwwLDAsMCwxXQ\" target=\"_blank\" rel=\"noopener\">Info Posgrado N\u00b0 65 &#8211; 7 de abril de 2026<\/a><\/li>\n<li><a href=\"https:\/\/ffyh.unc.edu.ar\/posgrado?mailpoet_router&amp;endpoint=view_in_browser&amp;action=view&amp;data=WzE5MywiZjBiNzE0MTNiNDk1IiwwLDAsMCwxXQ\" target=\"_blank\" rel=\"noopener\">Info Posgrado N\u00b0 64 &#8211; 30 de marzo de 2026<\/a><\/li>\n<li><a href=\"https:\/\/ffyh.unc.edu.ar\/posgrado?mailpoet_router&amp;endpoint=view_in_browser&amp;action=view&amp;data=WzE4NCwiMjZiNWZmNWZhOGVmIiwwLDAsMCwxXQ\">Info Posgrado N\u00b0 63 &#8211; 4 de diciembre de 2025<\/a><\/li>\n<li><a href=\"https:\/\/ffyh.unc.edu.ar\/posgrado?mailpoet_router&amp;endpoint=view_in_browser&amp;action=view&amp;data=WzE4MywiMDdlNDYxYTg0OTBkIiwwLDAsMCwxXQ\">Info Posgrado N\u00b0 62 &#8211; 14 de noviembre de 2025<\/a><\/li>\n<li><a href=\"https:\/\/ffyh.unc.edu.ar\/posgrado?mailpoet_router&amp;endpoint=view_in_browser&amp;action=view&amp;data=WzE4MiwiNzg1M2QyMzgwNGE1IiwwLDAsMCwxXQ\">Info Posgrado N\u00b0 61 &#8211; 7 de noviembre de 2025<\/a><\/li>\n<li><a href=\"https:\/\/ffyh.unc.edu.ar\/posgrado?mailpoet_router&amp;endpoint=view_in_browser&amp;action=view&amp;data=WzE4MSwiNTNhYWUxMzA3NWZkIiwwLDAsMCwxXQ\">Info Posgrado N\u00b0 60 &#8211; 24 de octubre de 2025<\/a><\/li>\n<li><a href=\"https:\/\/ffyh.unc.edu.ar\/posgrado?mailpoet_router&amp;endpoint=view_in_browser&amp;action=view&amp;data=WzE3OSwiOTMwYzZhMDNlNDMxIiwwLDAsMCwxXQ\">Info Posgrado N\u00b0 59 &#8211; 16 de octubre de 2025<\/a><\/li>\n<li><a href=\"https:\/\/ffyh.unc.edu.ar\/posgrado?mailpoet_router&amp;endpoint=view_in_browser&amp;action=view&amp;data=WzE3NywiMDBhOTQ5NDQxZDg4IiwwLDAsMCwxXQ\">Info Posgrado N\u00b0 58 &#8211; 9 de octubre de 2025<\/a><\/li>\n<li><a href=\"https:\/\/ffyh.unc.edu.ar\/posgrado?mailpoet_router&amp;endpoint=view_in_browser&amp;action=view&amp;data=WzE3NiwiZjgwMTAwYTdiNDZkIiwwLDAsMCwxXQ\">Info Posgrado N\u00b0 57 &#8211; 3 de octubre de 2025<\/a><\/li>\n<li><a href=\"https:\/\/ffyh.unc.edu.ar\/posgrado?mailpoet_router&amp;endpoint=view_in_browser&amp;action=view&amp;data=WzE3NCwiNWU2MjExMmEwZDFiIiwwLDAsMCwxXQ\">Info Posgrado N\u00b0 56 &#8211; 25 de septiembre de 2025<\/a><\/li>\n<li><a href=\"https:\/\/ffyh.unc.edu.ar\/posgrado?mailpoet_router&amp;endpoint=view_in_browser&amp;action=view&amp;data=WzE3MywiNTNlY2UzODgyZjE1IiwwLDAsMCwxXQ\">Info Posgrado N\u00b0 55 &#8211; 18 de septiembre de 2025<\/a><\/li>\n<li><a href=\"https:\/\/ffyh.unc.edu.ar\/posgrado?mailpoet_router&amp;endpoint=view_in_browser&amp;action=view&amp;data=WzE3MiwiOGJkZjhhYTYwN2E2IiwwLDAsMCwxXQ\">Info Posgrado N\u00b0 54 &#8211; 11 de septiembre de 2025<\/a><\/li>\n<li><a href=\"https:\/\/ffyh.unc.edu.ar\/posgrado?mailpoet_router&amp;endpoint=view_in_browser&amp;action=view&amp;data=WzE3MSwiZmM0YjIwM2E1NTk3IiwwLDAsMCwxXQ\">Info Posgrado N\u00b0 53 &#8211; 4 de septiembre de 2025<\/a><\/li>\n<li><a href=\"https:\/\/ffyh.unc.edu.ar\/posgrado?mailpoet_router&amp;endpoint=view_in_browser&amp;action=view&amp;data=WzE3MCwiNjQxNGY5YThlNDcwIiwwLDAsMCwxXQ\">Info Posgrado N\u00b0 52 &#8211; 28 de agosto de 2025<\/a><\/li>\n<li><a href=\"https:\/\/ffyh.unc.edu.ar\/posgrado?mailpoet_router&amp;endpoint=view_in_browser&amp;action=view&amp;data=WzE2OSwiOWExODU3MmQ2Mjg3IiwwLDAsMCwxXQ\">Info Posgrado N\u00b0 51 &#8211; 21 de agosto de 2025<\/a><\/li>\n<li><a href=\"https:\/\/ffyh.unc.edu.ar\/posgrado?mailpoet_router&amp;endpoint=view_in_browser&amp;action=view&amp;data=WzE2OCwiNzRmNjUxZGI4NjY3IiwwLDAsMCwxXQ\">Info Posgrado N\u00b0 50 &#8211; 18 de agosto de 2025<\/a><\/li>\n<li><a href=\"https:\/\/ffyh.unc.edu.ar\/posgrado?mailpoet_router&amp;endpoint=view_in_browser&amp;action=view&amp;data=WzE2NywiYzliZTkxYWNiYTFkIiwwLDAsMCwxXQ\">Info Posgrado N\u00b0 49 &#8211; 6 de agosto de 2025<\/a><\/li>\n<li><a href=\"https:\/\/ffyh.unc.edu.ar\/posgrado?mailpoet_router&amp;endpoint=view_in_browser&amp;action=view&amp;data=WzE2NiwiYzRkZGVhMTBkOTZmIiwwLDAsMCwxXQ\">Info Posgrado N\u00b0 48 &#8211; 31 de julio de 2025<\/a><\/li>\n<li><a href=\"https:\/\/ffyh.unc.edu.ar\/posgrado?mailpoet_router&amp;endpoint=view_in_browser&amp;action=view&amp;data=WzE2NSwiNWZlNjI0MGEzYjkyIiwwLDAsMCwxXQ\">Info Posgrado N\u00b0 47 &#8211; 25 de julio de 2025<\/a><\/li>\n<li><a href=\"https:\/\/ffyh.unc.edu.ar\/posgrado?mailpoet_router&amp;endpoint=view_in_browser&amp;action=view&amp;data=WzE2NCwiNWIxYzgwZjE0MDdiIiwwLDAsMCwxXQ\">Info Posgrado N\u00b0 46 &#8211; 18 de julio de 2025<\/a><\/li>\n<li><a href=\"https:\/\/ffyh.unc.edu.ar\/posgrado?mailpoet_router&amp;endpoint=view_in_browser&amp;action=view&amp;data=WzE2MywiM2M4Mzg5MjVkM2VjIiwwLDAsMCwxXQ\">Info Posgrado N\u00ba 45 &#8211; 1 de julio de 2025<\/a><\/li>\n<li><a href=\"https:\/\/ffyh.unc.edu.ar\/posgrado?mailpoet_router&amp;endpoint=view_in_browser&amp;action=view&amp;data=WzE2MCwiNzI0ZTgwNGEwMTZiIiwwLDAsMCwxXQ\">Info Posgrado N\u00b0 44 &#8211; 17 de junio de 2025<\/a><\/li>\n<li><a href=\"https:\/\/ffyh.unc.edu.ar\/posgrado?mailpoet_router&amp;endpoint=view_in_browser&amp;action=view&amp;data=WzE1NywiNzlkOTQ4NjFkZmIyIiwwLDAsMCwxXQ\">Info Posgrado N\u00b0 43 &#8211; 3 de junio de 2025<\/a><\/li>\n<li><a href=\"https:\/\/ffyh.unc.edu.ar\/posgrado?mailpoet_router&amp;endpoint=view_in_browser&amp;action=view&amp;data=WzE1MywiNzEzNWZmZTk4NmQwIiwwLDAsMCwxXQ\">Info Posgrado N\u00b0 42 &#8211; 19 de mayo de 2025<\/a><\/li>\n<li><a href=\"https:\/\/ffyh.unc.edu.ar\/posgrado?mailpoet_router&amp;endpoint=view_in_browser&amp;action=view&amp;data=WzE1MCwiZTgwY2ZiN2E4Nzk4IiwwLDAsMCwxXQ\">Info Posgrado N\u00b0 41 &#8211; 12 de mayo de 2025<\/a><\/li>\n<li><a href=\"https:\/\/ffyh.unc.edu.ar\/posgrado?mailpoet_router&amp;endpoint=view_in_browser&amp;action=view&amp;data=WzE0NywiOGVkMDRiNmY2NjllIiwwLDAsMCwxXQ\">Info Posgrado N\u00ba 40 &#8211; 5 de mayo de 2025<\/a><\/li>\n<li><a href=\"https:\/\/ffyh.unc.edu.ar\/posgrado?mailpoet_router&amp;endpoint=view_in_browser&amp;action=view&amp;data=WzE0NiwiNTU4YTIwMzBiZDIyIiwwLDAsMCwxXQ\">Info Posgrado N\u00ba 39 &#8211; 28 de abril de 2025<\/a><\/li>\n<li><a href=\"https:\/\/ffyh.unc.edu.ar\/posgrado?mailpoet_router&amp;endpoint=view_in_browser&amp;action=view&amp;data=WzE0NCwiN2ZkODcxMDE0MzI5IiwwLDAsMCwxXQ\">Info Posgrado N\u00b0 38 &#8211; 21 de abril de 2025<\/a><\/li>\n<li><a href=\"https:\/\/ffyh.unc.edu.ar\/posgrado?mailpoet_router&amp;endpoint=view_in_browser&amp;action=view&amp;data=WzE0MiwiNDJjNTQyMjMwMTI0IiwwLDAsMCwxXQ\">Info Posgrado N\u00b0 37 &#8211; 14 de abril de 2025<\/a><\/li>\n<li><a href=\"https:\/\/ffyh.unc.edu.ar\/posgrado?mailpoet_router&amp;endpoint=view_in_browser&amp;action=view&amp;data=WzEyMCwiMjZjN2NiZmU1ZGQyIiwwLDAsMCwxXQ\">Info Posgrado N\u00b0 36 &#8211; 23 de diciembre de 2024<\/a><\/li>\n<li><a href=\"https:\/\/ffyh.unc.edu.ar\/posgrado?mailpoet_router&amp;endpoint=view_in_browser&amp;action=view&amp;data=WzExOSwiOThlOGRiMWRiZTA3IiwwLDAsMCwxXQ\">Info Posgrado N\u00b0 35 &#8211; 9 de diciembre de 2024<\/a><\/li>\n<li><a href=\"https:\/\/ffyh.unc.edu.ar\/posgrado?mailpoet_router&amp;endpoint=view_in_browser&amp;action=view&amp;data=WzExOCwiMjc3MDZmZmM4YWZkIiwwLDAsMCwxXQ\">Info Posgrado N\u00b0 34 &#8211; 26 de noviembre de 2024<\/a><\/li>\n<li><a href=\"https:\/\/ffyh.unc.edu.ar\/posgrado?mailpoet_router&amp;endpoint=view_in_browser&amp;action=view&amp;data=WzExNiwiMWU3NDI1MTU3ZDNiIiwwLDAsMCwxXQ\">Info Posgrado N\u00ba 33 &#8211; 20 de noviembre de 2024<\/a><\/li>\n<li><a href=\"https:\/\/ffyh.unc.edu.ar\/posgrado?mailpoet_router&amp;endpoint=view_in_browser&amp;action=view&amp;data=WzExMywiMDU5ZDQwOTYzNWUxIiwwLDAsMCwxXQ\">Info Posgrado N\u00b0 32 &#8211; 11 de noviembre de 2024<\/a><\/li>\n<li><a href=\"https:\/\/ffyh.unc.edu.ar\/posgrado?mailpoet_router&amp;endpoint=view_in_browser&amp;action=view&amp;data=WzExMiwiZmM4NDE4OWU3OGY3IiwwLDAsMCwxXQ\">Info Posgrado N\u00b0 31 &#8211; 5 de noviembre de 2024<\/a><\/li>\n<li><a href=\"https:\/\/ffyh.unc.edu.ar\/posgrado?mailpoet_router&amp;endpoint=view_in_browser&amp;action=view&amp;data=WzExMCwiMDZmYmJhZWE4ZWM5IiwwLDAsMCwxXQ\">Info Posgrado N\u00b0 30 &#8211; 23 de octubre de 2024<\/a><\/li>\n<li><a href=\"https:\/\/ffyh.unc.edu.ar\/posgrado?mailpoet_router&amp;endpoint=view_in_browser&amp;action=view&amp;data=WzEwNywiYWI1ZGZhZjk4NDEyIiwwLDAsMCwxXQ\">Info Posgrado N\u00b0 29 &#8211; 14 de octubre de 2024<\/a><\/li>\n<li><a href=\"https:\/\/ffyh.unc.edu.ar\/posgrado?mailpoet_router&amp;endpoint=view_in_browser&amp;action=view&amp;data=WzEwNCwiZTRiMmMwY2FkYTMwIiwwLDAsMCwxXQ\">Info Posgrado N\u00b0 28 &#8211; 7 de octubre de 2024<\/a><\/li>\n<li><a href=\"https:\/\/ffyh.unc.edu.ar\/posgrado?mailpoet_router&amp;endpoint=view_in_browser&amp;action=view&amp;data=WzEwMSwiYzIyNWIzYWI5MjRlIiwwLDAsMCwxXQ\">Info Posgrado N\u00ba 27 &#8211; 1 de octubre de 2024<\/a><\/li>\n<li><a href=\"https:\/\/ffyh.unc.edu.ar\/posgrado?mailpoet_router&amp;endpoint=view_in_browser&amp;action=view&amp;data=Wzk4LCJhZGY2YjYxYTM0MDAiLDAsMCwwLDFd\">Info Posgrado N\u00b0 26 &#8211; 23 de septiembre de 2024<\/a><\/li>\n<li><a href=\"https:\/\/ffyh.unc.edu.ar\/posgrado?mailpoet_router&amp;endpoint=view_in_browser&amp;action=view&amp;data=Wzk3LCIxMDk1ZTNmNDU5NDUiLDAsMCwwLDFd\">Info Posgrado N\u00b0 25 &#8211; 16 de septiembre de 2024<\/a><\/li>\n<li><a href=\"https:\/\/ffyh.unc.edu.ar\/posgrado?mailpoet_router&amp;endpoint=view_in_browser&amp;action=view&amp;data=Wzk0LCJjYTQ4MzExMTc4NWEiLDAsMCwwLDFd\">Info Posgrado N\u00b0 24 &#8211; 9 de septiembre de 2024<\/a><\/li>\n<li><a href=\"https:\/\/ffyh.unc.edu.ar\/posgrado?mailpoet_router&amp;endpoint=view_in_browser&amp;action=view&amp;data=WzkzLCIxMjc5ZTkxNzc3YjYiLDAsMCwwLDFd\">Info Posgrado N\u00b0 23 &#8211; 2 de septiembre de 2024<\/a><\/li>\n<li><a href=\"https:\/\/ffyh.unc.edu.ar\/posgrado?mailpoet_router&amp;endpoint=view_in_browser&amp;action=view&amp;data=Wzg2LCI0Y2YyYmYzNWNhNzciLDAsMCwwLDFd\">Info Posgrado N\u00b0 22 &#8211; 26 de agosto de 2024<\/a><\/li>\n<li><a href=\"https:\/\/ffyh.unc.edu.ar\/posgrado?mailpoet_router&amp;endpoint=view_in_browser&amp;action=view&amp;data=Wzg0LCI0ZmQ4OTUwNzUzMDYiLDAsMCwwLDFd\">Info Posgrado N\u00b0 21 &#8211; 19 de agosto de 2024<\/a><\/li>\n<li><a href=\"https:\/\/ffyh.unc.edu.ar\/posgrado?mailpoet_router&amp;endpoint=view_in_browser&amp;action=view&amp;data=Wzc5LCIyNDI4NGZjNzc1YTYiLDAsMCwwLDFd\">Info Posgrado N\u00b0 20 &#8211; 9 de agosto de 2024<\/a><\/li>\n<li><a href=\"https:\/\/ffyh.unc.edu.ar\/posgrado?mailpoet_router&amp;endpoint=view_in_browser&amp;action=view&amp;data=Wzc3LCI0NGExNzBjNDk0N2IiLDAsMCwwLDFd\">Info Posgrado N\u00b0 19 &#8211; 5 de agosto de 2024<\/a><\/li>\n<li><a href=\"https:\/\/ffyh.unc.edu.ar\/posgrado?mailpoet_router&amp;endpoint=view_in_browser&amp;action=view&amp;data=WzcwLCJiNGM2NGIyZDM5NmQiLDAsMCwwLDFd\">Info Posgrado N\u00b0 18 &#8211; 29 de julio de 2024<\/a><\/li>\n<li><a href=\"https:\/\/ffyh.unc.edu.ar\/posgrado?mailpoet_router&amp;endpoint=view_in_browser&amp;action=view&amp;data=WzY1LCJjODY3MTllMTE2ODYiLDAsMCwwLDFd\">Info Posgrado N\u00b0 17 &#8211; 24 de junio de 2024<\/a><\/li>\n<li><a href=\"https:\/\/ffyh.unc.edu.ar\/posgrado?mailpoet_router&amp;endpoint=view_in_browser&amp;action=view&amp;data=WzY0LCJkODNlYzg0Nzk5OTYiLDAsMCwwLDFd\">Info Posgrado N\u00b0 16 &#8211; 10 de junio de 2024<\/a><\/li>\n<li><a href=\"https:\/\/ffyh.unc.edu.ar\/posgrado?mailpoet_router&amp;endpoint=view_in_browser&amp;action=view&amp;data=WzYyLCI2OTFiNjFhYjI5ZjYiLDAsMCwwLDFd\">Info Posgrado N\u00b0 15 &#8211; 3 de junio de 2024<\/a><\/li>\n<li><a href=\"https:\/\/ffyh.unc.edu.ar\/posgrado?mailpoet_router&amp;endpoint=view_in_browser&amp;action=view&amp;data=WzU3LCIwMzhiYmJkZmJjOWIiLDAsMCwwLDFd\">Info Posgrado N\u00b0 14 &#8211; 27 de mayo de 2024<\/a><\/li>\n<li><a href=\"https:\/\/ffyh.unc.edu.ar\/posgrado?mailpoet_router&amp;endpoint=view_in_browser&amp;action=view&amp;data=WzU1LCIyMjhhMTYzZTM2YzkiLDAsMCwwLDFd\">Info Posgrado N\u00b0 13 &#8211; 20 de mayo de 2024<\/a><\/li>\n<li><a href=\"https:\/\/ffyh.unc.edu.ar\/posgrado?mailpoet_router&amp;endpoint=view_in_browser&amp;action=view&amp;data=WzUzLCIyMjhmYTBlYzhhNDgiLDAsMCwwLDFd\">Info Posgrado N\u00b0 12 &#8211; 13 de mayo de 2024<\/a><\/li>\n<li><a href=\"https:\/\/ffyh.unc.edu.ar\/posgrado?mailpoet_router&amp;endpoint=view_in_browser&amp;action=view&amp;data=WzUxLCIzYjgwZGE0NTJkMWMiLDAsMCwwLDFd\">Info Posgrado N\u00b0 11 &#8211; 6 de mayo de 2024<\/a><\/li>\n<li><a href=\"https:\/\/ffyh.unc.edu.ar\/posgrado?mailpoet_router&amp;endpoint=view_in_browser&amp;action=view&amp;data=WzQ4LCI5ZGY2MTI1YWJmZTgiLDAsMCwwLDFd\">Info Posgrado N\u00b0 10 &#8211; 29 de abril de 2024<\/a><\/li>\n<li><a href=\"https:\/\/ffyh.unc.edu.ar\/posgrado?mailpoet_router&amp;endpoint=view_in_browser&amp;action=view&amp;data=WzQ1LCIwMzEyNGVhZDhlM2UiLDAsMCwwLDFd\">Info Posgrado N\u00b0 9 &#8211; 22 de abril de 2024<\/a><\/li>\n<li><a href=\"https:\/\/ffyh.unc.edu.ar\/posgrado?mailpoet_router&amp;endpoint=view_in_browser&amp;action=view&amp;data=WzQxLCJiZGEyNDk3MzhiYjQiLDAsMCwwLDFd\">Info Posgrado N\u00b0 8 &#8211; 12 de abril de 2024<\/a><\/li>\n<li><a href=\"https:\/\/ffyh.unc.edu.ar\/posgrado?mailpoet_router&amp;endpoint=view_in_browser&amp;action=view&amp;data=WzMxLCI4Njc1NDE0ZGI4ZjkiLDAsMCwwLDFd\">Info Posgrado N\u00b0 7 &#8211; 27 de marzo de 2024<\/a><\/li>\n<li><a href=\"https:\/\/ffyh.unc.edu.ar\/posgrado?mailpoet_router&amp;endpoint=view_in_browser&amp;action=view&amp;data=WzI3LCJiODQyYzA1N2VlMjEiLDAsMCwwLDFd\">Info Posgrado N\u00b0 6 &#8211; 20 de marzo de 2024<\/a><\/li>\n<li><a href=\"https:\/\/ffyh.unc.edu.ar\/posgrado?mailpoet_router&amp;endpoint=view_in_browser&amp;action=view&amp;data=WzExLCI3YmNlY2Q2ZTAxNmYiLDAsMCwwLDFd\">Info Posgrado N\u00b0 5 &#8211; 22 de diciembre de 2023<\/a><\/li>\n<li><a href=\"https:\/\/ffyh.unc.edu.ar\/posgrado?mailpoet_router&amp;endpoint=view_in_browser&amp;action=view&amp;data=WzEwLCIwZTJlMzg4NzNjMTQiLDAsMCwwLDFd\">Info Posgrado N\u00b0 4 &#8211; 4 de diciembre de 2023<\/a><\/li>\n<li><a href=\"https:\/\/ffyh.unc.edu.ar\/posgrado?mailpoet_router&amp;endpoint=view_in_browser&amp;action=view&amp;data=WzksImU0ODc0MjIyYTBlZiIsMCwwLDAsMV0\">Info Posgrado N\u00b0 3 &#8211; 17 de noviembre de 2023<\/a><\/li>\n<li><a href=\"https:\/\/ffyh.unc.edu.ar\/posgrado?mailpoet_router&amp;endpoint=view_in_browser&amp;action=view&amp;data=WzgsImIyYjkwZThlMDM2YiIsMCwwLDAsMV0\">Info Posgrado N\u00b0 2 &#8211; 6 de noviembre de 2023<\/a><\/li>\n<li><a href=\"https:\/\/ffyh.unc.edu.ar\/posgrado?mailpoet_router&amp;endpoint=view_in_browser&amp;action=view&amp;data=WzQsIjM2MmYzNWZjZDdmNiIsMCwwLDAsMV0\">Info Posgrado N\u00b0 1 &#8211; 20 de octubre de 2023<\/a><\/li>\n<\/ul>\n","protected":false},"excerpt":{"rendered":"<p>Bolet\u00edn informativo de la Secretar\u00eda de Posgrado FFYH-UNC Suscripci\u00f3n: enviar correo a cursos@ffyh.unc.edu.ar Info Posgrado N\u00b0 65 &#8211; 7 de<\/p>\n","protected":false},"author":5,"featured_media":0,"parent":0,"menu_order":0,"comment_status":"closed","ping_status":"closed","template":"","meta":{"_acf_changed":false,"colormag_page_container_layout":"default_layout","colormag_page_sidebar_layout":"default_layout","footnotes":""},"class_list":["post-9806","page","type-page","status-publish","hentry"],"acf":[],"jetpack_sharing_enabled":true,"_links":{"self":[{"href":"https:\/\/ffyh.unc.edu.ar\/posgrado\/wp-json\/wp\/v2\/pages\/9806","targetHints":{"allow":["GET"]}}],"collection":[{"href":"https:\/\/ffyh.unc.edu.ar\/posgrado\/wp-json\/wp\/v2\/pages"}],"about":[{"href":"https:\/\/ffyh.unc.edu.ar\/posgrado\/wp-json\/wp\/v2\/types\/page"}],"author":[{"embeddable":true,"href":"https:\/\/ffyh.unc.edu.ar\/posgrado\/wp-json\/wp\/v2\/users\/5"}],"replies":[{"embeddable":true,"href":"https:\/\/ffyh.unc.edu.ar\/posgrado\/wp-json\/wp\/v2\/comments?post=9806"}],"version-history":[{"count":69,"href":"https:\/\/ffyh.unc.edu.ar\/posgrado\/wp-json\/wp\/v2\/pages\/9806\/revisions"}],"predecessor-version":[{"id":12943,"href":"https:\/\/ffyh.unc.edu.ar\/posgrado\/wp-json\/wp\/v2\/pages\/9806\/revisions\/12943"}],"wp:attachment":[{"href":"https:\/\/ffyh.unc.edu.ar\/posgrado\/wp-json\/wp\/v2\/media?parent=9806"}],"curies":[{"name":"wp","href":"https:\/\/api.w.org\/{rel}","templated":true}]}}