{"id":9862,"date":"2023-11-01T16:20:29","date_gmt":"2023-11-01T16:20:29","guid":{"rendered":"https:\/\/ffyh.unc.edu.ar\/posgrado\/?page_id=9862"},"modified":"2024-05-28T18:31:37","modified_gmt":"2024-05-28T18:31:37","slug":"solicitud-certificados-constancias","status":"publish","type":"page","link":"https:\/\/ffyh.unc.edu.ar\/posgrado\/egresades\/solicitud-certificados-constancias\/","title":{"rendered":"Solicitud Certificados y Constancias"},"content":{"rendered":"<blockquote><p>Portal de tr\u00e1mites para Egresadxs de la Secretar\u00eda de Posgrado FFYH-UNC<\/p><\/blockquote>\n<p><strong>Solicitudes:<\/strong><\/p>\n<ul>\n<li><strong>Certificado anal\u00edtico provisorio:<\/strong> completar el siguiente formulario (<a href=\"https:\/\/docs.google.com\/forms\/d\/e\/1FAIpQLSfCNf2I_skZd2H_xboxEJ7dMI29qFr5ih1TBHZINWJVLVjh3Q\/viewform\">ingresar<\/a>)<\/li>\n<li><strong>Constancia de t\u00edtulo en tr\u00e1mite:<\/strong> enviar correo electr\u00f3nico a <a href=\"mailto:despacho-posgrado@ffyh.unc.edu.ar\">despacho-posgrado@ffyh.unc.edu.ar<\/a> El pedido se puede realizar despu\u00e9s de la finalizaci\u00f3n de la solicitud del t\u00edtulo \u2013 etapas 1 y 2 \u2013 (<a href=\"https:\/\/ffyh.unc.edu.ar\/posgrado\/tramite-titulo\/\">ver<\/a>) (excluyente).<\/li>\n<li><strong>Resoluci\u00f3n Ministerial \/ CONEAU de la carrera<\/strong>: enviar correo electr\u00f3nico a <a href=\"http:\/\/oficial\u00eda-posgrado@ffyh.unc.edu.ar\">oficial\u00eda-posgrado@ffyh.unc.edu.ar<\/a><\/li>\n<li><strong>Legalizaci\u00f3n de documentos ante Oficial\u00eda Mayor UNC y Secretar\u00eda de Educaci\u00f3n Naci\u00f3n:<\/strong><a href=\"http:\/\/ffyh.unc.edu.ar\/posgrado\/wp-content\/uploads\/sites\/3\/2024\/05\/INSTRUCTIVO-PARA-TRAMITES-DIGITALES-WEB.pdf\"> instructivo<\/a><\/li>\n<\/ul>\n","protected":false},"excerpt":{"rendered":"<p>Portal de tr\u00e1mites para Egresadxs de la Secretar\u00eda de Posgrado FFYH-UNC Solicitudes: Certificado anal\u00edtico provisorio: completar el siguiente formulario (ingresar)<\/p>\n","protected":false},"author":5,"featured_media":0,"parent":9664,"menu_order":1,"comment_status":"closed","ping_status":"closed","template":"","meta":{"_acf_changed":false,"colormag_page_container_layout":"default_layout","colormag_page_sidebar_layout":"default_layout","footnotes":""},"class_list":["post-9862","page","type-page","status-publish","hentry"],"acf":[],"jetpack_sharing_enabled":true,"_links":{"self":[{"href":"https:\/\/ffyh.unc.edu.ar\/posgrado\/wp-json\/wp\/v2\/pages\/9862","targetHints":{"allow":["GET"]}}],"collection":[{"href":"https:\/\/ffyh.unc.edu.ar\/posgrado\/wp-json\/wp\/v2\/pages"}],"about":[{"href":"https:\/\/ffyh.unc.edu.ar\/posgrado\/wp-json\/wp\/v2\/types\/page"}],"author":[{"embeddable":true,"href":"https:\/\/ffyh.unc.edu.ar\/posgrado\/wp-json\/wp\/v2\/users\/5"}],"replies":[{"embeddable":true,"href":"https:\/\/ffyh.unc.edu.ar\/posgrado\/wp-json\/wp\/v2\/comments?post=9862"}],"version-history":[{"count":6,"href":"https:\/\/ffyh.unc.edu.ar\/posgrado\/wp-json\/wp\/v2\/pages\/9862\/revisions"}],"predecessor-version":[{"id":10583,"href":"https:\/\/ffyh.unc.edu.ar\/posgrado\/wp-json\/wp\/v2\/pages\/9862\/revisions\/10583"}],"up":[{"embeddable":true,"href":"https:\/\/ffyh.unc.edu.ar\/posgrado\/wp-json\/wp\/v2\/pages\/9664"}],"wp:attachment":[{"href":"https:\/\/ffyh.unc.edu.ar\/posgrado\/wp-json\/wp\/v2\/media?parent=9862"}],"curies":[{"name":"wp","href":"https:\/\/api.w.org\/{rel}","templated":true}]}}