{"id":128,"date":"2023-03-27T16:26:46","date_gmt":"2023-03-27T16:26:46","guid":{"rendered":"https:\/\/ffyh.unc.edu.ar\/prii\/?page_id=128"},"modified":"2026-03-10T18:47:13","modified_gmt":"2026-03-10T18:47:13","slug":"como-postularme","status":"publish","type":"page","link":"https:\/\/ffyh.unc.edu.ar\/prii\/como-postularme\/","title":{"rendered":"Gesti\u00f3n para las postulaciones a programas de movilidad al extranjero"},"content":{"rendered":"<p>Ac\u00e1 pod\u00e9s encontrar las Convocatorias vigentes:<\/p>\n<p>Para <a href=\"https:\/\/www.unc.edu.ar\/internacionales\/programas-exterior-grado-posgrado\">estudiantes de grado y posgrado<\/a><\/p>\n<p>Para <a href=\"https:\/\/www.unc.edu.ar\/internacionales\/programas-exterior-docentes-investigadores\">docentes, investigadorxs y no docentes<\/a><\/p>\n<ul>\n<li>Lo primero que debemos hacer es optar por una convocatoria de movilidad y<strong>\u00a0leer con atenci\u00f3n las bases y las condiciones.<\/strong>\u00a0Estas dependen de cada convocatoria y de cada universidad de destino, all\u00ed vas a encontrar los requisitos formales (como la cantidad de materias o porcentaje de la carrera que debes haber realizado para postularte), los beneficios econ\u00f3micos que ofrece la convocatoria y la documentaci\u00f3n que vas a necesitar. Es importante que puedas juntar la documentaci\u00f3n con un tiempo de anticipaci\u00f3n razonable, porque vas a necesitar tramitar firmas que pueden demorar algunos d\u00edas.<\/li>\n<li><strong>Contrato de estudios:<\/strong> El contrato de estudios es el acuerdo entre la Unidad Acad\u00e9mica (la FFyH), la UNC, la Universidad de destino y la persona que se postula. En ese documento vas a especificar las materias que deseas cursar en la Universidad de destino y cu\u00e1les son las materias de la UNC por las cuales vas a solicitar las equivalencias. <strong>El contrato de estudios debe ser firmado por la Prosecretar\u00eda de Relaciones Internacionales de la Facultad para poder postularte:<\/strong> solicitas la firma del contrato por correo a\u00a0<a href=\"mailto:interfilo@ffyh.unc.edu.ar\">interfilo@ffyh.unc.edu.ar<\/a>\u00a0adjuntandolo con tus datos y la convocatoria a la cual te presentas.<\/li>\n<\/ul>\n<p><strong><span style=\"color: #ff0000\">IMPORTANTE:<\/span><\/strong> Ten\u00e9 en cuenta que la aprobaci\u00f3n formal de la equivalencia queda sujeta a la revisi\u00f3n de los programas por parte de Directorxs de Escuela\/Departamentos, o bien coordinadorx s de \u00e1rea en los casos en lo que corresponda a la Carrera. Por eso es importante que, a la hora de elegir las materias a cursar en la Universidad de destino, consultes con\u00a0coordinadorxs de \u00e1rea o docentes de tu carrera si ten\u00e9s dudas sobre la pertinencia.<\/p>\n<ul>\n<li><span style=\"color: #ff0000\"><strong>Curr\u00edculum<\/strong><\/span><\/li>\n<\/ul>\n<p>Si la convocatoria contempla un modelo de CV, o si la PRI UNC sugiere uno para la postulaci\u00f3n, te recomendamos seguirlo. Asegurate de incluir tus antecedentes acad\u00e9micos, de investigaci\u00f3n, de gesti\u00f3n y de extensi\u00f3n. Si bien el promedio parcial es uno de los aspectos que se eval\u00faan, no es el \u00fanico, por lo que es importante presentar un CV lo m\u00e1s completo y detallado posible.<\/p>\n<ul>\n<li><span style=\"color: #ff0000\"><strong>Carta de motivaci\u00f3n\u00a0<\/strong><\/span><\/li>\n<\/ul>\n<p>El objetivo principal de esta carta es expresar tu <strong>motivaci\u00f3n acad\u00e9mica<\/strong> para postularte. Es importante que puedas explicar la pertinencia de las materias que eleg\u00eds para tu formaci\u00f3n, si la universidad de destino cuenta con un \u00e1rea de trabajo particular que te interese, si dese\u00e1s profundizar en una tem\u00e1tica espec\u00edfica, o si existe un enfoque que no se aborda en tu universidad de origen, entre otros aspectos relevantes.<br \/>\nLa carta de motivaci\u00f3n debe estar dirigida al \u00e1rea o a la autoridad que se indique expresamente en la convocatoria. En caso de que no se especifique, pod\u00e9s encabezarla con la f\u00f3rmula \u00abA quien corresponda\u00bb.<br \/>\nEs fundamental que puedas explicitar qu\u00e9 aportes puede generar esta experiencia de movilidad tanto para tu formaci\u00f3n como para tu instituci\u00f3n de origen, y que se\u00f1ales posibles v\u00ednculos acad\u00e9micos entre ambas universidades que resulten significativos en t\u00e9rminos acad\u00e9micos.<\/p>\n<ul>\n<li><span style=\"color: #ff0000\"><strong>Solicitud de avales<\/strong><\/span><\/li>\n<\/ul>\n<p>En el caso en que se requiera aval de la <strong>PRII de la Facultad<\/strong> para la postulaci\u00f3n,\u00a0 por favor <a href=\"https:\/\/docs.google.com\/forms\/d\/e\/1FAIpQLScMpKkOrbJU1WvTw2-vqPzGjwOgOeh6YPmn9JLw9bALamK4Hw\/viewform?usp=header\">llenar el siguiente formulario.<\/a><\/p>\n<p>Recuerde que es necesario solicitar el aval con <strong>al menos tres d\u00edas h\u00e1biles de antelaci\u00f3n al cierre<\/strong> de la convocatoria, a fin de cumplir con los pasos institucionales requeridos para su firma.<\/p>\n<p>En el caso de que corresponda, ser\u00e1 necesario adjuntar un certificado de alumno regular emitido por <a href=\"https:\/\/autogestion.guarani.unc.edu.ar\/\">Sistema Guaran\u00ed<\/a>.<\/p>\n<ul>\n<li><span style=\"color: #ff0000\"><strong>Conversi\u00f3n de cr\u00e9ditos UNC\u00a0 a cr\u00e9ditos ECTS\/US<\/strong><\/span><\/li>\n<\/ul>\n<p>PROMEDIO SEMESTRAL: 30 ECTS = 280 horas de clase UNC =18 cr\u00e9ditos US<\/p>\n<p>Por cualquier otra consulta o duda, previamente o durante la postulaci\u00f3n, comunicarse a <a href=\"mailto:interfilo@ffyh.unc.edu.ar\">interfilo@ffyh.unc.edu.ar<\/a><strong><em>\u00a0<\/em><\/strong><\/p>\n","protected":false},"excerpt":{"rendered":"<p>Ac\u00e1 pod\u00e9s encontrar las Convocatorias vigentes: Para estudiantes de grado y posgrado Para docentes, investigadorxs y no docentes Lo primero que debemos hacer es optar por una convocatoria de movilidad y\u00a0leer con atenci\u00f3n las bases y las condiciones.\u00a0Estas dependen de cada convocatoria y de cada universidad de destino, all\u00ed vas a encontrar los requisitos formales &hellip; <\/p>\n<p><a class=\"more-link btn\" href=\"https:\/\/ffyh.unc.edu.ar\/prii\/como-postularme\/\">Seguir leyendo<\/a><\/p>\n","protected":false},"author":2,"featured_media":0,"parent":0,"menu_order":0,"comment_status":"closed","ping_status":"closed","template":"","meta":{"_acf_changed":false,"footnotes":""},"class_list":["post-128","page","type-page","status-publish","hentry","nodate","item-wrap"],"acf":[],"_links":{"self":[{"href":"https:\/\/ffyh.unc.edu.ar\/prii\/wp-json\/wp\/v2\/pages\/128","targetHints":{"allow":["GET"]}}],"collection":[{"href":"https:\/\/ffyh.unc.edu.ar\/prii\/wp-json\/wp\/v2\/pages"}],"about":[{"href":"https:\/\/ffyh.unc.edu.ar\/prii\/wp-json\/wp\/v2\/types\/page"}],"author":[{"embeddable":true,"href":"https:\/\/ffyh.unc.edu.ar\/prii\/wp-json\/wp\/v2\/users\/2"}],"replies":[{"embeddable":true,"href":"https:\/\/ffyh.unc.edu.ar\/prii\/wp-json\/wp\/v2\/comments?post=128"}],"version-history":[{"count":14,"href":"https:\/\/ffyh.unc.edu.ar\/prii\/wp-json\/wp\/v2\/pages\/128\/revisions"}],"predecessor-version":[{"id":659,"href":"https:\/\/ffyh.unc.edu.ar\/prii\/wp-json\/wp\/v2\/pages\/128\/revisions\/659"}],"wp:attachment":[{"href":"https:\/\/ffyh.unc.edu.ar\/prii\/wp-json\/wp\/v2\/media?parent=128"}],"curies":[{"name":"wp","href":"https:\/\/api.w.org\/{rel}","templated":true}]}}