{"id":131,"date":"2023-03-27T16:28:09","date_gmt":"2023-03-27T16:28:09","guid":{"rendered":"https:\/\/ffyh.unc.edu.ar\/prii\/?page_id=131"},"modified":"2024-05-10T18:45:22","modified_gmt":"2024-05-10T18:45:22","slug":"estudiantes-regulares-extranjeros","status":"publish","type":"page","link":"https:\/\/ffyh.unc.edu.ar\/prii\/estudiantes-regulares-extranjeros\/","title":{"rendered":"Estudiantes Regulares Internacionales"},"content":{"rendered":"<p>\u00a1BIENVENIDXS A LA FFyH!<\/p>\n<p>DATOS PARA LA INSCRIPCI\u00d3N EN LA FACULTAD<br \/>\nEstudiantes internacionales<\/p>\n<p>1) Todo lo relativo a los programas, horarios y aulas de cursado de cada materia o seminario de la Facultad de Filosof\u00eda y Humanidades, pueden averiguarlo en los Blogs de las escuelas\/departamentos que dejamos a continuaci\u00f3n junto con la ubicaci\u00f3n de los edificios donde encontrar\u00e1n las Direcci\u00f3n y la Secretar\u00eda T\u00e9cnica de las mismas:<\/p>\n<ul>\n<li>Antropolog\u00eda, en <a href=\"https:\/\/goo.gl\/maps\/siGc6vbKMQa4M7ud8\"><span style=\"color: #008000\">Casa Verde, primer piso\u00a0<\/span>\u00a0\u00a0\u00a0\u00a0 \u00a0 \u00a0 \u00a0 \u00a0 \u00a0 \u00a0 \u00a0 \u00a0 \u00a0 \u00a0 \u00a0 \u00a0 \u00a0 \u00a0 \u00a0 \u00a0 \u00a0 \u00a0 \u00a0 \u00a0 \u00a0 \u00a0 \u00a0 \u00a0 \u00a0 \u00a0<\/a><a href=\"https:\/\/blogs.ffyh.unc.edu.ar\/antropologia\/\"><span style=\"color: #ff00ff\">Blog Antropolog\u00eda <\/span><\/a><\/li>\n<li>Ciencias de la Educaci\u00f3n, en <a href=\"https:\/\/goo.gl\/maps\/ts3xTaokvY1xEVC66\"><span style=\"color: #008000\">Pabell\u00f3n Francia, primer piso<\/span><\/a>\u00a0 \u00a0\u00a0 \u00a0\u00a0 \u00a0\u00a0 \u00a0\u00a0 \u00a0\u00a0 \u00a0\u00a0 <a href=\"https:\/\/blogs.ffyh.unc.edu.ar\/escuelacienciaseducacion\/\"><span style=\"color: #ff00ff\">Blog Cs de la Educaci\u00f3n<\/span><\/a><\/li>\n<li>Filosof\u00eda, en<span style=\"color: #008000\"><a style=\"color: #008000\" href=\"https:\/\/goo.gl\/maps\/ts3xTaokvY1xEVC66\"> Pabell\u00f3n Francia, planta baja<\/a><\/span>\u00a0 \u00a0\u00a0 \u00a0\u00a0 \u00a0\u00a0 \u00a0\u00a0 \u00a0\u00a0 \u00a0\u00a0 \u00a0\u00a0 \u00a0\u00a0 \u00a0\u00a0 \u00a0\u00a0 \u00a0\u00a0 \u00a0\u00a0 \u00a0\u00a0 \u00a0\u00a0 \u00a0\u00a0 \u00a0\u00a0 \u00a0\u00a0 \u00a0\u00a0<a href=\"https:\/\/blogs.ffyh.unc.edu.ar\/escueladefilosofia\/\"><span style=\"color: #ff00ff\">\u00a0 Blog Filosof\u00eda\u00a0<\/span><\/a><\/li>\n<li>Geograf\u00eda, en <a href=\"https:\/\/goo.gl\/maps\/siGc6vbKMQa4M7ud8\"><span style=\"color: #008000\">Casa Verde, primer piso<\/span><\/a> \u00a0\u00a0 \u00a0\u00a0 \u00a0\u00a0 \u00a0\u00a0 \u00a0\u00a0 \u00a0\u00a0 \u00a0\u00a0 \u00a0\u00a0 \u00a0\u00a0 \u00a0\u00a0 \u00a0\u00a0 \u00a0\u00a0 \u00a0\u00a0 \u00a0\u00a0 \u00a0\u00a0 \u00a0\u00a0 \u00a0\u00a0 \u00a0\u00a0 \u00a0\u00a0 \u00a0\u00a0 \u00a0\u00a0 <span style=\"color: #ff00ff\"><a style=\"color: #ff00ff\" href=\"https:\/\/blogs.ffyh.unc.edu.ar\/deptodegeografia\/\">Blog Geograf\u00eda<\/a><\/span><\/li>\n<li>Historia, en <span style=\"color: #008000\"><a style=\"color: #008000\" href=\"https:\/\/goo.gl\/maps\/12Vuuqsto7jM7D6g8\">Pabell\u00f3n Espa\u00f1a, primer piso<\/a>\u00a0<\/span> \u00a0 \u00a0 \u00a0 \u00a0 \u00a0 \u00a0 \u00a0 \u00a0 \u00a0 \u00a0 \u00a0 \u00a0 \u00a0 \u00a0 \u00a0 \u00a0 \u00a0 \u00a0 \u00a0 \u00a0 \u00a0 \u00a0 \u00a0 \u00a0 \u00a0 \u00a0 \u00a0<a href=\"https:\/\/blogs.ffyh.unc.edu.ar\/escueladehistoria\/\"><span style=\"color: #ff00ff\"> \u00a0Blog Historia<\/span><\/a><\/li>\n<li>Letras, en <span style=\"color: #008000\"><a style=\"color: #008000\" href=\"https:\/\/goo.gl\/maps\/ts3xTaokvY1xEVC66\">Pabell\u00f3n Francia, planta baja<\/a>\u00a0<\/span> \u00a0 \u00a0 \u00a0 \u00a0 \u00a0 \u00a0 \u00a0 \u00a0 \u00a0 \u00a0 \u00a0 \u00a0 \u00a0 \u00a0 \u00a0 \u00a0 \u00a0 \u00a0 \u00a0 \u00a0 \u00a0 \u00a0 \u00a0 \u00a0 \u00a0 \u00a0 \u00a0 \u00a0 \u00a0 \u00a0 <a href=\"https:\/\/blogs.ffyh.unc.edu.ar\/escueladeletras\/\"><span style=\"color: #ff00ff\">Blog Letras<\/span><\/a><\/li>\n<\/ul>\n<p>&nbsp;<\/p>\n<p>2) Comenzar a cursar las materias y\/o seminarios que quieran hacer \u00a0aunque no est\u00e9n decididxs del todo cu\u00e1les terminar\u00e1n haciendo. Para esto, deben considerar que <strong>s\u00ed pueden modificar las materias elegidas en Kuntur<\/strong> (por ejemplo: porque la materia que eligieron a \u00faltimo momento no se dicta, o prefieren otra, o por cuestiones de superposici\u00f3n de horarios).<\/p>\n<p>3) Una vez transcurridas algunas clases del cursado, y tengan decidido qu\u00e9 materias\/seminarios terminar\u00e1n haciendo, deben hacer su inscripci\u00f3n final en elsistema de la Facultad llamado \u201cGUARAN\u00cd\u201d (solo luego de haber hecho la inscripci\u00f3n por Kuntur). Se les adjunta en pdf un instructivo para su inscripci\u00f3n.<br \/>\n<strong>La inscripci\u00f3n en Guaran\u00ed es obligatoria,<\/strong> de lo contrario, no se les podr\u00e1 acreditar el cursado. La inscripci\u00f3n en Guaran\u00ed les permitir\u00e1 acceder a las aulas virtuales, y hacer tr\u00e1mites inscripci\u00f3n a ex\u00e1menes finales.<\/p>\n<p>4) Sobre el final del semestre, al terminar el cursado, acercarse a la PRI de la FFyH para aclarar qu\u00e9 materias completaron, cu\u00e1les no terminaron de cursar y cu\u00e1les tienen pendientes a\u00fan por rendir. Esto es a los fines de agilizar la carga de notas cuando vuelvan a su Universidad de origen.<\/p>\n<p>5) Conversi\u00f3n de cr\u00e9ditos UNC a cr\u00e9ditos ECTS \/ US<\/p>\n<p>\u25cf Un estudiante puede tomar alrededor de 280 horas por semestre, dependiendo<br \/>\nde su acuerdo de estudios.<br \/>\n\u25cf La carga horaria de las clases var\u00eda dependiendo de la carrera.<br \/>\n\u25cf Esta es una referencia estimada. La equivalencia exacta debe ser determinada<br \/>\npor la universidad de origen.<\/p>\n<p>*Cualquier duda, consulta, dificultad que les surja, sin ning\u00fan inconveniente acercarse a<br \/>\nla PRI de la FFyH (Pabell\u00f3n Residencial, primera puerta a mano derecha), o enviar mail a <a href=\"mailto:interfilo@ffyh.unc.edu.ar\">interfilo@ffyh.unc.edu.ar<\/a><br \/>\nTel\u00e9fono: 5353610 interno: 50045<\/p>\n<p>Esperamos que tengan una maravillosa estad\u00eda, es nuestro gran orgullo y<br \/>\nresponsabilidad lograr eso con ustedes<\/p>\n","protected":false},"excerpt":{"rendered":"<p>\u00a1BIENVENIDXS A LA FFyH! DATOS PARA LA INSCRIPCI\u00d3N EN LA FACULTAD Estudiantes internacionales 1) Todo lo relativo a los programas, horarios y aulas de cursado de cada materia o seminario de la Facultad de Filosof\u00eda y Humanidades, pueden averiguarlo en los Blogs de las escuelas\/departamentos que dejamos a continuaci\u00f3n junto con la ubicaci\u00f3n de los &hellip; <\/p>\n<p><a class=\"more-link btn\" href=\"https:\/\/ffyh.unc.edu.ar\/prii\/estudiantes-regulares-extranjeros\/\">Seguir leyendo<\/a><\/p>\n","protected":false},"author":2,"featured_media":0,"parent":0,"menu_order":0,"comment_status":"closed","ping_status":"closed","template":"","meta":{"_acf_changed":false,"footnotes":""},"class_list":["post-131","page","type-page","status-publish","hentry","nodate","item-wrap"],"acf":[],"_links":{"self":[{"href":"https:\/\/ffyh.unc.edu.ar\/prii\/wp-json\/wp\/v2\/pages\/131","targetHints":{"allow":["GET"]}}],"collection":[{"href":"https:\/\/ffyh.unc.edu.ar\/prii\/wp-json\/wp\/v2\/pages"}],"about":[{"href":"https:\/\/ffyh.unc.edu.ar\/prii\/wp-json\/wp\/v2\/types\/page"}],"author":[{"embeddable":true,"href":"https:\/\/ffyh.unc.edu.ar\/prii\/wp-json\/wp\/v2\/users\/2"}],"replies":[{"embeddable":true,"href":"https:\/\/ffyh.unc.edu.ar\/prii\/wp-json\/wp\/v2\/comments?post=131"}],"version-history":[{"count":6,"href":"https:\/\/ffyh.unc.edu.ar\/prii\/wp-json\/wp\/v2\/pages\/131\/revisions"}],"predecessor-version":[{"id":237,"href":"https:\/\/ffyh.unc.edu.ar\/prii\/wp-json\/wp\/v2\/pages\/131\/revisions\/237"}],"wp:attachment":[{"href":"https:\/\/ffyh.unc.edu.ar\/prii\/wp-json\/wp\/v2\/media?parent=131"}],"curies":[{"name":"wp","href":"https:\/\/api.w.org\/{rel}","templated":true}]}}