{"id":166,"date":"2023-08-07T15:03:15","date_gmt":"2023-08-07T15:03:15","guid":{"rendered":"https:\/\/ffyh.unc.edu.ar\/prii\/?page_id=166"},"modified":"2026-02-04T15:55:14","modified_gmt":"2026-02-04T15:55:14","slug":"convenios-unc","status":"publish","type":"page","link":"https:\/\/ffyh.unc.edu.ar\/prii\/convenios\/convenios-unc\/","title":{"rendered":"Convenios internacionales vigentes"},"content":{"rendered":"<p>La Universidad Nacional de C\u00f3rdoba posee actualmente 305 convenios vigentes con Instituciones educativas del exterior. Los acuerdos, en su mayor\u00eda convenios marco, se realizan con universidades de los siguientes pa\u00edses:<\/p>\n<p style=\"padding-left: 40px\">Albania, Alemania, Angola, Australia, Austria, B\u00e9lgica, Brasil, Chile, China, Colombia, Cuba, Ecuador, El salvador, Espa\u00f1a, Estados Unidos, Francia, Irlanda, Jap\u00f3n, M\u00e9xico, Italia, Pa\u00edses bajos, Paraguay, Per\u00fa, Polonia, Portugal, Puerto Rico, Reino Unido, Rep\u00fablica Checa, Rusia, Suecia, Suiza, Ucrania, Uruguay y Venezuela.<\/p>\n<a href=\"https:\/\/ffyh.unc.edu.ar\/prii\/wp-content\/uploads\/sites\/45\/2026\/02\/COPIA-EDITABLE-Listado-de-convenios-2025-PRI.-Vigentes-y-en-proceso-de-suscripcion.xlsx-Convenios-vigentes_extracted_pages-1.pdf\" class=\"pdfemb-viewer\" style=\"\" data-width=\"max\" data-height=\"max\" data-toolbar=\"bottom\" data-toolbar-fixed=\"off\">COPIA EDITABLE Listado de convenios 2025 PRI. Vigentes y en proceso de suscripci\u00f3n.xlsx - Convenios vigentes_extracted_pages (1)<\/a>\n<p>Para mayor informaci\u00f3n sobre los convenios vigentes, escribir a\u00a0<a style=\"background-color: #ffffff\" href=\"mailto:interfilo@ffyh.unc.edu.ar\">interfilo@ffyh.unc.edu.ar<\/a><a style=\"background-color: #ffffff\" href=\"http:\/\/ffyh.unc.edu.ar\/prii\/wp-content\/uploads\/sites\/45\/2026\/02\/COPIA-EDITABLE-Listado-de-convenios-2025-PRI.-Vigentes-y-en-proceso-de-suscripcion.xlsx-Convenios-vigentes_extracted_pages-1.pdf\" target=\"_blank\" rel=\"noopener\"><br \/>\nDescargar en PDF<\/a><\/p>\n","protected":false},"excerpt":{"rendered":"<p>La Universidad Nacional de C\u00f3rdoba posee actualmente 305 convenios vigentes con Instituciones educativas del exterior. Los acuerdos, en su mayor\u00eda convenios marco, se realizan con universidades de los siguientes pa\u00edses: Albania, Alemania, Angola, Australia, Austria, B\u00e9lgica, Brasil, Chile, China, Colombia, Cuba, Ecuador, El salvador, Espa\u00f1a, Estados Unidos, Francia, Irlanda, Jap\u00f3n, M\u00e9xico, Italia, Pa\u00edses bajos, Paraguay, &hellip; <\/p>\n<p><a class=\"more-link btn\" href=\"https:\/\/ffyh.unc.edu.ar\/prii\/convenios\/convenios-unc\/\">Seguir leyendo<\/a><\/p>\n","protected":false},"author":2,"featured_media":0,"parent":13,"menu_order":0,"comment_status":"closed","ping_status":"closed","template":"","meta":{"_acf_changed":false,"footnotes":""},"class_list":["post-166","page","type-page","status-publish","hentry","nodate","item-wrap"],"acf":[],"_links":{"self":[{"href":"https:\/\/ffyh.unc.edu.ar\/prii\/wp-json\/wp\/v2\/pages\/166","targetHints":{"allow":["GET"]}}],"collection":[{"href":"https:\/\/ffyh.unc.edu.ar\/prii\/wp-json\/wp\/v2\/pages"}],"about":[{"href":"https:\/\/ffyh.unc.edu.ar\/prii\/wp-json\/wp\/v2\/types\/page"}],"author":[{"embeddable":true,"href":"https:\/\/ffyh.unc.edu.ar\/prii\/wp-json\/wp\/v2\/users\/2"}],"replies":[{"embeddable":true,"href":"https:\/\/ffyh.unc.edu.ar\/prii\/wp-json\/wp\/v2\/comments?post=166"}],"version-history":[{"count":17,"href":"https:\/\/ffyh.unc.edu.ar\/prii\/wp-json\/wp\/v2\/pages\/166\/revisions"}],"predecessor-version":[{"id":615,"href":"https:\/\/ffyh.unc.edu.ar\/prii\/wp-json\/wp\/v2\/pages\/166\/revisions\/615"}],"up":[{"embeddable":true,"href":"https:\/\/ffyh.unc.edu.ar\/prii\/wp-json\/wp\/v2\/pages\/13"}],"wp:attachment":[{"href":"https:\/\/ffyh.unc.edu.ar\/prii\/wp-json\/wp\/v2\/media?parent=166"}],"curies":[{"name":"wp","href":"https:\/\/api.w.org\/{rel}","templated":true}]}}