{"id":345,"date":"2025-08-25T16:55:42","date_gmt":"2025-08-25T16:55:42","guid":{"rendered":"https:\/\/ffyh.unc.edu.ar\/prii\/?page_id=345"},"modified":"2026-02-06T17:48:40","modified_gmt":"2026-02-06T17:48:40","slug":"requisitos-para-estancias-de-investigacion","status":"publish","type":"page","link":"https:\/\/ffyh.unc.edu.ar\/prii\/requisitos-para-estancias-de-investigacion\/","title":{"rendered":"Requisitos"},"content":{"rendered":"<p><span style=\"color: #000000\">Los requisitos para la admisi\u00f3n de estudiantes de posgrado y profesores\/investigadores que deseen realizar estancias de investigaci\u00f3n en la Facultad de Filosof\u00eda y Humanidades de la Universidad Nacional de C\u00f3rdoba son los siguientes:<\/span><\/p>\n<p style=\"padding-left: 40px\"><span style=\"font-family: arial, sans-serif\"><span lang=\"ES-MX\"><span style=\"color: #ff0000\"><strong>1. <\/strong><\/span><span style=\"color: #000000\">Carta\u00a0<\/span><br \/>\n<span style=\"color: #000000\">a) <\/span><\/span><span lang=\"ES-MX\" style=\"color: #000000\">En caso de ser estudiante <em>con convenio<\/em>: carta de nominaci\u00f3n.<br \/>\nb) En caso de ser es<\/span><\/span><span lang=\"ES-MX\" style=\"color: #000000\"><span style=\"font-family: arial, sans-serif\">tudiante<em> sin convenio<\/em>: carta de selecci\u00f3n de la beca, del programa de intercambio, o carta de recomendaci\u00f3n de un docente de su universidad de origen.<\/span><\/span><\/p>\n<p style=\"padding-left: 40px\"><span style=\"font-family: arial, sans-serif\"><span lang=\"ES-MX\"><span style=\"color: #ff0000\"><strong>2.<\/strong><\/span>\u00a0<\/span><span lang=\"ES-MX\"><span style=\"color: #000000\">CV en espa\u00f1ol o ingl\u00e9s o portugu\u00e9s.<\/span><u><\/u><\/span><\/span><\/p>\n<p style=\"padding-left: 40px\"><span style=\"font-family: arial, sans-serif\"><span lang=\"ES-MX\"><span style=\"color: #ff0000\"><strong>3.<\/strong><\/span>\u00a0<\/span><span lang=\"ES-MX\"><span style=\"color: #000000\">Copia del pasaporte a color.\u00a0<\/span><u><\/u><u><\/u><\/span><\/span><\/p>\n<p style=\"padding-left: 40px\"><span style=\"font-family: arial, sans-serif\"><strong><span lang=\"ES-MX\" style=\"color: #ff0000\">4.\u00a0<\/span><\/strong><span lang=\"ES-MX\"><span style=\"color: #000000\">Seguro de salud, vida y repatriaci\u00f3n por los d\u00edas de la estancia.<\/span><u><\/u><\/span><\/span><\/p>\n<p style=\"padding-left: 40px\"><span style=\"font-family: arial, sans-serif\"><span lang=\"ES-MX\"><span style=\"color: #ff0000\"><strong>5.<\/strong><\/span>\u00a0<\/span><span lang=\"ES-MX\" style=\"color: #000000\">Carta de invitaci\u00f3n del\/a tutor\/a de su estancia en la UNC.<\/span><\/span><\/p>\n<p style=\"padding-left: 40px\"><span style=\"font-family: arial, sans-serif\"><span lang=\"ES-MX\"><span style=\"color: #ff0000\"><strong>6.<\/strong><\/span>\u00a0<span style=\"color: #000000\">Pl<\/span><\/span><span lang=\"ES-MX\" style=\"color: #000000\">an de actividades (entre 1000 y 2000 palabras).<\/span><\/span><\/p>\n<p style=\"padding-left: 40px\"><span style=\"color: #000000;font-family: arial, sans-serif\"><span style=\"color: #ff0000\"><strong>7.<\/strong><\/span> Certificado psico-f\u00edsico firmado y sellado por el profesional de salud.<\/span><\/p>\n<p><span style=\"color: #000000\">Todos los archivos deben ser adjuntados en <span style=\"color: #ff0000\"><a style=\"color: #ff0000\" href=\"https:\/\/docs.google.com\/forms\/d\/e\/1FAIpQLSeC2qcImYtmMeMQPuKXTYSUOeggJ3O_hCly9uEwqX1lb1WMTQ\/viewform?usp=header\">el siguiente formulario<\/a>.<\/span><\/span><\/p>\n<p><span style=\"color: #000000\">Al finalizar la estancia de investigaci\u00f3n, se solicita el env\u00edo de un informe (m\u00e1x. 2 p\u00e1ginas) con firma del\/la tutor\/a que deber\u00e1 ser entregado en el plazo de 30 d\u00edas finalizada la movilidad.<br \/>\nRecepci\u00f3n de env\u00edo: <span style=\"color: #ff0000\">interfilo@ffyh.unc.edu.ar\u00a0<\/span><\/span><\/p>\n","protected":false},"excerpt":{"rendered":"<p>Los requisitos para la admisi\u00f3n de estudiantes de posgrado y profesores\/investigadores que deseen realizar estancias de investigaci\u00f3n en la Facultad de Filosof\u00eda y Humanidades de la Universidad Nacional de C\u00f3rdoba son los siguientes: 1. Carta\u00a0 a) En caso de ser estudiante con convenio: carta de nominaci\u00f3n. b) En caso de ser estudiante sin convenio: carta &hellip; <\/p>\n<p><a class=\"more-link btn\" href=\"https:\/\/ffyh.unc.edu.ar\/prii\/requisitos-para-estancias-de-investigacion\/\">Seguir leyendo<\/a><\/p>\n","protected":false},"author":48,"featured_media":0,"parent":0,"menu_order":0,"comment_status":"closed","ping_status":"closed","template":"","meta":{"_acf_changed":false,"footnotes":""},"class_list":["post-345","page","type-page","status-publish","hentry","nodate","item-wrap"],"acf":[],"_links":{"self":[{"href":"https:\/\/ffyh.unc.edu.ar\/prii\/wp-json\/wp\/v2\/pages\/345","targetHints":{"allow":["GET"]}}],"collection":[{"href":"https:\/\/ffyh.unc.edu.ar\/prii\/wp-json\/wp\/v2\/pages"}],"about":[{"href":"https:\/\/ffyh.unc.edu.ar\/prii\/wp-json\/wp\/v2\/types\/page"}],"author":[{"embeddable":true,"href":"https:\/\/ffyh.unc.edu.ar\/prii\/wp-json\/wp\/v2\/users\/48"}],"replies":[{"embeddable":true,"href":"https:\/\/ffyh.unc.edu.ar\/prii\/wp-json\/wp\/v2\/comments?post=345"}],"version-history":[{"count":15,"href":"https:\/\/ffyh.unc.edu.ar\/prii\/wp-json\/wp\/v2\/pages\/345\/revisions"}],"predecessor-version":[{"id":616,"href":"https:\/\/ffyh.unc.edu.ar\/prii\/wp-json\/wp\/v2\/pages\/345\/revisions\/616"}],"wp:attachment":[{"href":"https:\/\/ffyh.unc.edu.ar\/prii\/wp-json\/wp\/v2\/media?parent=345"}],"curies":[{"name":"wp","href":"https:\/\/api.w.org\/{rel}","templated":true}]}}