{"id":396,"date":"2025-09-03T19:01:10","date_gmt":"2025-09-03T19:01:10","guid":{"rendered":"https:\/\/ffyh.unc.edu.ar\/prii\/?page_id=396"},"modified":"2026-04-07T17:41:43","modified_gmt":"2026-04-07T17:41:43","slug":"movilidad-estudiantes","status":"publish","type":"page","link":"https:\/\/ffyh.unc.edu.ar\/prii\/movilidad-estudiantes\/","title":{"rendered":"Movilidad Estudiantes | Grado y Posgrado"},"content":{"rendered":"<h3><span style=\"color: #bd0000\">Convocatorias abiertas<\/span><\/h3>\n<p>En el caso en que se requiera aval de la\u00a0<strong>PRII de la Facultad<\/strong>\u00a0para la postulaci\u00f3n,\u00a0 por favor<span style=\"color: #bd0000\">\u00a0<a style=\"color: #bd0000\" href=\"https:\/\/docs.google.com\/forms\/d\/e\/1FAIpQLScMpKkOrbJU1WvTw2-vqPzGjwOgOeh6YPmn9JLw9bALamK4Hw\/viewform?usp=header\">llenar el siguiente formulario.<\/a><\/span><\/p>\n<h4><span style=\"color: #000000\">Estudiantes de grado\u00a0 \u00a0 \u00a0 \u00a0 \u00a0 \u00a0 \u00a0 \u00a0 \u00a0 \u00a0 \u00a0 \u00a0 \u00a0 \u00a0 \u00a0 \u00a0 \u00a0 \u00a0 \u00a0\u00a0<\/span><\/h4>\n<ul>\n<li><span style=\"color: #bd0000\"><strong><a style=\"color: #bd0000\" href=\"https:\/\/gestion.fundacioncarolina.es\/programas\/6573\"><img loading=\"lazy\" decoding=\"async\" class=\"an1\" src=\"https:\/\/fonts.gstatic.com\/s\/e\/notoemoji\/17.0\/1f50d\/32.png\" alt=\"\ud83d\udd0d\" width=\"23\" height=\"23\" data-emoji=\"\ud83d\udd0d\" aria-label=\"\ud83d\udd0d\" \/><\/a>Programa de Movilidad Estudiantil UNC al Mundo (UNCM)<\/strong><\/span><br \/>\n<img loading=\"lazy\" decoding=\"async\" class=\"an1\" src=\"https:\/\/fonts.gstatic.com\/s\/e\/notoemoji\/17.0\/1f4c5\/32.png\" alt=\"\ud83d\udcc5\" width=\"21\" height=\"21\" data-emoji=\"\ud83d\udcc5\" aria-label=\"\ud83d\udcc5\" \/><span style=\"color: #000000\">Fecha l\u00edmite de postulaci\u00f3n:\u00a0\u00a0<strong>Mi\u00e9rcoles 29 de abril de a las 10 hs.<\/strong><\/span><span style=\"color: #8f0e0e\"><br \/>\n<\/span><\/li>\n<\/ul>\n<h4><span style=\"color: #000000\">Estudiantes de posgrado\u00a0 <\/span><\/h4>\n<ul>\n<li><span style=\"color: #bd0000\"><a style=\"color: #bd0000\" href=\"https:\/\/gestion.fundacioncarolina.es\/programas\/6573\"><strong><img loading=\"lazy\" decoding=\"async\" class=\"an1\" src=\"https:\/\/fonts.gstatic.com\/s\/e\/notoemoji\/17.0\/1f50d\/32.png\" alt=\"\ud83d\udd0d\" width=\"23\" height=\"23\" data-emoji=\"\ud83d\udd0d\" aria-label=\"\ud83d\udd0d\" \/>Programa de J\u00f3venes L\u00edderes Iberoamericanos 2026 |\u00a0<span class=\"il\">Fundaci\u00f3n Carolina<\/span>\u00a0 \u2013 Espa\u00f1a<\/strong><\/a><\/span><br \/>\n<img loading=\"lazy\" decoding=\"async\" class=\"an1\" src=\"https:\/\/fonts.gstatic.com\/s\/e\/notoemoji\/17.0\/1f4c5\/32.png\" alt=\"\ud83d\udcc5\" width=\"20\" height=\"20\" data-emoji=\"\ud83d\udcc5\" aria-label=\"\ud83d\udcc5\" \/>\u00a0<span style=\"color: #000000\">Fecha de aval UNC: <strong>16 de abril de 2026 (10 hs)<\/strong><\/span><br \/>\n<span style=\"color: #000000\"><img loading=\"lazy\" decoding=\"async\" class=\"an1\" src=\"https:\/\/fonts.gstatic.com\/s\/e\/notoemoji\/17.0\/1f4c5\/32.png\" alt=\"\ud83d\udcc5\" width=\"21\" height=\"21\" data-emoji=\"\ud83d\udcc5\" aria-label=\"\ud83d\udcc5\" \/>Cierre de inscripci\u00f3n en plataformas\u00a0<span class=\"il\">Fundaci\u00f3n Carolina<\/span>\u00a0y Santander Open Academy: <strong>22 de abril de 2026<\/strong><\/span><\/li>\n<\/ul>\n<hr \/>\n<h3><span style=\"color: #5d5d66\">Convocatorias cerradas<\/span><\/h3>\n<ul>\n<li><span style=\"color: #999999\"><strong><a style=\"color: #999999\" href=\"https:\/\/www.gov.br\/capes\/pt-br\/acesso-a-informacao\/acoes-e-programas\/bolsas\/bolsas-e-auxilios-internacionais\/encontre-aqui\/paises\/multinacional\/programa-de-estudantes-convenio-de-pos-graduacao-pec-pg\">Programa de Estudantes-Conv\u00eanio de P\u00f3s-Gradua\u00e7\u00e3o (PEC-PG) \u2013 Brasil &#8211; maestr\u00eda, doctorado y doctorado sandwich<\/a><br \/>\n<\/strong>Fecha l\u00edmite de postulaci\u00f3n: para m\u00e1ster y doctorado completos: <strong>29 de septiembre<\/strong> de 2025;\u00a0para doctorado s\u00e1ndwich:\u00a0<strong>30 de diciembre\u00a0<\/strong>de 2025.<\/span><\/li>\n<li><span style=\"color: #999999\"><strong><a style=\"color: #999999\" role=\"button\" href=\"https:\/\/stipendiumhungaricum.hu\/\" target=\"_blank\" rel=\"noopener\" aria-expanded=\"true\" aria-controls=\"collapse-1-0\" data-saferedirecturl=\"https:\/\/www.google.com\/url?q=https:\/\/www.unc.edu.ar\/internacionales\/convocatorias-y-actividades-de-organismos-externos%23collapse-1-0&amp;source=gmail&amp;ust=1764174528244000&amp;usg=AOvVaw1bx_zyBAGVCrZrdWwp6gxG\">Becas de grado del Gobierno de Hungr\u00eda<\/a><\/strong><\/span><br \/>\n<span style=\"color: #999999\">Fecha l\u00edmite de postulaci\u00f3n:\u00a0\u00a015 de enero de 2026<\/span><\/li>\n<li><span style=\"color: #999999\"><a style=\"color: #999999\" href=\"https:\/\/www.unc.edu.ar\/internacionales\/programa-golondrina\"><b>Programa Golondrina \u2013 Becas para estancias de estudio en Murcia (Convocatoria 2025)\u00a0<\/b><\/a><br \/>\nAval institucional UNC: hasta el <strong>2 de diciembre de 2025<\/strong> (gesti\u00f3n mediante formulario web).<br \/>\nEnv\u00edo de documentaci\u00f3n a la UPCT: hasta el <strong>3 de diciembre de 2025<\/strong> al correo incoming@upct.es<\/span><\/li>\n<li><span style=\"color: #999999\"><strong><a style=\"color: #999999\" href=\"https:\/\/www.unc.edu.ar\/internacionales\/programa-escala-de-estudiantes-de-posgrado-augm\">Programa Escala de Estudiantes de Posgrado (AUGM) \u2013 Convocatoria Anual<\/a><br \/>\n<\/strong>Fecha l\u00edmite de postulaci\u00f3n:\u00a0<strong>viernes 7 de noviembre a las 23:59 hs.<\/strong><\/span><\/li>\n<li><span class=\"views-field views-field-title\" style=\"color: #999999\"><span class=\"field-content\"><span style=\"color: #999999\"><strong><a style=\"color: #999999\" href=\"https:\/\/www.unc.edu.ar\/internacionales\/programa-escala-docente-augm\">Becas de Movilidad entre Universidades Andaluzas e Iberoamericanas (AUIP)<\/a><\/strong><\/span><br \/>\n<\/span><\/span><\/li>\n<li><span class=\"views-field views-field-title\" style=\"color: #999999\"><span class=\"field-content\"><a style=\"color: #999999\" href=\"https:\/\/www.unc.edu.ar\/internacionales\/programa-de-cooperacion-bilateral-para-el-intercambio-de-estudiantes-de-grado-pieg\"><strong>Programa de Cooperaci\u00f3n Bilateral para el Intercambio de Estudiantes de Grado (PIEG)<\/strong><\/a><\/span><\/span><br \/>\n<span style=\"color: #999999\">Fecha l\u00edmite de postulaci\u00f3n: Viernes 5 de septiembre 2025, a las 10:00 h (ARG)<\/span><\/li>\n<li><span style=\"color: #999999\"><strong><a style=\"color: #999999\" href=\"https:\/\/www.unc.edu.ar\/internacionales\/programa-erasmus-ka1-universidad-catolica-eszterhazy-karoly\">Erasmus+ KA1 \u2013 Universidad Cat\u00f3lica Eszterh\u00e1zy K\u00e1roly, Hungr\u00eda &#8211; movilidad doctoral<\/a><br \/>\n<\/strong>Fecha l\u00edmite de postulaci\u00f3n: viernes 26 de septiembre\u00a0de 2025 a las 10:00 hs (Arg).<\/span><\/li>\n<li><span style=\"color: #999999\"><strong><a style=\"color: #999999\" href=\"https:\/\/www.kaust.edu.sa\/en\/\">Becas de la Universidad Rey Abdullah para maestr\u00edas y doctorados en Arabia Saudita &#8211; maestr\u00edas y doctorados<\/a><br \/>\n<\/strong>Fecha l\u00edmite de postulaci\u00f3n: <strong>1 de octubre<\/strong>\u00a0de 2025.<\/span><\/li>\n<li><span style=\"color: #999999\"><strong><a style=\"color: #999999\" href=\"https:\/\/uns.ac.id\/en\/admission\/uns-scholarship\/?utm_source=chatgpt.com\">Becas de grado, maestr\u00eda y doctorado en la Universidad Sebelas Maret (Indonesia)<\/a><br \/>\n<\/strong>Fecha l\u00edmite de postulaci\u00f3n: <strong>30 de septiembre<\/strong> de 2025.<strong><br \/>\n<\/strong><\/span><\/li>\n<li><span style=\"color: #999999\"><strong><a style=\"color: #999999\" href=\"https:\/\/www.unipd.it\/en\/studying-padua\/funding-and-fees\/regione-veneto-scholarships?utm_source=chatgpt.com\">Becas de grado, m\u00e1ster o doctorado en la Regi\u00f3n del V\u00e9neto \u2013 Universidad de Padua, Italia<\/a><br \/>\n<\/strong>Fecha l\u00edmite de postulaci\u00f3n: 30 de septiembre de 2025.<\/span><\/li>\n<li><span style=\"color: #999999\"><strong><a style=\"color: #999999\" href=\"https:\/\/www.gist.ac.kr\/iadm\/main.html\">Becas en el GIST de Corea \u2013 Maestr\u00eda, Doctorado y Maestr\u00eda conducente a Doctorado (MS-PhD)<\/a><br \/>\n<\/strong>Fecha l\u00edmite de postulaci\u00f3n: <strong>2 de octubre\u00a0<\/strong>de 2025\u00a0(para el semestre de primavera 2026) y\u00a010 de abril de 2026\u00a0(para el semestre de oto\u00f1o 2026).<\/span><\/li>\n<li><span style=\"color: #999999\"><strong><a style=\"color: #999999\" href=\"https:\/\/www.chevening.org\/scholarship\/argentina\/\">Becas Chevening 2026\/2027 \u2013 Reino Unido &#8211; maestr\u00edas<\/a><br \/>\n<\/strong>Fecha l\u00edmite de postulaci\u00f3n: <strong>7 de octubre\u00a0<\/strong>de 2025 (12:00 UTC).<\/span><\/li>\n<li><span style=\"color: #999999\"><strong><span class=\"views-field views-field-title\"><span class=\"field-content\"><a style=\"color: #999999\" href=\"https:\/\/www.unc.edu.ar\/internacionales\/programa-de-movilidad-estudiantil-unc-al-mundo-uncm\">Programa de Movilidad Estudiantil UNC al Mundo (UNCM) <\/a><\/span><\/span><\/strong><\/span><br \/>\n<span style=\"color: #999999\">Fecha l\u00edmite de postulaci\u00f3n: Jueves 25 de septiembre de 2025, a las 10:00 h (ARG)<\/span><\/li>\n<li class=\"views-row views-row-1\"><span style=\"color: #999999\"><span class=\"views-field views-field-title\"><span class=\"field-content\"><a style=\"color: #999999\" href=\"https:\/\/www.unc.edu.ar\/internacionales\/programa-escala-estudiantil-augm\"><strong>Programa Escala Estudiantil- AUGM <\/strong><\/a><br \/>\n<\/span><\/span>Fecha l\u00edmite de postulaci\u00f3n: Viernes 3 de octubre de 2025<\/span><\/li>\n<li class=\"views-row views-row-3\"><span style=\"color: #999999\"><strong><span class=\"views-field views-field-title\"><span class=\"field-content\"><a style=\"color: #999999\" href=\"https:\/\/www.unc.edu.ar\/internacionales\/programa-acad%C3%A9mico-de-movilidad-educativa-pame\">Programa Acad\u00e9mico de Mo<\/a><\/span><span class=\"field-content\"><a style=\"color: #999999\" href=\"https:\/\/www.unc.edu.ar\/internacionales\/programa-acad%C3%A9mico-de-movilidad-educativa-pame\">vilidad<\/a><\/span><span class=\"field-content\"><a style=\"color: #999999\" href=\"https:\/\/www.unc.edu.ar\/internacionales\/programa-acad%C3%A9mico-de-movilidad-educativa-pame\"> Educativa (PAME)<\/a><\/span><\/span><\/strong><\/span><br \/>\n<span style=\"color: #999999\">Fecha l\u00edmite de postulaci\u00f3n: Viernes 10 de octubre de 2025, a las 10:00 h (ARG)<br \/>\n<\/span><\/li>\n<li><span style=\"color: #999999\"><strong><a style=\"color: #999999\" href=\"https:\/\/www.unc.edu.ar\/internacionales\/programa-de-intercambio-academico-latinoamericano-pila\">Programa PILA Estudiantil<\/a><br \/>\n<\/strong>Fecha l\u00edmite de postulaci\u00f3n: <strong>lunes 27 de octubre de 2025<\/strong> a las 10:00 hs (Arg).<\/span><\/li>\n<\/ul>\n","protected":false},"excerpt":{"rendered":"<p>Convocatorias abiertas En el caso en que se requiera aval de la\u00a0PRII de la Facultad\u00a0para la postulaci\u00f3n,\u00a0 por favor\u00a0llenar el siguiente formulario. Estudiantes de grado\u00a0 \u00a0 \u00a0 \u00a0 \u00a0 \u00a0 \u00a0 \u00a0 \u00a0 \u00a0 \u00a0 \u00a0 \u00a0 \u00a0 \u00a0 \u00a0 \u00a0 \u00a0 \u00a0\u00a0 Programa de Movilidad Estudiantil UNC al Mundo (UNCM) Fecha l\u00edmite de postulaci\u00f3n:\u00a0\u00a0Mi\u00e9rcoles &hellip; <\/p>\n<p><a class=\"more-link btn\" href=\"https:\/\/ffyh.unc.edu.ar\/prii\/movilidad-estudiantes\/\">Seguir leyendo<\/a><\/p>\n","protected":false},"author":48,"featured_media":0,"parent":0,"menu_order":0,"comment_status":"closed","ping_status":"closed","template":"","meta":{"_acf_changed":false,"footnotes":""},"class_list":["post-396","page","type-page","status-publish","hentry","nodate","item-wrap"],"acf":[],"_links":{"self":[{"href":"https:\/\/ffyh.unc.edu.ar\/prii\/wp-json\/wp\/v2\/pages\/396","targetHints":{"allow":["GET"]}}],"collection":[{"href":"https:\/\/ffyh.unc.edu.ar\/prii\/wp-json\/wp\/v2\/pages"}],"about":[{"href":"https:\/\/ffyh.unc.edu.ar\/prii\/wp-json\/wp\/v2\/types\/page"}],"author":[{"embeddable":true,"href":"https:\/\/ffyh.unc.edu.ar\/prii\/wp-json\/wp\/v2\/users\/48"}],"replies":[{"embeddable":true,"href":"https:\/\/ffyh.unc.edu.ar\/prii\/wp-json\/wp\/v2\/comments?post=396"}],"version-history":[{"count":42,"href":"https:\/\/ffyh.unc.edu.ar\/prii\/wp-json\/wp\/v2\/pages\/396\/revisions"}],"predecessor-version":[{"id":704,"href":"https:\/\/ffyh.unc.edu.ar\/prii\/wp-json\/wp\/v2\/pages\/396\/revisions\/704"}],"wp:attachment":[{"href":"https:\/\/ffyh.unc.edu.ar\/prii\/wp-json\/wp\/v2\/media?parent=396"}],"curies":[{"name":"wp","href":"https:\/\/api.w.org\/{rel}","templated":true}]}}