{"id":400,"date":"2025-09-03T19:07:24","date_gmt":"2025-09-03T19:07:24","guid":{"rendered":"https:\/\/ffyh.unc.edu.ar\/prii\/?page_id=400"},"modified":"2025-09-03T19:07:24","modified_gmt":"2025-09-03T19:07:24","slug":"estancias-de-investigacion-en-la-ffyh","status":"publish","type":"page","link":"https:\/\/ffyh.unc.edu.ar\/prii\/estancias-de-investigacion-en-la-ffyh\/","title":{"rendered":"Estancias de investigaci\u00f3n en la FFyH"},"content":{"rendered":"<p><span style=\"font-weight: 400\">La Facultad de Filosof\u00eda y Humanidades invita a investigadores\/as externos que quieran realizar una estancia de investigaci\u00f3n en el \u00e1mbito de esta casa de estudios. <\/span><span style=\"font-weight: 400\">Al integrarse a nuestra comunidad educativa podr\u00e1n entablar v\u00ednculos y redes institucionales, con la posibilidad de conocer y participar en la oferta acad\u00e9mica de nuestra facultad.\u00a0<\/span><\/p>\n<p><span style=\"font-weight: 400\">Podr\u00e1n postularse para participar del programa aquellos\/as investigadores\/as externos\/as que cumplan con los siguientes requisitos:<\/span><\/p>\n<p style=\"padding-left: 40px\"><span style=\"font-weight: 400\">a) <strong>Ser docente-investigador\/a en otra Universidad<\/strong>, sea dentro del territorio nacional del pa\u00eds o del exterior;\u00a0<\/span><\/p>\n<p><span style=\"font-weight: 400\">o bien<\/span><\/p>\n<p style=\"padding-left: 40px\"><span style=\"font-weight: 400\">b) <strong>Ser alumno\/a de postgrado<\/strong> y estar realizando un trabajo de investigaci\u00f3n acreditado por la Universidad de origen.<br \/>\n<\/span><\/p>\n<p>Las estancias de investigaciones podr\u00e1n durar entre <strong>15 d\u00edas<\/strong> hasta <strong>6 meses<\/strong> (con posibilidad de extensi\u00f3n hasta un a\u00f1o si el plan de trabajo lo amerita).<\/p>\n<p><span style=\"font-weight: 400\">Una vez finalizado el per\u00edodo de la Estancia, el\/la investigador\/a visitante deber\u00e1 presentar ante la Prosecretar\u00eda de Relaciones Internacionales e Interinstitucionales un <strong>informe<\/strong> breve sobre las actividades realizadas, con<strong> firma en conformidad<\/strong> del\/la tutor\/a seleccionado. Al cumplir con estos requisitos, se le otorgar\u00e1 un certificado final emitido por esta Casa de Estudios.\u00a0<\/span><\/p>\n<p><span style=\"font-weight: 400\">Las postulaciones de los\/las candidatos\/as se realizar\u00e1n siguiendo<\/span><span style=\"color: #ff0000\"><a style=\"color: #ff0000\" href=\"https:\/\/ffyh.unc.edu.ar\/prii\/requisitos-para-estancias-de-investigacion\/\"> <span style=\"font-weight: 400\">los siguientes requisitos<\/span><\/a><\/span><span style=\"font-weight: 400\">.<\/span><\/p>\n<p><span style=\"font-weight: 400\">Ante cualquier duda, los interesados podr\u00e1n contactar a la Prosecretar\u00eda por los siguientes medios:\u00a0<\/span><\/p>\n<p><span style=\"color: #ff0000\"><b>Correo electr\u00f3nico: interfilo@ffyh.unc.edu.ar<\/b><\/span><\/p>\n","protected":false},"excerpt":{"rendered":"<p>La Facultad de Filosof\u00eda y Humanidades invita a investigadores\/as externos que quieran realizar una estancia de investigaci\u00f3n en el \u00e1mbito de esta casa de estudios. Al integrarse a nuestra comunidad educativa podr\u00e1n entablar v\u00ednculos y redes institucionales, con la posibilidad de conocer y participar en la oferta acad\u00e9mica de nuestra facultad.\u00a0 Podr\u00e1n postularse para participar &hellip; <\/p>\n<p><a class=\"more-link btn\" href=\"https:\/\/ffyh.unc.edu.ar\/prii\/estancias-de-investigacion-en-la-ffyh\/\">Seguir leyendo<\/a><\/p>\n","protected":false},"author":48,"featured_media":0,"parent":0,"menu_order":0,"comment_status":"closed","ping_status":"closed","template":"","meta":{"_acf_changed":false,"footnotes":""},"class_list":["post-400","page","type-page","status-publish","hentry","nodate","item-wrap"],"acf":[],"_links":{"self":[{"href":"https:\/\/ffyh.unc.edu.ar\/prii\/wp-json\/wp\/v2\/pages\/400","targetHints":{"allow":["GET"]}}],"collection":[{"href":"https:\/\/ffyh.unc.edu.ar\/prii\/wp-json\/wp\/v2\/pages"}],"about":[{"href":"https:\/\/ffyh.unc.edu.ar\/prii\/wp-json\/wp\/v2\/types\/page"}],"author":[{"embeddable":true,"href":"https:\/\/ffyh.unc.edu.ar\/prii\/wp-json\/wp\/v2\/users\/48"}],"replies":[{"embeddable":true,"href":"https:\/\/ffyh.unc.edu.ar\/prii\/wp-json\/wp\/v2\/comments?post=400"}],"version-history":[{"count":1,"href":"https:\/\/ffyh.unc.edu.ar\/prii\/wp-json\/wp\/v2\/pages\/400\/revisions"}],"predecessor-version":[{"id":401,"href":"https:\/\/ffyh.unc.edu.ar\/prii\/wp-json\/wp\/v2\/pages\/400\/revisions\/401"}],"wp:attachment":[{"href":"https:\/\/ffyh.unc.edu.ar\/prii\/wp-json\/wp\/v2\/media?parent=400"}],"curies":[{"name":"wp","href":"https:\/\/api.w.org\/{rel}","templated":true}]}}