{"id":424,"date":"2025-09-10T18:29:48","date_gmt":"2025-09-10T18:29:48","guid":{"rendered":"https:\/\/ffyh.unc.edu.ar\/prii\/?page_id=424"},"modified":"2026-03-03T16:43:49","modified_gmt":"2026-03-03T16:43:49","slug":"movilidad-docente","status":"publish","type":"page","link":"https:\/\/ffyh.unc.edu.ar\/prii\/movilidad-docente\/","title":{"rendered":"Movilidad Docente y Gestores"},"content":{"rendered":"<h3><span style=\"color: #bd0000\">Convocatorias abiertas<\/span><\/h3>\n<p>En el caso en que se requiera aval de la\u00a0<strong>PRII de la Facultad<\/strong>\u00a0para la postulaci\u00f3n,\u00a0 por favor\u00a0<span style=\"color: #ff0000\"><a style=\"color: #ff0000\" href=\"https:\/\/docs.google.com\/forms\/d\/e\/1FAIpQLScMpKkOrbJU1WvTw2-vqPzGjwOgOeh6YPmn9JLw9bALamK4Hw\/viewform?usp=header\">llenar el siguiente formulario.<\/a><\/span><\/p>\n<h4><span style=\"color: #000000\"><br \/>\nDocentes<\/span><\/h4>\n<ul>\n<li><span style=\"color: #800000\"><strong><span style=\"color: #800000\"><a style=\"color: #bd0000\" href=\"https:\/\/gestion.fundacioncarolina.es\/programas\/6573\"><img loading=\"lazy\" decoding=\"async\" class=\"an1\" src=\"https:\/\/fonts.gstatic.com\/s\/e\/notoemoji\/17.0\/1f50d\/32.png\" alt=\"\ud83d\udd0d\" width=\"23\" height=\"23\" data-emoji=\"\ud83d\udd0d\" aria-label=\"\ud83d\udd0d\" \/><\/a> <\/span>CONVOCATORIA \/ Profesor visitante del \u00c1rea de Lengua Espa\u00f1ola de la Facultad de Letras de la UFMG<\/strong><\/span><strong><br \/>\n<\/strong><span style=\"color: #000000\">Fecha l\u00edmite de presentaci\u00f3n: <strong>13 de marzo de 2026<\/strong><\/span><\/li>\n<\/ul>\n<h4><span style=\"color: #000000\">Gestores<\/span><\/h4>\n<p>&nbsp;<\/p>\n<p>&nbsp;<\/p>\n<hr \/>\n<h4><span style=\"color: #808080\">Convocatorias cerradas<\/span><\/h4>\n<p><span style=\"color: #999999\"><strong>Docentes<\/strong><\/span><\/p>\n<ul>\n<li><span style=\"color: #999999\"><a style=\"color: #999999\" href=\"https:\/\/www.unc.edu.ar\/internacionales\/programa-escala-docente-augm\"><strong>Programa Escala Docente &#8211; AUGM<\/strong><\/a><br \/>\n<\/span><a style=\"color: #999999\" href=\"https:\/\/www.unc.edu.ar\/internacionales\/programa-escala-docente-augm\">Fecha l\u00edmite de postulaci\u00f3n: <strong>15 de octubre<\/strong> de 2025<\/a><\/li>\n<li><span style=\"color: #999999\"><a style=\"color: #999999\" href=\"https:\/\/www.unc.edu.ar\/internacionales\/becas-de-movilidad-entre-universidades-andaluzas-e-iberoamericanas-auip\"><strong>Becas de Movilidad entre Universidades Andaluzas e Iberoamericanas (AUIP)<\/strong><\/a><\/span><br \/>\n<span style=\"color: #999999\"><a style=\"color: #999999\" href=\"https:\/\/www.unc.edu.ar\/internacionales\/programa-escala-docente-augm\">Fecha l\u00edmite de postulaci\u00f3n:<\/a><\/span><br \/>\n<span style=\"color: #999999\"><a style=\"color: #999999\" href=\"https:\/\/www.unc.edu.ar\/internacionales\/programa-escala-docente-augm\">Fecha de cierre en PRI para solicitar aval:\u00a0<b><strong>mi\u00e9rcoles 29 de octubre de 2025, 10 horas<\/strong><\/b><\/a><\/span><br \/>\n<span style=\"color: #999999\"><a style=\"color: #999999\" href=\"https:\/\/www.unc.edu.ar\/internacionales\/programa-escala-docente-augm\"><b><strong>Presentar documentaci\u00f3n mediante el siguiente <\/strong><\/b><\/a><b><strong><a style=\"color: #999999\" href=\"https:\/\/forms.gle\/xQWRVT8HE2LaogNN7\">Formulario<\/a><br \/>\n<\/strong><\/b><b><strong>Fecha de cierre AUIP:\u00a0<\/strong><\/b><b>hasta el\u00a0<\/b><b><strong>3 de noviembre de 2025<\/strong><\/b><b>\u00a0a las\u00a0<\/b><b><strong>23:59 horas\u00a0 Madrid<\/strong><\/b><\/span><\/li>\n<li><span style=\"color: #999999\"><strong><a style=\"color: #999999\" href=\"https:\/\/auip.org\/es\/becas-auip\/2982-becas-auip314\">Programa Magallanes de Movilidad Acad\u00e9mica Internacional \u2013 AUIP 2026<\/a><br \/>\n<\/strong><a style=\"color: #999999\" href=\"https:\/\/www.unc.edu.ar\/internacionales\/programa-escala-docente-augm\">Fecha l\u00edmite de postulaci\u00f3n: <\/a><\/span><br \/>\n<span style=\"color: #999999\"><strong>Primer plazo: <\/strong>Para estancias del 1 de febrero al 30 de junio de 2026.<br \/>\nFecha de cierre:\u00a0<strong>10 de noviembre de 2025.<br \/>\n<\/strong><strong>Segundo plazo:<\/strong> Para estancias del 1 de julio al 30 de noviembre de 2026.<br \/>\nFecha de cierre:\u00a0<strong>20 de abril de 2026<\/strong> (Solicitudes v\u00e1lidas a partir del 11 de noviembre de 2025).<\/span><\/li>\n<li><span style=\"color: #999999\"><strong><a style=\"color: #999999\" href=\"https:\/\/www.unc.edu.ar\/internacionales\/programa-pila-docente\">Programa PILA Docente<\/a><br \/>\n<\/strong>Fecha l\u00edmite de postulaci\u00f3n:\u00a0 <strong>5 de noviembre de 2025<\/strong><\/span><\/li>\n<\/ul>\n<p><span style=\"color: #999999\"><strong>Gestores<\/strong><\/span><\/p>\n<ul>\n<li><span style=\"color: #999999\"><a style=\"background-color: #ffffff;color: #999999\" href=\"https:\/\/www.unc.edu.ar\/internacionales\/programa-pila-gestores\"><strong>Programa PILA Gestores<\/strong><\/a><\/span><br \/>\n<span style=\"color: #999999\"><a style=\"color: #999999\" href=\"https:\/\/www.unc.edu.ar\/internacionales\/programa-escala-docente-augm\">Fecha l\u00edmite de postulaci\u00f3n: <b>lunes 27 de octubre de 2025<\/b><\/a>.<\/span><\/li>\n<li><span style=\"color: #999999\"><a style=\"color: #999999\" href=\"https:\/\/www.unc.edu.ar\/internacionales\/becas-de-movilidad-entre-universidades-andaluzas-e-iberoamericanas-auip\"><strong>Becas de Movilidad entre Universidades Andaluzas e Iberoamericanas (AUIP)<\/strong><\/a><\/span><br \/>\n<span style=\"color: #999999\"><a style=\"color: #999999\" href=\"https:\/\/www.unc.edu.ar\/internacionales\/programa-escala-docente-augm\">Fecha l\u00edmite de postulaci\u00f3n:<\/a><\/span><br \/>\n<span style=\"color: #999999\"><a style=\"color: #999999\" href=\"https:\/\/www.unc.edu.ar\/internacionales\/programa-escala-docente-augm\">Fecha de cierre en PRI para solicitar aval:\u00a0<b><strong>mi\u00e9rcoles 29 de octubre de 2025, 10 horas<\/strong><\/b><\/a><\/span><br \/>\n<span style=\"color: #999999\"><a style=\"color: #999999\" href=\"https:\/\/www.unc.edu.ar\/internacionales\/programa-escala-docente-augm\"><b><strong>Presentar documentaci\u00f3n mediante el siguiente\u00a0<\/strong><\/b><\/a><b><strong><a style=\"color: #999999\" href=\"https:\/\/forms.gle\/xQWRVT8HE2LaogNN7\">Formulario<\/a><br \/>\n<\/strong><\/b><b><strong>Fecha de cierre AUIP:\u00a0<\/strong><\/b><b>hasta el\u00a0<\/b><b><strong>3 de noviembre de 2025<\/strong><\/b><b>\u00a0a las\u00a0<\/b><b><strong>23:59 horas\u00a0 Madrid<\/strong><\/b><\/span><\/li>\n<li><span style=\"color: #999999\"><a style=\"color: #999999\" href=\"https:\/\/www.unc.edu.ar\/internacionales\/programa-escala-gestores-y-administradores-augm\"><strong>Programa Escala Gestores y Administradores &#8211; AUGM<\/strong><\/a><\/span><br \/>\n<span style=\"color: #999999\"><a style=\"color: #999999\" href=\"https:\/\/www.unc.edu.ar\/internacionales\/programa-escala-docente-augm\">Fecha l\u00edmite de postulaci\u00f3n:\u00a0<\/a><b>lunes 3 de noviembre de 2025 a las 13 hs.<\/b><\/span><\/li>\n<\/ul>\n<p><span style=\"color: #999999\"><strong>\u00a0<\/strong><\/span><\/p>\n","protected":false},"excerpt":{"rendered":"<p>Convocatorias abiertas En el caso en que se requiera aval de la\u00a0PRII de la Facultad\u00a0para la postulaci\u00f3n,\u00a0 por favor\u00a0llenar el siguiente formulario. Docentes CONVOCATORIA \/ Profesor visitante del \u00c1rea de Lengua Espa\u00f1ola de la Facultad de Letras de la UFMG Fecha l\u00edmite de presentaci\u00f3n: 13 de marzo de 2026 Gestores &nbsp; &nbsp; Convocatorias cerradas Docentes &hellip; <\/p>\n<p><a class=\"more-link btn\" href=\"https:\/\/ffyh.unc.edu.ar\/prii\/movilidad-docente\/\">Seguir leyendo<\/a><\/p>\n","protected":false},"author":48,"featured_media":0,"parent":0,"menu_order":0,"comment_status":"closed","ping_status":"closed","template":"","meta":{"_acf_changed":false,"footnotes":""},"class_list":["post-424","page","type-page","status-publish","hentry","nodate","item-wrap"],"acf":[],"_links":{"self":[{"href":"https:\/\/ffyh.unc.edu.ar\/prii\/wp-json\/wp\/v2\/pages\/424","targetHints":{"allow":["GET"]}}],"collection":[{"href":"https:\/\/ffyh.unc.edu.ar\/prii\/wp-json\/wp\/v2\/pages"}],"about":[{"href":"https:\/\/ffyh.unc.edu.ar\/prii\/wp-json\/wp\/v2\/types\/page"}],"author":[{"embeddable":true,"href":"https:\/\/ffyh.unc.edu.ar\/prii\/wp-json\/wp\/v2\/users\/48"}],"replies":[{"embeddable":true,"href":"https:\/\/ffyh.unc.edu.ar\/prii\/wp-json\/wp\/v2\/comments?post=424"}],"version-history":[{"count":26,"href":"https:\/\/ffyh.unc.edu.ar\/prii\/wp-json\/wp\/v2\/pages\/424\/revisions"}],"predecessor-version":[{"id":655,"href":"https:\/\/ffyh.unc.edu.ar\/prii\/wp-json\/wp\/v2\/pages\/424\/revisions\/655"}],"wp:attachment":[{"href":"https:\/\/ffyh.unc.edu.ar\/prii\/wp-json\/wp\/v2\/media?parent=424"}],"curies":[{"name":"wp","href":"https:\/\/api.w.org\/{rel}","templated":true}]}}