{"id":451,"date":"2025-09-24T17:32:05","date_gmt":"2025-09-24T17:32:05","guid":{"rendered":"https:\/\/ffyh.unc.edu.ar\/prii\/?page_id=451"},"modified":"2025-11-10T17:21:57","modified_gmt":"2025-11-10T17:21:57","slug":"internacionalizacion-de-la-ciencia","status":"publish","type":"page","link":"https:\/\/ffyh.unc.edu.ar\/prii\/internacionalizacion-de-la-ciencia\/","title":{"rendered":"Internacionalizaci\u00f3n de la ciencia"},"content":{"rendered":"<p><span style=\"font-weight: 400\"><img loading=\"lazy\" decoding=\"async\" class=\"alignnone size-medium wp-image-456\" src=\"http:\/\/ffyh.unc.edu.ar\/prii\/wp-content\/uploads\/sites\/45\/2025\/09\/Mesa-de-trabajo-4-3-300x106.jpg\" alt=\"\" width=\"300\" height=\"106\" srcset=\"https:\/\/ffyh.unc.edu.ar\/prii\/wp-content\/uploads\/sites\/45\/2025\/09\/Mesa-de-trabajo-4-3-300x106.jpg 300w, https:\/\/ffyh.unc.edu.ar\/prii\/wp-content\/uploads\/sites\/45\/2025\/09\/Mesa-de-trabajo-4-3-1024x362.jpg 1024w, https:\/\/ffyh.unc.edu.ar\/prii\/wp-content\/uploads\/sites\/45\/2025\/09\/Mesa-de-trabajo-4-3-768x272.jpg 768w, https:\/\/ffyh.unc.edu.ar\/prii\/wp-content\/uploads\/sites\/45\/2025\/09\/Mesa-de-trabajo-4-3-1536x543.jpg 1536w, https:\/\/ffyh.unc.edu.ar\/prii\/wp-content\/uploads\/sites\/45\/2025\/09\/Mesa-de-trabajo-4-3-2048x724.jpg 2048w, https:\/\/ffyh.unc.edu.ar\/prii\/wp-content\/uploads\/sites\/45\/2025\/09\/Mesa-de-trabajo-4-3-750x265.jpg 750w\" sizes=\"auto, (max-width: 300px) 100vw, 300px\" \/><\/span><\/p>\n<p>El \u00c1rea de Internacionalizaci\u00f3n de la Ciencia de la Facultad de Filosof\u00eda y Humanidades forma parte del <b><a href=\"https:\/\/www.unc.edu.ar\/internacionales\/programa-de-internacionalizacion-de-la-ciencia\">Programa de Internacionalizaci\u00f3n de la Ciencia de la UNC<\/a><\/b><b>,<\/b><span style=\"font-weight: 400\"> una iniciativa conjunta de la <a href=\"https:\/\/www.unc.edu.ar\/ciencia-y-tecnolog%C3%ADa\">Secretar\u00eda de Ciencia y Tecnolog\u00eda<\/a> y la<a href=\"https:\/\/www.unc.edu.ar\/internacionales\"> Prosecretar\u00eda de Relaciones Internacionales<\/a>.<br \/>\n<\/span><span style=\"font-weight: 400\">Su prop\u00f3sito es acompa\u00f1ar y fortalecer la proyecci\u00f3n internacional de las y los investigadores, ofreciendo asistencia t\u00e9cnica para la identificaci\u00f3n de convocatorias y socios, apoyo en el dise\u00f1o de proyectos, gesti\u00f3n de tr\u00e1mites institucionales y acompa\u00f1amiento en la firma de convenios y acuerdos.\u00a0<\/span><span style=\"font-weight: 400\"><br \/>\n<\/span><\/p>\n<p><span style=\"font-weight: 400\">Desde la FFyH se propone desarrollar un proyecto de internacionalizaci\u00f3n integral orientado al desarrollo internacional de la instituci\u00f3n, sus equipos, docentes e investigadores\/as. La propuesta busca atender las necesidades espec\u00edficas de nuestra comunidad y concebir la internacionalizaci\u00f3n no como un v\u00ednculo individual, sino como una estrategia para tejer y sostener lazos que nutren nuestro trabajo, ampliar los m\u00e1rgenes de producci\u00f3n de conocimiento y dar visibilidad a lo generado localmente en el \u00e1mbito internacional. En cada caso, se parte del reconocimiento del lugar que ocupa nuestra regi\u00f3n en el sistema mundial y la apuesta por la construcci\u00f3n de ciencia soberana.<\/span><\/p>\n<p>En este marco, se han desarrollado los <b><span style=\"color: #b50b0b\">Portafolios de Internacionalizaci\u00f3n de la Ciencia<\/span><\/b>, herramienta que re\u00fane informaci\u00f3n sobre proyectos y programas de investigaci\u00f3n, con el fin de identificar \u00e1reas de cooperaci\u00f3n cient\u00edfica, visibilizar los equipos de investigaci\u00f3n de la FFyH y promover el intercambio de conocimientos, la articulaci\u00f3n con redes internacionales y el acceso a oportunidades de financiamiento y apoyo.<\/p>\n<p><span style=\"color: #bd0f0f\"><b>Contactos:<\/b><\/span><b><br \/>\n<\/b><span style=\"font-weight: 400\"> \u2014 \u00c1rea de Internacionalizaci\u00f3n FFyH (si quer\u00e9s recibir informaci\u00f3n escribinos para sumarte al mailing)<br \/>\n\ud83d\udce7 internacionalizacion@ffyh.unc.edu.ar<\/p>\n<p><\/span><span style=\"font-weight: 400\">\u2014 Programa de Internacionalizaci\u00f3n de la Ciencia, PRI-UNC<br \/>\n<\/span><span style=\"font-weight: 400\"> \ud83d\udce7 ciencia.internacional@secyt.unc.edu.ar<\/span><\/p>\n","protected":false},"excerpt":{"rendered":"<p>El \u00c1rea de Internacionalizaci\u00f3n de la Ciencia de la Facultad de Filosof\u00eda y Humanidades forma parte del Programa de Internacionalizaci\u00f3n de la Ciencia de la UNC, una iniciativa conjunta de la Secretar\u00eda de Ciencia y Tecnolog\u00eda y la Prosecretar\u00eda de Relaciones Internacionales. Su prop\u00f3sito es acompa\u00f1ar y fortalecer la proyecci\u00f3n internacional de las y los &hellip; <\/p>\n<p><a class=\"more-link btn\" href=\"https:\/\/ffyh.unc.edu.ar\/prii\/internacionalizacion-de-la-ciencia\/\">Seguir leyendo<\/a><\/p>\n","protected":false},"author":48,"featured_media":0,"parent":0,"menu_order":0,"comment_status":"closed","ping_status":"closed","template":"","meta":{"_acf_changed":false,"footnotes":""},"class_list":["post-451","page","type-page","status-publish","hentry","nodate","item-wrap"],"acf":[],"_links":{"self":[{"href":"https:\/\/ffyh.unc.edu.ar\/prii\/wp-json\/wp\/v2\/pages\/451","targetHints":{"allow":["GET"]}}],"collection":[{"href":"https:\/\/ffyh.unc.edu.ar\/prii\/wp-json\/wp\/v2\/pages"}],"about":[{"href":"https:\/\/ffyh.unc.edu.ar\/prii\/wp-json\/wp\/v2\/types\/page"}],"author":[{"embeddable":true,"href":"https:\/\/ffyh.unc.edu.ar\/prii\/wp-json\/wp\/v2\/users\/48"}],"replies":[{"embeddable":true,"href":"https:\/\/ffyh.unc.edu.ar\/prii\/wp-json\/wp\/v2\/comments?post=451"}],"version-history":[{"count":8,"href":"https:\/\/ffyh.unc.edu.ar\/prii\/wp-json\/wp\/v2\/pages\/451\/revisions"}],"predecessor-version":[{"id":560,"href":"https:\/\/ffyh.unc.edu.ar\/prii\/wp-json\/wp\/v2\/pages\/451\/revisions\/560"}],"wp:attachment":[{"href":"https:\/\/ffyh.unc.edu.ar\/prii\/wp-json\/wp\/v2\/media?parent=451"}],"curies":[{"name":"wp","href":"https:\/\/api.w.org\/{rel}","templated":true}]}}