{"id":555,"date":"2025-11-10T17:16:46","date_gmt":"2025-11-10T17:16:46","guid":{"rendered":"https:\/\/ffyh.unc.edu.ar\/prii\/?page_id=555"},"modified":"2026-03-25T17:58:53","modified_gmt":"2026-03-25T17:58:53","slug":"convenios-co-tutelas","status":"publish","type":"page","link":"https:\/\/ffyh.unc.edu.ar\/prii\/convenios-co-tutelas\/","title":{"rendered":"Instructivos para la firma de convenios"},"content":{"rendered":"<h3><span style=\"font-weight: 400;color: #000000\">Convenios espec\u00edficos\u00a0<\/span><\/h3>\n<p>La Facultad de Filosof\u00eda y Humanidades (FFyH) puede <strong>suscribir acuerdos o convenios espec\u00edficos de cooperaci\u00f3n acad\u00e9mica con otras universidades o unidades acad\u00e9micas del extranjero<\/strong> (Ordenanza del HCS N.\u00ba 06\/2012). Los Convenios Espec\u00edficos pueden ser firmados por la Decana, en virtud de la delegaci\u00f3n establecida en la citada norma. No es requisito la existencia de un Convenio Marco previo entre universidades para formalizar un Convenio Espec\u00edfico.<\/p>\n<p><a href=\"http:\/\/ffyh.unc.edu.ar\/prii\/wp-content\/uploads\/sites\/45\/2026\/03\/Instructivos-para-la-firma-de-convenios-especificos-1.pdf\"><strong>\u2192 <\/strong>Instructivo para la firma de convenios espec\u00edficos<\/a><span style=\"font-weight: 400\"><br \/>\n<\/span><\/p>\n<h3><span style=\"font-weight: 400;color: #000000\">Convenios co-tutelas<\/span><\/h3>\n<p><span style=\"font-weight: 400\">La <\/span><b>cotutela de tesis doctoral<\/b><span style=\"font-weight: 400\"> es un r\u00e9gimen que permite al\/a la doctorando\/a realizar <\/span><b>una \u00fanica tesis doctoral<\/b><span style=\"font-weight: 400\">, bajo la supervisi\u00f3n conjunta de directores\/as pertenecientes a la <\/span><b>UNC<\/b><span style=\"font-weight: 400\"> y a <\/span><b>otra Instituci\u00f3n Universitaria contraparte<\/b><span style=\"font-weight: 400\">, con un \u00fanico acto de defensa y la obtenci\u00f3n de <\/span><b>dos t\u00edtulos de Doctor\/a<\/b><span style=\"font-weight: 400\">, uno por cada instituci\u00f3n participante.\u00a0 <\/span><i><span style=\"font-weight: 400\">(Ordenanza HCS 3\/22, art. 1)<\/span><\/i><i><span style=\"font-weight: 400\"><br \/>\n<\/span><\/i><span style=\"font-weight: 400\"><br \/>\n<a href=\"http:\/\/ffyh.unc.edu.ar\/prii\/wp-content\/uploads\/sites\/45\/2026\/03\/PROTOCOLO-COTUTELACION-1.pdf\"><strong>\u2192<\/strong> Intructivo para la firma de convenios co-tutela\u00a0<\/a><\/span><\/p>\n","protected":false},"excerpt":{"rendered":"<p>Convenios espec\u00edficos\u00a0 La Facultad de Filosof\u00eda y Humanidades (FFyH) puede suscribir acuerdos o convenios espec\u00edficos de cooperaci\u00f3n acad\u00e9mica con otras universidades o unidades acad\u00e9micas del extranjero (Ordenanza del HCS N.\u00ba 06\/2012). Los Convenios Espec\u00edficos pueden ser firmados por la Decana, en virtud de la delegaci\u00f3n establecida en la citada norma. No es requisito la existencia &hellip; <\/p>\n<p><a class=\"more-link btn\" href=\"https:\/\/ffyh.unc.edu.ar\/prii\/convenios-co-tutelas\/\">Seguir leyendo<\/a><\/p>\n","protected":false},"author":48,"featured_media":0,"parent":0,"menu_order":0,"comment_status":"closed","ping_status":"closed","template":"","meta":{"_acf_changed":false,"footnotes":""},"class_list":["post-555","page","type-page","status-publish","hentry","nodate","item-wrap"],"acf":[],"_links":{"self":[{"href":"https:\/\/ffyh.unc.edu.ar\/prii\/wp-json\/wp\/v2\/pages\/555","targetHints":{"allow":["GET"]}}],"collection":[{"href":"https:\/\/ffyh.unc.edu.ar\/prii\/wp-json\/wp\/v2\/pages"}],"about":[{"href":"https:\/\/ffyh.unc.edu.ar\/prii\/wp-json\/wp\/v2\/types\/page"}],"author":[{"embeddable":true,"href":"https:\/\/ffyh.unc.edu.ar\/prii\/wp-json\/wp\/v2\/users\/48"}],"replies":[{"embeddable":true,"href":"https:\/\/ffyh.unc.edu.ar\/prii\/wp-json\/wp\/v2\/comments?post=555"}],"version-history":[{"count":6,"href":"https:\/\/ffyh.unc.edu.ar\/prii\/wp-json\/wp\/v2\/pages\/555\/revisions"}],"predecessor-version":[{"id":682,"href":"https:\/\/ffyh.unc.edu.ar\/prii\/wp-json\/wp\/v2\/pages\/555\/revisions\/682"}],"wp:attachment":[{"href":"https:\/\/ffyh.unc.edu.ar\/prii\/wp-json\/wp\/v2\/media?parent=555"}],"curies":[{"name":"wp","href":"https:\/\/api.w.org\/{rel}","templated":true}]}}