{"id":665,"date":"2026-03-12T17:00:01","date_gmt":"2026-03-12T17:00:01","guid":{"rendered":"https:\/\/ffyh.unc.edu.ar\/prii\/?page_id=665"},"modified":"2026-03-12T17:24:29","modified_gmt":"2026-03-12T17:24:29","slug":"gacetillas-de-internacionalizacion","status":"publish","type":"page","link":"https:\/\/ffyh.unc.edu.ar\/prii\/gacetillas-de-internacionalizacion\/","title":{"rendered":"Gacetillas de internacionalizaci\u00f3n"},"content":{"rendered":"<p>Aqu\u00ed podr\u00e1n descargar las gacetillas de internacionalizaci\u00f3n de la ciencia que re\u00fanen convocatorias vigentes. En ellas encontrar\u00e1n oportunidades para movilidad de estudiantes de grado y posgrado (doctorado, maestr\u00edas y estancias de investigaci\u00f3n), movilidad docente, movilidad de gestores, as\u00ed como convocatorias para participaci\u00f3n en redes y proyectos de cooperaci\u00f3n, e investigaci\u00f3n. Tambi\u00e9n se difunden actividades acad\u00e9micas, tales como seminarios, congresos y cursos.<\/p>\n<p><strong>Para informaci\u00f3n diaria:\u00a0<\/strong><a href=\"https:\/\/www.unc.edu.ar\/internacionales\" target=\"_blank\" rel=\"noopener\" data-saferedirecturl=\"https:\/\/www.google.com\/url?q=https:\/\/www.unc.edu.ar\/internacionales&amp;source=gmail&amp;ust=1773420346452000&amp;usg=AOvVaw0q3agQL0HA2Vs5hRzDKjA5\">https:\/\/www.unc.edu.<wbr \/>ar\/internacionales<br \/>\n<\/a><strong>Comunidad de Whats de la PRI &#8211; UNC:<\/strong> <a href=\"https:\/\/chat.whatsapp.com\/GU2cwH4df2u5NjWmjigXV7\" target=\"_blank\" rel=\"noopener\" data-saferedirecturl=\"https:\/\/www.google.com\/url?q=https:\/\/chat.whatsapp.com\/GU2cwH4df2u5NjWmjigXV7&amp;source=gmail&amp;ust=1773420346452000&amp;usg=AOvVaw0qwP7I9_0eQKXnkcf5OyRr\">https:\/\/chat.whatsapp.<wbr \/>com\/GU2cwH4df2u5NjWmjigXV7<\/a><br \/>\n<strong>Mail de contacto del<\/strong> \u00c1rea de internacionalizaci\u00f3n de la ciencia \/ FFyH: internacionalizacion@ffyh.unc.edu.ar<\/p>\n<hr \/>\n<h3><span style=\"color: #d62020\"><strong>Gacetillas\u00a0<\/strong><\/span><\/h3>\n<ul>\n<li><a href=\"http:\/\/ffyh.unc.edu.ar\/prii\/wp-content\/uploads\/sites\/45\/2026\/03\/Gacetilla-Marzo-Segunda-edicion-2026.pdf\">Gacetilla de internacionalizaci\u00f3n Marzo 2026 \/ Segunda edici\u00f3n\u00a0<\/a><\/li>\n<li><a href=\"http:\/\/ffyh.unc.edu.ar\/prii\/wp-content\/uploads\/sites\/45\/2026\/03\/Gacetilla-Marzo-Primera-edicion-2026.pdf\">Gacetilla de internacionalizaci\u00f3n Marzo 2026 \/ Primera edici\u00f3n\u00a0<\/a><\/li>\n<li><a href=\"http:\/\/ffyh.unc.edu.ar\/prii\/wp-content\/uploads\/sites\/45\/2026\/03\/Gacetilla-Febrero-Segunda-edicion-2026.pdf\">Gacetilla de internacionalizaci\u00f3n Febrero 2026 \/ Segunda edici\u00f3n\u00a0<\/a><\/li>\n<li><a href=\"http:\/\/ffyh.unc.edu.ar\/prii\/wp-content\/uploads\/sites\/45\/2026\/03\/Gacetilla-Febrero-Primera-edicion-2026.pdf\">Gacetilla de internacionalizaci\u00f3n Febrero 2026 \/ Primera edici\u00f3n\u00a0<\/a><\/li>\n<\/ul>\n","protected":false},"excerpt":{"rendered":"<p>Aqu\u00ed podr\u00e1n descargar las gacetillas de internacionalizaci\u00f3n de la ciencia que re\u00fanen convocatorias vigentes. En ellas encontrar\u00e1n oportunidades para movilidad de estudiantes de grado y posgrado (doctorado, maestr\u00edas y estancias de investigaci\u00f3n), movilidad docente, movilidad de gestores, as\u00ed como convocatorias para participaci\u00f3n en redes y proyectos de cooperaci\u00f3n, e investigaci\u00f3n. Tambi\u00e9n se difunden actividades acad\u00e9micas, &hellip; <\/p>\n<p><a class=\"more-link btn\" href=\"https:\/\/ffyh.unc.edu.ar\/prii\/gacetillas-de-internacionalizacion\/\">Seguir leyendo<\/a><\/p>\n","protected":false},"author":48,"featured_media":0,"parent":0,"menu_order":0,"comment_status":"closed","ping_status":"closed","template":"","meta":{"_acf_changed":false,"footnotes":""},"class_list":["post-665","page","type-page","status-publish","hentry","nodate","item-wrap"],"acf":[],"_links":{"self":[{"href":"https:\/\/ffyh.unc.edu.ar\/prii\/wp-json\/wp\/v2\/pages\/665","targetHints":{"allow":["GET"]}}],"collection":[{"href":"https:\/\/ffyh.unc.edu.ar\/prii\/wp-json\/wp\/v2\/pages"}],"about":[{"href":"https:\/\/ffyh.unc.edu.ar\/prii\/wp-json\/wp\/v2\/types\/page"}],"author":[{"embeddable":true,"href":"https:\/\/ffyh.unc.edu.ar\/prii\/wp-json\/wp\/v2\/users\/48"}],"replies":[{"embeddable":true,"href":"https:\/\/ffyh.unc.edu.ar\/prii\/wp-json\/wp\/v2\/comments?post=665"}],"version-history":[{"count":4,"href":"https:\/\/ffyh.unc.edu.ar\/prii\/wp-json\/wp\/v2\/pages\/665\/revisions"}],"predecessor-version":[{"id":674,"href":"https:\/\/ffyh.unc.edu.ar\/prii\/wp-json\/wp\/v2\/pages\/665\/revisions\/674"}],"wp:attachment":[{"href":"https:\/\/ffyh.unc.edu.ar\/prii\/wp-json\/wp\/v2\/media?parent=665"}],"curies":[{"name":"wp","href":"https:\/\/api.w.org\/{rel}","templated":true}]}}