{"id":9,"date":"2023-02-15T14:36:22","date_gmt":"2023-02-15T14:36:22","guid":{"rendered":"https:\/\/ffyh.unc.edu.ar\/prii\/?page_id=9"},"modified":"2025-09-03T18:50:31","modified_gmt":"2025-09-03T18:50:31","slug":"funciones","status":"publish","type":"page","link":"https:\/\/ffyh.unc.edu.ar\/prii\/funciones\/","title":{"rendered":"Institucional"},"content":{"rendered":"<h3><span style=\"color: #d40202\"><strong>Autoridades<\/strong><\/span><\/h3>\n<h4><strong>Carolina Ricci\u00a0<\/strong><\/h4>\n<p>Prosecretaria de Relaciones Internacionales e Interinstitucionales<\/p>\n<hr \/>\n<h3><span style=\"color: #d40202\">Funciones<\/span><\/h3>\n<p>Uno de los objetivos primordiales de la Facultad de Filosof\u00eda y Humanidades a trav\u00e9s de su Prosecretar\u00eda de Relaciones internacionales e interinstitucionales es la cooperaci\u00f3n internacional, regional y local.<\/p>\n<p>Desde esta \u00e1rea se realizan diversas actividades que pueden sintetizarse en: Programas, Convenios, Promoci\u00f3n de Becas y Programas de movilidad para docentes, no docentes,\u00a0 estudiantes de grado y posgrado. Adem\u00e1s, se gestionan acuerdos bilaterales entre la UNC y diferentes universidades del mundo, con el objetivo favorecer acciones acad\u00e9micas conjuntas que optimicen el desarrollo de la labor universitaria y favorezcan el intercambio de docentes y estudiantes en diferentes etapas de la formaci\u00f3n acad\u00e9mica.<\/p>\n<p>Por otra parte, lo referido a las relaciones interinstitucionales de nuestra Facultad apuntan a la realizaci\u00f3n de convenios de pr\u00e1cticas prepofesionales supervisadas que realizan nuestros estudiantes como parte de su trayectoria de grado en distintas instituciones de nuestra Provinicia, como as\u00ed tambi\u00e9n convenios de cooperaci\u00f3n acad\u00e9mica, social y pol\u00edtica con organizaciones sociales,\u00a0 organismos de Derechos Humanos, entre otras instituciones.<\/p>\n<hr \/>\n<h3><span style=\"color: #d40202\">Contacto<\/span><\/h3>\n<p>Correo electr\u00f3nico:\u00a0<span style=\"color: #800080\"><a style=\"color: #800080\" href=\"mailto:interfilo@ffyh.unc.edu.ar\">interfilo@ffyh.unc.edu.ar<\/a><\/span><\/p>\n<p>Horario de atenci\u00f3n al p\u00fablico:<\/p>\n<p>Martes 15hs a 18hs<br \/>\nMi\u00e9rcoles 10hs a 13hs<\/p>\n<p>Pabell\u00f3n Residencial, Planta baja, Ciudad Universitaria.<br \/>\nTel\u00e9fono: 0351-5353610 int 50045.<\/p>\n","protected":false},"excerpt":{"rendered":"<p>Autoridades Carolina Ricci\u00a0 Prosecretaria de Relaciones Internacionales e Interinstitucionales Funciones Uno de los objetivos primordiales de la Facultad de Filosof\u00eda y Humanidades a trav\u00e9s de su Prosecretar\u00eda de Relaciones internacionales e interinstitucionales es la cooperaci\u00f3n internacional, regional y local. Desde esta \u00e1rea se realizan diversas actividades que pueden sintetizarse en: Programas, Convenios, Promoci\u00f3n de Becas &hellip; <\/p>\n<p><a class=\"more-link btn\" href=\"https:\/\/ffyh.unc.edu.ar\/prii\/funciones\/\">Seguir leyendo<\/a><\/p>\n","protected":false},"author":1,"featured_media":0,"parent":0,"menu_order":0,"comment_status":"closed","ping_status":"closed","template":"","meta":{"_acf_changed":false,"footnotes":""},"class_list":["post-9","page","type-page","status-publish","hentry","nodate","item-wrap"],"acf":[],"_links":{"self":[{"href":"https:\/\/ffyh.unc.edu.ar\/prii\/wp-json\/wp\/v2\/pages\/9","targetHints":{"allow":["GET"]}}],"collection":[{"href":"https:\/\/ffyh.unc.edu.ar\/prii\/wp-json\/wp\/v2\/pages"}],"about":[{"href":"https:\/\/ffyh.unc.edu.ar\/prii\/wp-json\/wp\/v2\/types\/page"}],"author":[{"embeddable":true,"href":"https:\/\/ffyh.unc.edu.ar\/prii\/wp-json\/wp\/v2\/users\/1"}],"replies":[{"embeddable":true,"href":"https:\/\/ffyh.unc.edu.ar\/prii\/wp-json\/wp\/v2\/comments?post=9"}],"version-history":[{"count":6,"href":"https:\/\/ffyh.unc.edu.ar\/prii\/wp-json\/wp\/v2\/pages\/9\/revisions"}],"predecessor-version":[{"id":395,"href":"https:\/\/ffyh.unc.edu.ar\/prii\/wp-json\/wp\/v2\/pages\/9\/revisions\/395"}],"wp:attachment":[{"href":"https:\/\/ffyh.unc.edu.ar\/prii\/wp-json\/wp\/v2\/media?parent=9"}],"curies":[{"name":"wp","href":"https:\/\/api.w.org\/{rel}","templated":true}]}}