{"id":10,"date":"2011-06-28T17:27:12","date_gmt":"2011-06-28T17:27:12","guid":{"rendered":"http:\/\/www.ffyh.unc.edu.ar\/programas\/propale\/?page_id=10"},"modified":"2011-06-28T17:27:12","modified_gmt":"2011-06-28T17:27:12","slug":"intervencion","status":"publish","type":"page","link":"https:\/\/ffyh.unc.edu.ar\/propale\/intervencion\/","title":{"rendered":"Intervenci\u00f3n"},"content":{"rendered":"<h2 style=\"text-align: center\"><strong><span style=\"font-family: Times New Roman\">Campa\u00f1a de lectura: Diablos y Mariposas<\/span><\/strong><\/h2>\n<p><strong><\/strong><a href=\"http:\/\/ffyh.unc.edu.ar\/propale\/wp-content\/uploads\/sites\/21\/2011\/06\/6.jpg\"><img loading=\"lazy\" decoding=\"async\" class=\"aligncenter size-thumbnail wp-image-134\" title=\"6\" src=\"http:\/\/ffyh.unc.edu.ar\/propale\/wp-content\/uploads\/sites\/21\/2011\/06\/6-150x150.jpg\" alt=\"\" width=\"215\" height=\"215\" srcset=\"https:\/\/ffyh.unc.edu.ar\/propale\/wp-content\/uploads\/sites\/21\/2011\/06\/6-150x150.jpg 150w, https:\/\/ffyh.unc.edu.ar\/propale\/wp-content\/uploads\/sites\/21\/2011\/06\/6-100x100.jpg 100w\" sizes=\"auto, (max-width: 215px) 85vw, 215px\" \/><\/a><\/p>\n<div style=\"text-align: justify\"><span style=\"font-family: Times New Roman\">Esta campa\u00f1a tiene como objetivo la animaci\u00f3n a la lectura con la obra de Laura Devetach, surge con el Doctorado Honoris Causa que le otorg\u00f3 la UNC en 2008. <\/span><\/div>\n<div style=\"text-align: justify\"><span style=\"font-family: Times New Roman\">Se desarrolla a partir de la utilizaci\u00f3n del dispositivo de un afiche, c\u00f3modo y f\u00e1cil de instalar en todos lados.<\/span><\/div>\n<div style=\"text-align: justify\"><span style=\"font-family: Times New Roman\">A trav\u00e9s de diferentes actividades, tales como un banquete o una sencilla exposici\u00f3n de libros de Laura Devetach disponibles.<\/span><\/div>\n<div style=\"text-align: justify\"><span style=\"font-family: Times New Roman\">La obra de Laura es extens\u00edsima trabajarla, desde un simple juego con los aviones de papel hasta una playa llenas de monigotes, pasando por un campo llenos de hormigas que cantan.<\/span><\/div>\n<div style=\"text-align: justify\"><span style=\"font-family: Times New Roman\">Lo que cada uno pueda hacer con la obra es de acuerdo a la disposici\u00f3n de libros y espacios, pero s\u00f3lo necesitamos un poco de imaginaci\u00f3n y muchas ganas de jugar.<\/span><\/div>\n<div style=\"text-align: justify\"><span style=\"font-family: Times New Roman\">Espero que se entusiasmen y participen, as\u00ed en muchos espacios compartiremos este placer por la lectura y la magia de los cuentos y poemas que Laura nos regala hace mucho tiempo. El blog de la campa\u00f1a permite comunicarnos y replicar nuestras acciones: http:\/\/blogs.ffyh.unc.edu.ar\/diablosymariposas\/<\/span><\/div>\n<div style=\"text-align: justify\"><\/div>\n<div style=\"text-align: justify\">\n<div><span style=\"font-family: Times New Roman\"><a href=\"http:\/\/ffyh.unc.edu.ar\/propale\/wp-content\/uploads\/sites\/21\/2011\/06\/publicaciones-diablos-mariposas.jpg\"><img loading=\"lazy\" decoding=\"async\" class=\"aligncenter size-thumbnail wp-image-56\" title=\"Afiche de la Campa\u00f1a Diablos y Mariposas\" src=\"http:\/\/ffyh.unc.edu.ar\/propale\/wp-content\/uploads\/sites\/21\/2011\/06\/publicaciones-diablos-mariposas-150x150.jpg\" alt=\"\" width=\"165\" height=\"165\" srcset=\"https:\/\/ffyh.unc.edu.ar\/propale\/wp-content\/uploads\/sites\/21\/2011\/06\/publicaciones-diablos-mariposas-150x150.jpg 150w, https:\/\/ffyh.unc.edu.ar\/propale\/wp-content\/uploads\/sites\/21\/2011\/06\/publicaciones-diablos-mariposas-100x100.jpg 100w\" sizes=\"auto, (max-width: 165px) 85vw, 165px\" \/><\/a><\/span><\/div>\n<div><\/div>\n<\/div>\n<div><span style=\"font-family: Times New Roman\">\u00a0<\/span><\/div>\n<h2 style=\"text-align: center\">\u00a0<strong><span style=\"font-family: Times New Roman\">Salto de Rayuela en Villa Corn\u00fa: <\/span><\/strong><\/h2>\n<div style=\"text-align: justify\"><span style=\"font-family: Times New Roman\">Espacios para la expresi\u00f3n y canalizaci\u00f3n de vivencias de ni\u00f1os y ni\u00f1as desde la animaci\u00f3n a la lectura y la producci\u00f3n de textos, mediante dispositivos l\u00fadicos y audiovisuales. Con subsidio de la SEU \u00a0(2010-2011) para el Centro Comunitario <em>El vag\u00f3n<\/em>, de Villa Corn\u00fa, en colaboraci\u00f3n con la c\u00e1tedra de Psicolog\u00eda Social de la UNC. \u00a0El centro comunitario \u201cEl vag\u00f3n\u201d est\u00e1 ubicado en el l\u00edmite del ejido urbano de la ciudad y con una poblaci\u00f3n amplia de familias de escasos recursos econ\u00f3micos y carencias de actividades culturales o art\u00edsticas.<\/span><\/div>\n<div style=\"text-align: justify\"><span style=\"font-family: Times New Roman\">\u00a0<\/span><\/div>\n<div style=\"text-align: justify\"><span style=\"font-family: Times New Roman\">Otras acciones de intervenci\u00f3n: <\/span><\/div>\n<div style=\"text-align: justify\"><span style=\"font-family: Times New Roman\">Como proyecto marco y aportando la direcci\u00f3n docente de una beca tipo A de la Lic. Julia Duelli: \u00abAtahualpa Yupanqui con los ni\u00f1os: Formaci\u00f3n de lectores y mediadores culturales en escuelas rurales del norte Cordob\u00e9s\u00bb. en colaboraci\u00f3n con CEDILIJ, el Aula Abierta de Monta\u00f1a\u00a0 de la UNC \u00a0y el grupo de titiriteros \u201cEl escondite\u201d (2009). <\/span><\/div>\n<div style=\"text-align: justify\"><span style=\"font-family: Times New Roman\">Ver especial Multimedia en Alfilo: http:\/\/www.ffyh.unc.edu.ar\/alfilo\/yupanqui\/<\/span><\/div>\n<div><span style=\"font-family: Times New Roman\">\u00a0<\/span><\/div>\n<div><span style=\"font-family: Times New Roman\">\u00a0<\/span><\/div>\n<div style=\"text-align: justify\"><span style=\"font-family: Times New Roman\">\u00a0<\/span><\/div>\n<h1 style=\"text-align: center\"><span style=\"font-family: Times New Roman\">Estudio <\/span><\/h1>\n<h5 style=\"text-align: justify\"><span style=\"font-family: Times New Roman\">Solicitado por la Fundaci\u00f3n Juan Minetti, en 2006-2007 para observar proyectos de su programa \u201cEducaci\u00f3n Temprana\u201d con incidencia en temas de promoci\u00f3n de la lectura y literatura infantil. Se evaluaron los proyectos presentados en dicho Programa, a fin de poner en evidencia preconceptos, lugares comunes y saberes que fundaban los proyectos orientados a esa tem\u00e1tica.<\/span><\/h5>\n<div style=\"text-align: justify\"><span style=\"font-family: Times New Roman\">Direcci\u00f3n de Susana G\u00f3mez. Investigadoras: Lic. Susana Allori, Esp. Mar\u00eda Florencia Ortiz. \u00a0Secretar\u00eda y organizaci\u00f3n de datos Lic. Julia Duelli.<\/span><\/div>\n","protected":false},"excerpt":{"rendered":"<p>Campa\u00f1a de lectura: Diablos y Mariposas Esta campa\u00f1a tiene como objetivo la animaci\u00f3n a la lectura con la obra de Laura Devetach, surge con el Doctorado Honoris Causa que le otorg\u00f3 la UNC en 2008. Se desarrolla a partir de la utilizaci\u00f3n del dispositivo de un afiche, c\u00f3modo y f\u00e1cil de instalar en todos lados. &hellip; <a href=\"https:\/\/ffyh.unc.edu.ar\/propale\/intervencion\/\" class=\"more-link\">Continuar leyendo<span class=\"screen-reader-text\"> \u00abIntervenci\u00f3n\u00bb<\/span><\/a><\/p>\n","protected":false},"author":1,"featured_media":0,"parent":0,"menu_order":3,"comment_status":"open","ping_status":"closed","template":"","meta":{"_acf_changed":false,"footnotes":""},"class_list":["post-10","page","type-page","status-publish","hentry"],"acf":[],"_links":{"self":[{"href":"https:\/\/ffyh.unc.edu.ar\/propale\/wp-json\/wp\/v2\/pages\/10","targetHints":{"allow":["GET"]}}],"collection":[{"href":"https:\/\/ffyh.unc.edu.ar\/propale\/wp-json\/wp\/v2\/pages"}],"about":[{"href":"https:\/\/ffyh.unc.edu.ar\/propale\/wp-json\/wp\/v2\/types\/page"}],"author":[{"embeddable":true,"href":"https:\/\/ffyh.unc.edu.ar\/propale\/wp-json\/wp\/v2\/users\/1"}],"replies":[{"embeddable":true,"href":"https:\/\/ffyh.unc.edu.ar\/propale\/wp-json\/wp\/v2\/comments?post=10"}],"version-history":[{"count":0,"href":"https:\/\/ffyh.unc.edu.ar\/propale\/wp-json\/wp\/v2\/pages\/10\/revisions"}],"wp:attachment":[{"href":"https:\/\/ffyh.unc.edu.ar\/propale\/wp-json\/wp\/v2\/media?parent=10"}],"curies":[{"name":"wp","href":"https:\/\/api.w.org\/{rel}","templated":true}]}}