{"id":105,"date":"2011-10-06T03:27:38","date_gmt":"2011-10-06T03:27:38","guid":{"rendered":"http:\/\/www.ffyh.unc.edu.ar\/programas\/propale\/?page_id=105"},"modified":"2011-10-06T03:27:38","modified_gmt":"2011-10-06T03:27:38","slug":"tallleres","status":"publish","type":"page","link":"https:\/\/ffyh.unc.edu.ar\/propale\/tallleres\/","title":{"rendered":"\u00abCort\u00e1zar Total\u00bb"},"content":{"rendered":"<h1 style=\"text-align: center\">\u00a0Cort\u00e1zar Total para agosto de 2014<\/h1>\n<p><a href=\"http:\/\/ffyh.unc.edu.ar\/propale\/wp-content\/uploads\/sites\/21\/2013\/10\/preguntario.jpg\"><img loading=\"lazy\" decoding=\"async\" class=\"aligncenter  wp-image-273\" src=\"http:\/\/ffyh.unc.edu.ar\/propale\/wp-content\/uploads\/sites\/21\/2013\/10\/preguntario.jpg\" alt=\"preguntario\" width=\"338\" height=\"229\" \/><\/a>Invitamos a las personas que viven en C\u00f3rdoba o en la Provincia, para asistir desde el <span style=\"color: #800080\">11 al 15 de agosto a la semana dedicada a Cort\u00e1zar.<\/span><\/p>\n<p>Se podr\u00e1 traer a las escuelas secundarias y a grupos de talleres literarios o cursos de Institutos de Formaci\u00f3n Docente.<\/p>\n<p>Habr\u00e1 pel\u00edculas, animaci\u00f3n a la lectura, una muestra y actividades sin fin&#8230;.<\/p>\n<p>Est\u00e9n alertas a las novedades.<\/p>\n","protected":false},"excerpt":{"rendered":"<p>\u00a0Cort\u00e1zar Total para agosto de 2014 Invitamos a las personas que viven en C\u00f3rdoba o en la Provincia, para asistir desde el 11 al 15 de agosto a la semana dedicada a Cort\u00e1zar. Se podr\u00e1 traer a las escuelas secundarias y a grupos de talleres literarios o cursos de Institutos de Formaci\u00f3n Docente. Habr\u00e1 pel\u00edculas, &hellip; <a href=\"https:\/\/ffyh.unc.edu.ar\/propale\/tallleres\/\" class=\"more-link\">Continuar leyendo<span class=\"screen-reader-text\"> \u00ab\u00abCort\u00e1zar Total\u00bb\u00bb<\/span><\/a><\/p>\n","protected":false},"author":19,"featured_media":0,"parent":0,"menu_order":0,"comment_status":"open","ping_status":"open","template":"","meta":{"_acf_changed":false,"footnotes":""},"class_list":["post-105","page","type-page","status-publish","hentry"],"acf":[],"_links":{"self":[{"href":"https:\/\/ffyh.unc.edu.ar\/propale\/wp-json\/wp\/v2\/pages\/105","targetHints":{"allow":["GET"]}}],"collection":[{"href":"https:\/\/ffyh.unc.edu.ar\/propale\/wp-json\/wp\/v2\/pages"}],"about":[{"href":"https:\/\/ffyh.unc.edu.ar\/propale\/wp-json\/wp\/v2\/types\/page"}],"author":[{"embeddable":true,"href":"https:\/\/ffyh.unc.edu.ar\/propale\/wp-json\/wp\/v2\/users\/19"}],"replies":[{"embeddable":true,"href":"https:\/\/ffyh.unc.edu.ar\/propale\/wp-json\/wp\/v2\/comments?post=105"}],"version-history":[{"count":0,"href":"https:\/\/ffyh.unc.edu.ar\/propale\/wp-json\/wp\/v2\/pages\/105\/revisions"}],"wp:attachment":[{"href":"https:\/\/ffyh.unc.edu.ar\/propale\/wp-json\/wp\/v2\/media?parent=105"}],"curies":[{"name":"wp","href":"https:\/\/api.w.org\/{rel}","templated":true}]}}