{"id":205,"date":"2012-10-31T20:12:32","date_gmt":"2012-10-31T20:12:32","guid":{"rendered":"http:\/\/www.ffyh.unc.edu.ar\/programas\/propale\/?page_id=205"},"modified":"2012-10-31T20:12:32","modified_gmt":"2012-10-31T20:12:32","slug":"calendario-de-festejos","status":"publish","type":"page","link":"https:\/\/ffyh.unc.edu.ar\/propale\/calendario-de-festejos\/","title":{"rendered":"Actividades 2014"},"content":{"rendered":"<p><span style=\"color: #ff6600\"><a href=\"http:\/\/ffyh.unc.edu.ar\/propale\/wp-content\/uploads\/sites\/21\/2012\/10\/libros-oto\u00f1o.jpg\"><img loading=\"lazy\" decoding=\"async\" class=\"aligncenter  wp-image-283\" alt=\"libros oto\u00f1o\" src=\"http:\/\/ffyh.unc.edu.ar\/propale\/wp-content\/uploads\/sites\/21\/2012\/10\/libros-oto\u00f1o.jpg\" width=\"393\" height=\"362\" srcset=\"https:\/\/ffyh.unc.edu.ar\/propale\/wp-content\/uploads\/sites\/21\/2012\/10\/libros-oto\u00f1o.jpg 600w, https:\/\/ffyh.unc.edu.ar\/propale\/wp-content\/uploads\/sites\/21\/2012\/10\/libros-oto\u00f1o-300x277.jpg 300w\" sizes=\"auto, (max-width: 393px) 85vw, 393px\" \/><\/a>Animaci\u00f3n a la lectura:<\/span><\/p>\n<ul>\n<li>Seminario A distancia en promoci\u00f3n de la lectura: Comienza a fin de mayo.<\/li>\n<li>Curso: \u00abAnimar a leer literatura en la sala de nivel inicial y en primaria\u00bb: Comienza el 10 de mayo.<\/li>\n<li>\u00abCort\u00e1zar Total\u00bb: 11 al 15 de agosto. Actividades abiertas a la comunidad y taller para docentes de nivel medio. FFyH-UNC.<\/li>\n<\/ul>\n<p><span style=\"color: #ff6600\">Difusi\u00f3n:\u00a0<\/span><\/p>\n<ul>\n<li>El Fondo Malicha est\u00e1 abierto a consultas en la Biblioteca de la FFyH-UNC.<\/li>\n<li>\u00abJunio Malichero\u00bb: actividades abiertas a la comunidad (en preparaci\u00f3n).<\/li>\n<\/ul>\n<p><span style=\"color: #ff6600\">Proyectos institucionales<\/span>:<\/p>\n<ul>\n<li>Del relato al libro objeto: Actividad de formaci\u00f3n para estudiantes de Dise\u00f1o Industrial y Psicolog\u00eda (Facultades de Psicolog\u00eda y de Arquitectura, Dise\u00f1o y Urbanismo): mayo a septiembre.<\/li>\n<\/ul>\n<p>&nbsp;<\/p>\n<p>&nbsp;<\/p>\n<p>&nbsp;<\/p>\n","protected":false},"excerpt":{"rendered":"<p>Animaci\u00f3n a la lectura: Seminario A distancia en promoci\u00f3n de la lectura: Comienza a fin de mayo. Curso: \u00abAnimar a leer literatura en la sala de nivel inicial y en primaria\u00bb: Comienza el 10 de mayo. \u00abCort\u00e1zar Total\u00bb: 11 al 15 de agosto. Actividades abiertas a la comunidad y taller para docentes de nivel medio. &hellip; <a href=\"https:\/\/ffyh.unc.edu.ar\/propale\/calendario-de-festejos\/\" class=\"more-link\">Continuar leyendo<span class=\"screen-reader-text\"> \u00abActividades 2014\u00bb<\/span><\/a><\/p>\n","protected":false},"author":19,"featured_media":0,"parent":0,"menu_order":0,"comment_status":"open","ping_status":"open","template":"","meta":{"_acf_changed":false,"footnotes":""},"class_list":["post-205","page","type-page","status-publish","hentry"],"acf":[],"_links":{"self":[{"href":"https:\/\/ffyh.unc.edu.ar\/propale\/wp-json\/wp\/v2\/pages\/205","targetHints":{"allow":["GET"]}}],"collection":[{"href":"https:\/\/ffyh.unc.edu.ar\/propale\/wp-json\/wp\/v2\/pages"}],"about":[{"href":"https:\/\/ffyh.unc.edu.ar\/propale\/wp-json\/wp\/v2\/types\/page"}],"author":[{"embeddable":true,"href":"https:\/\/ffyh.unc.edu.ar\/propale\/wp-json\/wp\/v2\/users\/19"}],"replies":[{"embeddable":true,"href":"https:\/\/ffyh.unc.edu.ar\/propale\/wp-json\/wp\/v2\/comments?post=205"}],"version-history":[{"count":0,"href":"https:\/\/ffyh.unc.edu.ar\/propale\/wp-json\/wp\/v2\/pages\/205\/revisions"}],"wp:attachment":[{"href":"https:\/\/ffyh.unc.edu.ar\/propale\/wp-json\/wp\/v2\/media?parent=205"}],"curies":[{"name":"wp","href":"https:\/\/api.w.org\/{rel}","templated":true}]}}