{"id":228,"date":"2011-06-28T17:26:32","date_gmt":"2011-06-28T17:26:32","guid":{"rendered":"http:\/\/www.ffyh.unc.edu.ar\/programas\/propale\/?page_id=6"},"modified":"2011-06-28T17:26:32","modified_gmt":"2011-06-28T17:26:32","slug":"formacion","status":"publish","type":"page","link":"https:\/\/ffyh.unc.edu.ar\/propale\/formacion\/","title":{"rendered":"Formaci\u00f3n"},"content":{"rendered":"<h1><span style=\"color: #0000ff\"><strong>Capacitamos<\/strong><\/span><\/h1>\n<ul>\n<li>En Promoci\u00f3n y Animaci\u00f3n a la Lectura<\/li>\n<li>En Literatura Infantil y Juvenil<\/li>\n<li>En proyectos de promoci\u00f3n de la lectura en entornos comunitarios.<\/li>\n<\/ul>\n<p>Nuestras acciones:<\/p>\n<p>-Plan de Formaci\u00f3n a Distancia ( abre inscripciones en noviembre)<\/p>\n<p>-Talleres Intensivos<\/p>\n<p>-Capacitaciones especiales por convocatorias de la UNC<\/p>\n<p>&nbsp;<\/p>\n<p>&nbsp;<\/p>\n<div><a href=\"http:\/\/ffyh.unc.edu.ar\/propale\/wp-content\/uploads\/sites\/21\/2011\/06\/thumbnail.jpg\"><br \/>\n<\/a><\/div>\n","protected":false},"excerpt":{"rendered":"<p>Capacitamos En Promoci\u00f3n y Animaci\u00f3n a la Lectura En Literatura Infantil y Juvenil En proyectos de promoci\u00f3n de la lectura en entornos comunitarios. Nuestras acciones: -Plan de Formaci\u00f3n a Distancia ( abre inscripciones en noviembre) -Talleres Intensivos -Capacitaciones especiales por convocatorias de la UNC &nbsp; &nbsp;<\/p>\n","protected":false},"author":1,"featured_media":0,"parent":0,"menu_order":1,"comment_status":"open","ping_status":"closed","template":"","meta":{"_acf_changed":false,"footnotes":""},"class_list":["post-228","page","type-page","status-publish","hentry"],"acf":[],"_links":{"self":[{"href":"https:\/\/ffyh.unc.edu.ar\/propale\/wp-json\/wp\/v2\/pages\/228","targetHints":{"allow":["GET"]}}],"collection":[{"href":"https:\/\/ffyh.unc.edu.ar\/propale\/wp-json\/wp\/v2\/pages"}],"about":[{"href":"https:\/\/ffyh.unc.edu.ar\/propale\/wp-json\/wp\/v2\/types\/page"}],"author":[{"embeddable":true,"href":"https:\/\/ffyh.unc.edu.ar\/propale\/wp-json\/wp\/v2\/users\/1"}],"replies":[{"embeddable":true,"href":"https:\/\/ffyh.unc.edu.ar\/propale\/wp-json\/wp\/v2\/comments?post=228"}],"version-history":[{"count":0,"href":"https:\/\/ffyh.unc.edu.ar\/propale\/wp-json\/wp\/v2\/pages\/228\/revisions"}],"wp:attachment":[{"href":"https:\/\/ffyh.unc.edu.ar\/propale\/wp-json\/wp\/v2\/media?parent=228"}],"curies":[{"name":"wp","href":"https:\/\/api.w.org\/{rel}","templated":true}]}}