{"id":8,"date":"2011-06-28T17:26:44","date_gmt":"2011-06-28T17:26:44","guid":{"rendered":"http:\/\/www.ffyh.unc.edu.ar\/programas\/propale\/?page_id=8"},"modified":"2011-06-28T17:26:44","modified_gmt":"2011-06-28T17:26:44","slug":"difusion","status":"publish","type":"page","link":"https:\/\/ffyh.unc.edu.ar\/propale\/difusion\/","title":{"rendered":"Difusi\u00f3n"},"content":{"rendered":"<h3 style=\"text-align: center\"><strong>Fondo Malicha Leguizam\u00f3n de Literatura infantil y juvenil.<\/strong><\/h3>\n<p><a href=\"http:\/\/ffyh.unc.edu.ar\/propale\/wp-content\/uploads\/sites\/21\/2011\/06\/0028_t.jpg\"><img loading=\"lazy\" decoding=\"async\" class=\"aligncenter\" title=\"logo fondo malicha\" src=\"http:\/\/ffyh.unc.edu.ar\/propale\/wp-content\/uploads\/sites\/21\/2011\/06\/logo-fondo-malicha-150x150.png\" alt=\"\" width=\"158\" height=\"150\" \/><\/a><\/p>\n<div>En la Biblioteca Central de la FFyH se encuentra el \u201cFondo Malicha Leguizam\u00f3n de LIJ Latinoamericana\u201d, para preservar y dar a conocer el material especializado de la donaci\u00f3n Leguizam\u00f3n a investigadores y estudiantes. Creado a partir de una donaci\u00f3n de casi 2000 libros ( 1920 a 1980) que traza un ciclo de la historia de la LIJ \u00fanico en una biblioteca universitaria argentina.<\/div>\n<div>Gracias al trabajo compartido y especializado de sus encargadas, ser\u00e1 abierto a consulta en sala de profesionales, investigadores y estudiantes de carreras de nivel superior.<\/div>\n<div>Se prepara una primera exposici\u00f3n para el mes de junio de este a\u00f1o. Se desarrollar\u00e1n actividades vinculadas al Fondo, y se dise\u00f1ar\u00e1 una web para su difusi\u00f3n. <a href=\"http:\/\/ffyh.unc.edu.ar\/propale\/wp-content\/uploads\/sites\/21\/2011\/06\/malicha-power-point1.ppt\">Fondo Malicha Leguizam\u00f3n. Presentaci\u00f3n<\/a><\/div>\n<div><a href=\"http:\/\/ffyh.unc.edu.ar\/propale\/wp-content\/uploads\/sites\/21\/2011\/06\/malicha-power-point.ppt\"><br \/>\n<\/a><\/div>\n<div><a href=\"http:\/\/ffyh.unc.edu.ar\/propale\/wp-content\/uploads\/sites\/21\/2011\/06\/0028_t.jpg\"><br \/>\n<\/a><\/div>\n<h3 style=\"text-align: center\"><strong>Doctorado Honoris Causa a la Lic. Laura Devetach: <\/strong><\/h3>\n<div><a href=\"http:\/\/ffyh.unc.edu.ar\/propale\/wp-content\/uploads\/sites\/21\/2011\/06\/foto2devetach0910.jpg\"><img loading=\"lazy\" decoding=\"async\" class=\"aligncenter\" title=\"foto2devetach0910\" src=\"http:\/\/ffyh.unc.edu.ar\/propale\/wp-content\/uploads\/sites\/21\/2011\/06\/foto2devetach0910-130x150.jpg\" alt=\"\" width=\"165\" height=\"200\" \/><\/a><\/div>\n<div>En reconocimiento de su labor incansable en la formaci\u00f3n de lectores, de su creaci\u00f3n art\u00edstica y tambi\u00e9n recordando su paso por la UNC , de la que fue cesanteada. En noviembre de 2008, el acontecimiento reuni\u00f3 a personas que trabajaron para ello, entre quienes se cuenta a CEDILIJ, a las escritoras Maria Teresa Andruetto y Lilia Lardone, a la entonces consejera por egresados en el HCD Luc\u00eda Robledo y miembros de CEDILIJ. Cont\u00f3 con el apoyo de numerosas personalidades y e instituciones argentinas.<\/div>\n<div>Texto le\u00eddo por Laura Devetach en su aceptaci\u00f3n del Doctorado Honoris Causa: <a href=\"http:\/\/www.ffyh.unc.edu.ar\/alfilo\/26\/honoris-causa-ojo-aguja.pdf\" rel=\"nofollow\" target=\"_blank\">http:\/\/www.ffyh.unc.edu.ar\/alfilo\/26\/honoris-causa-ojo-aguja.pdf<\/a><\/div>\n<div><a href=\"http:\/\/ffyh.unc.edu.ar\/propale\/wp-content\/uploads\/sites\/21\/2011\/06\/LAURA-Y-LA-CAROLINA.jpg\"><img loading=\"lazy\" decoding=\"async\" class=\"aligncenter size-thumbnail wp-image-139\" title=\"LAURA Y LA CAROLINA\" src=\"http:\/\/ffyh.unc.edu.ar\/propale\/wp-content\/uploads\/sites\/21\/2011\/06\/LAURA-Y-LA-CAROLINA-150x150.jpg\" alt=\"\" width=\"187\" height=\"187\" srcset=\"https:\/\/ffyh.unc.edu.ar\/propale\/wp-content\/uploads\/sites\/21\/2011\/06\/LAURA-Y-LA-CAROLINA-150x150.jpg 150w, https:\/\/ffyh.unc.edu.ar\/propale\/wp-content\/uploads\/sites\/21\/2011\/06\/LAURA-Y-LA-CAROLINA-100x100.jpg 100w\" sizes=\"auto, (max-width: 187px) 85vw, 187px\" \/><\/a><\/div>\n","protected":false},"excerpt":{"rendered":"<p>Fondo Malicha Leguizam\u00f3n de Literatura infantil y juvenil. En la Biblioteca Central de la FFyH se encuentra el \u201cFondo Malicha Leguizam\u00f3n de LIJ Latinoamericana\u201d, para preservar y dar a conocer el material especializado de la donaci\u00f3n Leguizam\u00f3n a investigadores y estudiantes. Creado a partir de una donaci\u00f3n de casi 2000 libros ( 1920 a 1980) &hellip; <a href=\"https:\/\/ffyh.unc.edu.ar\/propale\/difusion\/\" class=\"more-link\">Continuar leyendo<span class=\"screen-reader-text\"> \u00abDifusi\u00f3n\u00bb<\/span><\/a><\/p>\n","protected":false},"author":1,"featured_media":0,"parent":0,"menu_order":2,"comment_status":"open","ping_status":"closed","template":"","meta":{"_acf_changed":false,"footnotes":""},"class_list":["post-8","page","type-page","status-publish","hentry"],"acf":[],"_links":{"self":[{"href":"https:\/\/ffyh.unc.edu.ar\/propale\/wp-json\/wp\/v2\/pages\/8","targetHints":{"allow":["GET"]}}],"collection":[{"href":"https:\/\/ffyh.unc.edu.ar\/propale\/wp-json\/wp\/v2\/pages"}],"about":[{"href":"https:\/\/ffyh.unc.edu.ar\/propale\/wp-json\/wp\/v2\/types\/page"}],"author":[{"embeddable":true,"href":"https:\/\/ffyh.unc.edu.ar\/propale\/wp-json\/wp\/v2\/users\/1"}],"replies":[{"embeddable":true,"href":"https:\/\/ffyh.unc.edu.ar\/propale\/wp-json\/wp\/v2\/comments?post=8"}],"version-history":[{"count":0,"href":"https:\/\/ffyh.unc.edu.ar\/propale\/wp-json\/wp\/v2\/pages\/8\/revisions"}],"wp:attachment":[{"href":"https:\/\/ffyh.unc.edu.ar\/propale\/wp-json\/wp\/v2\/media?parent=8"}],"curies":[{"name":"wp","href":"https:\/\/api.w.org\/{rel}","templated":true}]}}