{"id":186,"date":"2021-05-28T20:16:03","date_gmt":"2021-05-28T23:16:03","guid":{"rendered":"https:\/\/ffyh.unc.edu.ar\/publicaciones\/?page_id=186"},"modified":"2025-08-05T13:48:28","modified_gmt":"2025-08-05T16:48:28","slug":"como-publicar","status":"publish","type":"page","link":"https:\/\/ffyh.unc.edu.ar\/publicaciones\/como-publicar\/","title":{"rendered":"\u00bfC\u00f3mo publicar?"},"content":{"rendered":"\t\t<div data-elementor-type=\"wp-page\" data-elementor-id=\"186\" class=\"elementor elementor-186\">\n\t\t\t\t\t\t<section class=\"elementor-section elementor-top-section elementor-element elementor-element-ffb2dbe elementor-section-boxed elementor-section-height-default elementor-section-height-default\" data-id=\"ffb2dbe\" data-element_type=\"section\" data-e-type=\"section\">\n\t\t\t\t\t\t\t<div class=\"elementor-background-overlay\"><\/div>\n\t\t\t\t\t\t\t<div class=\"elementor-container elementor-column-gap-default\">\n\t\t\t\t\t<div class=\"elementor-column elementor-col-100 elementor-top-column elementor-element elementor-element-cc2fd8b\" data-id=\"cc2fd8b\" data-element_type=\"column\" data-e-type=\"column\">\n\t\t\t<div class=\"elementor-widget-wrap elementor-element-populated\">\n\t\t\t\t\t\t<div class=\"elementor-element elementor-element-1f25585 elementor-invisible elementor-widget elementor-widget-heading\" data-id=\"1f25585\" data-element_type=\"widget\" data-e-type=\"widget\" data-settings=\"{&quot;_animation&quot;:&quot;zoomIn&quot;}\" data-widget_type=\"heading.default\">\n\t\t\t\t<div class=\"elementor-widget-container\">\n\t\t\t\t\t<h2 class=\"elementor-heading-title elementor-size-default\">\u00bfC\u00f3mo publicar a trav\u00e9s del \u00c1rea de Publicaciones?<\/h2>\t\t\t\t<\/div>\n\t\t\t\t<\/div>\n\t\t\t\t\t<\/div>\n\t\t<\/div>\n\t\t\t\t\t<\/div>\n\t\t<\/section>\n\t\t\t\t<section class=\"elementor-section elementor-top-section elementor-element elementor-element-d9ec9b5 elementor-section-boxed elementor-section-height-default elementor-section-height-default\" data-id=\"d9ec9b5\" data-element_type=\"section\" data-e-type=\"section\">\n\t\t\t\t\t\t<div class=\"elementor-container elementor-column-gap-default\">\n\t\t\t\t\t<div class=\"elementor-column elementor-col-50 elementor-top-column elementor-element elementor-element-6fd8cb8\" data-id=\"6fd8cb8\" data-element_type=\"column\" data-e-type=\"column\">\n\t\t\t<div class=\"elementor-widget-wrap elementor-element-populated\">\n\t\t\t\t\t\t<div class=\"elementor-element elementor-element-d7471d6 elementor-widget elementor-widget-text-editor\" data-id=\"d7471d6\" data-element_type=\"widget\" data-e-type=\"widget\" data-widget_type=\"text-editor.default\">\n\t\t\t\t<div class=\"elementor-widget-container\">\n\t\t\t\t\t\t\t\t\t<p>El \u00c1rea de Publicaciones es transversal a toda la Facultad por lo tanto, el\u00a0<i>c\u00f3mo publicar<\/i>\u00a0depende de qu\u00e9 se desee publicar.<\/p><p>Por ejemplo, el \u00c1rea de Publicaciones, a trav\u00e9s de la Secretar\u00eda de Investigaci\u00f3n, Ciencia y T\u00e9cnica de la Facultad publica Actas de Eventos Cient\u00edficos y Acad\u00e9micos, libros que son resultado de investigaciones colectivas subsidiadas por SECyT-UNC y tesis de posgrado que se hubieren evaluado en la Facultad. En todos estos casos es la SEICyT la que determina c\u00f3mo publicar.<\/p><p>En el mismo sentido, el Centro de Investigaciones Mar\u00eda Saleme de Burnich\u00f3n publica resultados de investigaciones realizadas -o en curso- llevadas adelante por equipos de las diferentes \u00e1reas del CIFFyH en las \u201cColecciones del CIFFyH\u201d y es el mismo CIFFyH qui\u00e9n decide c\u00f3mo publicar.<\/p><p>Lo mismo ocurre con las revistas (tanto del CiFFyH como de las secretar\u00edas, de las Escuelas y Departamentos). El \u00c1rea de Publicaciones centraliza esas publicaciones peri\u00f3dicas en esta p\u00e1gina, pero cada una de ellas tiene sus normas de publicaci\u00f3n, sus fechas de convocatoria, etc.<\/p><p>Ahora bien, el \u00c1rea de Publicaciones recibe permanentemente propuestas de publicaciones originales e in\u00e9ditas desde diversos \u00e1mbitos que no entran en ninguna de estas propuestas. A menudo se trata de iniciativas provenientes de las distintas Secretar\u00edas de la Facultad, de sus Escuelas y Departamentos, de sus Programas o \u00c1reas, de equipos de c\u00e1tedras que dictan materias o seminarios y de docentes, estudiantes y graduades que forman parte de su comunidad y que llevan adelante alg\u00fan proyecto colectivo.<\/p>\t\t\t\t\t\t\t\t<\/div>\n\t\t\t\t<\/div>\n\t\t\t\t\t<\/div>\n\t\t<\/div>\n\t\t\t\t<div class=\"elementor-column elementor-col-50 elementor-top-column elementor-element elementor-element-e17a106\" data-id=\"e17a106\" data-element_type=\"column\" data-e-type=\"column\">\n\t\t\t<div class=\"elementor-widget-wrap elementor-element-populated\">\n\t\t\t\t\t\t<div class=\"elementor-element elementor-element-dfc5119 elementor-widget elementor-widget-text-editor\" data-id=\"dfc5119\" data-element_type=\"widget\" data-e-type=\"widget\" data-widget_type=\"text-editor.default\">\n\t\t\t\t<div class=\"elementor-widget-container\">\n\t\t\t\t\t\t\t\t\t<p>Los criterios de admisi\u00f3n de estas propuestas responden a la novedad y excelencia acad\u00e9mica, a su potencial de difusi\u00f3n del conocimiento producido colectivamente y a la pertinencia de las mismas dentro de nuestro cat\u00e1logo.<\/p>\n<p>En estos casos, es conveniente comunicarse con el \u00c1rea de Publicaciones a trav\u00e9s de su correo electr\u00f3nico&nbsp;<a href=\"mailto:areapublicaciones@ffyh.unc.edu.ar\">areapublicaciones@ffyh.unc.edu.ar<\/a>. Una vez establecido el contacto, el \u00c1rea de Publicaciones:<\/p>\n<p>&#8211; brindar\u00e1 asesoramiento a los\/las autores,<\/p>\n<p>&#8211; ofrecer\u00e1 la posibilidad de gestionar por su intermedio el ISBN o el ISSN correspondiente<\/p>\n<p>&#8211; facilitar\u00e1 los canales de difusi\u00f3n pertinentes para la promoci\u00f3n de las publicaciones resultantes.<\/p>\n<p><a href=\"http:\/\/ffyh.unc.edu.ar\/publicaciones\/wp-content\/uploads\/sites\/35\/2024\/11\/Manual_publicaciones.pdf\">Descargar el manual de presentaci\u00f3n de archivos originales<\/a><\/p>\n<p>Contacto Colecciones del Ciffyh<\/p>\n<p>coleccionesdelciffyh@ffyh.unc.edu.ar<\/p>\t\t\t\t\t\t\t\t<\/div>\n\t\t\t\t<\/div>\n\t\t\t\t\t<\/div>\n\t\t<\/div>\n\t\t\t\t\t<\/div>\n\t\t<\/section>\n\t\t\t\t<\/div>\n\t\t","protected":false},"excerpt":{"rendered":"<p>\u00bfC\u00f3mo publicar a trav\u00e9s del \u00c1rea de Publicaciones? El \u00c1rea de Publicaciones es transversal a toda la Facultad por lo<\/p>\n","protected":false},"author":40,"featured_media":0,"parent":0,"menu_order":0,"comment_status":"closed","ping_status":"closed","template":"elementor_header_footer","meta":{"_acf_changed":false,"saved_in_kubio":false,"colormag_page_container_layout":"default_layout","colormag_page_sidebar_layout":"default_layout","footnotes":""},"class_list":["post-186","page","type-page","status-publish","hentry"],"acf":[],"kubio_ai_page_context":{"short_desc":"","purpose":"general"},"_links":{"self":[{"href":"https:\/\/ffyh.unc.edu.ar\/publicaciones\/wp-json\/wp\/v2\/pages\/186","targetHints":{"allow":["GET"]}}],"collection":[{"href":"https:\/\/ffyh.unc.edu.ar\/publicaciones\/wp-json\/wp\/v2\/pages"}],"about":[{"href":"https:\/\/ffyh.unc.edu.ar\/publicaciones\/wp-json\/wp\/v2\/types\/page"}],"author":[{"embeddable":true,"href":"https:\/\/ffyh.unc.edu.ar\/publicaciones\/wp-json\/wp\/v2\/users\/40"}],"replies":[{"embeddable":true,"href":"https:\/\/ffyh.unc.edu.ar\/publicaciones\/wp-json\/wp\/v2\/comments?post=186"}],"version-history":[{"count":24,"href":"https:\/\/ffyh.unc.edu.ar\/publicaciones\/wp-json\/wp\/v2\/pages\/186\/revisions"}],"predecessor-version":[{"id":5072,"href":"https:\/\/ffyh.unc.edu.ar\/publicaciones\/wp-json\/wp\/v2\/pages\/186\/revisions\/5072"}],"wp:attachment":[{"href":"https:\/\/ffyh.unc.edu.ar\/publicaciones\/wp-json\/wp\/v2\/media?parent=186"}],"curies":[{"name":"wp","href":"https:\/\/api.w.org\/{rel}","templated":true}]}}