{"id":50,"date":"2020-10-29T14:16:24","date_gmt":"2020-10-29T13:16:24","guid":{"rendered":"https:\/\/ffyh.unc.edu.ar\/publicaciones\/?page_id=50"},"modified":"2021-06-08T07:16:57","modified_gmt":"2021-06-08T10:16:57","slug":"actas-x-encuentro","status":"publish","type":"page","link":"https:\/\/ffyh.unc.edu.ar\/publicaciones\/ciffyh\/actas-x-encuentro\/","title":{"rendered":"Actas X Encuentro Interdisciplinario de Ciencias Sociales y Humanas: \u201cLas urgencias del presente: Desaf\u00edos actuales de las ciencias sociales y humanas\u201d"},"content":{"rendered":"<p><img fetchpriority=\"high\" decoding=\"async\" class=\"alignnone wp-image-51 size-full\" src=\"http:\/\/ffyh.unc.edu.ar\/publicaciones\/wp-content\/uploads\/sites\/35\/2020\/10\/01cabecera.jpg\" alt=\"\" width=\"2475\" height=\"595\" srcset=\"https:\/\/ffyh.unc.edu.ar\/publicaciones\/wp-content\/uploads\/sites\/35\/2020\/10\/01cabecera.jpg 2475w, https:\/\/ffyh.unc.edu.ar\/publicaciones\/wp-content\/uploads\/sites\/35\/2020\/10\/01cabecera-300x72.jpg 300w, https:\/\/ffyh.unc.edu.ar\/publicaciones\/wp-content\/uploads\/sites\/35\/2020\/10\/01cabecera-1024x246.jpg 1024w, https:\/\/ffyh.unc.edu.ar\/publicaciones\/wp-content\/uploads\/sites\/35\/2020\/10\/01cabecera-768x185.jpg 768w, https:\/\/ffyh.unc.edu.ar\/publicaciones\/wp-content\/uploads\/sites\/35\/2020\/10\/01cabecera-1536x369.jpg 1536w, https:\/\/ffyh.unc.edu.ar\/publicaciones\/wp-content\/uploads\/sites\/35\/2020\/10\/01cabecera-2048x492.jpg 2048w\" sizes=\"(max-width: 2475px) 100vw, 2475px\" \/><\/p>\n<p>Est\u00e1n disponibles los tres tomos del libro digital de Actas del X Encuentro Interdisciplinario de Ciencias Sociales y Humanas: \u201cLas urgencias del presente: Desaf\u00edos actuales de las ciencias sociales y humanas\u201d, llevado a cabo el 27, 28 y 29 de noviembre de 2019 y organizado por el CIFFyH y el Instituto de Humanidades (IDH) \u2013 CONICET.<\/p>\n<p><!--more--><\/p>\n<p>Los trabajos all\u00ed reunidos, producto de las numerosas ponencias presentadas en el X Encuentro, dan cuenta del espacio de reflexi\u00f3n, intercambio y comunicaci\u00f3n de conocimientos que cultivamos a diario entre el IDH y el CIFFyH. Ese v\u00ednculo que espera ser ensayado y fortalecido mucho m\u00e1s todav\u00eda se pone de manifiesto en las valiosas contribuciones de estudiantes, graduad*s, becari*s, docentes e investigador*s que se re\u00fanen en estos tres vol\u00famenes y que revitalizan las pr\u00e1cticas disciplinares de las Humanidades y las Ciencias Sociales en nuestra regi\u00f3n.<\/p>\n<p>Pese a este contexto tan excepcional y problem\u00e1tico, el volumen y la calidad de nuestro trabajo nos invita a seguir apostando por la construcci\u00f3n colectiva de saberes y el compromiso social con la comunidad democr\u00e1tica que hace posible nuestro trabajo.<\/p>\n<blockquote><p><a href=\"http:\/\/ffyh.unc.edu.ar\/publicaciones\/wp-content\/uploads\/sites\/35\/2020\/10\/ActasXEncuentroTomo1.pdf\" target=\"_blank\" rel=\"noopener noreferrer\"><img decoding=\"async\" class=\"alignnone wp-image-58 size-medium\" src=\"http:\/\/ffyh.unc.edu.ar\/publicaciones\/wp-content\/uploads\/sites\/35\/2020\/10\/tapa1-212x300.jpg\" alt=\"\" width=\"212\" height=\"300\" srcset=\"https:\/\/ffyh.unc.edu.ar\/publicaciones\/wp-content\/uploads\/sites\/35\/2020\/10\/tapa1-212x300.jpg 212w, https:\/\/ffyh.unc.edu.ar\/publicaciones\/wp-content\/uploads\/sites\/35\/2020\/10\/tapa1-724x1024.jpg 724w, https:\/\/ffyh.unc.edu.ar\/publicaciones\/wp-content\/uploads\/sites\/35\/2020\/10\/tapa1-768x1086.jpg 768w, https:\/\/ffyh.unc.edu.ar\/publicaciones\/wp-content\/uploads\/sites\/35\/2020\/10\/tapa1-1086x1536.jpg 1086w, https:\/\/ffyh.unc.edu.ar\/publicaciones\/wp-content\/uploads\/sites\/35\/2020\/10\/tapa1-1448x2048.jpg 1448w, https:\/\/ffyh.unc.edu.ar\/publicaciones\/wp-content\/uploads\/sites\/35\/2020\/10\/tapa1-scaled.jpg 1810w\" sizes=\"(max-width: 212px) 100vw, 212px\" \/><\/a> \u00a0<a href=\"http:\/\/ffyh.unc.edu.ar\/publicaciones\/wp-content\/uploads\/sites\/35\/2020\/10\/ActasXEncuentroTomo1.pdf\" target=\"_blank\" rel=\"noopener noreferrer\">Descargar Volumen 1<\/a><\/p><\/blockquote>\n<hr \/>\n<blockquote><p><a href=\"http:\/\/ffyh.unc.edu.ar\/publicaciones\/wp-content\/uploads\/sites\/35\/2020\/10\/ActasXEncuentroTomo2.pdf\" target=\"_blank\" rel=\"noopener noreferrer\"><img decoding=\"async\" class=\"alignnone wp-image-59 size-medium\" src=\"http:\/\/ffyh.unc.edu.ar\/publicaciones\/wp-content\/uploads\/sites\/35\/2020\/10\/tapa2-212x300.jpg\" alt=\"\" width=\"212\" height=\"300\" srcset=\"https:\/\/ffyh.unc.edu.ar\/publicaciones\/wp-content\/uploads\/sites\/35\/2020\/10\/tapa2-212x300.jpg 212w, https:\/\/ffyh.unc.edu.ar\/publicaciones\/wp-content\/uploads\/sites\/35\/2020\/10\/tapa2-724x1024.jpg 724w, https:\/\/ffyh.unc.edu.ar\/publicaciones\/wp-content\/uploads\/sites\/35\/2020\/10\/tapa2-768x1086.jpg 768w, https:\/\/ffyh.unc.edu.ar\/publicaciones\/wp-content\/uploads\/sites\/35\/2020\/10\/tapa2-1086x1536.jpg 1086w, https:\/\/ffyh.unc.edu.ar\/publicaciones\/wp-content\/uploads\/sites\/35\/2020\/10\/tapa2-1448x2048.jpg 1448w, https:\/\/ffyh.unc.edu.ar\/publicaciones\/wp-content\/uploads\/sites\/35\/2020\/10\/tapa2-scaled.jpg 1810w\" sizes=\"(max-width: 212px) 100vw, 212px\" \/><\/a> <a href=\"http:\/\/ffyh.unc.edu.ar\/publicaciones\/wp-content\/uploads\/sites\/35\/2020\/10\/ActasXEncuentroTomo2.pdf\" target=\"_blank\" rel=\"noopener noreferrer\">Descargar Volumen 2<\/a><\/p><\/blockquote>\n<hr \/>\n<blockquote><p><a href=\"http:\/\/ffyh.unc.edu.ar\/publicaciones\/wp-content\/uploads\/sites\/35\/2020\/10\/ActasXEncuentroTomo3.pdf\" target=\"_blank\" rel=\"noopener noreferrer\"><img loading=\"lazy\" decoding=\"async\" class=\"alignnone size-medium wp-image-60\" src=\"http:\/\/ffyh.unc.edu.ar\/publicaciones\/wp-content\/uploads\/sites\/35\/2020\/10\/tapa3-212x300.jpg\" alt=\"\" width=\"212\" height=\"300\" srcset=\"https:\/\/ffyh.unc.edu.ar\/publicaciones\/wp-content\/uploads\/sites\/35\/2020\/10\/tapa3-212x300.jpg 212w, https:\/\/ffyh.unc.edu.ar\/publicaciones\/wp-content\/uploads\/sites\/35\/2020\/10\/tapa3-724x1024.jpg 724w, https:\/\/ffyh.unc.edu.ar\/publicaciones\/wp-content\/uploads\/sites\/35\/2020\/10\/tapa3-768x1086.jpg 768w, https:\/\/ffyh.unc.edu.ar\/publicaciones\/wp-content\/uploads\/sites\/35\/2020\/10\/tapa3-1086x1536.jpg 1086w, https:\/\/ffyh.unc.edu.ar\/publicaciones\/wp-content\/uploads\/sites\/35\/2020\/10\/tapa3-1448x2048.jpg 1448w, https:\/\/ffyh.unc.edu.ar\/publicaciones\/wp-content\/uploads\/sites\/35\/2020\/10\/tapa3-scaled.jpg 1810w\" sizes=\"(max-width: 212px) 100vw, 212px\" \/><\/a> <a href=\"http:\/\/ffyh.unc.edu.ar\/publicaciones\/wp-content\/uploads\/sites\/35\/2020\/11\/ActasXEncuentroTomo3.pdf\" target=\"_blank\" rel=\"noopener noreferrer\">Descargar Volumen 3<\/a><\/p><\/blockquote>\n<hr \/>\n<p>&nbsp;<\/p>\n","protected":false},"excerpt":{"rendered":"<p>Est\u00e1n disponibles los tres tomos del libro digital de Actas del X Encuentro Interdisciplinario de Ciencias Sociales y Humanas: \u201cLas<\/p>\n","protected":false},"author":2,"featured_media":0,"parent":9,"menu_order":0,"comment_status":"closed","ping_status":"closed","template":"","meta":{"_acf_changed":false,"colormag_page_container_layout":"default_layout","colormag_page_sidebar_layout":"default_layout","footnotes":""},"class_list":["post-50","page","type-page","status-publish","hentry"],"acf":[],"_links":{"self":[{"href":"https:\/\/ffyh.unc.edu.ar\/publicaciones\/wp-json\/wp\/v2\/pages\/50","targetHints":{"allow":["GET"]}}],"collection":[{"href":"https:\/\/ffyh.unc.edu.ar\/publicaciones\/wp-json\/wp\/v2\/pages"}],"about":[{"href":"https:\/\/ffyh.unc.edu.ar\/publicaciones\/wp-json\/wp\/v2\/types\/page"}],"author":[{"embeddable":true,"href":"https:\/\/ffyh.unc.edu.ar\/publicaciones\/wp-json\/wp\/v2\/users\/2"}],"replies":[{"embeddable":true,"href":"https:\/\/ffyh.unc.edu.ar\/publicaciones\/wp-json\/wp\/v2\/comments?post=50"}],"version-history":[{"count":7,"href":"https:\/\/ffyh.unc.edu.ar\/publicaciones\/wp-json\/wp\/v2\/pages\/50\/revisions"}],"predecessor-version":[{"id":78,"href":"https:\/\/ffyh.unc.edu.ar\/publicaciones\/wp-json\/wp\/v2\/pages\/50\/revisions\/78"}],"up":[{"embeddable":true,"href":"https:\/\/ffyh.unc.edu.ar\/publicaciones\/wp-json\/wp\/v2\/pages\/9"}],"wp:attachment":[{"href":"https:\/\/ffyh.unc.edu.ar\/publicaciones\/wp-json\/wp\/v2\/media?parent=50"}],"curies":[{"name":"wp","href":"https:\/\/api.w.org\/{rel}","templated":true}]}}