{"id":1042,"date":"2020-10-18T22:25:27","date_gmt":"2020-10-19T01:25:27","guid":{"rendered":"https:\/\/ffyh.unc.edu.ar\/publicaciones\/?post_type=product&#038;p=1042"},"modified":"2021-11-19T11:36:30","modified_gmt":"2021-11-19T14:36:30","slug":"filosofia-de-la-ciencia-por-jovenes-investigadores-vol-1","status":"publish","type":"product","link":"https:\/\/ffyh.unc.edu.ar\/publicaciones\/tienda\/publicaciones-de-investigacion\/ciffyh\/colecciones-del-ciffyh\/filosofia-de-la-ciencia-por-jovenes-investigadores-vol-1\/","title":{"rendered":"Filosof\u00eda de la ciencia por j\u00f3venes investigadores vol. 1"},"content":{"rendered":"<p><em>Filosof\u00eda de la ciencia por j\u00f3venes investigadores vol. 1<\/em>, contiene una selecci\u00f3n de trabajos expuestos en las \u201cI Jornadas de J\u00f3venes Investigadores en Filosof\u00eda de la Ciencia\u201d, realizadas en C\u00f3rdoba en junio de 2019. La publicaci\u00f3n es el fruto del trabajo en conjunto de los miembros del grupo de investigaci\u00f3n \u201cModelar, simular y experimentar: un an\u00e1lisis epistemol\u00f3gico desde las pr\u00e1cticas cient\u00edficas\u201d, (financiado por SECyT y radicado en el Centro de investigaciones Mar\u00eda Saleme de Burnichon, Escuela de Filosof\u00eda, FFyH, UNC), en especial, de estudiantes y egresades que han conformado y puesto en marcha las comisiones organizadora, evaluadora y editora a lo largo de todo el a\u00f1o.<\/p>\n<p>Los trabajos seleccionados fueron evaluados por une estudiante y une docente, de acuerdo a las tem\u00e1ticas espec\u00edficas tratadas en cada caso. Esa decisi\u00f3n tiene como objeto construir un espacio horizontal y colaborativo entre los estamentos que conforman nuestros equipos de trabajo. Esta edici\u00f3n ha tenido como finalidad promover la discusi\u00f3n filos\u00f3fica en el amplio campo de la filosof\u00eda de la ciencia, desde y para j\u00f3venes investigadores y responde a la voluntad de consolidar nuestra comunidad filos\u00f3fica, fortaleciendo la producci\u00f3n local por parte de j\u00f3venes investigadores. Ampliar el espectro de discusi\u00f3n nos enriquece como comunidad y nos permite trazar nuevos di\u00e1logos entre campos que a\u00fan hoy no son tan cercanos como podr\u00edan. Confiamos en la potencia acad\u00e9mica y pol\u00edtica de este trabajo en conjunto.<\/p>\n<p>El libro forma parte de las Colecciones del CIFFyH, una iniciativa del Centro de Investigaciones Mar\u00eda Saleme de Burnichon (FFyH) en vinculaci\u00f3n con el \u00c1rea de Publicaciones de la FFyH que busca fortalecer la producci\u00f3n y difusi\u00f3n del trabajo de los grupos de investigaci\u00f3n del Centro, fomentar la participaci\u00f3n en la producci\u00f3n y circulaci\u00f3n del conocimiento de estudiantes, egresados\/as y docentes, y generar espacios institucionales que habiliten dicha circulaci\u00f3n.<\/p>\n","protected":false},"excerpt":{"rendered":"<p>El primer volumen de la publicaci\u00f3n <em>Filosof\u00eda de la ciencia por j\u00f3venes investigadores<\/em> re\u00fane art\u00edculos expuestos en las 1ras Jornadas de J\u00f3venes Investigadores en Filosof\u00eda de la Ciencia, realizadas en C\u00f3rdoba en junio de 2019. Los trabajos y comentarios del volumen aportan al objetivo de las JJIFC: promover, entre y para j\u00f3venes investigadores, la producci\u00f3n filos\u00f3fica local acerca de discusiones situadas en el vasto campo de la filosof\u00eda de la ciencia. En este sentido, tanto las Jornadas como el volumen apuestan a fortalecer nuestra propia construcci\u00f3n de conocimiento ampliando los horizontes de aquellas problem\u00e1ticas que nos hemos ocupado de investigar. Por ello, encontraran trabajos sobre estudios de la ciencia y la tecnolog\u00eda, filosof\u00eda de la computaci\u00f3n y de la modelizaci\u00f3n, filosof\u00eda de las ciencias cognitivas, epistemolog\u00eda feminista, epistemolog\u00eda latinoamericana, entre otros.<\/p>\n","protected":false},"featured_media":1046,"comment_status":"closed","ping_status":"closed","template":"","meta":{"_acf_changed":false,"colormag_page_container_layout":"default_layout","colormag_page_sidebar_layout":"default_layout"},"product_brand":[],"product_cat":[30,31,27],"product_tag":[1210,1211],"autor":[112,115,107,119,109,125,126,106,113,118,108,111,121,110,116,124,123,120,122,114,127,117],"editor":[129,128,131,130],"traductor":[],"compilador":[],"coordinador":[],"director":[],"class_list":{"0":"post-1042","1":"product","2":"type-product","3":"status-publish","4":"has-post-thumbnail","6":"product_cat-ciffyh","7":"product_cat-colecciones-del-ciffyh","8":"product_cat-publicaciones-de-investigacion","9":"product_tag-filosofia-de-la-ciencia","10":"product_tag-jovenes-investigadores","11":"autor-agustin-mauro","12":"autor-agustina-laura-maini","13":"autor-ana-belen-martinez","14":"autor-andres-ilcic","15":"autor-augusto-rattini","16":"autor-gerardo-graffignano","17":"autor-ignacio-bisignano","18":"autor-ignacio-heredia","19":"autor-jorge-andres-echeverry-mejia","20":"autor-julian-reynoso","21":"autor-julieta-trinidad-pereira-crespo","22":"autor-lucia-cespedes","23":"autor-maria-fissore","24":"autor-maria-paula-buteler","25":"autor-martina-schilling","26":"autor-maximiliano-bozzoli","27":"autor-nicolas-sanchez","28":"autor-santiago-marengo","29":"autor-sofia-mondaca","30":"autor-sofia-pastawski","31":"autor-tamara-nizetich","32":"autor-xavier-huvelle","33":"editor-agustin-mauro","34":"editor-ignacio-heredia","35":"editor-martina-schilling","36":"editor-sofia-mondaca","38":"first","39":"instock","40":"shipping-taxable","41":"product-type-external"},"acf":[],"_links":{"self":[{"href":"https:\/\/ffyh.unc.edu.ar\/publicaciones\/wp-json\/wp\/v2\/product\/1042","targetHints":{"allow":["GET"]}}],"collection":[{"href":"https:\/\/ffyh.unc.edu.ar\/publicaciones\/wp-json\/wp\/v2\/product"}],"about":[{"href":"https:\/\/ffyh.unc.edu.ar\/publicaciones\/wp-json\/wp\/v2\/types\/product"}],"replies":[{"embeddable":true,"href":"https:\/\/ffyh.unc.edu.ar\/publicaciones\/wp-json\/wp\/v2\/comments?post=1042"}],"wp:featuredmedia":[{"embeddable":true,"href":"https:\/\/ffyh.unc.edu.ar\/publicaciones\/wp-json\/wp\/v2\/media\/1046"}],"wp:attachment":[{"href":"https:\/\/ffyh.unc.edu.ar\/publicaciones\/wp-json\/wp\/v2\/media?parent=1042"}],"wp:term":[{"taxonomy":"product_brand","embeddable":true,"href":"https:\/\/ffyh.unc.edu.ar\/publicaciones\/wp-json\/wp\/v2\/product_brand?post=1042"},{"taxonomy":"product_cat","embeddable":true,"href":"https:\/\/ffyh.unc.edu.ar\/publicaciones\/wp-json\/wp\/v2\/product_cat?post=1042"},{"taxonomy":"product_tag","embeddable":true,"href":"https:\/\/ffyh.unc.edu.ar\/publicaciones\/wp-json\/wp\/v2\/product_tag?post=1042"},{"taxonomy":"autor","embeddable":true,"href":"https:\/\/ffyh.unc.edu.ar\/publicaciones\/wp-json\/wp\/v2\/autor?post=1042"},{"taxonomy":"editor","embeddable":true,"href":"https:\/\/ffyh.unc.edu.ar\/publicaciones\/wp-json\/wp\/v2\/editor?post=1042"},{"taxonomy":"traductor","embeddable":true,"href":"https:\/\/ffyh.unc.edu.ar\/publicaciones\/wp-json\/wp\/v2\/traductor?post=1042"},{"taxonomy":"compilador","embeddable":true,"href":"https:\/\/ffyh.unc.edu.ar\/publicaciones\/wp-json\/wp\/v2\/compilador?post=1042"},{"taxonomy":"coordinador","embeddable":true,"href":"https:\/\/ffyh.unc.edu.ar\/publicaciones\/wp-json\/wp\/v2\/coordinador?post=1042"},{"taxonomy":"director","embeddable":true,"href":"https:\/\/ffyh.unc.edu.ar\/publicaciones\/wp-json\/wp\/v2\/director?post=1042"}],"curies":[{"name":"wp","href":"https:\/\/api.w.org\/{rel}","templated":true}]}}