{"id":1049,"date":"2020-10-18T22:45:00","date_gmt":"2020-10-19T01:45:00","guid":{"rendered":"https:\/\/ffyh.unc.edu.ar\/publicaciones\/?post_type=product&#038;p=1049"},"modified":"2021-12-14T21:19:11","modified_gmt":"2021-12-15T00:19:11","slug":"30o-jornadas-de-epistemologia-e-historia-de-la-ciencia","status":"publish","type":"product","link":"https:\/\/ffyh.unc.edu.ar\/publicaciones\/tienda\/publicaciones-de-investigacion\/ciffyh\/colecciones-del-ciffyh\/30o-jornadas-de-epistemologia-e-historia-de-la-ciencia\/","title":{"rendered":"30\u00ba Jornadas de Epistemolog\u00eda e Historia de la Ciencia"},"content":{"rendered":"<p>30\u00ba Jornadas de Epistemolog\u00eda e Historia de la Ciencia es el t\u00edtulo del e-book que re\u00fane art\u00edculos expuestos originalmente en las 30\u00ba Jornadas de Epistemolog\u00eda e Historia de la Ciencia, que tuvieron lugar en la ciudad de C\u00f3rdoba entre el 19 y el 21 de septiembre de 2019.<br \/>\nEn la publicaci\u00f3n encontrar\u00e1n trabajos sobre filosof\u00eda de las ciencias, ense\u00f1anza de las ciencias, historia y filosof\u00eda de las ciencias cognitivas, historia y filosof\u00eda de las ciencias sociales y humanas, historia y filosof\u00eda de las ciencias f\u00edsicas y naturales, historia y filosof\u00eda de las ciencias biol\u00f3gicas, filosof\u00eda del lenguaje y teor\u00eda del conocimiento, historia y filosof\u00eda de las ciencias formales y l\u00f3gica y filosof\u00eda de la l\u00f3gica.<br \/>\nEste libro que tiene por editor*s a Andr\u00e9s Ilcic, Sof\u00eda Mondaca, Pablo Torres y Nicol\u00e1s Venturelli, forma parte de las Colecciones del CIFFyH, una iniciativa del Centro de Investigaciones Mar\u00eda Saleme de Burnichon (FFyH) en vinculaci\u00f3n con el \u00c1rea de Publicaciones de la FFyH que busca fortalecer la producci\u00f3n y difusi\u00f3n del trabajo de los grupos de investigaci\u00f3n del Centro, fomentar la participaci\u00f3n en la producci\u00f3n y circulaci\u00f3n del conocimiento de estudiantes, egresados\/as y docentes, y generar espacios institucionales que habiliten dicha circulaci\u00f3n.<\/p>\n","protected":false},"excerpt":{"rendered":"<p><span style=\"font-weight: 400\">El e-book <\/span><i><span style=\"font-weight: 400\">30\u00ba Jornadas de Epistemolog\u00eda e Historia de la Ciencia<\/span><\/i><span style=\"font-weight: 400\"> re\u00fane los art\u00edculos expuestos originalmente en las Jornadas del mismo nombre, que tuvieron lugar en la ciudad de C\u00f3rdoba entre el 19 y el 21 de septiembre de 2019. En la publicaci\u00f3n encontrar\u00e1n trabajos sobre filosof\u00eda de las ciencias, ense\u00f1anza de las ciencias, historia y filosof\u00eda de las ciencias cognitivas, historia y filosof\u00eda de las ciencias sociales y humanas, historia y filosof\u00eda de las ciencias f\u00edsicas y naturales, historia y filosof\u00eda de las ciencias biol\u00f3gicas, filosof\u00eda del lenguaje y teor\u00eda del conocimiento, historia y filosof\u00eda de las ciencias formales y l\u00f3gica y filosof\u00eda de la l\u00f3gica.\u00a0<\/span><\/p>\n","protected":false},"featured_media":1048,"comment_status":"closed","ping_status":"closed","template":"","meta":{"_acf_changed":false,"colormag_page_container_layout":"default_layout","colormag_page_sidebar_layout":"default_layout"},"product_brand":[],"product_cat":[30,31,27],"product_tag":[1208,1209],"autor":[168,189,133,140,142,192,119,172,191,179,137,152,162,153,134,139,167,170,185,171,178,169,136,141,174,118,145,151,187,146,147,188,150,158,181,144,135,180,138,184,166,149,183,159,182,190,161,157,177,164,173,154,143,175,186,132,122,163,176,165,160,117],"editor":[195,193,194,130],"traductor":[],"compilador":[],"coordinador":[],"director":[],"class_list":{"0":"post-1049","1":"product","2":"type-product","3":"status-publish","4":"has-post-thumbnail","6":"product_cat-ciffyh","7":"product_cat-colecciones-del-ciffyh","8":"product_cat-publicaciones-de-investigacion","9":"product_tag-epistemologia-de-la-ciencia","10":"product_tag-historia-de-la-ciencia","11":"autor-abigail-prchal","12":"autor-alba-massolo","13":"autor-alejandra-gabriele","14":"autor-alfio-zambon","15":"autor-alicia-zamudio","16":"autor-andres-a-ilcic","17":"autor-andres-ilcic","18":"autor-carlos-emilio-gende","19":"autor-diego-letzen","20":"autor-eduardo-n-giovannini","21":"autor-eduardo-lozano","22":"autor-elizabeth-padilla","23":"autor-esteban-guillermo-szigety","24":"autor-gabriel-paravano","25":"autor-guadalupe-mettini","26":"autor-guadalupe-quinoa","27":"autor-guillermo-folguera","28":"autor-gustavo-arroyo","29":"autor-ines-crespo","30":"autor-irene-audisio","31":"autor-javier-blanco","32":"autor-jesus-alberto-zeballos","33":"autor-joaquin-alvarez-soria","34":"autor-jose-antonio-castorina","35":"autor-juana-regues","36":"autor-julian-reynoso","37":"autor-liliana-tarazona-vargas","38":"autor-luis-m-guimarey","39":"autor-luis-a-urtubey","40":"autor-magali-arganaraz","41":"autor-malena-leon","42":"autor-manuel-dahlquist","43":"autor-maria-natalia-zavadivker","44":"autor-ma-silvia-polzella","45":"autor-mariana-olezza","46":"autor-marina-garzon-barrios","47":"autor-marisa-velasco","48":"autor-mayra-huespe","49":"autor-mercedes-barquin","50":"autor-miguel-alvarez-lisboa","51":"autor-nahuel-pallitto","52":"autor-a-nicolas-venturelli","53":"autor-omar-vasquez-davila","54":"autor-osvaldo-m-moreschi","55":"autor-pablo-ruiz-lezcano","56":"autor-pablo-torres","57":"autor-pedro-walter-lamberti","58":"autor-penelope-lodeyro","59":"autor-pio-garcia","60":"autor-raul-montero","61":"autor-rodrigo-laera","62":"autor-ruth-pustilnik","63":"autor-sandra-sandoval-osorio","64":"autor-santiago-a-vrech","65":"autor-sebastian-ferrando","66":"autor-sergio-aramburu","67":"autor-sofia-mondaca","68":"autor-susana-gisela-lamas","69":"autor-ulises-davalos","70":"autor-vicente-dressino","71":"autor-victor-rodriguez","72":"autor-xavier-huvelle","73":"editor-a-nicolas-venturelli","74":"editor-andres-a-ilcic","75":"editor-pablo-torres","76":"editor-sofia-mondaca","78":"first","79":"instock","80":"shipping-taxable","81":"product-type-external"},"acf":[],"_links":{"self":[{"href":"https:\/\/ffyh.unc.edu.ar\/publicaciones\/wp-json\/wp\/v2\/product\/1049","targetHints":{"allow":["GET"]}}],"collection":[{"href":"https:\/\/ffyh.unc.edu.ar\/publicaciones\/wp-json\/wp\/v2\/product"}],"about":[{"href":"https:\/\/ffyh.unc.edu.ar\/publicaciones\/wp-json\/wp\/v2\/types\/product"}],"replies":[{"embeddable":true,"href":"https:\/\/ffyh.unc.edu.ar\/publicaciones\/wp-json\/wp\/v2\/comments?post=1049"}],"wp:featuredmedia":[{"embeddable":true,"href":"https:\/\/ffyh.unc.edu.ar\/publicaciones\/wp-json\/wp\/v2\/media\/1048"}],"wp:attachment":[{"href":"https:\/\/ffyh.unc.edu.ar\/publicaciones\/wp-json\/wp\/v2\/media?parent=1049"}],"wp:term":[{"taxonomy":"product_brand","embeddable":true,"href":"https:\/\/ffyh.unc.edu.ar\/publicaciones\/wp-json\/wp\/v2\/product_brand?post=1049"},{"taxonomy":"product_cat","embeddable":true,"href":"https:\/\/ffyh.unc.edu.ar\/publicaciones\/wp-json\/wp\/v2\/product_cat?post=1049"},{"taxonomy":"product_tag","embeddable":true,"href":"https:\/\/ffyh.unc.edu.ar\/publicaciones\/wp-json\/wp\/v2\/product_tag?post=1049"},{"taxonomy":"autor","embeddable":true,"href":"https:\/\/ffyh.unc.edu.ar\/publicaciones\/wp-json\/wp\/v2\/autor?post=1049"},{"taxonomy":"editor","embeddable":true,"href":"https:\/\/ffyh.unc.edu.ar\/publicaciones\/wp-json\/wp\/v2\/editor?post=1049"},{"taxonomy":"traductor","embeddable":true,"href":"https:\/\/ffyh.unc.edu.ar\/publicaciones\/wp-json\/wp\/v2\/traductor?post=1049"},{"taxonomy":"compilador","embeddable":true,"href":"https:\/\/ffyh.unc.edu.ar\/publicaciones\/wp-json\/wp\/v2\/compilador?post=1049"},{"taxonomy":"coordinador","embeddable":true,"href":"https:\/\/ffyh.unc.edu.ar\/publicaciones\/wp-json\/wp\/v2\/coordinador?post=1049"},{"taxonomy":"director","embeddable":true,"href":"https:\/\/ffyh.unc.edu.ar\/publicaciones\/wp-json\/wp\/v2\/director?post=1049"}],"curies":[{"name":"wp","href":"https:\/\/api.w.org\/{rel}","templated":true}]}}