{"id":1053,"date":"2020-10-18T23:01:40","date_gmt":"2020-10-19T02:01:40","guid":{"rendered":"https:\/\/ffyh.unc.edu.ar\/publicaciones\/?post_type=product&#038;p=1053"},"modified":"2021-11-19T11:34:52","modified_gmt":"2021-11-19T14:34:52","slug":"eleccion-cuidado-gratuidad","status":"publish","type":"product","link":"https:\/\/ffyh.unc.edu.ar\/publicaciones\/tienda\/publicaciones-de-investigacion\/ciffyh\/colecciones-del-ciffyh\/eleccion-cuidado-gratuidad\/","title":{"rendered":"Elecci\u00f3n, cuidado, gratuidad"},"content":{"rendered":"<p>\u00abElecci\u00f3n, Cuidado, Gratuidad\u00bb es el t\u00edtulo del e-book que re\u00fane art\u00edculos expuestos originalmente XV Jornadas de Filosof\u00eda Pol\u00edtica del mismo nombre que tuvieron lugar en la ciudad de C\u00f3rdoba entre 6 y el 8 de junio de 2019.<br \/>\nEn la publicaci\u00f3n encontrar\u00e1n trabajos que pretenden colmar de sentido tres palabras: elecci\u00f3n, cuidado, gratuidad, en un contexto de desolaci\u00f3n material, con un Estado arrasado por cuatro a\u00f1os de pol\u00edticas de endeudamiento y de desguace de reservas en manos de una econom\u00eda financiera liberada, con niveles significativos de represi\u00f3n y disciplinamiento pol\u00edtico y social.<br \/>\nAl mismo tiempo, las palabras elecci\u00f3n y gratuidad resuenan con especial fuerza en esta publicaci\u00f3n, en relaci\u00f3n con las urgencias pol\u00edticas de una coyuntura en que se avecinaba la posibilidad de un cambio o renovaci\u00f3n de gobierno en Argentina, y con los modos de comprender la cuesti\u00f3n universitaria. Ambas categor\u00edas son consideradas en el e-book junto a los problemas que se nombran con la voz del cuidado, que en las \u00faltimas d\u00e9cadas ha servido para pensar un arco de problemas que se tienden entre la preocupaci\u00f3n por el cuidado del mundo y el inter\u00e9s por el cuidado de s\u00ed.<br \/>\nEste libro, que tiene por compiladoras a Carolina Rusca y a Luc\u00eda Vinuesa, forma parte de las Colecciones del CIFFyH, una iniciativa del Centro de Investigaciones Mar\u00eda Saleme de Burnichon (FFyH) en vinculaci\u00f3n con el \u00c1rea de Publicaciones de la FFyH que busca fortalecer la producci\u00f3n y difusi\u00f3n del trabajo de los grupos de investigaci\u00f3n del Centro, fomentar la participaci\u00f3n en la producci\u00f3n y circulaci\u00f3n del conocimiento de estudiantes, egresados\/as y docentes, y generar espacios institucionales que habiliten dicha circulaci\u00f3n.<\/p>\n","protected":false},"excerpt":{"rendered":"<p><span style=\"font-weight: 400\">El e-book <\/span><i><span style=\"font-weight: 400\">Elecci\u00f3n, Cuidado, Gratuidad <\/span><\/i><span style=\"font-weight: 400\">re\u00fane los art\u00edculos expuestos originalmente en las XV Jornadas de Filosof\u00eda Pol\u00edtica: \u201c<\/span><i><span style=\"font-weight: 400\">Elecci\u00f3n, cuidado, gratuidad\u201d<\/span><\/i><span style=\"font-weight: 400\"> que tuvieron lugar en la ciudad de C\u00f3rdoba entre 6 y el 8 de junio de 2019. En la publicaci\u00f3n encontrar\u00e1n trabajos que pretenden colmar de sentido tres palabras: <\/span><i><span style=\"font-weight: 400\">elecci\u00f3n, cuidado,<\/span><\/i> <i><span style=\"font-weight: 400\">gratuidad<\/span><\/i><span style=\"font-weight: 400\"> en un contexto de desolaci\u00f3n material, con un Estado arrasado por cuatro a\u00f1os de pol\u00edticas de endeudamiento y ante las urgencias pol\u00edticas de una coyuntura en que se avecinaba la posibilidad de un cambio o renovaci\u00f3n de gobierno en Argentina.\u00a0<\/span><\/p>\n","protected":false},"featured_media":1043,"comment_status":"closed","ping_status":"closed","template":"","meta":{"_acf_changed":false,"colormag_page_container_layout":"default_layout","colormag_page_sidebar_layout":"default_layout"},"product_brand":[],"product_cat":[30,31,27],"product_tag":[1206,1205,1107,1207],"autor":[206,200,196,215,213,625,201,205,211,217,626,199,208,203,216,210,214,202,197,212,204,207],"editor":[],"traductor":[],"compilador":[218,219],"coordinador":[],"director":[],"class_list":{"0":"post-1053","1":"product","2":"type-product","3":"status-publish","4":"has-post-thumbnail","6":"product_cat-ciffyh","7":"product_cat-colecciones-del-ciffyh","8":"product_cat-publicaciones-de-investigacion","9":"product_tag-cuidado","10":"product_tag-eleccion","11":"product_tag-filosofia","12":"product_tag-gratuidad","13":"autor-alejandro-ruidrejo","14":"autor-alfonsina-santolalla","15":"autor-beatriz-porcel","16":"autor-camila-cuello","17":"autor-camila-meyar","18":"autor-carolina-rusca","19":"autor-cecilia-mc-donnell","20":"autor-cintia-cordoba","21":"autor-diego-a-fernandez-peychaux","22":"autor-eduardo-rinesi","23":"autor-german-ramos","24":"autor-gisela-suazo","25":"autor-guillermo-vazquez","26":"autor-julia-monje","27":"autor-julia-smola","28":"autor-lucas-franco","29":"autor-lucia-vinuesa","30":"autor-natacha-scherbovsky","31":"autor-paula-hunziker","32":"autor-paula-loren-soler","33":"autor-roque-farran","34":"autor-victoria-chabrando","35":"compilador-carolina-rusca","36":"compilador-lucia-vinuesa","38":"first","39":"instock","40":"shipping-taxable","41":"product-type-external"},"acf":[],"_links":{"self":[{"href":"https:\/\/ffyh.unc.edu.ar\/publicaciones\/wp-json\/wp\/v2\/product\/1053","targetHints":{"allow":["GET"]}}],"collection":[{"href":"https:\/\/ffyh.unc.edu.ar\/publicaciones\/wp-json\/wp\/v2\/product"}],"about":[{"href":"https:\/\/ffyh.unc.edu.ar\/publicaciones\/wp-json\/wp\/v2\/types\/product"}],"replies":[{"embeddable":true,"href":"https:\/\/ffyh.unc.edu.ar\/publicaciones\/wp-json\/wp\/v2\/comments?post=1053"}],"wp:featuredmedia":[{"embeddable":true,"href":"https:\/\/ffyh.unc.edu.ar\/publicaciones\/wp-json\/wp\/v2\/media\/1043"}],"wp:attachment":[{"href":"https:\/\/ffyh.unc.edu.ar\/publicaciones\/wp-json\/wp\/v2\/media?parent=1053"}],"wp:term":[{"taxonomy":"product_brand","embeddable":true,"href":"https:\/\/ffyh.unc.edu.ar\/publicaciones\/wp-json\/wp\/v2\/product_brand?post=1053"},{"taxonomy":"product_cat","embeddable":true,"href":"https:\/\/ffyh.unc.edu.ar\/publicaciones\/wp-json\/wp\/v2\/product_cat?post=1053"},{"taxonomy":"product_tag","embeddable":true,"href":"https:\/\/ffyh.unc.edu.ar\/publicaciones\/wp-json\/wp\/v2\/product_tag?post=1053"},{"taxonomy":"autor","embeddable":true,"href":"https:\/\/ffyh.unc.edu.ar\/publicaciones\/wp-json\/wp\/v2\/autor?post=1053"},{"taxonomy":"editor","embeddable":true,"href":"https:\/\/ffyh.unc.edu.ar\/publicaciones\/wp-json\/wp\/v2\/editor?post=1053"},{"taxonomy":"traductor","embeddable":true,"href":"https:\/\/ffyh.unc.edu.ar\/publicaciones\/wp-json\/wp\/v2\/traductor?post=1053"},{"taxonomy":"compilador","embeddable":true,"href":"https:\/\/ffyh.unc.edu.ar\/publicaciones\/wp-json\/wp\/v2\/compilador?post=1053"},{"taxonomy":"coordinador","embeddable":true,"href":"https:\/\/ffyh.unc.edu.ar\/publicaciones\/wp-json\/wp\/v2\/coordinador?post=1053"},{"taxonomy":"director","embeddable":true,"href":"https:\/\/ffyh.unc.edu.ar\/publicaciones\/wp-json\/wp\/v2\/director?post=1053"}],"curies":[{"name":"wp","href":"https:\/\/api.w.org\/{rel}","templated":true}]}}