{"id":1055,"date":"2021-10-18T23:13:27","date_gmt":"2021-10-19T02:13:27","guid":{"rendered":"https:\/\/ffyh.unc.edu.ar\/publicaciones\/?post_type=product&#038;p=1055"},"modified":"2021-12-14T20:33:25","modified_gmt":"2021-12-14T23:33:25","slug":"perspectivas-sobre-la-direccion-teatral-teoria-historia-y-pensamiento-escenico-2","status":"publish","type":"product","link":"https:\/\/ffyh.unc.edu.ar\/publicaciones\/tienda\/publicaciones-de-investigacion\/ciffyh\/colecciones-del-ciffyh\/perspectivas-sobre-la-direccion-teatral-teoria-historia-y-pensamiento-escenico-2\/","title":{"rendered":"Perspectivas sobre la direcci\u00f3n teatral: teor\u00eda, historia y pensamiento esc\u00e9nico"},"content":{"rendered":"<p>\u00abPerspectivas sobre la direcci\u00f3n teatral: teor\u00eda, historia y pensamiento esc\u00e9nico\u00bb es el t\u00edtulo del e-book que re\u00fane trabajos que formaron parte de los debates producidos en el marco de las \u201cI Jornadas Internacionales de Direcci\u00f3n Teatral\u201d llevadas a cabo en octubre de 2020 y organizadas por el Centro de Investigaciones \u201cMar\u00eda Saleme de Burnichon\u00bb (FFyH-UNC), por el Departamento de Teatro de la Facultad de Artes (UNC), por el \u00c1rea Teatro de IAE (Facultad de Filosof\u00eda y Letras, UBA) y por la C\u00e1tedra de Historia del Teatro Universal (Facultad de Filosof\u00eda y Letras, UBA).<\/p>\n<p>Este libro busca llevar adelante una reflexi\u00f3n sobre la direcci\u00f3n teatral que se interroga por las particularidades de una pr\u00e1ctica art\u00edstica compleja, en la que se cruzan y disputan concepciones en torno al oficio, convenciones, tradiciones y procedimientos.<\/p>\n<p>En el marco de los estudios teatrales se reconoce una vasta producci\u00f3n de conocimiento espec\u00edfico sobre la direcci\u00f3n teatral centrado en po\u00e9ticas particulares o en la dimensi\u00f3n biogr\u00e1fica de quien asume el rol, de manera tal que es posible identificar y ahondar en abordajes enfocados en lo que lxs directorxs hacen. Este libro busca adem\u00e1s, y especialmente, reunir indagaciones que pongan el acento en lo que la direcci\u00f3n hace, es decir, que problematicen y construyan categor\u00edas capaces de describir y poner en tensi\u00f3n las singularidades de la pr\u00e1ctica de la direcci\u00f3n esc\u00e9nica y se interroguen por los modos de aproximaci\u00f3n a su estudio. As\u00ed, este libro se concibe como territorio de cruce de diferentes l\u00edneas de trabajo y se propone el objetivo de fortalecer el campo del pensamiento sobre la especificidad de la direcci\u00f3n teatral.<\/p>\n<p>Esta publicaci\u00f3n que sorprende por su magnitud (re\u00fane m\u00e1s de 50 autorxs y cuenta de 720 pg.) es publicado por el \u00c1rea de Publicaciones de la Facultad de Filosof\u00eda y Humanidades (UNC) y tiene por editor*s a Paula Ansaldo, Fwala-lo Marin, Leticia Paz Sena y Eugenio Schcolnicov.<\/p>\n","protected":false},"excerpt":{"rendered":"<p>La reflexi\u00f3n sobre la direcci\u00f3n teatral supone el desaf\u00edo de preguntarnos por las particularidades de una pr\u00e1ctica art\u00edstica compleja, en la que se cruzan y disputan concepciones en torno al oficio, convenciones, tradiciones y procedimientos. En el marco de los estudios teatrales, reconocemos una vasta producci\u00f3n de conocimiento espec\u00edfico sobre la direcci\u00f3n teatral centrado en po\u00e9ticas particulares o en la dimensi\u00f3n biogr\u00e1fica de quien asume el rol, de manera tal que es posible identificar y ahondar en abordajes enfocados en <em>lo que lxs directorxs hacen<\/em>. Este libro busca adem\u00e1s, y especialmente, reunir indagaciones que pongan el acento en <em>lo que la direcci\u00f3n hace<\/em>, es decir, que problematicen y construyan categor\u00edas capaces de describir y poner en tensi\u00f3n las singularidades de la pr\u00e1ctica de la direcci\u00f3n esc\u00e9nica y se interroguen por los modos de aproximaci\u00f3n a su estudio. As\u00ed, este libro se concibe como territorio de cruce de diferentes l\u00edneas de trabajo y se propone el objetivo de fortalecer el campo del pensamiento sobre la especificidad de la direcci\u00f3n teatral.<\/p>\n","protected":false},"featured_media":1044,"comment_status":"closed","ping_status":"closed","template":"","meta":{"_acf_changed":false,"colormag_page_container_layout":"default_layout","colormag_page_sidebar_layout":"default_layout"},"product_brand":[],"product_cat":[30,31,27],"product_tag":[1106],"autor":[246,265,242,244,243,248,268,254,255,233,237,260,230,263,256,240,271,262,257,220,239,236,249,228,264,222,258,234,267,241,227,235,251,261,259,226,252,225,231,229,253,266,238,232,270,224,245,223,269,272,250,221,247],"editor":[],"traductor":[],"compilador":[276,274,275,273],"coordinador":[],"director":[],"class_list":{"0":"post-1055","1":"product","2":"type-product","3":"status-publish","4":"has-post-thumbnail","6":"product_cat-ciffyh","7":"product_cat-colecciones-del-ciffyh","8":"product_cat-publicaciones-de-investigacion","9":"product_tag-ciencias-sociales","10":"autor-agustina-soler","11":"autor-aldo-ruben-pricco","12":"autor-ana-alvarado","13":"autor-ana-victoria-jimenez-contreras","14":"autor-analia-fedra-garcia","15":"autor-andreza-de-l-alves","16":"autor-bettina-girotti","17":"autor-carla-pessolano","18":"autor-carlos-perez-pinon","19":"autor-casandra-boldor","20":"autor-daiana-gonzalez","21":"autor-daniela-martin","22":"autor-erika-vivianatellez-sanchez","23":"autor-fwala-lo-marin","24":"autor-gabriela-aguirre","25":"autor-gisela-pellegrini","26":"autor-gustavo-moscona","27":"autor-jazmin-sequeira","28":"autor-jose-luis-britos","29":"autor-josue-eli-almanza","30":"autor-laura-mogliani","31":"autor-laura-valeria-cozzo","32":"autor-leilen-araudo","33":"autor-leticia-paz-sena","34":"autor-lia-noguera","35":"autor-lorena-ballestrero","36":"autor-lucia-dzienczarski","37":"autor-luis-caceres-carrasco","38":"autor-luis-fabiano-de-oliveira","39":"autor-manuel-rivadeneira","40":"autor-maria-elena-nemi","41":"autor-maria-guadalupe-carpinteyro-lara","42":"autor-maria-jose-medina","43":"autor-maria-palacios","44":"autor-maria-paula-delprato","45":"autor-maria-veronica-manzone","46":"autor-maria-veronica-mendieta","47":"autor-mariana-gardey","48":"autor-mariano-nicolas-zucchi","49":"autor-mariano-saba","50":"autor-mario-alberto-palasi","51":"autor-martin-rodriguez","52":"autor-natacha-koss","53":"autor-paula-ansaldo","54":"autor-ramiro-guggiari","55":"autor-rocio-c-fernandez","56":"autor-roman-podolsky","57":"autor-sebastian-carez-lorca","58":"autor-talma-salem","59":"autor-tatiana-sandoval-gutierrez","60":"autor-valeria-folini","61":"autor-valeria-victoria-araya","62":"autor-veronica-aguada-bertea","63":"compilador-eugenio-schcolnicov","64":"compilador-fwala-lo-marin","65":"compilador-leticia-paz-sena","66":"compilador-paula-ansaldo","68":"first","69":"instock","70":"shipping-taxable","71":"product-type-external"},"acf":[],"_links":{"self":[{"href":"https:\/\/ffyh.unc.edu.ar\/publicaciones\/wp-json\/wp\/v2\/product\/1055","targetHints":{"allow":["GET"]}}],"collection":[{"href":"https:\/\/ffyh.unc.edu.ar\/publicaciones\/wp-json\/wp\/v2\/product"}],"about":[{"href":"https:\/\/ffyh.unc.edu.ar\/publicaciones\/wp-json\/wp\/v2\/types\/product"}],"replies":[{"embeddable":true,"href":"https:\/\/ffyh.unc.edu.ar\/publicaciones\/wp-json\/wp\/v2\/comments?post=1055"}],"wp:featuredmedia":[{"embeddable":true,"href":"https:\/\/ffyh.unc.edu.ar\/publicaciones\/wp-json\/wp\/v2\/media\/1044"}],"wp:attachment":[{"href":"https:\/\/ffyh.unc.edu.ar\/publicaciones\/wp-json\/wp\/v2\/media?parent=1055"}],"wp:term":[{"taxonomy":"product_brand","embeddable":true,"href":"https:\/\/ffyh.unc.edu.ar\/publicaciones\/wp-json\/wp\/v2\/product_brand?post=1055"},{"taxonomy":"product_cat","embeddable":true,"href":"https:\/\/ffyh.unc.edu.ar\/publicaciones\/wp-json\/wp\/v2\/product_cat?post=1055"},{"taxonomy":"product_tag","embeddable":true,"href":"https:\/\/ffyh.unc.edu.ar\/publicaciones\/wp-json\/wp\/v2\/product_tag?post=1055"},{"taxonomy":"autor","embeddable":true,"href":"https:\/\/ffyh.unc.edu.ar\/publicaciones\/wp-json\/wp\/v2\/autor?post=1055"},{"taxonomy":"editor","embeddable":true,"href":"https:\/\/ffyh.unc.edu.ar\/publicaciones\/wp-json\/wp\/v2\/editor?post=1055"},{"taxonomy":"traductor","embeddable":true,"href":"https:\/\/ffyh.unc.edu.ar\/publicaciones\/wp-json\/wp\/v2\/traductor?post=1055"},{"taxonomy":"compilador","embeddable":true,"href":"https:\/\/ffyh.unc.edu.ar\/publicaciones\/wp-json\/wp\/v2\/compilador?post=1055"},{"taxonomy":"coordinador","embeddable":true,"href":"https:\/\/ffyh.unc.edu.ar\/publicaciones\/wp-json\/wp\/v2\/coordinador?post=1055"},{"taxonomy":"director","embeddable":true,"href":"https:\/\/ffyh.unc.edu.ar\/publicaciones\/wp-json\/wp\/v2\/director?post=1055"}],"curies":[{"name":"wp","href":"https:\/\/api.w.org\/{rel}","templated":true}]}}