{"id":1058,"date":"2021-10-18T23:25:03","date_gmt":"2021-10-19T02:25:03","guid":{"rendered":"https:\/\/ffyh.unc.edu.ar\/publicaciones\/?post_type=product&#038;p=1058"},"modified":"2021-12-14T20:26:51","modified_gmt":"2021-12-14T23:26:51","slug":"imaginar-hacer-ficciones-teoricas-para-la-literatura-y-las-artes-contemporaneas","status":"publish","type":"product","link":"https:\/\/ffyh.unc.edu.ar\/publicaciones\/tienda\/publicaciones-de-investigacion\/ciffyh\/colecciones-del-ciffyh\/imaginar-hacer-ficciones-teoricas-para-la-literatura-y-las-artes-contemporaneas\/","title":{"rendered":"Imaginar\/hacer. Ficciones te\u00f3ricas para la literatura y las artes contempor\u00e1neas"},"content":{"rendered":"<p>El equipo de investigaci\u00f3n \u201cPerspectivas materialistas: un abordaje cr\u00edtico de escrituras contempor\u00e1neas\u201d dirigido por Gabriela Milone y radicado en el \u00c1rea de Letras del Centro de Investigaciones Mar\u00eda Saleme de Burnichon (FFyH-UNC) lleva casi diez a\u00f1os de trabajo ininterrumpido en la indagaci\u00f3n de problemas concernientes a escrituras contempor\u00e1neas (mayormente argentinas y latinoamericanas), enfoc\u00e1ndose especialmente en la reflexi\u00f3n y configuraci\u00f3n de herramientas te\u00f3ricas y metodol\u00f3gicas provenientes de la filosof\u00eda y la est\u00e9tica contempor\u00e1neas. En ese marco surge la pregunta por las ficciones\/fricciones, que dicho equipo llev\u00f3 a las aulas en un curso de posgrado titulado \u201cImaginar, hacer. Ficciones y fricciones te\u00f3rico-cr\u00edticas de la literatura y las artes contempor\u00e1neas\u201d, desarrollado en la UNC a fines de noviembre de 2018.<\/p>\n<p>\u201cImaginar\/hacer. Ficciones te\u00f3ricas para la literatura y las artes contempor\u00e1neas\u201d es el resultado de la discusi\u00f3n de esta propuesta, en la continua escucha y di\u00e1logo que no hace m\u00e1s que acrecentar la potencia imaginativa del trabajo en com\u00fan. Espec\u00edficamente, la publicaci\u00f3n busca problematizar posibles relaciones entre el imaginar y el hacer que pongan en cuesti\u00f3n las representaciones de la\/s lengua\/s, la\/s escritura\/s, la\/s temporalidad\/s, la\/s historia\/s, lo com\u00fan en el cambio de siglo. De este modo, busca reflexionar sobre un singular hacer cr\u00edtico contempor\u00e1neo, situado en el entre de la\/s teor\u00eda\/s y la\/s ficci\u00f3n\/es, que apuesta por modos de imaginar y de hacer que emergen de las est\u00e9ticas contempor\u00e1neas. En sus p\u00e1ginas lxs autorxs establecen un marco reflexivo con nociones provenientes de la teor\u00eda, la cr\u00edtica y la filosof\u00eda contempor\u00e1neas, con el objetivo de configurar una categor\u00eda que resulta por dem\u00e1s operativa: la ficci\u00f3n te\u00f3rica.<\/p>\n<p>El libro fue editado por Gabriela Milone, Franca Maccioni y Silvana Santucci y forma parte de las Colecciones del CIFFyH, una iniciativa del Centro de Investigaciones Mar\u00eda Saleme de Burnich\u00f3n (FFyH) en vinculaci\u00f3n con el \u00c1rea de Publicaciones de la FFyH que busca fortalecer la producci\u00f3n y difusi\u00f3n del trabajo de los grupos de investigaci\u00f3n del Centro, fomentar la participaci\u00f3n en la producci\u00f3n y circulaci\u00f3n del conocimiento de estudiantes, egresados\/as y docentes, y generar espacios institucionales que habiliten dicha circulaci\u00f3n.<\/p>\n","protected":false},"excerpt":{"rendered":"<p>El libro \u201cImaginar\/hacer. Ficciones te\u00f3ricas para la literatura y las artes contempor\u00e1neas\u201d busca problematizar posibles relaciones entre el imaginar y el hacer que pongan en cuesti\u00f3n las representaciones de la\/s lengua\/s, la\/s escritura\/s, la\/s temporalidad\/s, la\/s historia\/s, lo com\u00fan en el cambio de siglo. Adem\u00e1s, busca reflexionar sobre un singular hacer cr\u00edtico contempor\u00e1neo, situado en el entre de la\/s teor\u00eda\/s y la\/s ficci\u00f3n\/es, que apuesta por modos de imaginar y de hacer que emergen de las est\u00e9ticas contempor\u00e1neas. En sus p\u00e1ginas lxs autorxs buscan configurar un marco reflexivo con nociones provenientes de la teor\u00eda, la cr\u00edtica y la filosof\u00eda contempor\u00e1neas, con el objetivo de configurar una categor\u00eda que resulta por dem\u00e1s operativa: la ficci\u00f3n te\u00f3rica.<\/p>\n<p>La publicaci\u00f3n re\u00fane producciones colectivas y originales derivadas del trabajo realizado durante el periodo espec\u00edfico de 2018-2019 por el equipo de investigaci\u00f3n \u201cPerspectivas materialistas: un abordaje cr\u00edtico de escrituras contempor\u00e1neas\u201d dirigido por Gabriela Milone y radicado en el Centro de Investigaciones Mar\u00eda Saleme de Burnichon (FFyH\/UNC), tanto en el espacio docente de posgrado y grado cuanto en eventos cient\u00edficos e intercambios interdisciplinarios con otrxs investigadorxs.<\/p>\n","protected":false},"featured_media":1045,"comment_status":"closed","ping_status":"closed","template":"","meta":{"_acf_changed":false,"colormag_page_container_layout":"default_layout","colormag_page_sidebar_layout":"default_layout"},"product_brand":[],"product_cat":[30,31,27],"product_tag":[1188,1187,1181],"autor":[280,287,284,285,278,277,282,281,286,283,279],"editor":[289,288,290],"traductor":[],"compilador":[],"coordinador":[],"director":[],"class_list":{"0":"post-1058","1":"product","2":"type-product","3":"status-publish","4":"has-post-thumbnail","6":"product_cat-ciffyh","7":"product_cat-colecciones-del-ciffyh","8":"product_cat-publicaciones-de-investigacion","9":"product_tag-artes-contemporaneas","10":"product_tag-ficcion-teorica","11":"product_tag-literatura","12":"autor-adriana-canseco","13":"autor-ana-levstein","14":"autor-ana-neuburger","15":"autor-belisario-zalazar","16":"autor-franca-maccioni","17":"autor-gabriela-milone","18":"autor-julia-jorge","19":"autor-julieta-cuervo","20":"autor-milagros-gonzalez","21":"autor-paula-la-rocca","22":"autor-silvana-santucci","23":"editor-franca-maccioni","24":"editor-gabriela-milone","25":"editor-silvana-santucci","27":"first","28":"instock","29":"shipping-taxable","30":"product-type-external"},"acf":[],"_links":{"self":[{"href":"https:\/\/ffyh.unc.edu.ar\/publicaciones\/wp-json\/wp\/v2\/product\/1058","targetHints":{"allow":["GET"]}}],"collection":[{"href":"https:\/\/ffyh.unc.edu.ar\/publicaciones\/wp-json\/wp\/v2\/product"}],"about":[{"href":"https:\/\/ffyh.unc.edu.ar\/publicaciones\/wp-json\/wp\/v2\/types\/product"}],"replies":[{"embeddable":true,"href":"https:\/\/ffyh.unc.edu.ar\/publicaciones\/wp-json\/wp\/v2\/comments?post=1058"}],"wp:featuredmedia":[{"embeddable":true,"href":"https:\/\/ffyh.unc.edu.ar\/publicaciones\/wp-json\/wp\/v2\/media\/1045"}],"wp:attachment":[{"href":"https:\/\/ffyh.unc.edu.ar\/publicaciones\/wp-json\/wp\/v2\/media?parent=1058"}],"wp:term":[{"taxonomy":"product_brand","embeddable":true,"href":"https:\/\/ffyh.unc.edu.ar\/publicaciones\/wp-json\/wp\/v2\/product_brand?post=1058"},{"taxonomy":"product_cat","embeddable":true,"href":"https:\/\/ffyh.unc.edu.ar\/publicaciones\/wp-json\/wp\/v2\/product_cat?post=1058"},{"taxonomy":"product_tag","embeddable":true,"href":"https:\/\/ffyh.unc.edu.ar\/publicaciones\/wp-json\/wp\/v2\/product_tag?post=1058"},{"taxonomy":"autor","embeddable":true,"href":"https:\/\/ffyh.unc.edu.ar\/publicaciones\/wp-json\/wp\/v2\/autor?post=1058"},{"taxonomy":"editor","embeddable":true,"href":"https:\/\/ffyh.unc.edu.ar\/publicaciones\/wp-json\/wp\/v2\/editor?post=1058"},{"taxonomy":"traductor","embeddable":true,"href":"https:\/\/ffyh.unc.edu.ar\/publicaciones\/wp-json\/wp\/v2\/traductor?post=1058"},{"taxonomy":"compilador","embeddable":true,"href":"https:\/\/ffyh.unc.edu.ar\/publicaciones\/wp-json\/wp\/v2\/compilador?post=1058"},{"taxonomy":"coordinador","embeddable":true,"href":"https:\/\/ffyh.unc.edu.ar\/publicaciones\/wp-json\/wp\/v2\/coordinador?post=1058"},{"taxonomy":"director","embeddable":true,"href":"https:\/\/ffyh.unc.edu.ar\/publicaciones\/wp-json\/wp\/v2\/director?post=1058"}],"curies":[{"name":"wp","href":"https:\/\/api.w.org\/{rel}","templated":true}]}}