{"id":1068,"date":"2021-10-19T00:26:27","date_gmt":"2021-10-19T03:26:27","guid":{"rendered":"https:\/\/ffyh.unc.edu.ar\/publicaciones\/?post_type=product&#038;p=1068"},"modified":"2021-12-14T20:56:18","modified_gmt":"2021-12-14T23:56:18","slug":"poesia-mapuche-contemporanea-identidad-comunidad-y-cuerpo","status":"publish","type":"product","link":"https:\/\/ffyh.unc.edu.ar\/publicaciones\/tienda\/publicaciones-de-investigacion\/seicyt-posgrado\/tesis\/poesia-mapuche-contemporanea-identidad-comunidad-y-cuerpo\/","title":{"rendered":"Poes\u00eda mapuche contempor\u00e1nea: identidad, comunidad y cuerpo"},"content":{"rendered":"<p>La Secretar\u00eda de Investigaci\u00f3n, Ciencia y T\u00e9cnica y la Secretar\u00eda de Posgrado de la FFyH publican, en acceso abierto, el\u00a0<b>Ebook<\/b>\u00a0<b>\u201cPoes\u00eda mapuche contempor\u00e1nea: identidad, comunidad y cuerpo\u201d<\/b>, de Mar\u00eda Fernanda Libro.<\/p>\n<p>La investigaci\u00f3n que aqu\u00ed se presenta toma como objeto de estudio una de las producciones est\u00e9ticas m\u00e1s llamativas de la literatura latinoamericana reciente: la poes\u00eda mapuche. La irrupci\u00f3n de estas escrituras en el campo literario, principalmente desde los a\u00f1os 1990, requiere una ampliaci\u00f3n de las indagaciones culturales en general, y de la cr\u00edtica literaria en particular, a partir de la emergencia de una voz hasta entonces confinada al lugar de referente de la literatura indigenista.<\/p>\n<p>Mar\u00eda Fernanda Libro es Licenciada en Letras Modernas por la Facultad de Filosof\u00eda y Humanidades (UNC) y Doctora en Letras, por la misma casa de estudios. Fue becaria doctoral del CONICET (2016-2021), con el proyecto \u201cLa experiencia partida: trazos po\u00e9ticos en la escritura mapuche contempor\u00e1nea\u201d, investigaci\u00f3n radicada en el CIFFyH. Desde 2010 ha integrado ininterrumpidamente proyectos de investigaci\u00f3n vinculados a las escrituras latinoamericanas recientes.<\/p>\n","protected":false},"excerpt":{"rendered":"<p>Este e-book toma como objeto de estudio una de las producciones est\u00e9ticas m\u00e1s llamativas de la literatura latinoamericana reciente: la poes\u00eda mapuche. La irrupci\u00f3n de estas escrituras en el campo literario, principalmente desde los a\u00f1os 1990, requiere una ampliaci\u00f3n de las indagaciones culturales en general, y de la cr\u00edtica literaria en particular, a partir de la emergencia de una voz hasta entonces confinada al lugar de referente de la literatura indigenista.<\/p>\n","protected":false},"featured_media":1071,"comment_status":"closed","ping_status":"closed","template":"","meta":{"_acf_changed":false,"colormag_page_container_layout":"default_layout","colormag_page_sidebar_layout":"default_layout"},"product_brand":[],"product_cat":[27,36,37],"product_tag":[1183,1182],"autor":[320],"editor":[],"traductor":[],"compilador":[],"coordinador":[],"director":[],"class_list":{"0":"post-1068","1":"product","2":"type-product","3":"status-publish","4":"has-post-thumbnail","6":"product_cat-publicaciones-de-investigacion","7":"product_cat-seicyt-posgrado","8":"product_cat-tesis","9":"product_tag-critica-literaria","10":"product_tag-literatura-latinoamericana","11":"autor-maria-fernanda-libro","13":"first","14":"instock","15":"shipping-taxable","16":"product-type-external"},"acf":[],"_links":{"self":[{"href":"https:\/\/ffyh.unc.edu.ar\/publicaciones\/wp-json\/wp\/v2\/product\/1068","targetHints":{"allow":["GET"]}}],"collection":[{"href":"https:\/\/ffyh.unc.edu.ar\/publicaciones\/wp-json\/wp\/v2\/product"}],"about":[{"href":"https:\/\/ffyh.unc.edu.ar\/publicaciones\/wp-json\/wp\/v2\/types\/product"}],"replies":[{"embeddable":true,"href":"https:\/\/ffyh.unc.edu.ar\/publicaciones\/wp-json\/wp\/v2\/comments?post=1068"}],"wp:featuredmedia":[{"embeddable":true,"href":"https:\/\/ffyh.unc.edu.ar\/publicaciones\/wp-json\/wp\/v2\/media\/1071"}],"wp:attachment":[{"href":"https:\/\/ffyh.unc.edu.ar\/publicaciones\/wp-json\/wp\/v2\/media?parent=1068"}],"wp:term":[{"taxonomy":"product_brand","embeddable":true,"href":"https:\/\/ffyh.unc.edu.ar\/publicaciones\/wp-json\/wp\/v2\/product_brand?post=1068"},{"taxonomy":"product_cat","embeddable":true,"href":"https:\/\/ffyh.unc.edu.ar\/publicaciones\/wp-json\/wp\/v2\/product_cat?post=1068"},{"taxonomy":"product_tag","embeddable":true,"href":"https:\/\/ffyh.unc.edu.ar\/publicaciones\/wp-json\/wp\/v2\/product_tag?post=1068"},{"taxonomy":"autor","embeddable":true,"href":"https:\/\/ffyh.unc.edu.ar\/publicaciones\/wp-json\/wp\/v2\/autor?post=1068"},{"taxonomy":"editor","embeddable":true,"href":"https:\/\/ffyh.unc.edu.ar\/publicaciones\/wp-json\/wp\/v2\/editor?post=1068"},{"taxonomy":"traductor","embeddable":true,"href":"https:\/\/ffyh.unc.edu.ar\/publicaciones\/wp-json\/wp\/v2\/traductor?post=1068"},{"taxonomy":"compilador","embeddable":true,"href":"https:\/\/ffyh.unc.edu.ar\/publicaciones\/wp-json\/wp\/v2\/compilador?post=1068"},{"taxonomy":"coordinador","embeddable":true,"href":"https:\/\/ffyh.unc.edu.ar\/publicaciones\/wp-json\/wp\/v2\/coordinador?post=1068"},{"taxonomy":"director","embeddable":true,"href":"https:\/\/ffyh.unc.edu.ar\/publicaciones\/wp-json\/wp\/v2\/director?post=1068"}],"curies":[{"name":"wp","href":"https:\/\/api.w.org\/{rel}","templated":true}]}}