{"id":1088,"date":"2020-10-19T00:59:50","date_gmt":"2020-10-19T03:59:50","guid":{"rendered":"https:\/\/ffyh.unc.edu.ar\/publicaciones\/?post_type=product&#038;p=1088"},"modified":"2022-07-07T15:41:30","modified_gmt":"2022-07-07T18:41:30","slug":"redes-intelectuales-entre-provincias-argentinas-seleccion-de-correspondencia-de-andres-figueroa-santiago-del-estero-y-monsenor-pablo-cabrera-cordoba","status":"publish","type":"product","link":"https:\/\/ffyh.unc.edu.ar\/publicaciones\/tienda\/publicaciones-de-investigacion\/redes-intelectuales-entre-provincias-argentinas-seleccion-de-correspondencia-de-andres-figueroa-santiago-del-estero-y-monsenor-pablo-cabrera-cordoba\/","title":{"rendered":"Redes Intelectuales entre provincias argentinas: Selecci\u00f3n de correspondencia de Andr\u00e9s Figueroa (Santiago del Estero) y Monse\u00f1or Pablo Cabrera (C\u00f3rdoba)"},"content":{"rendered":"<p>\u00abRedes Intelectuales entre provincias argentinas: Selecci\u00f3n de correspondencia de Andr\u00e9s Figueroa (Santiago del Estero) y Monse\u00f1or Pablo Cabrera (C\u00f3rdoba)\u00bb es el libro digital de Denise Reyna Berrotar\u00e1n (UNC) y H\u00e9ctor Daniel Guzm\u00e1n Alcaraz (UNSE), editado por el \u00c1rea de Publicaciones de Facultad de Filosof\u00eda y Humanidades y la Universidad Nacional de Santiago del Estero.<\/p>\n<p>\u00abLograr un trabajo de esta envergadura implic\u00f3 la participaci\u00f3n de m\u00faltiples personas, lecturas y perspectivas que fueron enriqueciendo este primer acercamiento a v\u00ednculos entre provincias y la formaci\u00f3n de redes intelectuales\u00bb, dicen lxs historiadorxs Denise Reyna Berrotar\u00e1n, de la Universidad Nacional de C\u00f3rdoba y H\u00e9ctor Daniel Guzm\u00e1n Alcaraz, de la Universidad Nacional de Santiago del Estero, autorxs de la publicaci\u00f3n.<\/p>\n<p>El libro se enmarca en los proyectos de investigaci\u00f3n \u00abUsos del pasado en la Argentina Contempor\u00e1nea: Territorios de la Historia, la pol\u00edtica y la memoria\u00bb, dirigido por la Dra. Marta Philp y codirigido por el Dr. Eduardo Escudero, radicado en el Centro de Investigaciones de la Facultad de Filosof\u00eda y Humanidades de la Universidad Nacional de C\u00f3rdoba, y el proyecto \u00abHistoria de las Ideas en el Noroeste Argentino\u00bb, dirigido por el Dr. Gustavo Carreras, en la Universidad Nacional de Santiago del Estero.<\/p>\n<p>\u00bfQu\u00e9 encontrar\u00e1 un\/a lector\/a en estas huellas documentales? \u00bfQu\u00e9 preguntas guiaron esta selecci\u00f3n de correspondencia?\u00bb, se pregunta Marta Philp en el pr\u00f3logo. \u00abEstos interrogantes nos remiten a momentos claves en la construcci\u00f3n del conocimiento hist\u00f3rico, al punto de partida de toda investigaci\u00f3n. Tanto Daniel Guzm\u00e1n Alcaraz como Denise Reyna Berrotar\u00e1n formularon interrogantes que intentaban responder a trav\u00e9s de estos documentos\u00bb.<br \/>\nPara eso, Guzm\u00e1n se focaliz\u00f3 en la figura de Andr\u00e9s Figueroa y Reyna Berrotar\u00e1n en los documentos del monse\u00f1or Pablo Cabrera, que se encuentran en la Biblioteca Elma Kholmeyer de Estrabou de la FFyH. \u00abLa noci\u00f3n de red resulta \u00fatil para reconstruir las relaciones de intelectuales como Figueroa y Cabrera con pol\u00edticos, pares de otras provincias y organizaciones que no se focalizaban en la investigaci\u00f3n hist\u00f3rica sino de otra \u00edndole. Las cartas, los viajes, las revistas y los diarios crearon y le dieron forma a la red americanista en los a\u00f1os veinte y treinta\u00bb, se\u00f1alan lxs autorxs.<\/p>\n<p><strong>\u00a0<\/strong><\/p>\n","protected":false},"excerpt":{"rendered":"<p>\u00abRedes Intelectuales entre provincias argentinas: Selecci\u00f3n de correspondencia de Andr\u00e9s Figueroa (Santiago del Estero) y Monse\u00f1or Pablo Cabrera (C\u00f3rdoba)\u00bb es un libro digital publicado por la Universidad Nacional de Santiago del Estero y el \u00c1rea de Publicaciones de Facultad de Filosof\u00eda y Humanidades (UNC). Sus autorxs son Denise Reyna Berrotar\u00e1n (UNC) y H\u00e9ctor Daniel Guzm\u00e1n Alcaraz (UNSE),<\/p>\n","protected":false},"featured_media":82,"comment_status":"closed","ping_status":"closed","template":"","meta":{"_acf_changed":false,"colormag_page_container_layout":"default_layout","colormag_page_sidebar_layout":"default_layout"},"product_brand":[],"product_cat":[27],"product_tag":[1106,1204,1105],"autor":[323,324],"editor":[],"traductor":[],"compilador":[],"coordinador":[],"director":[],"class_list":{"0":"post-1088","1":"product","2":"type-product","3":"status-publish","4":"has-post-thumbnail","6":"product_cat-publicaciones-de-investigacion","7":"product_tag-ciencias-sociales","8":"product_tag-estudios-culturales","9":"product_tag-historia","10":"autor-denise-reyna-berrotaran","11":"autor-hector-daniel-guzman-alcaraz","13":"first","14":"instock","15":"shipping-taxable","16":"product-type-external"},"acf":[],"_links":{"self":[{"href":"https:\/\/ffyh.unc.edu.ar\/publicaciones\/wp-json\/wp\/v2\/product\/1088","targetHints":{"allow":["GET"]}}],"collection":[{"href":"https:\/\/ffyh.unc.edu.ar\/publicaciones\/wp-json\/wp\/v2\/product"}],"about":[{"href":"https:\/\/ffyh.unc.edu.ar\/publicaciones\/wp-json\/wp\/v2\/types\/product"}],"replies":[{"embeddable":true,"href":"https:\/\/ffyh.unc.edu.ar\/publicaciones\/wp-json\/wp\/v2\/comments?post=1088"}],"wp:featuredmedia":[{"embeddable":true,"href":"https:\/\/ffyh.unc.edu.ar\/publicaciones\/wp-json\/wp\/v2\/media\/82"}],"wp:attachment":[{"href":"https:\/\/ffyh.unc.edu.ar\/publicaciones\/wp-json\/wp\/v2\/media?parent=1088"}],"wp:term":[{"taxonomy":"product_brand","embeddable":true,"href":"https:\/\/ffyh.unc.edu.ar\/publicaciones\/wp-json\/wp\/v2\/product_brand?post=1088"},{"taxonomy":"product_cat","embeddable":true,"href":"https:\/\/ffyh.unc.edu.ar\/publicaciones\/wp-json\/wp\/v2\/product_cat?post=1088"},{"taxonomy":"product_tag","embeddable":true,"href":"https:\/\/ffyh.unc.edu.ar\/publicaciones\/wp-json\/wp\/v2\/product_tag?post=1088"},{"taxonomy":"autor","embeddable":true,"href":"https:\/\/ffyh.unc.edu.ar\/publicaciones\/wp-json\/wp\/v2\/autor?post=1088"},{"taxonomy":"editor","embeddable":true,"href":"https:\/\/ffyh.unc.edu.ar\/publicaciones\/wp-json\/wp\/v2\/editor?post=1088"},{"taxonomy":"traductor","embeddable":true,"href":"https:\/\/ffyh.unc.edu.ar\/publicaciones\/wp-json\/wp\/v2\/traductor?post=1088"},{"taxonomy":"compilador","embeddable":true,"href":"https:\/\/ffyh.unc.edu.ar\/publicaciones\/wp-json\/wp\/v2\/compilador?post=1088"},{"taxonomy":"coordinador","embeddable":true,"href":"https:\/\/ffyh.unc.edu.ar\/publicaciones\/wp-json\/wp\/v2\/coordinador?post=1088"},{"taxonomy":"director","embeddable":true,"href":"https:\/\/ffyh.unc.edu.ar\/publicaciones\/wp-json\/wp\/v2\/director?post=1088"}],"curies":[{"name":"wp","href":"https:\/\/api.w.org\/{rel}","templated":true}]}}