{"id":1092,"date":"2019-10-19T01:17:35","date_gmt":"2019-10-19T04:17:35","guid":{"rendered":"https:\/\/ffyh.unc.edu.ar\/publicaciones\/?post_type=product&#038;p=1092"},"modified":"2024-02-21T11:51:55","modified_gmt":"2024-02-21T14:51:55","slug":"inventario-la-biblioteca-de-deodoro-roca-en-la-facultad-de-filosofia-y-humanidades","status":"publish","type":"product","link":"https:\/\/ffyh.unc.edu.ar\/publicaciones\/tienda\/publicaciones-de-la-editorial-de-la-ffyh\/inventario-la-biblioteca-de-deodoro-roca-en-la-facultad-de-filosofia-y-humanidades\/","title":{"rendered":"La biblioteca de Deodoro Roca en la Facultad de Filosof\u00eda y Humanidades. Inventario."},"content":{"rendered":"<p>\u00abLa biblioteca de Deodoro Roca en la Facultad de Filosof\u00eda y Humanidades. Inventario\u201d es una descripci\u00f3n del cat\u00e1logo de la donaci\u00f3n realizada por la familia de Deodoro Roca, de la mayor parte de la biblioteca de este l\u00edder reformista.<\/p>\n<p>La donaci\u00f3n fue realizada por la familia de uno de los dos hijos de Deodoro, el abogado Marcelo Roca, y est\u00e1n al resguardo en la Biblioteca Elma K. de Estrabou.\u00a0Por su valor simb\u00f3lico, se trata de una de las bibliotecas m\u00e1s importantes de C\u00f3rdoba y su apertura a los investigadores, docentes y estudiantes de la UNC abre nuevos campos de investigaci\u00f3n sobre las vertientes ideol\u00f3gicas de la Reforma Universitaria en general y sobre la figura de Deodoro en particular. En ese sentido, permite establecer m\u00e1s precisamente la red intelectual en la que estaba inserto Deodoro, por ejemplo, por los libros de muchos otros intelectuales argentinos dedicados a \u00e9l, que se encuentran en el acervo bibliogr\u00e1fico.<\/p>\n<p>En este inventario se incluyen libros de literatura, arte, filosof\u00eda, pol\u00edtica y derecho. Con pr\u00f3logo de Diego Tati\u00e1n, se trata de una publicaci\u00f3n fundamental para conocer el legado intelectual y pol\u00edtico de quien fuera uno de los mayores intelectuales latinoamericanos y redactor del Manifiesto Liminar.<\/p>\n<p>&nbsp;<\/p>\n<p>&nbsp;<\/p>\n","protected":false},"excerpt":{"rendered":"<p>\u00abLa biblioteca de Deodoro Roca en la Facultad de Filosof\u00eda y Humanidades. Inventario\u201d es una descripci\u00f3n del cat\u00e1logo de la donaci\u00f3n realizada por la familia de Deodoro Roca, de la mayor parte de la biblioteca de este l\u00edder reformista. En este inventario se incluyen libros de literatura, arte, filosof\u00eda, pol\u00edtica y derecho. Con pr\u00f3logo de Diego Tati\u00e1n, se trata de una publicaci\u00f3n fundamental para conocer el legado intelectual y pol\u00edtico de quien fuera uno de los mayores intelectuales latinoamericanos y redactor del Manifiesto Liminar.<\/p>\n","protected":false},"featured_media":1635,"comment_status":"closed","ping_status":"closed","template":"","meta":{"_acf_changed":false,"colormag_page_container_layout":"default_layout","colormag_page_sidebar_layout":"default_layout"},"product_brand":[],"product_cat":[771],"product_tag":[1443,1445,1444],"autor":[],"editor":[326],"traductor":[],"compilador":[],"coordinador":[],"director":[],"class_list":{"0":"post-1092","1":"product","2":"type-product","3":"status-publish","4":"has-post-thumbnail","6":"product_cat-publicaciones-de-la-editorial-de-la-ffyh","7":"product_tag-deodoro-roca","8":"product_tag-inventario","9":"product_tag-reforma-universitaria","10":"editor-diego-garces","12":"first","13":"instock","14":"shipping-taxable","15":"purchasable","16":"product-type-simple"},"acf":[],"_links":{"self":[{"href":"https:\/\/ffyh.unc.edu.ar\/publicaciones\/wp-json\/wp\/v2\/product\/1092","targetHints":{"allow":["GET"]}}],"collection":[{"href":"https:\/\/ffyh.unc.edu.ar\/publicaciones\/wp-json\/wp\/v2\/product"}],"about":[{"href":"https:\/\/ffyh.unc.edu.ar\/publicaciones\/wp-json\/wp\/v2\/types\/product"}],"replies":[{"embeddable":true,"href":"https:\/\/ffyh.unc.edu.ar\/publicaciones\/wp-json\/wp\/v2\/comments?post=1092"}],"wp:featuredmedia":[{"embeddable":true,"href":"https:\/\/ffyh.unc.edu.ar\/publicaciones\/wp-json\/wp\/v2\/media\/1635"}],"wp:attachment":[{"href":"https:\/\/ffyh.unc.edu.ar\/publicaciones\/wp-json\/wp\/v2\/media?parent=1092"}],"wp:term":[{"taxonomy":"product_brand","embeddable":true,"href":"https:\/\/ffyh.unc.edu.ar\/publicaciones\/wp-json\/wp\/v2\/product_brand?post=1092"},{"taxonomy":"product_cat","embeddable":true,"href":"https:\/\/ffyh.unc.edu.ar\/publicaciones\/wp-json\/wp\/v2\/product_cat?post=1092"},{"taxonomy":"product_tag","embeddable":true,"href":"https:\/\/ffyh.unc.edu.ar\/publicaciones\/wp-json\/wp\/v2\/product_tag?post=1092"},{"taxonomy":"autor","embeddable":true,"href":"https:\/\/ffyh.unc.edu.ar\/publicaciones\/wp-json\/wp\/v2\/autor?post=1092"},{"taxonomy":"editor","embeddable":true,"href":"https:\/\/ffyh.unc.edu.ar\/publicaciones\/wp-json\/wp\/v2\/editor?post=1092"},{"taxonomy":"traductor","embeddable":true,"href":"https:\/\/ffyh.unc.edu.ar\/publicaciones\/wp-json\/wp\/v2\/traductor?post=1092"},{"taxonomy":"compilador","embeddable":true,"href":"https:\/\/ffyh.unc.edu.ar\/publicaciones\/wp-json\/wp\/v2\/compilador?post=1092"},{"taxonomy":"coordinador","embeddable":true,"href":"https:\/\/ffyh.unc.edu.ar\/publicaciones\/wp-json\/wp\/v2\/coordinador?post=1092"},{"taxonomy":"director","embeddable":true,"href":"https:\/\/ffyh.unc.edu.ar\/publicaciones\/wp-json\/wp\/v2\/director?post=1092"}],"curies":[{"name":"wp","href":"https:\/\/api.w.org\/{rel}","templated":true}]}}