{"id":1094,"date":"2018-10-19T01:22:22","date_gmt":"2018-10-19T04:22:22","guid":{"rendered":"https:\/\/ffyh.unc.edu.ar\/publicaciones\/?post_type=product&#038;p=1094"},"modified":"2024-02-21T11:56:09","modified_gmt":"2024-02-21T14:56:09","slug":"paris-68-las-escrituras-el-recuerdo-y-el-olvido","status":"publish","type":"product","link":"https:\/\/ffyh.unc.edu.ar\/publicaciones\/tienda\/publicaciones-de-la-editorial-de-la-ffyh\/paris-68-las-escrituras-el-recuerdo-y-el-olvido\/","title":{"rendered":"Par\u00eds 68. Las escrituras, el recuerdo y el olvido"},"content":{"rendered":"<p>Nicol\u00e1s Casullo (1944-2008) fue uno de los intelectuales de mayor compromiso pol\u00edtico de nuestro pa\u00eds. Fue periodista, militante peronista, investigador y docente universitario y novelista (<em>Para hacer el amor en los parques, El frutero de los ojos radiantes, La c\u00e1tedra, Orificio<\/em>).<\/p>\n<p><em>Par\u00eds 68. Las escrituras, el recuerdo y el olvido<\/em> fue publicado por primera vez por la editorial Manantial en 1998, a 30 a\u00f1os del Mayo Franc\u00e9s. Las preguntas, los temas, los rastros biogr\u00e1ficos, las escrituras que el autor revela, disecciona y explora en este libro resuenan con un vigor parad\u00f3jico, habiendo transcurrido tanta distancia y tiempo sobre el objeto del libro y los a\u00f1os de la escritura misma de ese texto.<\/p>\n<p>La reedici\u00f3n publicada por la FFyH (UNC) nos encontraba en el cincuentenario del Mayo franc\u00e9s, a la vez que tambi\u00e9n en la conmemoraci\u00f3n del centenario de la Reforma Universitaria de 1918, conexi\u00f3n que siempre se ha pensado y persiste en el imaginario de un an\u00e1lisis com\u00fan. Como los reformistas, Casullo fund\u00f3 y particip\u00f3 en muchos \u00f3rganos de discusi\u00f3n, cr\u00edtica y pensamiento sobre la realidad cultural,<br \/>\nsocial y pol\u00edtica: <em>Controversia<\/em> \u2013en su exilio en M\u00e9xico\u2013, <em>Unidos<\/em> \u2013en el proceso de renovaci\u00f3n del peronismo en los 80\u2013, <em>Pensamiento de los Confines<\/em> \u2013en los a\u00f1os 90\u2013 y el <em>Espacio Carta Abierta<\/em> \u2013en 2008, en medio de la disputa contra las corporaciones agroexportadoras y medi\u00e1ticas.<\/p>\n<p>Su voz cr\u00edtica, sus an\u00e1lisis de la cultura, su lectura vital de la realidad nacional, su registro de voces hist\u00f3ricas y pol\u00edticas, se extra\u00f1an acaso hoy m\u00e1s que nunca. Pero tambi\u00e9n extra\u00f1amos su experiencia militante y su calidez humana. Releer a este autor siempre es una oportunidad de asistir a su vigencia entre todos nosotros.<\/p>\n","protected":false},"excerpt":{"rendered":"<p>\u201cPar\u00eds 68. Las escrituras, el recuerdo y el olvido\u201d fue publicado por primera vez hace veinte a\u00f1os. En \u00e9l, la escritura de Nicol\u00e1s Casullo atraviesa distintos registros: los diarios escritos en Francia en mayo del 68 y la reconstrucci\u00f3n te\u00f3rica, social y pol\u00edtica del legado del Mayo Franc\u00e9s en la discusi\u00f3n de las humanidades y en la geopol\u00edtica mundial.<\/p>\n","protected":false},"featured_media":1643,"comment_status":"closed","ping_status":"closed","template":"","meta":{"_acf_changed":false,"colormag_page_container_layout":"default_layout","colormag_page_sidebar_layout":"default_layout"},"product_brand":[],"product_cat":[771,17],"product_tag":[1225,1224],"autor":[327],"editor":[],"traductor":[],"compilador":[],"coordinador":[],"director":[],"class_list":{"0":"post-1094","1":"product","2":"type-product","3":"status-publish","4":"has-post-thumbnail","6":"product_cat-publicaciones-de-la-editorial-de-la-ffyh","7":"product_cat-sin-categorizar","8":"product_tag-accion-politica","9":"product_tag-historia-social","10":"autor-nicolas-casullo","12":"first","13":"instock","14":"shipping-taxable","15":"purchasable","16":"product-type-simple"},"acf":[],"_links":{"self":[{"href":"https:\/\/ffyh.unc.edu.ar\/publicaciones\/wp-json\/wp\/v2\/product\/1094","targetHints":{"allow":["GET"]}}],"collection":[{"href":"https:\/\/ffyh.unc.edu.ar\/publicaciones\/wp-json\/wp\/v2\/product"}],"about":[{"href":"https:\/\/ffyh.unc.edu.ar\/publicaciones\/wp-json\/wp\/v2\/types\/product"}],"replies":[{"embeddable":true,"href":"https:\/\/ffyh.unc.edu.ar\/publicaciones\/wp-json\/wp\/v2\/comments?post=1094"}],"wp:featuredmedia":[{"embeddable":true,"href":"https:\/\/ffyh.unc.edu.ar\/publicaciones\/wp-json\/wp\/v2\/media\/1643"}],"wp:attachment":[{"href":"https:\/\/ffyh.unc.edu.ar\/publicaciones\/wp-json\/wp\/v2\/media?parent=1094"}],"wp:term":[{"taxonomy":"product_brand","embeddable":true,"href":"https:\/\/ffyh.unc.edu.ar\/publicaciones\/wp-json\/wp\/v2\/product_brand?post=1094"},{"taxonomy":"product_cat","embeddable":true,"href":"https:\/\/ffyh.unc.edu.ar\/publicaciones\/wp-json\/wp\/v2\/product_cat?post=1094"},{"taxonomy":"product_tag","embeddable":true,"href":"https:\/\/ffyh.unc.edu.ar\/publicaciones\/wp-json\/wp\/v2\/product_tag?post=1094"},{"taxonomy":"autor","embeddable":true,"href":"https:\/\/ffyh.unc.edu.ar\/publicaciones\/wp-json\/wp\/v2\/autor?post=1094"},{"taxonomy":"editor","embeddable":true,"href":"https:\/\/ffyh.unc.edu.ar\/publicaciones\/wp-json\/wp\/v2\/editor?post=1094"},{"taxonomy":"traductor","embeddable":true,"href":"https:\/\/ffyh.unc.edu.ar\/publicaciones\/wp-json\/wp\/v2\/traductor?post=1094"},{"taxonomy":"compilador","embeddable":true,"href":"https:\/\/ffyh.unc.edu.ar\/publicaciones\/wp-json\/wp\/v2\/compilador?post=1094"},{"taxonomy":"coordinador","embeddable":true,"href":"https:\/\/ffyh.unc.edu.ar\/publicaciones\/wp-json\/wp\/v2\/coordinador?post=1094"},{"taxonomy":"director","embeddable":true,"href":"https:\/\/ffyh.unc.edu.ar\/publicaciones\/wp-json\/wp\/v2\/director?post=1094"}],"curies":[{"name":"wp","href":"https:\/\/api.w.org\/{rel}","templated":true}]}}