{"id":1096,"date":"2019-10-19T01:25:30","date_gmt":"2019-10-19T04:25:30","guid":{"rendered":"https:\/\/ffyh.unc.edu.ar\/publicaciones\/?post_type=product&#038;p=1096"},"modified":"2024-02-21T11:44:06","modified_gmt":"2024-02-21T14:44:06","slug":"evita-la-militante-en-el-camarin","status":"publish","type":"product","link":"https:\/\/ffyh.unc.edu.ar\/publicaciones\/tienda\/publicaciones-de-la-editorial-de-la-ffyh\/evita-la-militante-en-el-camarin\/","title":{"rendered":"Evita, la militante en el camar\u00edn"},"content":{"rendered":"<p>\u201cEvita, la militante en el camar\u00edn\u201d es un libro publicado originalmente durante el exilio de Horacio Gonzalez en Brasil y fue editado por primera vez en castellano en 2019. En este libro, dedicado a la figura de Eva Duarte de Per\u00f3n, el autor enmascara su escrituras en una especie de diario en el que el \u201cghost writer\u201d de La <em>raz\u00f3n de mi vida<\/em> cuenta su versi\u00f3n de la historia. Una b\u00fasqueda ficcional temprana que retomar\u00eda el Gonzalez ensayista en su \u00faltima etapa como novelista.<\/p>\n<p>Como expresa Juan Manuel Ciucci en el sitio web www.lahaine.org \u00abcomo si fuera un diario personal de Manuel Penella de Silva, el &#8216;ghost writer&#8217; de <em>La raz\u00f3n de mi vida<\/em>, Gonz\u00e1lez enmascara su escritura para revelar los intersticios de la vida de aquella muchacha de Los Toldos que conquistar\u00eda no s\u00f3lo el poder en la Argentina, sino que cambiar\u00eda la fisonom\u00eda pol\u00edtica del pa\u00eds para siempre. Esa mascara que construye le permite orquestar un viaje inici\u00e1tico: el del autor fantasma que intentar\u00e1 develar el misterio llamado peronismo. Un buen punto para que tambi\u00e9n les lectores brasile\u00f1os (destinatarios iniciales de este trabajo) pudieran identificarse con el extranjero que intenta bucear en la cultura argentina para abarcar a esa mujer indescifrable, llamada Evita.\u00bb<\/p>\n<p>Esta publicaci\u00f3n de la Editorial de la Facultad de Filosof\u00eda y Humanidades (UNC) culmina con una rese\u00f1a in\u00e9dita sobre el libro escrita por N\u00e9stor Perlongher publicada originalmente en <em>Leia Livros<\/em> en abril de 1983.<\/p>\n","protected":false},"excerpt":{"rendered":"<p>\u201cEvita, la militante en el camar\u00edn\u201d fue publicado por Horacio Gonz\u00e1lez durante su exilio en Brasil, originariamente en portugu\u00e9s. Ahora se traduce por primera vez al castellano. Entre la ficci\u00f3n y el testimonio, y a partir de los relatos de distintas personas, en sus p\u00e1ginas se reconstruyen momentos de la vida y del legado social, pol\u00edtico y de g\u00e9nero dejado por Evita a la posteridad.<\/p>\n","protected":false},"featured_media":1653,"comment_status":"closed","ping_status":"closed","template":"","meta":{"_acf_changed":false,"colormag_page_container_layout":"default_layout","colormag_page_sidebar_layout":"default_layout"},"product_brand":[],"product_cat":[771],"product_tag":[1217],"autor":[328],"editor":[],"traductor":[770],"compilador":[],"coordinador":[],"director":[],"class_list":{"0":"post-1096","1":"product","2":"type-product","3":"status-publish","4":"has-post-thumbnail","6":"product_cat-publicaciones-de-la-editorial-de-la-ffyh","7":"product_tag-historia-politica-argentina","8":"autor-horacio-gonzalez","9":"traductor-carolina-rusca","11":"first","12":"instock","13":"downloadable","14":"shipping-taxable","15":"purchasable","16":"product-type-simple"},"acf":[],"_links":{"self":[{"href":"https:\/\/ffyh.unc.edu.ar\/publicaciones\/wp-json\/wp\/v2\/product\/1096","targetHints":{"allow":["GET"]}}],"collection":[{"href":"https:\/\/ffyh.unc.edu.ar\/publicaciones\/wp-json\/wp\/v2\/product"}],"about":[{"href":"https:\/\/ffyh.unc.edu.ar\/publicaciones\/wp-json\/wp\/v2\/types\/product"}],"replies":[{"embeddable":true,"href":"https:\/\/ffyh.unc.edu.ar\/publicaciones\/wp-json\/wp\/v2\/comments?post=1096"}],"wp:featuredmedia":[{"embeddable":true,"href":"https:\/\/ffyh.unc.edu.ar\/publicaciones\/wp-json\/wp\/v2\/media\/1653"}],"wp:attachment":[{"href":"https:\/\/ffyh.unc.edu.ar\/publicaciones\/wp-json\/wp\/v2\/media?parent=1096"}],"wp:term":[{"taxonomy":"product_brand","embeddable":true,"href":"https:\/\/ffyh.unc.edu.ar\/publicaciones\/wp-json\/wp\/v2\/product_brand?post=1096"},{"taxonomy":"product_cat","embeddable":true,"href":"https:\/\/ffyh.unc.edu.ar\/publicaciones\/wp-json\/wp\/v2\/product_cat?post=1096"},{"taxonomy":"product_tag","embeddable":true,"href":"https:\/\/ffyh.unc.edu.ar\/publicaciones\/wp-json\/wp\/v2\/product_tag?post=1096"},{"taxonomy":"autor","embeddable":true,"href":"https:\/\/ffyh.unc.edu.ar\/publicaciones\/wp-json\/wp\/v2\/autor?post=1096"},{"taxonomy":"editor","embeddable":true,"href":"https:\/\/ffyh.unc.edu.ar\/publicaciones\/wp-json\/wp\/v2\/editor?post=1096"},{"taxonomy":"traductor","embeddable":true,"href":"https:\/\/ffyh.unc.edu.ar\/publicaciones\/wp-json\/wp\/v2\/traductor?post=1096"},{"taxonomy":"compilador","embeddable":true,"href":"https:\/\/ffyh.unc.edu.ar\/publicaciones\/wp-json\/wp\/v2\/compilador?post=1096"},{"taxonomy":"coordinador","embeddable":true,"href":"https:\/\/ffyh.unc.edu.ar\/publicaciones\/wp-json\/wp\/v2\/coordinador?post=1096"},{"taxonomy":"director","embeddable":true,"href":"https:\/\/ffyh.unc.edu.ar\/publicaciones\/wp-json\/wp\/v2\/director?post=1096"}],"curies":[{"name":"wp","href":"https:\/\/api.w.org\/{rel}","templated":true}]}}