{"id":1156,"date":"2018-11-03T10:21:03","date_gmt":"2018-11-03T13:21:03","guid":{"rendered":"https:\/\/ffyh.unc.edu.ar\/publicaciones\/?post_type=product&#038;p=1156"},"modified":"2021-11-19T12:15:04","modified_gmt":"2021-11-19T15:15:04","slug":"actas-x-encuentro-interdisciplinario-de-ciencias-sociales-y-humanas-las-urgencias-del-presente-desafios-para-las-ciencias-sociales-y-humanas-tomo-1","status":"publish","type":"product","link":"https:\/\/ffyh.unc.edu.ar\/publicaciones\/tienda\/publicaciones-de-investigacion\/ciffyh\/actas\/actas-x-encuentro-interdisciplinario-de-ciencias-sociales-y-humanas-las-urgencias-del-presente-desafios-para-las-ciencias-sociales-y-humanas-tomo-1\/","title":{"rendered":"Actas X Encuentro Interdisciplinario de Ciencias Sociales y Humanas \u201cLas urgencias del presente: desaf\u00edos para las Ciencias Sociales y Humanas\u201d \u2013 Tomo 1"},"content":{"rendered":"<p>En noviembre de 2019 se llev\u00f3 a cabo el X Encuentro Interdisciplinario de Ciencias Sociales y Humanas: \u201cLas urgencias del presente: Desaf\u00edos actuales de las ciencias sociales y humanas\u201d, evento acad\u00e9mico coorganizado por el Centro de Investigaciones Mar\u00eda Saleme de Burnichon y el Instituto de Humanidades (CONICET-UNC), dos de los espacios de investigaci\u00f3n de la Facultad de Filosof\u00eda y Humanidades de la Universidad Nacional de C\u00f3rdoba.<\/p>\n<p>Los trabajos que reunimos en estas actas, producto de las numerosas ponencias presentadas en el X Encuentro, dan cuenta del espacio de reflexi\u00f3n, intercambio y comunicaci\u00f3n de conocimientos que cultivamos a diario entre el IDH y el CIFFyH. Ese v\u00ednculo que espera ser ensayado y fortalecido mucho m\u00e1s todav\u00eda se pone de manifiesto en las valiosas contribuciones de estudiantes, graduad*s, becari*s, docentes e investigador*s que se re\u00fanen en estos tres vol\u00famenes y que revitalizan las pr\u00e1cticas disciplinares de las Humanidades y las Ciencias Sociales en nuestra regi\u00f3n.<\/p>\n<p>Aunque el contexto actual sea tan distinto y tan grave por otros motivos, el volumen y la calidad de nuestro trabajo nos invita a seguir apostando por la construcci\u00f3n colectiva de saberes y el compromiso social con la comunidad democr\u00e1tica que hace posible nuestro trabajo.<\/p>\n","protected":false},"excerpt":{"rendered":"<p>Este es el primero de los tres tomos del libro digital de Actas del X Encuentro Interdisciplinario de Ciencias Sociales y Humanas: \u201cLas urgencias del presente: Desaf\u00edos actuales de las ciencias sociales y humanas\u201d, llevado a cabo el 27, 28 y 29 de noviembre de 2019 y organizado por el CIFFyH y el Instituto de Humanidades (IDH) \u2013 CONICET. Los trabajos aqu\u00ed reunidos, producto de las numerosas ponencias presentadas en el X Encuentro, dan cuenta del espacio de reflexi\u00f3n, intercambio y comunicaci\u00f3n de conocimientos que cultivamos a diario entre el IDH y el CIFFyH.<\/p>\n","protected":false},"featured_media":58,"comment_status":"closed","ping_status":"closed","template":"","meta":{"_acf_changed":false,"colormag_page_container_layout":"default_layout","colormag_page_sidebar_layout":"default_layout"},"product_brand":[],"product_cat":[32,30,27],"product_tag":[1232,1216],"autor":[455,450,365,409,402,429,348,366,446,434,467,459,448,372,415,430,369,395,444,454,378,385,438,398,452,442,440,410,374,364,463,466,383,461,391,435,392,396,377,406,414,397,427,428,403,441,400,368,370,432,404,445,380,439,456,382,443,458,426,412,419,457,388,387,399,394,423,407,451,420,425,447,416,389,424,431,401,386,422,367,449,376,433,460,464,373,408,379,437,453,413,465,417,375,405,393,384,418,462,421,411,371,381],"editor":[],"traductor":[],"compilador":[],"coordinador":[],"director":[],"class_list":{"0":"post-1156","1":"product","2":"type-product","3":"status-publish","4":"has-post-thumbnail","6":"product_cat-actas","7":"product_cat-ciffyh","8":"product_cat-publicaciones-de-investigacion","9":"product_tag-actas-de-congresos","10":"product_tag-ciencias-sociales-y-humanidades","11":"autor-agostina-soledad-reinaldi","12":"autor-alfredo-luis-olivieri","13":"autor-alicia-gutierrez","14":"autor-alvaro-javier-di-matteo","15":"autor-ana-karina-brenner","16":"autor-ana-paola-machinandiarena","17":"autor-ana-testa","18":"autor-arese-laura","19":"autor-bianca-abril-estevez","20":"autor-branco-guzman","21":"autor-camila-roque-lopez","22":"autor-candelaria-de-olmos","23":"autor-candelaria-stancato","24":"autor-caren-natacha-rosso","25":"autor-carla-cotta-carrizo","26":"autor-carlos-arias-grandio","27":"autor-carola-ines-vargas","28":"autor-carola-rodriguez","29":"autor-carolina-dupraz","30":"autor-carolina-subtil","31":"autor-cecilia-martinez","32":"autor-citlali-pelaez-zanatta","33":"autor-clara-cacciavillani","34":"autor-cristina-maria-del-milagro-sappia","35":"autor-daniela-alejandra-molina","36":"autor-daniela-contursi","37":"autor-daniela-santochi","38":"autor-diana-vila","39":"autor-eduardo-maria-sota","40":"autor-eduardo-mattio","41":"autor-fabian-zampini","42":"autor-facundo-boccardi","43":"autor-flavia-beatriz-piccolo","44":"autor-florencia-ceballos","45":"autor-florencia-ghelfi","46":"autor-florencia-piscitello","47":"autor-frida-negro","48":"autor-gabriel-armando-nieve","49":"autor-gabriela-sabulsky","50":"autor-gladys-blazich","51":"autor-gloria-edith-beinotti","52":"autor-graciela-susana-pascualetto","53":"autor-greta-winckler","54":"autor-hector-lascano","55":"autor-ines-areco","56":"autor-ingrid-vinas-quiroga","57":"autor-jane-paiva","58":"autor-jorgelina-maria-ines-casella","59":"autor-josefina-chialvo","60":"autor-juan-saharrea","61":"autor-juana-rodriguez-takeda","62":"autor-julieta-tosoroni","63":"autor-laura-muino","64":"autor-laura-regis","65":"autor-leticia-andrea-colafigli","66":"autor-lucia-beltramino","67":"autor-lucia-dambolena","68":"autor-magdalena-uzin","69":"autor-marcela-carignano","70":"autor-marcela-montenegro","71":"autor-maria-alejandra-bowman","72":"autor-maria-candelaria-villagra","73":"autor-maria-carmen-ladron-de-guevara","74":"autor-maria-carolina-heredia","75":"autor-maria-del-carmen-lorenzatti","76":"autor-maria-emilia-echeveste","77":"autor-maria-eugenia-bellone-cecchin","78":"autor-maria-eugenia-cabrera","79":"autor-maria-eugenia-lopez","80":"autor-maria-fernanda-delprato","81":"autor-maria-fernanda-levis","82":"autor-maria-florencia-sarabia","83":"autor-maria-laura-pinotti","84":"autor-maria-silvia-cadile","85":"autor-maria-victoria-espeche","86":"autor-mariana-cruz","87":"autor-mariana-tosolini","88":"autor-maricel-occelli","89":"autor-marina-yazyi","90":"autor-mauricio-aureli","91":"autor-mercedes-bosco","92":"autor-natalia-gonzalez","93":"autor-nicolas-di-persia","94":"autor-nicolas-garayalde","95":"autor-nicolas-magaril","96":"autor-noelia-anahi-sarabia-saenz","97":"autor-noelia-bargas","98":"autor-nora-alterman","99":"autor-octavio-falconi","100":"autor-ornella-matarozzo","101":"autor-pablo-maximiliano-ojeda","102":"autor-pablo-salvador-venegas-de-luca","103":"autor-pamela-ayelen-sanchez","104":"autor-patricia-mercado","105":"autor-patricia-wilson","106":"autor-pilar-martinez","107":"autor-priscila-ariadna-biber","108":"autor-rocio-arrieta","109":"autor-rocio-giraudo","110":"autor-sergio-andrade","111":"autor-sonia-fontana","112":"autor-valentin-mansilla","113":"autor-vanesa-partepilo","115":"first","116":"instock","117":"shipping-taxable","118":"product-type-external"},"acf":[],"_links":{"self":[{"href":"https:\/\/ffyh.unc.edu.ar\/publicaciones\/wp-json\/wp\/v2\/product\/1156","targetHints":{"allow":["GET"]}}],"collection":[{"href":"https:\/\/ffyh.unc.edu.ar\/publicaciones\/wp-json\/wp\/v2\/product"}],"about":[{"href":"https:\/\/ffyh.unc.edu.ar\/publicaciones\/wp-json\/wp\/v2\/types\/product"}],"replies":[{"embeddable":true,"href":"https:\/\/ffyh.unc.edu.ar\/publicaciones\/wp-json\/wp\/v2\/comments?post=1156"}],"wp:featuredmedia":[{"embeddable":true,"href":"https:\/\/ffyh.unc.edu.ar\/publicaciones\/wp-json\/wp\/v2\/media\/58"}],"wp:attachment":[{"href":"https:\/\/ffyh.unc.edu.ar\/publicaciones\/wp-json\/wp\/v2\/media?parent=1156"}],"wp:term":[{"taxonomy":"product_brand","embeddable":true,"href":"https:\/\/ffyh.unc.edu.ar\/publicaciones\/wp-json\/wp\/v2\/product_brand?post=1156"},{"taxonomy":"product_cat","embeddable":true,"href":"https:\/\/ffyh.unc.edu.ar\/publicaciones\/wp-json\/wp\/v2\/product_cat?post=1156"},{"taxonomy":"product_tag","embeddable":true,"href":"https:\/\/ffyh.unc.edu.ar\/publicaciones\/wp-json\/wp\/v2\/product_tag?post=1156"},{"taxonomy":"autor","embeddable":true,"href":"https:\/\/ffyh.unc.edu.ar\/publicaciones\/wp-json\/wp\/v2\/autor?post=1156"},{"taxonomy":"editor","embeddable":true,"href":"https:\/\/ffyh.unc.edu.ar\/publicaciones\/wp-json\/wp\/v2\/editor?post=1156"},{"taxonomy":"traductor","embeddable":true,"href":"https:\/\/ffyh.unc.edu.ar\/publicaciones\/wp-json\/wp\/v2\/traductor?post=1156"},{"taxonomy":"compilador","embeddable":true,"href":"https:\/\/ffyh.unc.edu.ar\/publicaciones\/wp-json\/wp\/v2\/compilador?post=1156"},{"taxonomy":"coordinador","embeddable":true,"href":"https:\/\/ffyh.unc.edu.ar\/publicaciones\/wp-json\/wp\/v2\/coordinador?post=1156"},{"taxonomy":"director","embeddable":true,"href":"https:\/\/ffyh.unc.edu.ar\/publicaciones\/wp-json\/wp\/v2\/director?post=1156"}],"curies":[{"name":"wp","href":"https:\/\/api.w.org\/{rel}","templated":true}]}}