{"id":1187,"date":"2011-11-03T11:34:10","date_gmt":"2011-11-03T14:34:10","guid":{"rendered":"https:\/\/ffyh.unc.edu.ar\/publicaciones\/?post_type=product&#038;p=1187"},"modified":"2021-11-19T12:47:10","modified_gmt":"2021-11-19T15:47:10","slug":"actas-del-vii-encuentro-interdisciplinario-de-ciencias-sociales-y-humanas-2011","status":"publish","type":"product","link":"https:\/\/ffyh.unc.edu.ar\/publicaciones\/tienda\/publicaciones-de-investigacion\/ciffyh\/actas\/actas-del-vii-encuentro-interdisciplinario-de-ciencias-sociales-y-humanas-2011\/","title":{"rendered":"Actas del VII Encuentro Interdisciplinario de Ciencias Sociales y Humanas"},"content":{"rendered":"<p>Este es el libro de Actas del VII Encuentro Interdisciplinario de Ciencias Sociales y Humanas llevado a cabo en el a\u00f1o 2011. Dicho Encuentro se propuso como una invitaci\u00f3n a compartir reflexiones entre investigadores de diferentes disciplinas acad\u00e9micas que se inscriben en las humanidades y en las ciencias sociales, en torno a la relaci\u00f3n entre saberes acad\u00e9micos y otros saberes construidos en pr\u00e1cticas sociales y culturales diversas.<\/p>\n<p>El t\u00edtulo de las jornadas alude a distintas formas de relaci\u00f3n entre producci\u00f3n de conocimiento acad\u00e9mico y otras formas de conocimiento. Desde este lugar, la convocatoria incluy\u00f3 tanto las reflexiones o las experiencias de producci\u00f3n de conocimiento referidas a las relaciones con sujetos colectivos organizados en torno a diversas problem\u00e1ticas sociales, culturales, econ\u00f3micas, como los saberes presentes en las formas mismas de lo que investigamos: subjetividades, pr\u00e1cticas sociales y culturales, experiencias, discursos, representaciones.<\/p>\n<p>Las Actas del VII Encuentro constituyen un espacio de reflexi\u00f3n pol\u00edtica, te\u00f3rica, epistemol\u00f3gica y metodol\u00f3gica sobre los modos en que nuestras pr\u00e1cticas de investigaci\u00f3n y producci\u00f3n de conocimientos se relacionan, encuentran o desencuentran, con otros saberes, presentes en pr\u00e1cticas y discursos cient\u00edficos, pol\u00edticos, art\u00edsticos, educativos, etc. As\u00ed, la idea de di\u00e1logo aparece como una primera premisa a reflexionar y no como un supuesto a priori: \u00bfDe qu\u00e9 forma se incluyen o excluyen, se contradicen, se solapan, los diferentes saberes? \u00bfDialogan? \u00bfDe qu\u00e9 manera lo hacen? \u00bfHay conflictos y\/o jerarqu\u00edas? \u00bfC\u00f3mo se constituyen y se legitiman estos saberes? \u00bfQu\u00e9 cuestiones o problem\u00e1ticas se articulan en el encuentro\/desencuentro de tales saberes? \u00bfC\u00f3mo se juega lo pol\u00edtico en este proceso?<\/p>\n","protected":false},"excerpt":{"rendered":"<p>Este es el libro de Actas del VII Encuentro Interdisciplinario de Ciencias Sociales y Humanas llevado a cabo los d\u00edasn 15, 16 y 17 de septiembre de 2011 en la provincia de C\u00f3rdoba. Dicho Encuentro organizado por el Cnetro de Investigaciones de la FFyH (UNC) se propuso como una invitaci\u00f3n a compartir reflexiones entre investigadores de diferentes disciplinas acad\u00e9micas que se inscriben en las humanidades y en las ciencias sociales, en torno a la relaci\u00f3n entre saberes acad\u00e9micos y otros saberes construidos en pr\u00e1cticas sociales y culturales diversas.<\/p>\n","protected":false},"featured_media":1184,"comment_status":"closed","ping_status":"closed","template":"","meta":{"_acf_changed":false,"colormag_page_container_layout":"default_layout","colormag_page_sidebar_layout":"default_layout"},"product_brand":[],"product_cat":[32,30,27],"product_tag":[1216],"autor":[663,672,648,717,714,712,639,287,654,697,635,652,703,718,711,661,676,378,691,627,705,669,700,704,668,683,607,664,687,655,503,277,647,553,701,641,171,679,660,632,666,637,706,720,673,644,698,629,699,693,708,382,475,678,636,696,713,694,723,630,616,657,715,689,677,477,680,662,665,640,656,431,684,649,686,709,671,530,498,695,707,645,638,675,724,659,460,633,631,315,642,506,650,653,634,719,721,651,716,670,685,692,690,710,643,492,688,674,646,564,667,628,702,682,681,658],"editor":[],"traductor":[],"compilador":[],"coordinador":[],"director":[],"class_list":{"0":"post-1187","1":"product","2":"type-product","3":"status-publish","4":"has-post-thumbnail","6":"product_cat-actas","7":"product_cat-ciffyh","8":"product_cat-publicaciones-de-investigacion","9":"product_tag-ciencias-sociales-y-humanidades","10":"autor-adriana-boria","11":"autor-adriana-musitano","12":"autor-agustin-minatti","13":"autor-agustina-chaboux","14":"autor-ana-britos","15":"autor-ana-correa","16":"autor-ana-gabriela-acosta","17":"autor-ana-levstein","18":"autor-anahi-rocio-pochettino","19":"autor-andres-fernandez","20":"autor-angelica-paola-alvites-baiadera","21":"autor-anna-szlejcher","22":"autor-anselmo-torres","23":"autor-belen-rolfi","24":"autor-carla-renzone","25":"autor-carlos-javier-lopez","26":"autor-cecilia-corona-martinez","27":"autor-cecilia-martinez","28":"autor-cecilia-stubicharm","29":"autor-celestina-rearte","30":"autor-cintia-weckesser","31":"autor-cristina-andrea-siragusa","32":"autor-dario-sandrone","33":"autor-edgar-ruffineti","34":"autor-elena-quiroga","35":"autor-estela-cherubini","36":"autor-estela-valdes","37":"autor-eugenia-arganaraz","38":"autor-fabiana-juri","39":"autor-favio-g-d-seimandi","40":"autor-fernando-aiziczon","41":"autor-gabriela-milone","42":"autor-gloria-di-rienzo","43":"autor-gustavo-blazquez","44":"autor-gustavo-cosacov","45":"autor-ignacio-luis-scerbo","46":"autor-irene-audisio","47":"autor-ivan-isaac-tcach","48":"autor-jimena-garrido","49":"autor-jose-gabriel-rovelli-lopez","50":"autor-juan-francisco-marguch","51":"autor-juan-manuel-fernandez-bertolini","52":"autor-juan-manuel-vicente","53":"autor-karina-b-molina","54":"autor-laura-fobbio","55":"autor-leila-lafi","56":"autor-leonardo-ibanez","57":"autor-leonor-lattanzi","58":"autor-leticia-le-bihan","59":"autor-loide-aragao","60":"autor-lucas-crisafulli","61":"autor-lucia-beltramino","62":"autor-luciana-irene-sastre","63":"autor-lucrecia-lopez","64":"autor-luisina-demarchi","65":"autor-magali-cagnolo","66":"autor-manuel-fontela","67":"autor-marcia-cristina-costa","68":"autor-maria-beatriz-burgos","69":"autor-maria-beatriz-matjey","70":"autor-maria-cecilia-diaz","71":"autor-maria-celeste-aichino","72":"autor-maria-cristina-liendo","73":"autor-m-cristina-vairo","74":"autor-maria-del-carmen-marengo","75":"autor-maria-jose-sabo","76":"autor-maria-laura-pellizari","77":"autor-maria-magdalena-uzin","78":"autor-maria-paula-coppelo","79":"autor-maria-paulinelli","80":"autor-mariana-celeste-valle","81":"autor-mariana-cruz","82":"autor-mariana-f-fernandez","83":"autor-mariana-rodriguez","84":"autor-mariel-aradriana-tessioiaudo","85":"autor-mariel-castagno","86":"autor-mariela-chervin","87":"autor-marta-philp","88":"autor-mateo-paganini","89":"autor-matias-arias","90":"autor-mauricio-monso","91":"autor-melisa-de-leonardis","92":"autor-micael-gomez","93":"autor-micaela-van-muylen","94":"autor-monica-gordillo","95":"autor-monica-jacobo","96":"autor-nicolas-garayalde","97":"autor-nidia-fernandez","98":"autor-nora-ines-dolagaray","99":"autor-paola-bonavitta","100":"autor-paola-bonvillani","101":"autor-paola-gramaglia","102":"autor-patricia-altamirano","103":"autor-patricia-brunsteins","104":"autor-patricia-morey","105":"autor-paula-massano","106":"autor-ramon-quinteros","107":"autor-raul-gomez","108":"autor-roberto-daniel-maruenda","109":"autor-roberto-rue","110":"autor-romina-clavero","111":"autor-rosemeire-amaral","112":"autor-sandra-buyan","113":"autor-sara-malek","114":"autor-sara-moyano","115":"autor-silvia-anderlini","116":"autor-silvia-susana-montanez","117":"autor-soledad-gonzalez","118":"autor-sylvia-edith-sandoval","119":"autor-valeria-aimar","120":"autor-valeria-bril","121":"autor-valeria-fernandez-hasan","122":"autor-valeria-plaza","123":"autor-veronica-plaza-schaefer","124":"autor-virginia-ahumada","125":"autor-ximena-avila","127":"first","128":"instock","129":"shipping-taxable","130":"product-type-external"},"acf":[],"_links":{"self":[{"href":"https:\/\/ffyh.unc.edu.ar\/publicaciones\/wp-json\/wp\/v2\/product\/1187","targetHints":{"allow":["GET"]}}],"collection":[{"href":"https:\/\/ffyh.unc.edu.ar\/publicaciones\/wp-json\/wp\/v2\/product"}],"about":[{"href":"https:\/\/ffyh.unc.edu.ar\/publicaciones\/wp-json\/wp\/v2\/types\/product"}],"replies":[{"embeddable":true,"href":"https:\/\/ffyh.unc.edu.ar\/publicaciones\/wp-json\/wp\/v2\/comments?post=1187"}],"wp:featuredmedia":[{"embeddable":true,"href":"https:\/\/ffyh.unc.edu.ar\/publicaciones\/wp-json\/wp\/v2\/media\/1184"}],"wp:attachment":[{"href":"https:\/\/ffyh.unc.edu.ar\/publicaciones\/wp-json\/wp\/v2\/media?parent=1187"}],"wp:term":[{"taxonomy":"product_brand","embeddable":true,"href":"https:\/\/ffyh.unc.edu.ar\/publicaciones\/wp-json\/wp\/v2\/product_brand?post=1187"},{"taxonomy":"product_cat","embeddable":true,"href":"https:\/\/ffyh.unc.edu.ar\/publicaciones\/wp-json\/wp\/v2\/product_cat?post=1187"},{"taxonomy":"product_tag","embeddable":true,"href":"https:\/\/ffyh.unc.edu.ar\/publicaciones\/wp-json\/wp\/v2\/product_tag?post=1187"},{"taxonomy":"autor","embeddable":true,"href":"https:\/\/ffyh.unc.edu.ar\/publicaciones\/wp-json\/wp\/v2\/autor?post=1187"},{"taxonomy":"editor","embeddable":true,"href":"https:\/\/ffyh.unc.edu.ar\/publicaciones\/wp-json\/wp\/v2\/editor?post=1187"},{"taxonomy":"traductor","embeddable":true,"href":"https:\/\/ffyh.unc.edu.ar\/publicaciones\/wp-json\/wp\/v2\/traductor?post=1187"},{"taxonomy":"compilador","embeddable":true,"href":"https:\/\/ffyh.unc.edu.ar\/publicaciones\/wp-json\/wp\/v2\/compilador?post=1187"},{"taxonomy":"coordinador","embeddable":true,"href":"https:\/\/ffyh.unc.edu.ar\/publicaciones\/wp-json\/wp\/v2\/coordinador?post=1187"},{"taxonomy":"director","embeddable":true,"href":"https:\/\/ffyh.unc.edu.ar\/publicaciones\/wp-json\/wp\/v2\/director?post=1187"}],"curies":[{"name":"wp","href":"https:\/\/api.w.org\/{rel}","templated":true}]}}