{"id":1190,"date":"2017-11-03T11:45:56","date_gmt":"2017-11-03T14:45:56","guid":{"rendered":"https:\/\/ffyh.unc.edu.ar\/publicaciones\/?post_type=product&#038;p=1190"},"modified":"2021-11-19T12:22:22","modified_gmt":"2021-11-19T15:22:22","slug":"actas-del-ix-encuentro-interdisciplinario-de-ciencias-sociales-y-humanas","status":"publish","type":"product","link":"https:\/\/ffyh.unc.edu.ar\/publicaciones\/tienda\/publicaciones-de-investigacion\/ciffyh\/actas\/actas-del-ix-encuentro-interdisciplinario-de-ciencias-sociales-y-humanas\/","title":{"rendered":"Actas del IX Encuentro Interdisciplinario de Ciencias Sociales y Humanas"},"content":{"rendered":"<p>En 2017 se cumplieron 30 a\u00f1os de la creaci\u00f3n del Centro de Investigaciones \u201cMar\u00eda Saleme de Burnichon\u201d de la Facultad de Filosof\u00eda y Humanidades de la Universidad Nacional de C\u00f3rdoba. Instituci\u00f3n con una larga trayectoria que acompa\u00f1a el desarrollo de investigaciones que contribuyen a la producci\u00f3n de conocimientos en los extensos y complejos campos de las Humanidades y de las Ciencias Sociales.<\/p>\n<p>En ese marco, se llevaron a cabo las IX Jornadas Interdisciplinarias de Ciencias Sociales y Humanas. \u201cPreguntas en torno a lo social y lo humano\u201d. Ponemos a disposici\u00f3n los res\u00famenes de las actas que surgen de este importante evento.<\/p>\n","protected":false},"excerpt":{"rendered":"<p>Estos son los res\u00famenes de las actas del IX Encuentro Interdisciplinario de Ciencias Sociales y Humanas \u00abPreguntas en torno a lo social y lo humano\u201d, que se llev\u00f3 a cabo los d\u00edas 9 y 10 de noviembre de 2017, a 30 a\u00f1os de la creaci\u00f3n del Centro de Investigaciones \u201cMar\u00eda Saleme de Burnichon\u201d.<\/p>\n","protected":false},"featured_media":1183,"comment_status":"closed","ping_status":"closed","template":"","meta":{"_acf_changed":false,"colormag_page_container_layout":"default_layout","colormag_page_sidebar_layout":"default_layout"},"product_brand":[],"product_cat":[32,30,27],"product_tag":[1232,1216],"autor":[],"editor":[],"traductor":[],"compilador":[],"coordinador":[741,743,738,744,726,739,742,735,725,733,732,729,740,728,736,727,340,731,737,734,730],"director":[],"class_list":{"0":"post-1190","1":"product","2":"type-product","3":"status-publish","4":"has-post-thumbnail","6":"product_cat-actas","7":"product_cat-ciffyh","8":"product_cat-publicaciones-de-investigacion","9":"product_tag-actas-de-congresos","10":"product_tag-ciencias-sociales-y-humanidades","11":"coordinador-cecilia-luque","12":"coordinador-cecilia-martinez","13":"coordinador-daniel-saur","14":"coordinador-gustavo-blazquez","15":"coordinador-horacio-paulin","16":"coordinador-javier-moyano","17":"coordinador-jose-ahumada","18":"coordinador-juan-barri","19":"coordinador-laura-danon","20":"coordinador-laura-valdemarca","21":"coordinador-maria-del-carmen-lorenzatti","22":"coordinador-maria-gabriela-lugones","23":"coordinador-marina-tomasini","24":"coordinador-marta-philp","25":"coordinador-mirta-antonelli","26":"coordinador-monica-maldonado","27":"coordinador-nancy-calomarde","28":"coordinador-natalia-bermudez","29":"coordinador-paola-gramaglia","30":"coordinador-santiago-llorens","31":"coordinador-sebastian-torres-castanos","33":"first","34":"instock","35":"shipping-taxable","36":"product-type-external"},"acf":[],"_links":{"self":[{"href":"https:\/\/ffyh.unc.edu.ar\/publicaciones\/wp-json\/wp\/v2\/product\/1190","targetHints":{"allow":["GET"]}}],"collection":[{"href":"https:\/\/ffyh.unc.edu.ar\/publicaciones\/wp-json\/wp\/v2\/product"}],"about":[{"href":"https:\/\/ffyh.unc.edu.ar\/publicaciones\/wp-json\/wp\/v2\/types\/product"}],"replies":[{"embeddable":true,"href":"https:\/\/ffyh.unc.edu.ar\/publicaciones\/wp-json\/wp\/v2\/comments?post=1190"}],"wp:featuredmedia":[{"embeddable":true,"href":"https:\/\/ffyh.unc.edu.ar\/publicaciones\/wp-json\/wp\/v2\/media\/1183"}],"wp:attachment":[{"href":"https:\/\/ffyh.unc.edu.ar\/publicaciones\/wp-json\/wp\/v2\/media?parent=1190"}],"wp:term":[{"taxonomy":"product_brand","embeddable":true,"href":"https:\/\/ffyh.unc.edu.ar\/publicaciones\/wp-json\/wp\/v2\/product_brand?post=1190"},{"taxonomy":"product_cat","embeddable":true,"href":"https:\/\/ffyh.unc.edu.ar\/publicaciones\/wp-json\/wp\/v2\/product_cat?post=1190"},{"taxonomy":"product_tag","embeddable":true,"href":"https:\/\/ffyh.unc.edu.ar\/publicaciones\/wp-json\/wp\/v2\/product_tag?post=1190"},{"taxonomy":"autor","embeddable":true,"href":"https:\/\/ffyh.unc.edu.ar\/publicaciones\/wp-json\/wp\/v2\/autor?post=1190"},{"taxonomy":"editor","embeddable":true,"href":"https:\/\/ffyh.unc.edu.ar\/publicaciones\/wp-json\/wp\/v2\/editor?post=1190"},{"taxonomy":"traductor","embeddable":true,"href":"https:\/\/ffyh.unc.edu.ar\/publicaciones\/wp-json\/wp\/v2\/traductor?post=1190"},{"taxonomy":"compilador","embeddable":true,"href":"https:\/\/ffyh.unc.edu.ar\/publicaciones\/wp-json\/wp\/v2\/compilador?post=1190"},{"taxonomy":"coordinador","embeddable":true,"href":"https:\/\/ffyh.unc.edu.ar\/publicaciones\/wp-json\/wp\/v2\/coordinador?post=1190"},{"taxonomy":"director","embeddable":true,"href":"https:\/\/ffyh.unc.edu.ar\/publicaciones\/wp-json\/wp\/v2\/director?post=1190"}],"curies":[{"name":"wp","href":"https:\/\/api.w.org\/{rel}","templated":true}]}}