{"id":1205,"date":"2018-06-03T12:52:08","date_gmt":"2018-06-03T15:52:08","guid":{"rendered":"https:\/\/ffyh.unc.edu.ar\/publicaciones\/?post_type=product&#038;p=1205"},"modified":"2024-02-21T11:54:17","modified_gmt":"2024-02-21T14:54:17","slug":"monologos-paginas-escenas-dramaturgias-de-latinoamerica-y-europa","status":"publish","type":"product","link":"https:\/\/ffyh.unc.edu.ar\/publicaciones\/tienda\/publicaciones-de-la-editorial-de-la-ffyh\/coleccion-papeles-teatrales\/monologos-paginas-escenas-dramaturgias-de-latinoamerica-y-europa\/","title":{"rendered":"Mon\u00f3logos | P\u00e1ginas | Escenas. Dramaturgias de Latinoam\u00e9rica y Europa"},"content":{"rendered":"<p>El libro \u00abMon\u00f3logos | P\u00e1ginas | Escenas. Dramaturgias de Latinoam\u00e9rica y Europa\u00bb est\u00e1 compuesto por mon\u00f3logos de dramaturgos contempor\u00e1neos, reconocidos internacionalmente que se congregan al hablar de la vida, la muerte, el amor y sus cenizas, de la ausencia. Para la selecci\u00f3n de dramaturgos argentinos fueron elegidos tres cordobeses: un mon\u00f3logo de Gonzalo Marull \u201cReconstrucci\u00f3n de una ausencia\u201d, que es in\u00e9dito, al igual que el texto de Maura Sajeva y Daniela Martin \u201cBilis negra. Teatro de autopsia\u201d, que si bien s\u00ed se puso en escena en 2015 nunca fue publicado con anterioridad. A su vez hay dos traducciones de Micaela van Muylem y de Daniela Bobbio, que es la primera vez que se traducen al espa\u00f1ol, lo cual es importante de destacar.<\/p>\n<p>Laura Fobbio, tambi\u00e9n doctora en letras, investigadora y docente, es tambi\u00e9n parte del equipo de trabajo y es especialista en mon\u00f3logo dram\u00e1tico y teatral y explica: \u201cEn la antolog\u00eda lo que justamente se re\u00fane es una heterogeneridad, una multiplicidad, una PLURALIDAD de las distintas formas o modalidades del mon\u00f3logo. Eso es muy interesante para aquellos que gustan de leer mon\u00f3logos, de estudiarlos, de llevarlos a escena. El libro aporta un disfrute tanto desde la lectura en relaci\u00f3n con el trabajo de la puesta en p\u00e1gina y con el di\u00e1logo justamente entre mon\u00f3logo, p\u00e1gina y escena y ah\u00ed se pasa a otro espacio f\u00edsico tambi\u00e9n que es que el libro aporta un mont\u00f3n de herramientas para actores, actrices, directores, directoras, para el trabajo justamente en la escena con esos textos. Por eso es un libro que realmente convoca el placer, el disfrute por la lectura y por el estudio del mon\u00f3logo como forma dram\u00e1tica, el disfrute desde la traducci\u00f3n, y al mismo tiempo es un aporte para los hacedores, para los artistas como herramienta de trabajo esc\u00e9nico.<\/p>\n","protected":false},"excerpt":{"rendered":"<p>El libro \u00abMon\u00f3logos | P\u00e1ginas | Escenas. Dramaturgias de Latinoam\u00e9rica y Europa\u00bb est\u00e1 compuesto por mon\u00f3logos de dramaturgos contempor\u00e1neos, reconocidos internacionalmente que se congregan al hablar de la vida, la muerte, el amor y sus cenizas, de la ausencia. Este libro es el cuarto libro de la colecci\u00f3n \u00abPapeles Teatrales\u00bb de la Editorial de Filosof\u00eda y Humanidades de la UNC.<\/p>\n","protected":false},"featured_media":1193,"comment_status":"closed","ping_status":"closed","template":"","meta":{"_acf_changed":false,"colormag_page_container_layout":"default_layout","colormag_page_sidebar_layout":"default_layout"},"product_brand":[],"product_cat":[773,771],"product_tag":[],"autor":[763,756,260,759,761,755,758,760,762,757],"editor":[],"traductor":[764,748],"compilador":[],"coordinador":[],"director":[746],"class_list":{"0":"post-1205","1":"product","2":"type-product","3":"status-publish","4":"has-post-thumbnail","6":"product_cat-coleccion-papeles-teatrales","7":"product_cat-publicaciones-de-la-editorial-de-la-ffyh","8":"autor-albert-ostermaier","9":"autor-carlos-monsivais","10":"autor-daniela-martin","11":"autor-daniela-pereira-de-carvalho","12":"autor-gonzalo-marull","13":"autor-jesusa-rodriguez","14":"autor-marco-antonio-de-la-parra","15":"autor-maura-sajeva","16":"autor-rodrigo-garcia","17":"autor-tom-lanoye","18":"traductor-daniela-bobbio","19":"traductor-micaela-van-muylem","20":"director-adriana-musitano","22":"first","23":"instock","24":"shipping-taxable","25":"purchasable","26":"product-type-simple"},"acf":[],"_links":{"self":[{"href":"https:\/\/ffyh.unc.edu.ar\/publicaciones\/wp-json\/wp\/v2\/product\/1205","targetHints":{"allow":["GET"]}}],"collection":[{"href":"https:\/\/ffyh.unc.edu.ar\/publicaciones\/wp-json\/wp\/v2\/product"}],"about":[{"href":"https:\/\/ffyh.unc.edu.ar\/publicaciones\/wp-json\/wp\/v2\/types\/product"}],"replies":[{"embeddable":true,"href":"https:\/\/ffyh.unc.edu.ar\/publicaciones\/wp-json\/wp\/v2\/comments?post=1205"}],"wp:featuredmedia":[{"embeddable":true,"href":"https:\/\/ffyh.unc.edu.ar\/publicaciones\/wp-json\/wp\/v2\/media\/1193"}],"wp:attachment":[{"href":"https:\/\/ffyh.unc.edu.ar\/publicaciones\/wp-json\/wp\/v2\/media?parent=1205"}],"wp:term":[{"taxonomy":"product_brand","embeddable":true,"href":"https:\/\/ffyh.unc.edu.ar\/publicaciones\/wp-json\/wp\/v2\/product_brand?post=1205"},{"taxonomy":"product_cat","embeddable":true,"href":"https:\/\/ffyh.unc.edu.ar\/publicaciones\/wp-json\/wp\/v2\/product_cat?post=1205"},{"taxonomy":"product_tag","embeddable":true,"href":"https:\/\/ffyh.unc.edu.ar\/publicaciones\/wp-json\/wp\/v2\/product_tag?post=1205"},{"taxonomy":"autor","embeddable":true,"href":"https:\/\/ffyh.unc.edu.ar\/publicaciones\/wp-json\/wp\/v2\/autor?post=1205"},{"taxonomy":"editor","embeddable":true,"href":"https:\/\/ffyh.unc.edu.ar\/publicaciones\/wp-json\/wp\/v2\/editor?post=1205"},{"taxonomy":"traductor","embeddable":true,"href":"https:\/\/ffyh.unc.edu.ar\/publicaciones\/wp-json\/wp\/v2\/traductor?post=1205"},{"taxonomy":"compilador","embeddable":true,"href":"https:\/\/ffyh.unc.edu.ar\/publicaciones\/wp-json\/wp\/v2\/compilador?post=1205"},{"taxonomy":"coordinador","embeddable":true,"href":"https:\/\/ffyh.unc.edu.ar\/publicaciones\/wp-json\/wp\/v2\/coordinador?post=1205"},{"taxonomy":"director","embeddable":true,"href":"https:\/\/ffyh.unc.edu.ar\/publicaciones\/wp-json\/wp\/v2\/director?post=1205"}],"curies":[{"name":"wp","href":"https:\/\/api.w.org\/{rel}","templated":true}]}}