{"id":1279,"date":"2018-11-15T10:12:36","date_gmt":"2018-11-15T13:12:36","guid":{"rendered":"https:\/\/ffyh.unc.edu.ar\/publicaciones\/?post_type=product&#038;p=1279"},"modified":"2021-11-19T12:03:52","modified_gmt":"2021-11-19T15:03:52","slug":"itinerarios-recorridos-para-el-aula","status":"publish","type":"product","link":"https:\/\/ffyh.unc.edu.ar\/publicaciones\/tienda\/publicaciones-pedagogicas\/itinerarios-recorridos-para-el-aula\/","title":{"rendered":"Itinerarios. Recorridos para el aula"},"content":{"rendered":"<p><strong>Itinerarios<\/strong>\u00a0invita a hacer uso de la(s) memoria(s) que habitan a nuestro alrededor, a tomarlas, palparlas, hacerlas parte de nuestra realidad y de esa manera hacerlas vivas. Este material did\u00e1ctico propone posibles recorridos para pensar en una historia en movimiento, din\u00e1mica, compleja, ofreciendo diversas miradas y alentando la construcci\u00f3n de saberes desde C\u00f3rdoba.<\/p>\n<p>Es el resultado de un esfuerzo colaborativo para la producci\u00f3n de materiales pensados para el aula, con los y las estudiantes y docentes cordobeses como eje y destinatarios del proyecto. Los diecis\u00e9is cap\u00edtulos que componen este material problematizan diferentes per\u00edodos de la historia de C\u00f3rdoba \u2013desde los primeros habitantes hasta la historia reciente- con la intenci\u00f3n de que pueda convertirse en una herramienta de apropiaci\u00f3n curricular y que adem\u00e1s ofrezca amplitud de miradas y abordajes para la construcci\u00f3n de aprendizajes y conocimientos.<\/p>\n<p>A su vez,\u00a0<strong>Itinerarios<\/strong>\u00a0tambi\u00e9n propone una diversidad de secuencias did\u00e1cticas destinadas a los y las docentes que permiten un trabajo interrelacionado entre aprendizajes y contenidos, formatos pedag\u00f3gicos, capacidades y ejes transversales. De este modo, el libro ofrece algunas alternativas de ense\u00f1anza-aprendizaje que pongan en cuesti\u00f3n el modelo \u00fanico y homog\u00e9neo para el quehacer escolar y suponga distintos modos de apropiaci\u00f3n de saberes.<\/p>\n<p>Esta obra est\u00e1 guiada por inquietudes compartidas por el equipo interinstitucional que la impulsa, sintetizadas en las siguientes preguntas: \u00bfc\u00f3mo crear puentes entre las producciones acad\u00e9micas de los investigadores de C\u00f3rdoba con los aprendizajes y contenidos que se abordan en el aula?, \u00bfc\u00f3mo invitar a los y las estudiantes a recorrer los caminos de la construcci\u00f3n del conocimiento hist\u00f3rico? Este material no es un punto de llegada, sino de partida. Esperamos que\u00a0<strong>Itinerarios<\/strong>\u00a0abra caminos e invite a los y las estudiantes a escribir la historia siendo protagonistas.<\/p>\n<p>Coedici\u00f3n entre la Editorial de la UNC y el Ministerio de Educaci\u00f3n de la Provincia de C\u00f3rdoba.<\/p>\n","protected":false},"excerpt":{"rendered":"<p><strong>\u00abItinerarios. Recorridos para el aula\u00bb<\/strong> propone una diversidad de secuencias did\u00e1cticas destinadas a los y las docentes que permiten un trabajo interrelacionado entre aprendizajes y contenidos, formatos pedag\u00f3gicos, capacidades y ejes transversales. De este modo, el libro editado por Ayel\u00e9n Ceballos, Consuelo Navarro, Eliana Ad\u00e1n y Paulina Garnero, ofrece algunas alternativas de ense\u00f1anza-aprendizaje que pongan en cuesti\u00f3n el modelo \u00fanico y homog\u00e9neo para el quehacer escolar y suponga distintos modos de apropiaci\u00f3n de saberes.<\/p>\n","protected":false},"featured_media":1283,"comment_status":"closed","ping_status":"closed","template":"","meta":{"_acf_changed":false,"colormag_page_container_layout":"default_layout","colormag_page_sidebar_layout":"default_layout"},"product_brand":[],"product_cat":[28],"product_tag":[1096,1177,1105],"autor":[844,526,836,839,848,323,837,825,798,846,777,795,533,796,780,799,830,847,843,530,842,845,813,840,838,824,786,835,797,822],"editor":[849,850,851,852],"traductor":[],"compilador":[],"coordinador":[],"director":[],"class_list":{"0":"post-1279","1":"product","2":"type-product","3":"status-publish","4":"has-post-thumbnail","6":"product_cat-publicaciones-pedagogicas","7":"product_tag-cordoba","8":"product_tag-educacion","9":"product_tag-historia","10":"autor-almada-julieta","11":"autor-ana-carol-solis","12":"autor-ayelen-ceballos","13":"autor-bernardo-del-cano","14":"autor-consuelo-navarro","15":"autor-denise-reyna-berrotaran","16":"autor-erica-colqui","17":"autor-federico-reche","18":"autor-florencia-plomer","19":"autor-janet-florencia-paez","20":"autor-leandro-inchauspe","21":"autor-leticia-carmignani","22":"autor-lisandro-angelini","23":"autor-lucas-borrastero","24":"autor-lucia-avendano","25":"autor-magdalena-schibli","26":"autor-maria-paula-puttini","27":"autor-maria-victoria-tejeda","28":"autor-mariana-giraudo","29":"autor-marta-philp","30":"autor-matias-capra","31":"autor-noelia-edith-jorge","32":"autor-pablo-iparraguirre","33":"autor-rita-maldonado","34":"autor-rocio-molar","35":"autor-silvia-moron","36":"autor-veronica-canciani-vivanco","37":"autor-veronica-heredia","38":"autor-virginia-zelada","39":"autor-yanina-floridia","40":"editor-ayelen-ceballos","41":"editor-consuelo-navarro","42":"editor-eliana-adan","43":"editor-paulina-garnero","45":"first","46":"instock","47":"shipping-taxable","48":"product-type-external"},"acf":[],"_links":{"self":[{"href":"https:\/\/ffyh.unc.edu.ar\/publicaciones\/wp-json\/wp\/v2\/product\/1279","targetHints":{"allow":["GET"]}}],"collection":[{"href":"https:\/\/ffyh.unc.edu.ar\/publicaciones\/wp-json\/wp\/v2\/product"}],"about":[{"href":"https:\/\/ffyh.unc.edu.ar\/publicaciones\/wp-json\/wp\/v2\/types\/product"}],"replies":[{"embeddable":true,"href":"https:\/\/ffyh.unc.edu.ar\/publicaciones\/wp-json\/wp\/v2\/comments?post=1279"}],"wp:featuredmedia":[{"embeddable":true,"href":"https:\/\/ffyh.unc.edu.ar\/publicaciones\/wp-json\/wp\/v2\/media\/1283"}],"wp:attachment":[{"href":"https:\/\/ffyh.unc.edu.ar\/publicaciones\/wp-json\/wp\/v2\/media?parent=1279"}],"wp:term":[{"taxonomy":"product_brand","embeddable":true,"href":"https:\/\/ffyh.unc.edu.ar\/publicaciones\/wp-json\/wp\/v2\/product_brand?post=1279"},{"taxonomy":"product_cat","embeddable":true,"href":"https:\/\/ffyh.unc.edu.ar\/publicaciones\/wp-json\/wp\/v2\/product_cat?post=1279"},{"taxonomy":"product_tag","embeddable":true,"href":"https:\/\/ffyh.unc.edu.ar\/publicaciones\/wp-json\/wp\/v2\/product_tag?post=1279"},{"taxonomy":"autor","embeddable":true,"href":"https:\/\/ffyh.unc.edu.ar\/publicaciones\/wp-json\/wp\/v2\/autor?post=1279"},{"taxonomy":"editor","embeddable":true,"href":"https:\/\/ffyh.unc.edu.ar\/publicaciones\/wp-json\/wp\/v2\/editor?post=1279"},{"taxonomy":"traductor","embeddable":true,"href":"https:\/\/ffyh.unc.edu.ar\/publicaciones\/wp-json\/wp\/v2\/traductor?post=1279"},{"taxonomy":"compilador","embeddable":true,"href":"https:\/\/ffyh.unc.edu.ar\/publicaciones\/wp-json\/wp\/v2\/compilador?post=1279"},{"taxonomy":"coordinador","embeddable":true,"href":"https:\/\/ffyh.unc.edu.ar\/publicaciones\/wp-json\/wp\/v2\/coordinador?post=1279"},{"taxonomy":"director","embeddable":true,"href":"https:\/\/ffyh.unc.edu.ar\/publicaciones\/wp-json\/wp\/v2\/director?post=1279"}],"curies":[{"name":"wp","href":"https:\/\/api.w.org\/{rel}","templated":true}]}}