{"id":1288,"date":"2019-11-15T10:43:31","date_gmt":"2019-11-15T13:43:31","guid":{"rendered":"https:\/\/ffyh.unc.edu.ar\/publicaciones\/?post_type=product&#038;p=1288"},"modified":"2021-11-24T16:12:46","modified_gmt":"2021-11-24T19:12:46","slug":"ante-pasados-y-futuros","status":"publish","type":"product","link":"https:\/\/ffyh.unc.edu.ar\/publicaciones\/tienda\/publicaciones-de-ddhh-y-genero\/ante-pasados-y-futuros\/","title":{"rendered":"Ante pasados y futuros"},"content":{"rendered":"<p>En el a\u00f1o 2019, la Facultad de Filosof\u00eda y Humanidades de la Universidad Nacional de C\u00f3rdoba, a iniciativa de su Programa de Derechos Humanos, cre\u00f3 mediante la Resoluci\u00f3n 58\/2019 del 25 de febrero de su Honorable Consejo Directivo, el premio Internacional Ciencias Sociales y Derechos Humanos de Humanidades. Como FFyH y Programa de DDHH, elegimos este tema en virtud de los aportes que las Humanidades y las Ciencias Sociales han brindado y pueden brindar al campo de la investigaci\u00f3n e intervenci\u00f3n, as\u00ed como a las organizaciones que militan por su vigencia.<\/p>\n<p>Consideramos que, adem\u00e1s, poner en agenda p\u00fablica los DDHH es central para la formaci\u00f3n en las Humanidades y las Ciencias sociales: los estudios e intervenciones que se llevan adelante en nuestra facultad, son testimonio del potencial cr\u00edtico de estos campos de saber para volver a pensar la categor\u00eda de DDHH, sus tensiones y la necesidad de su actualizaci\u00f3n permanente para contribuir a una reflexi\u00f3n sobre las pr\u00e1cticas y los discursos en materia de DDHH.<\/p>\n<p>Desde la recuperaci\u00f3n del Estado de derecho, y con diferentes intensidades e historicidades, los derechos humanos han sido el foco de disputas pol\u00edticas y te\u00f3ricas que han atravesado los saberes de la academia y de los movimientos sociales; la elaboraci\u00f3n de pol\u00edticas estatales y la conformaci\u00f3n de espacios p\u00fablicos, a nivel local, nacional y regional. En este sentido, en la FFyH consideramos fundamental mantener en el presente que habitamos la pregunta por la herencia de estas luchas, acompa\u00f1ando desde el pensamiento y la creaci\u00f3n, las aventuras\/b\u00fasquedas pol\u00edticas, imaginarias, conceptuales y afectivas de la comunidad. Es por ello que consideramos importante promover este Premio como una herramienta que sostenga la insistencia de los derechos humanos como horizonte y como praxis de toda cultura pol\u00edtica democr\u00e1tica.<\/p>\n<p>El presente libro es el resultado de aquella convocatoria en la cual resultaron premiadxs lxs autorxs de los textos que lo componen. Los mismos fueron oportunamente evaluadxs por el jurado conformado por Eugenia Almeida, Dora Barrancos, Ludmila da Silva Catela, Daniel Rafecas y Eduardo Rinesi. Publicamos este volumen desde la convicci\u00f3n y el deseo. La convicci\u00f3n de que el conocimiento y la reflexi\u00f3n sobre las diferentes experiencias en relaci\u00f3n a los DDHH es un proceso colectivo y que su publicaci\u00f3n cataliza el pensamiento y la acci\u00f3n en esta materia. Y el deseo como impulso para iniciar, a partir de este volumen, una serie de contribuciones que nos sit\u00faen ante\/pasados y de ese modo seguir las interpelaciones que en el presente nos plantea el futuro.<\/p>\n","protected":false},"excerpt":{"rendered":"<p>El libro \u00abAnte pasados y futuros\u00bb consiste en la compilaci\u00f3n de los trabajos ganadores de la convocatoria al Premio Internacional de ensayos en Humanidades, Ciencias Sociales y Derechos Humanos, lanzada por el Programa de Derechos Humanos de la Facultad de Filosof\u00eda y Humanidades en 2019, con el objetivo de reconocer los aportes desde las Humanidades y las Ciencias Sociales al campo de investigaci\u00f3n, de intervenci\u00f3n y de militancias. La formaci\u00f3n en las Humanidades y las Ciencias Sociales ha mostrado la importancia de su potencial cr\u00edtico para repensar el alcance y sentidos de la categor\u00eda de DD.HH., sus tensiones y la necesidad de su actualizaci\u00f3n permanente para contribuir a una reflexi\u00f3n sobre las pr\u00e1cticas y los discursos.<\/p>\n","protected":false},"featured_media":1287,"comment_status":"closed","ping_status":"closed","template":"","meta":{"_acf_changed":false,"colormag_page_container_layout":"default_layout","colormag_page_sidebar_layout":"default_layout"},"product_brand":[],"product_cat":[1335],"product_tag":[1106,1216,1215],"autor":[861,860,863,862],"editor":[360,864,866,865],"traductor":[],"compilador":[],"coordinador":[],"director":[],"class_list":{"0":"post-1288","1":"product","2":"type-product","3":"status-publish","4":"has-post-thumbnail","6":"product_cat-publicaciones-de-ddhh-y-genero","7":"product_tag-ciencias-sociales","8":"product_tag-ciencias-sociales-y-humanidades","9":"product_tag-derechos-humanos","10":"autor-aylen-perez-hernandez","11":"autor-daniel-rafecas","12":"autor-isaac-marcelo-basaure","13":"autor-juan-cruz-goni","14":"editor-cesar-marchesino","15":"editor-maria-soledad-boero","16":"editor-mariana-tello-weiss","17":"editor-paula-hunzinker","19":"first","20":"instock","21":"shipping-taxable","22":"product-type-external"},"acf":[],"_links":{"self":[{"href":"https:\/\/ffyh.unc.edu.ar\/publicaciones\/wp-json\/wp\/v2\/product\/1288","targetHints":{"allow":["GET"]}}],"collection":[{"href":"https:\/\/ffyh.unc.edu.ar\/publicaciones\/wp-json\/wp\/v2\/product"}],"about":[{"href":"https:\/\/ffyh.unc.edu.ar\/publicaciones\/wp-json\/wp\/v2\/types\/product"}],"replies":[{"embeddable":true,"href":"https:\/\/ffyh.unc.edu.ar\/publicaciones\/wp-json\/wp\/v2\/comments?post=1288"}],"wp:featuredmedia":[{"embeddable":true,"href":"https:\/\/ffyh.unc.edu.ar\/publicaciones\/wp-json\/wp\/v2\/media\/1287"}],"wp:attachment":[{"href":"https:\/\/ffyh.unc.edu.ar\/publicaciones\/wp-json\/wp\/v2\/media?parent=1288"}],"wp:term":[{"taxonomy":"product_brand","embeddable":true,"href":"https:\/\/ffyh.unc.edu.ar\/publicaciones\/wp-json\/wp\/v2\/product_brand?post=1288"},{"taxonomy":"product_cat","embeddable":true,"href":"https:\/\/ffyh.unc.edu.ar\/publicaciones\/wp-json\/wp\/v2\/product_cat?post=1288"},{"taxonomy":"product_tag","embeddable":true,"href":"https:\/\/ffyh.unc.edu.ar\/publicaciones\/wp-json\/wp\/v2\/product_tag?post=1288"},{"taxonomy":"autor","embeddable":true,"href":"https:\/\/ffyh.unc.edu.ar\/publicaciones\/wp-json\/wp\/v2\/autor?post=1288"},{"taxonomy":"editor","embeddable":true,"href":"https:\/\/ffyh.unc.edu.ar\/publicaciones\/wp-json\/wp\/v2\/editor?post=1288"},{"taxonomy":"traductor","embeddable":true,"href":"https:\/\/ffyh.unc.edu.ar\/publicaciones\/wp-json\/wp\/v2\/traductor?post=1288"},{"taxonomy":"compilador","embeddable":true,"href":"https:\/\/ffyh.unc.edu.ar\/publicaciones\/wp-json\/wp\/v2\/compilador?post=1288"},{"taxonomy":"coordinador","embeddable":true,"href":"https:\/\/ffyh.unc.edu.ar\/publicaciones\/wp-json\/wp\/v2\/coordinador?post=1288"},{"taxonomy":"director","embeddable":true,"href":"https:\/\/ffyh.unc.edu.ar\/publicaciones\/wp-json\/wp\/v2\/director?post=1288"}],"curies":[{"name":"wp","href":"https:\/\/api.w.org\/{rel}","templated":true}]}}