{"id":1307,"date":"2017-11-15T12:28:58","date_gmt":"2017-11-15T15:28:58","guid":{"rendered":"https:\/\/ffyh.unc.edu.ar\/publicaciones\/?post_type=product&#038;p=1307"},"modified":"2021-11-19T12:21:41","modified_gmt":"2021-11-19T15:21:41","slug":"el-nuevo-teatro-cordobes-1969-1975-teatro-estable-de-la-universidad-nacional-de-cordoba-teuc-libre-teatro-libre-ltl-la-chispa","status":"publish","type":"product","link":"https:\/\/ffyh.unc.edu.ar\/publicaciones\/tienda\/publicaciones-de-investigacion\/seicyt\/colecciones\/el-nuevo-teatro-cordobes-1969-1975-teatro-estable-de-la-universidad-nacional-de-cordoba-teuc-libre-teatro-libre-ltl-la-chispa\/","title":{"rendered":"El nuevo teatro cordob\u00e9s. 1969-1975. Teatro Estable de la Universidad Nacional de C\u00f3rdoba (TEUC) \u2013 Libre Teatro Libre (LTL) \u2013 La Chispa"},"content":{"rendered":"<p>Este es uno de los tres libros digitales producidos entre la Facultad de Filosof\u00eda y Humanidades y el Instituto de Artes del Espect\u00e1culo de la UBA, en el marco del proyecto de investigaci\u00f3n \u201cTeatro, Pol\u00edtica y Universidad. C\u00f3rdoba, 1965-1975\u201d.<\/p>\n<p>La edici\u00f3n de los tres libros se lleva a cabo conjuntamente entre la Editorial de la Facultad de Filosof\u00eda y Humanidades y el Instituto de Artes del Espect\u00e1culo de la Facultad de Filosof\u00eda y Letras (UBA). Como se\u00f1ala \u00a0Jorge Dubatti en el pr\u00f3logo \u201cHacia una cartograf\u00eda de los teatros argentinos\u201d del libro que inicia la serie, \u201cestos tres tomos significan un aporte fundamental al conocimiento de los teatros argentinos (en plural) y a la construcci\u00f3n de una cartograf\u00eda teatral nacional cada vez m\u00e1s compleja y rica\u201d y agrega que \u201clos trabajos de investigaci\u00f3n reunidos en los tres vol\u00famenes cumplen esta condici\u00f3n de la cartograf\u00eda radicante, el pensamiento cartografiado y la invitaci\u00f3n al di\u00e1logo de cartograf\u00edas m\u00e1s all\u00e1 de C\u00f3rdoba\u201d.<\/p>\n<p>Las obras fueron producidas en el marco de la investigaci\u00f3n \u201cTeatro, Pol\u00edtica y Universidad. C\u00f3rdoba, 1965-1975\u201d, realizada entre 1996 y 1999 en el Centro de Estudios Avanzados, con direcci\u00f3n de Horacio Crespo y la co-direcci\u00f3n de Nora Zaga. El proyecto, fue radicado posteriormente, entre 2000 y 2010, en el Centro de Investigaciones de la Facultad de Filosof\u00eda y Humanidades (UNC), con la direcci\u00f3n de Adriana Musitano y la codirecci\u00f3n de Nora Zaga.<\/p>\n<p>La publicaci\u00f3n de los tres vol\u00famenes cont\u00f3 con el subsidio de la Secretar\u00eda de Ciencia y T\u00e9cnica, Universidad Nacional de C\u00f3rdoba, y con los avales del Departamento de Teatro de la Facultad de Artes (UNC), la Asociaci\u00f3n Argentina de Investigaci\u00f3n y Cr\u00edtica Teatral (AINCRIT), y la Red Latinoamericana de Centros de Documentaci\u00f3n de Artes Esc\u00e9nicas.<\/p>\n","protected":false},"excerpt":{"rendered":"<p>El libro re\u00fane trabajos de investigaci\u00f3n sobre el nuevo teatro cordob\u00e9s, fen\u00f3meno que sucediera en la ciudad entre 1969 y 1975, y que registra el an\u00e1lisis interdiscursivo de la producci\u00f3n de tres grupos de teatro \u2013Teatro Estable de la UNC (TEUC), Libre Teatro Libre (LTL), y La Chispa\u2013 todos ligados a la Universidad, describiendo el paso del teatro de autor a la creaci\u00f3n colectiva. Se publican cinco obras teatrales: una, del primer grupo, TEUC, con puesta en escena de 1970 (La paz en las nubes); y luego dos creaciones colectivas, tanto del LTL (Algo por el estilo\u00a0y\u00a0Fin del camino), como de La Chispa (Huelga en las salinas\u00a0y\u00a0El inquilinato o se vive como se puede).<\/p>\n","protected":false},"featured_media":1304,"comment_status":"closed","ping_status":"closed","template":"","meta":{"_acf_changed":false,"colormag_page_container_layout":"default_layout","colormag_page_sidebar_layout":"default_layout"},"product_brand":[],"product_cat":[34,27,33],"product_tag":[1234,1233,1218],"autor":[672,750,873,749,673,872,876,875,871,874],"editor":[],"traductor":[],"compilador":[],"coordinador":[],"director":[746],"class_list":{"0":"post-1307","1":"product","2":"type-product","3":"status-publish","4":"has-post-thumbnail","6":"product_cat-colecciones","7":"product_cat-publicaciones-de-investigacion","8":"product_cat-seicyt","9":"product_tag-politica","10":"product_tag-teatro","11":"product_tag-universidades","12":"autor-adriana-musitano","13":"autor-alberto-palasi","14":"autor-eliana-castanares","15":"autor-jorge-dubatti","16":"autor-laura-fobbio","17":"autor-maria-jose-apezteguia","18":"autor-mariano-marucco","19":"autor-mariela-heredia-regolini","20":"autor-nora-zaga","21":"autor-yanina-gallardo","22":"director-adriana-musitano","24":"first","25":"instock","26":"shipping-taxable","27":"product-type-external"},"acf":[],"_links":{"self":[{"href":"https:\/\/ffyh.unc.edu.ar\/publicaciones\/wp-json\/wp\/v2\/product\/1307","targetHints":{"allow":["GET"]}}],"collection":[{"href":"https:\/\/ffyh.unc.edu.ar\/publicaciones\/wp-json\/wp\/v2\/product"}],"about":[{"href":"https:\/\/ffyh.unc.edu.ar\/publicaciones\/wp-json\/wp\/v2\/types\/product"}],"replies":[{"embeddable":true,"href":"https:\/\/ffyh.unc.edu.ar\/publicaciones\/wp-json\/wp\/v2\/comments?post=1307"}],"wp:featuredmedia":[{"embeddable":true,"href":"https:\/\/ffyh.unc.edu.ar\/publicaciones\/wp-json\/wp\/v2\/media\/1304"}],"wp:attachment":[{"href":"https:\/\/ffyh.unc.edu.ar\/publicaciones\/wp-json\/wp\/v2\/media?parent=1307"}],"wp:term":[{"taxonomy":"product_brand","embeddable":true,"href":"https:\/\/ffyh.unc.edu.ar\/publicaciones\/wp-json\/wp\/v2\/product_brand?post=1307"},{"taxonomy":"product_cat","embeddable":true,"href":"https:\/\/ffyh.unc.edu.ar\/publicaciones\/wp-json\/wp\/v2\/product_cat?post=1307"},{"taxonomy":"product_tag","embeddable":true,"href":"https:\/\/ffyh.unc.edu.ar\/publicaciones\/wp-json\/wp\/v2\/product_tag?post=1307"},{"taxonomy":"autor","embeddable":true,"href":"https:\/\/ffyh.unc.edu.ar\/publicaciones\/wp-json\/wp\/v2\/autor?post=1307"},{"taxonomy":"editor","embeddable":true,"href":"https:\/\/ffyh.unc.edu.ar\/publicaciones\/wp-json\/wp\/v2\/editor?post=1307"},{"taxonomy":"traductor","embeddable":true,"href":"https:\/\/ffyh.unc.edu.ar\/publicaciones\/wp-json\/wp\/v2\/traductor?post=1307"},{"taxonomy":"compilador","embeddable":true,"href":"https:\/\/ffyh.unc.edu.ar\/publicaciones\/wp-json\/wp\/v2\/compilador?post=1307"},{"taxonomy":"coordinador","embeddable":true,"href":"https:\/\/ffyh.unc.edu.ar\/publicaciones\/wp-json\/wp\/v2\/coordinador?post=1307"},{"taxonomy":"director","embeddable":true,"href":"https:\/\/ffyh.unc.edu.ar\/publicaciones\/wp-json\/wp\/v2\/director?post=1307"}],"curies":[{"name":"wp","href":"https:\/\/api.w.org\/{rel}","templated":true}]}}