{"id":1337,"date":"2017-11-17T20:23:25","date_gmt":"2017-11-17T23:23:25","guid":{"rendered":"https:\/\/ffyh.unc.edu.ar\/publicaciones\/?post_type=product&#038;p=1337"},"modified":"2021-11-19T12:14:38","modified_gmt":"2021-11-19T15:14:38","slug":"discurso-y-poder-en-grecia-y-roma-lecturas-desde-la-historia-y-la-literatura","status":"publish","type":"product","link":"https:\/\/ffyh.unc.edu.ar\/publicaciones\/tienda\/publicaciones-de-investigacion\/seicyt\/actas-seicyt\/discurso-y-poder-en-grecia-y-roma-lecturas-desde-la-historia-y-la-literatura\/","title":{"rendered":"Discurso y poder en Grecia y Roma: lecturas desde la historia y la literatura"},"content":{"rendered":"<p>La historia del Workshop Nacional de Historia Antigua y Estudios Cl\u00e1sicos se remonta al 2012, un evento enmarcado en el Programa Interdisciplinario de Estudios Cl\u00e1sicos (PIEC) del Centro de Investigaciones y Estudios sobre Cultura y Sociedad (CIECS, CONICET-UNC), que pudo sostenerse en el tiempo gracias al apoyo econ\u00f3mico que en sus distintas ediciones recibi\u00f3 de la Secretar\u00eda de Investigaci\u00f3n, Ciencia y T\u00e9cnica de la Universidad Nacional de C\u00f3rdoba y al aval institucional de la Facultad de Filosof\u00eda y Humanidades.<\/p>\n<p>Los objetivos del Workshop son ofrecer una instancia de di\u00e1logo en torno a un tema concreto, que permita intercambiar preguntas e hip\u00f3tesis de trabajo haciendo hincapi\u00e9 en la discusi\u00f3n de los presupuestos te\u00f3ricos metodol\u00f3gicos de las investigaciones en progreso de los participantes invitados. Al mismo tiempo, se busca crear y fortalecer lazos con otros grupos de investigaci\u00f3n del pa\u00eds y del exterior y, asimismo, ofrecer un \u00e1mbito para que el p\u00fablico interesado en el mundo antiguo pueda tener la posibilidad de acceder al conocimiento cient\u00edfico no s\u00f3lo como oyente pasivo, sino, incluso, como participante activo durante las instancias de di\u00e1logo abiertas tras cada exposici\u00f3n.<\/p>\n<p><em>Discurso y poder en Grecia y Roma: lecturas desde la historia y la literatura<\/em>, es el primer n\u00famero de la colecci\u00f3n <em>Interpretatio, Cuadernos del PIEC<\/em>, que re\u00fane trabajos de cinco especialistas del campo de los estudios cl\u00e1sicos grecorromanos discutidos en el III Workshop Nacional de Historia Antigua y Estudios Cl\u00e1sicos \u201cDiscurso y Poder\u201d. En el primer cap\u00edtulo, Diego Paiaro se centra en las construcciones discursivas sobre la \u201cliberaci\u00f3n\u201d de Atenas en los enfrentamientos pol\u00edticos durante la instauraci\u00f3n de la democracia. A continuaci\u00f3n, Pablo Llanos analiza la relaci\u00f3n entre Jas\u00f3n y Heracles en un nivel metapo\u00e9tico en Argon\u00e1uticas, con el fin de demostrar que Apolonio de Rodas disemina a lo largo de la obra unas argon\u00e1uticas de Heracles que repiten y compiten con las de la historia principal. Guillermina Bogdan, por su parte, estudia la acci\u00f3n ritual de los pueblos nombrados en la Eneida de Virgilio, entendiendo la ritualidad como constructora de identidad. Ivana Chialva aborda la cuesti\u00f3n del discurso y poder en tres obras de Luciano de Samosata para identificar, en el vocabulario sobre los g\u00e9neros del encomio, la adulaci\u00f3n y la historia, un proyecto te\u00f3rico-po\u00e9tico del autor sobre su propia escritura. Finalmente, Lorena Esteller se detiene en la consideraci\u00f3n de los omina imperii, los presagios de poder imperial, como recursos de L. Septimio Severo en su construcci\u00f3n de legitimidad. Esperamos que estas contribuciones, que compartimos a continuaci\u00f3n con el lector, sirvan para estimular futuras investigaciones y para profundizar en los problemas y l\u00edneas de estudio aqu\u00ed planteados.<\/p>\n","protected":false},"excerpt":{"rendered":"<p>\u00abDiscurso y poder en Grecia y Roma: lecturas desde la historia y la literatura\u00bb es el primer n\u00famero de la colecci\u00f3n <em>Interpretatio, Cuadernos del PIEC<\/em>, que re\u00fane trabajos de cinco especialistas del campo de los estudios cl\u00e1sicos grecorromanos discutidos en el III Workshop Nacional de Historia Antigua y Estudios Cl\u00e1sicos \u201cDiscurso y Poder\u201d.<\/p>\n","protected":false},"featured_media":1336,"comment_status":"closed","ping_status":"closed","template":"","meta":{"_acf_changed":false,"colormag_page_container_layout":"default_layout","colormag_page_sidebar_layout":"default_layout"},"product_brand":[],"product_cat":[35,27,33],"product_tag":[1232,1229,1230],"autor":[929,938,966,967,965],"editor":[968,969],"traductor":[],"compilador":[],"coordinador":[],"director":[],"class_list":{"0":"post-1337","1":"product","2":"type-product","3":"status-publish","4":"has-post-thumbnail","6":"product_cat-actas-seicyt","7":"product_cat-publicaciones-de-investigacion","8":"product_cat-seicyt","9":"product_tag-actas-de-congresos","10":"product_tag-discurso","11":"product_tag-poder","12":"autor-diego-paiaro","13":"autor-guillermina-bogdan","14":"autor-ivana-chialva","15":"autor-lorena-esteller","16":"autor-pablo-martin-llanos","17":"editor-agustin-moreno","18":"editor-alvaro-moreno-leoni","20":"first","21":"instock","22":"shipping-taxable","23":"product-type-external"},"acf":[],"_links":{"self":[{"href":"https:\/\/ffyh.unc.edu.ar\/publicaciones\/wp-json\/wp\/v2\/product\/1337","targetHints":{"allow":["GET"]}}],"collection":[{"href":"https:\/\/ffyh.unc.edu.ar\/publicaciones\/wp-json\/wp\/v2\/product"}],"about":[{"href":"https:\/\/ffyh.unc.edu.ar\/publicaciones\/wp-json\/wp\/v2\/types\/product"}],"replies":[{"embeddable":true,"href":"https:\/\/ffyh.unc.edu.ar\/publicaciones\/wp-json\/wp\/v2\/comments?post=1337"}],"wp:featuredmedia":[{"embeddable":true,"href":"https:\/\/ffyh.unc.edu.ar\/publicaciones\/wp-json\/wp\/v2\/media\/1336"}],"wp:attachment":[{"href":"https:\/\/ffyh.unc.edu.ar\/publicaciones\/wp-json\/wp\/v2\/media?parent=1337"}],"wp:term":[{"taxonomy":"product_brand","embeddable":true,"href":"https:\/\/ffyh.unc.edu.ar\/publicaciones\/wp-json\/wp\/v2\/product_brand?post=1337"},{"taxonomy":"product_cat","embeddable":true,"href":"https:\/\/ffyh.unc.edu.ar\/publicaciones\/wp-json\/wp\/v2\/product_cat?post=1337"},{"taxonomy":"product_tag","embeddable":true,"href":"https:\/\/ffyh.unc.edu.ar\/publicaciones\/wp-json\/wp\/v2\/product_tag?post=1337"},{"taxonomy":"autor","embeddable":true,"href":"https:\/\/ffyh.unc.edu.ar\/publicaciones\/wp-json\/wp\/v2\/autor?post=1337"},{"taxonomy":"editor","embeddable":true,"href":"https:\/\/ffyh.unc.edu.ar\/publicaciones\/wp-json\/wp\/v2\/editor?post=1337"},{"taxonomy":"traductor","embeddable":true,"href":"https:\/\/ffyh.unc.edu.ar\/publicaciones\/wp-json\/wp\/v2\/traductor?post=1337"},{"taxonomy":"compilador","embeddable":true,"href":"https:\/\/ffyh.unc.edu.ar\/publicaciones\/wp-json\/wp\/v2\/compilador?post=1337"},{"taxonomy":"coordinador","embeddable":true,"href":"https:\/\/ffyh.unc.edu.ar\/publicaciones\/wp-json\/wp\/v2\/coordinador?post=1337"},{"taxonomy":"director","embeddable":true,"href":"https:\/\/ffyh.unc.edu.ar\/publicaciones\/wp-json\/wp\/v2\/director?post=1337"}],"curies":[{"name":"wp","href":"https:\/\/api.w.org\/{rel}","templated":true}]}}