{"id":1341,"date":"2017-11-17T20:36:06","date_gmt":"2017-11-17T23:36:06","guid":{"rendered":"https:\/\/ffyh.unc.edu.ar\/publicaciones\/?post_type=product&#038;p=1341"},"modified":"2021-11-19T12:14:50","modified_gmt":"2021-11-19T15:14:50","slug":"el-rumor-del-humor-jornadas-de-investigacion-innovacion-rupturas-y-transformaciones-en-la-cultura-humoristica-argentina","status":"publish","type":"product","link":"https:\/\/ffyh.unc.edu.ar\/publicaciones\/tienda\/publicaciones-de-investigacion\/seicyt\/actas-seicyt\/el-rumor-del-humor-jornadas-de-investigacion-innovacion-rupturas-y-transformaciones-en-la-cultura-humoristica-argentina\/","title":{"rendered":"El rumor del humor: Jornadas de Investigaci\u00f3n: innovaci\u00f3n, rupturas y transformaciones en la cultura humor\u00edstica argentina"},"content":{"rendered":"<p><em>El rumor del humor<\/em>, el t\u00edtulo que elegimos para este libro, evoca ese discurso que se diluye, que se interna por laberintos o por orificios por los que se pierde, que se amolda a una concreci\u00f3n que se transforma; el lugar imposible, dice R. Robin a prop\u00f3sito del rumor, que se vincula a la vez con lo impl\u00edcito y lo expl\u00edcito, voces, \u00edndices de la pregnancia de lo ideol\u00f3gico. Cuando el rumor es del humor, como el aire que se expele en la carcajada, se mezcla en la atm\u00f3sfera social, pasa a ser la oxigenaci\u00f3n de una cierta comunidad. Su ox\u00edgeno y su signo. Un signo de lo reglado que es puesto en cuesti\u00f3n, de los discursos hegem\u00f3nicos cuya habitualidad es expuesta con acento cr\u00edtico, de la conflictividad yacente, de los clis\u00e9s y estereotipos a exhibir y desarmar, del efecto de normalizaci\u00f3n a deconstruir. La vinculaci\u00f3n del humor con el rumor es la que hace expl\u00edcita la ley impl\u00edcita pero doblemente torsionada: lo que muestra es su denegaci\u00f3n, o sea la denegaci\u00f3n de la norma, (por la iron\u00eda), su exageraci\u00f3n (por la s\u00e1tira y la caricatura), su imitaci\u00f3n devaluadora (por la parodia) para desestabilizar lo normado.<\/p>\n<p>Este libro contiene los intentos de explicar, describir ese fluido humoroso que en sus m\u00faltiples manifestaciones atraviesa la cultura en diferentes \u00e9pocas y soportes. Esos intentos se expusieron en las <em>Jornadas de Investigaci\u00f3n: innovaci\u00f3n, rupturas y <\/em><em>transformaciones en la cultura humor\u00edstica argentina <\/em>que pretendieron dar cuenta de manifestaciones, de la innovaci\u00f3n, rupturas y transformaciones, tambi\u00e9n lecturas de la tradici\u00f3n en la cultura humor\u00edstica argentina y latinoamericana.<\/p>\n<p>Los art\u00edculos de este libro en su mayor\u00eda son la reelaboraci\u00f3n, en extensi\u00f3n, intensidad y complejidad, de la mayor parte de las ponencias que compartimos y sobre las que departimos en las Jornadas. En ellos hay huellas de las discusiones y los interrogantes que, a pesar de la escasez del tiempo, campearon en las intervenciones de los participantes. Incluso de aquellas que quedaron en la oralidad y no forman parte de este libro. Porque en ning\u00fan momento dej\u00f3 de estar presente que se trataba sobre las pol\u00edticas del humor.<\/p>\n","protected":false},"excerpt":{"rendered":"<p>Los art\u00edculos de este libro en su mayor\u00eda son la reelaboraci\u00f3n, en extensi\u00f3n, intensidad y complejidad, de la mayor parte de las ponencias que compartimos y sobre las que departimos en las <em>Jornadas de Investigaci\u00f3n: innovaci\u00f3n, rupturas y transformaciones en la cultura humor\u00edstica argentina<\/em>. En ellos hay huellas de las discusiones y los interrogantes que, a pesar de la escasez del tiempo, campearon en las intervenciones de los participantes.<\/p>\n","protected":false},"featured_media":1340,"comment_status":"closed","ping_status":"closed","template":"","meta":{"_acf_changed":false,"colormag_page_container_layout":"default_layout","colormag_page_sidebar_layout":"default_layout"},"product_brand":[],"product_cat":[35,27,33],"product_tag":[1232,1228,1227,1226],"autor":[672,976,977,975,981,973,972,984,673,982,334,657,980,979,978,983,974],"editor":[],"traductor":[],"compilador":[],"coordinador":[985],"director":[],"class_list":{"0":"post-1341","1":"product","2":"type-product","3":"status-publish","4":"has-post-thumbnail","6":"product_cat-actas-seicyt","7":"product_cat-publicaciones-de-investigacion","8":"product_cat-seicyt","9":"product_tag-actas-de-congresos","10":"product_tag-arte-latinoamericano","11":"product_tag-cultura","12":"product_tag-humor","13":"autor-adriana-musitano","14":"autor-ana-beatriz-flores","15":"autor-ana-pedrazzini","16":"autor-damian-fraticelli","17":"autor-dana-botti","18":"autor-elisa-gagliano","19":"autor-ham-khan","20":"autor-jorge-monteagudo","21":"autor-laura-fobbio","22":"autor-marcelo-alejandro-moreno","23":"autor-marcelo-silva-cantoni","24":"autor-maria-celeste-aichino","25":"autor-maria-florencia-ortiz","26":"autor-maria-ximena-avila","27":"autor-nora-scheuer","28":"autor-pablo-ivan-lomsacov","29":"autor-rocco-carbone","30":"coordinador-ana-beatriz-flores","32":"first","33":"instock","34":"shipping-taxable","35":"product-type-external"},"acf":[],"_links":{"self":[{"href":"https:\/\/ffyh.unc.edu.ar\/publicaciones\/wp-json\/wp\/v2\/product\/1341","targetHints":{"allow":["GET"]}}],"collection":[{"href":"https:\/\/ffyh.unc.edu.ar\/publicaciones\/wp-json\/wp\/v2\/product"}],"about":[{"href":"https:\/\/ffyh.unc.edu.ar\/publicaciones\/wp-json\/wp\/v2\/types\/product"}],"replies":[{"embeddable":true,"href":"https:\/\/ffyh.unc.edu.ar\/publicaciones\/wp-json\/wp\/v2\/comments?post=1341"}],"wp:featuredmedia":[{"embeddable":true,"href":"https:\/\/ffyh.unc.edu.ar\/publicaciones\/wp-json\/wp\/v2\/media\/1340"}],"wp:attachment":[{"href":"https:\/\/ffyh.unc.edu.ar\/publicaciones\/wp-json\/wp\/v2\/media?parent=1341"}],"wp:term":[{"taxonomy":"product_brand","embeddable":true,"href":"https:\/\/ffyh.unc.edu.ar\/publicaciones\/wp-json\/wp\/v2\/product_brand?post=1341"},{"taxonomy":"product_cat","embeddable":true,"href":"https:\/\/ffyh.unc.edu.ar\/publicaciones\/wp-json\/wp\/v2\/product_cat?post=1341"},{"taxonomy":"product_tag","embeddable":true,"href":"https:\/\/ffyh.unc.edu.ar\/publicaciones\/wp-json\/wp\/v2\/product_tag?post=1341"},{"taxonomy":"autor","embeddable":true,"href":"https:\/\/ffyh.unc.edu.ar\/publicaciones\/wp-json\/wp\/v2\/autor?post=1341"},{"taxonomy":"editor","embeddable":true,"href":"https:\/\/ffyh.unc.edu.ar\/publicaciones\/wp-json\/wp\/v2\/editor?post=1341"},{"taxonomy":"traductor","embeddable":true,"href":"https:\/\/ffyh.unc.edu.ar\/publicaciones\/wp-json\/wp\/v2\/traductor?post=1341"},{"taxonomy":"compilador","embeddable":true,"href":"https:\/\/ffyh.unc.edu.ar\/publicaciones\/wp-json\/wp\/v2\/compilador?post=1341"},{"taxonomy":"coordinador","embeddable":true,"href":"https:\/\/ffyh.unc.edu.ar\/publicaciones\/wp-json\/wp\/v2\/coordinador?post=1341"},{"taxonomy":"director","embeddable":true,"href":"https:\/\/ffyh.unc.edu.ar\/publicaciones\/wp-json\/wp\/v2\/director?post=1341"}],"curies":[{"name":"wp","href":"https:\/\/api.w.org\/{rel}","templated":true}]}}