{"id":1377,"date":"2016-12-18T07:09:09","date_gmt":"2016-12-18T10:09:09","guid":{"rendered":"https:\/\/ffyh.unc.edu.ar\/publicaciones\/?post_type=product&#038;p=1377"},"modified":"2021-11-19T12:25:32","modified_gmt":"2021-11-19T15:25:32","slug":"actas-cuartas-jornadas-taller-de-trabajo-final-de-licenciatura-tfl-seminarios-en-historia-cuestiones-teorico-metodologicas-y-procesos-de-investigacion","status":"publish","type":"product","link":"https:\/\/ffyh.unc.edu.ar\/publicaciones\/tienda\/publicaciones-de-investigacion\/seicyt\/actas-seicyt\/actas-cuartas-jornadas-taller-de-trabajo-final-de-licenciatura-tfl-seminarios-en-historia-cuestiones-teorico-metodologicas-y-procesos-de-investigacion\/","title":{"rendered":"Actas Cuartas Jornadas taller de Trabajo Final de Licenciatura (TFL)\/ Seminarios en Historia. Cuestiones Te\u00f3rico-metodol\u00f3gicas y procesos de investigaci\u00f3n"},"content":{"rendered":"<p>En los a\u00f1os 2013, 2014 y 2015 tuvieron lugar las Primeras, Segundas y Terceras Jornada Taller de Trabajos Finales de Licenciatura (TFL) de Historia. En dichas oportunidades el objetivo fue iniciar y continuar el debate en torno a las complejidades y dificultades en los primeros pasos en la investigaci\u00f3n hist\u00f3rica.<\/p>\n<p>La intenci\u00f3n de la cuarta edici\u00f3n fue consolidar este espacio integrando a mayores segmentos de estudiantes y graduados recientes en este \u00e1mbito de discusi\u00f3n y fomento de las pr\u00e1cticas investigaci\u00f3n. As\u00ed, y a partir de la importante participaci\u00f3n e inter\u00e9s registrado en las tres jornadas anteriores en esta nueva oportunidad se emprendi\u00f3 la organizaci\u00f3n de las Cuartas Jornadas de TFL.<\/p>\n<p>En esta oportunidad fueron organizadas conjuntamente por el equipo de trabajo del PAMEG (Programa de Apoyo y Mejora para la Ense\u00f1anza de Grado), con el apoyo de la Direcci\u00f3n de la Escuela de Historia. En esta ocasi\u00f3n se previ\u00f3 la presentaci\u00f3n de cuatro tipos de contribuciones escritas derivadas de las siguientes instancias: trabajos finales de Seminario, Cursillo o Materia de grado; primeros lineamientos del proyecto de investigaci\u00f3n del TFL; proyectos de TFL aprobado e investigaciones en desarrollo; y TFL aprobado. De este modo, en esta compilaci\u00f3n se encuentran textos que fueron presentados por sus autores en la Cuarta Jornada Taller de Trabajos Finales de Licenciatura de Historia.<\/p>\n","protected":false},"excerpt":{"rendered":"<p>Estas Actas re\u00fanen los trabajos de las Cuartas Jornadas Taller de Trabajos Finales de Licenciatura (TFL) de Historia organizadas conjuntamente por el equipo de trabajo del PAMEG (Programa de Apoyo y Mejora para la Ense\u00f1anza de Grado), con el apoyo de la Direcci\u00f3n de la Escuela de Historia. Las actas cuentan con cuatro tipos de contribuciones derivadas de trabajos finales de Seminario, Cursillo o Materia de grado; primeros lineamientos del proyecto de investigaci\u00f3n del TFL; proyectos de TFL aprobado e investigaciones en desarrollo; y TFL aprobado.<\/p>\n","protected":false},"featured_media":1376,"comment_status":"closed","ping_status":"closed","template":"","meta":{"_acf_changed":false,"colormag_page_container_layout":"default_layout","colormag_page_sidebar_layout":"default_layout"},"product_brand":[],"product_cat":[35,27,33],"product_tag":[1232],"autor":[998,996,997,781,992,798,991,990,993,780,800,987,989,988,782,994,995,797],"editor":[],"traductor":[],"compilador":[],"coordinador":[],"director":[],"class_list":{"0":"post-1377","1":"product","2":"type-product","3":"status-publish","4":"has-post-thumbnail","6":"product_cat-actas-seicyt","7":"product_cat-publicaciones-de-investigacion","8":"product_cat-seicyt","9":"product_tag-actas-de-congresos","10":"autor-agustina-fiorani-vazquez","11":"autor-carolina-ochoa","12":"autor-dana-carrasco","13":"autor-fatima-boccetti","14":"autor-fiorani-agustina","15":"autor-florencia-plomer","16":"autor-francisco-franco","17":"autor-franco-facetti","18":"autor-juan-ignacio-fantin","19":"autor-lucia-avendano","20":"autor-maria-de-la-paz-moyano","21":"autor-maria-gabriela-rho","22":"autor-melina-andrea-chiaramonte-costanzo","23":"autor-micaela-gonzalez-valdes","24":"autor-romina-molina","25":"autor-sofia-dalmasso","26":"autor-valentina-suyay","27":"autor-virginia-zelada","29":"first","30":"instock","31":"shipping-taxable","32":"product-type-external"},"acf":[],"_links":{"self":[{"href":"https:\/\/ffyh.unc.edu.ar\/publicaciones\/wp-json\/wp\/v2\/product\/1377","targetHints":{"allow":["GET"]}}],"collection":[{"href":"https:\/\/ffyh.unc.edu.ar\/publicaciones\/wp-json\/wp\/v2\/product"}],"about":[{"href":"https:\/\/ffyh.unc.edu.ar\/publicaciones\/wp-json\/wp\/v2\/types\/product"}],"replies":[{"embeddable":true,"href":"https:\/\/ffyh.unc.edu.ar\/publicaciones\/wp-json\/wp\/v2\/comments?post=1377"}],"wp:featuredmedia":[{"embeddable":true,"href":"https:\/\/ffyh.unc.edu.ar\/publicaciones\/wp-json\/wp\/v2\/media\/1376"}],"wp:attachment":[{"href":"https:\/\/ffyh.unc.edu.ar\/publicaciones\/wp-json\/wp\/v2\/media?parent=1377"}],"wp:term":[{"taxonomy":"product_brand","embeddable":true,"href":"https:\/\/ffyh.unc.edu.ar\/publicaciones\/wp-json\/wp\/v2\/product_brand?post=1377"},{"taxonomy":"product_cat","embeddable":true,"href":"https:\/\/ffyh.unc.edu.ar\/publicaciones\/wp-json\/wp\/v2\/product_cat?post=1377"},{"taxonomy":"product_tag","embeddable":true,"href":"https:\/\/ffyh.unc.edu.ar\/publicaciones\/wp-json\/wp\/v2\/product_tag?post=1377"},{"taxonomy":"autor","embeddable":true,"href":"https:\/\/ffyh.unc.edu.ar\/publicaciones\/wp-json\/wp\/v2\/autor?post=1377"},{"taxonomy":"editor","embeddable":true,"href":"https:\/\/ffyh.unc.edu.ar\/publicaciones\/wp-json\/wp\/v2\/editor?post=1377"},{"taxonomy":"traductor","embeddable":true,"href":"https:\/\/ffyh.unc.edu.ar\/publicaciones\/wp-json\/wp\/v2\/traductor?post=1377"},{"taxonomy":"compilador","embeddable":true,"href":"https:\/\/ffyh.unc.edu.ar\/publicaciones\/wp-json\/wp\/v2\/compilador?post=1377"},{"taxonomy":"coordinador","embeddable":true,"href":"https:\/\/ffyh.unc.edu.ar\/publicaciones\/wp-json\/wp\/v2\/coordinador?post=1377"},{"taxonomy":"director","embeddable":true,"href":"https:\/\/ffyh.unc.edu.ar\/publicaciones\/wp-json\/wp\/v2\/director?post=1377"}],"curies":[{"name":"wp","href":"https:\/\/api.w.org\/{rel}","templated":true}]}}