{"id":1390,"date":"2015-11-18T07:45:26","date_gmt":"2015-11-18T10:45:26","guid":{"rendered":"https:\/\/ffyh.unc.edu.ar\/publicaciones\/?post_type=product&#038;p=1390"},"modified":"2021-12-14T19:37:00","modified_gmt":"2021-12-14T22:37:00","slug":"actas-terceras-jornadas-taller-de-trabajo-final-de-licenciatura-tfl-seminarios-en-historia-cuestiones-teorico-metodologicas-y-procesos-de-investigacion","status":"publish","type":"product","link":"https:\/\/ffyh.unc.edu.ar\/publicaciones\/tienda\/publicaciones-de-investigacion\/seicyt\/actas-seicyt\/actas-terceras-jornadas-taller-de-trabajo-final-de-licenciatura-tfl-seminarios-en-historia-cuestiones-teorico-metodologicas-y-procesos-de-investigacion\/","title":{"rendered":"Actas Terceras Jornadas Taller de Trabajo Final de Licenciatura (TFL).  Seminarios en Historia: cuestiones te\u00f3rico-metodol\u00f3gicas y procesos  de investigaci\u00f3n"},"content":{"rendered":"<p>En el a\u00f1os 2013 y 2014 tuvieron lugar las Primeras y Segundas Jornada Taller de Trabajos Finales de Licenciatura (TFL) de Historia. En ambas oportunidades el objetivo fue iniciar un debate en torno a las complejidades y dificultades en los primeros pasos en la investigaci\u00f3n hist\u00f3rica.<\/p>\n<p>La intenci\u00f3n de la tercera edici\u00f3n fue consolidar este espacio integrando a mayores segmentos de estudiantes y graduados recientes en este \u00e1mbito de discusi\u00f3n y fomento de las pr\u00e1cticas investigaci\u00f3n. De esta forma, y a partir de la importante participaci\u00f3n e inter\u00e9s registrado en las dos jornadas anteriores nuevamente se emprendi\u00f3 la organizaci\u00f3n de las Terceras Jornadas de TFL.<\/p>\n<p>En esta oportunidad fueron organizadas conjuntamente por el equipo de trabajo del PAMEG (Programa de Apoyo y Mejora para la Ense\u00f1anza de Grado), con el apoyo incondicional de la actual Direcci\u00f3n de la Escuela de Historia y el \u00e1rea de Historia del Centro de Investigaciones de la Facultad de Filosof\u00eda y Humanidades. En esta ocasi\u00f3n se previ\u00f3 la presentaci\u00f3n de cuatro tipos de contribuciones escritas derivadas de las siguientes instancias: un trabajo final de Seminario, Cursillo o Materia; primeros lineamientos del proyecto de investigaci\u00f3n del TFL; proyecto de TFL aprobado e investigaci\u00f3n en desarrollo; TFL aprobado. As\u00ed, en esta compilaci\u00f3n se encuentran textos que fueron presentados por sus acutores en la Tercera Jornada Taller de Trabajos Finales de Licenciatura de Historia.<\/p>\n","protected":false},"excerpt":{"rendered":"<p>Esta publicaci\u00f3n re\u00fane los trabajos presentados en las <em>Terceras Jornadas Taller de Trabajo Final de Licenciatura (TFL) \/ Seminarios en Historia. Cuestiones te\u00f3rico-metodol\u00f3gicas y procesos de investigaci\u00f3n. <\/em>En esta ocasi\u00f3n se previ\u00f3 la presentaci\u00f3n de cuatro tipos de contribuciones escritas derivadas de las siguientes instancias: un trabajo final de Seminario, Cursillo o Materia; primeros lineamientos del proyecto de investigaci\u00f3n del TFL; proyecto de TFL aprobado e investigaci\u00f3n en desarrollo; TFL aprobado. As\u00ed, en esta compilaci\u00f3n se encuentran textos que fueron presentados por sus acutores en la Tercera Jornada Taller de Trabajos Finales de Licenciatura de Historia.<\/p>\n","protected":false},"featured_media":1382,"comment_status":"closed","ping_status":"closed","template":"","meta":{"_acf_changed":false,"colormag_page_container_layout":"default_layout","colormag_page_sidebar_layout":"default_layout"},"product_brand":[],"product_cat":[35,27,33],"product_tag":[1105,1138,1220],"autor":[1012,323,1010,825,1015,1011,989,1014,1013,816],"editor":[],"traductor":[],"compilador":[1019,1022,1018,1016,1021,1017,1020],"coordinador":[],"director":[],"class_list":{"0":"post-1390","1":"product","2":"type-product","3":"status-publish","4":"has-post-thumbnail","6":"product_cat-actas-seicyt","7":"product_cat-publicaciones-de-investigacion","8":"product_cat-seicyt","9":"product_tag-historia","10":"product_tag-investigacion","11":"product_tag-licenciatura","12":"autor-agustin-alberto-fertonani","13":"autor-denise-reyna-berrotaran","14":"autor-elisa-cornejo","15":"autor-federico-reche","16":"autor-juan-manuel-montegu","17":"autor-maria-cecilia-bustos-moreschi","18":"autor-melina-andrea-chiaramonte-costanzo","19":"autor-paula-veronica-bazan","20":"autor-sofia-arrieta","21":"autor-yesica-bonino","22":"compilador-denise-reyna-berrotaran","23":"compilador-laura-catena","24":"compilador-maria-dolores-rivero","25":"compilador-marta-philp","26":"compilador-micaela-gonzalez-valdes","27":"compilador-paula-garcia-schneider","28":"compilador-velia-luparello","30":"first","31":"instock","32":"shipping-taxable","33":"product-type-external"},"acf":[],"_links":{"self":[{"href":"https:\/\/ffyh.unc.edu.ar\/publicaciones\/wp-json\/wp\/v2\/product\/1390","targetHints":{"allow":["GET"]}}],"collection":[{"href":"https:\/\/ffyh.unc.edu.ar\/publicaciones\/wp-json\/wp\/v2\/product"}],"about":[{"href":"https:\/\/ffyh.unc.edu.ar\/publicaciones\/wp-json\/wp\/v2\/types\/product"}],"replies":[{"embeddable":true,"href":"https:\/\/ffyh.unc.edu.ar\/publicaciones\/wp-json\/wp\/v2\/comments?post=1390"}],"wp:featuredmedia":[{"embeddable":true,"href":"https:\/\/ffyh.unc.edu.ar\/publicaciones\/wp-json\/wp\/v2\/media\/1382"}],"wp:attachment":[{"href":"https:\/\/ffyh.unc.edu.ar\/publicaciones\/wp-json\/wp\/v2\/media?parent=1390"}],"wp:term":[{"taxonomy":"product_brand","embeddable":true,"href":"https:\/\/ffyh.unc.edu.ar\/publicaciones\/wp-json\/wp\/v2\/product_brand?post=1390"},{"taxonomy":"product_cat","embeddable":true,"href":"https:\/\/ffyh.unc.edu.ar\/publicaciones\/wp-json\/wp\/v2\/product_cat?post=1390"},{"taxonomy":"product_tag","embeddable":true,"href":"https:\/\/ffyh.unc.edu.ar\/publicaciones\/wp-json\/wp\/v2\/product_tag?post=1390"},{"taxonomy":"autor","embeddable":true,"href":"https:\/\/ffyh.unc.edu.ar\/publicaciones\/wp-json\/wp\/v2\/autor?post=1390"},{"taxonomy":"editor","embeddable":true,"href":"https:\/\/ffyh.unc.edu.ar\/publicaciones\/wp-json\/wp\/v2\/editor?post=1390"},{"taxonomy":"traductor","embeddable":true,"href":"https:\/\/ffyh.unc.edu.ar\/publicaciones\/wp-json\/wp\/v2\/traductor?post=1390"},{"taxonomy":"compilador","embeddable":true,"href":"https:\/\/ffyh.unc.edu.ar\/publicaciones\/wp-json\/wp\/v2\/compilador?post=1390"},{"taxonomy":"coordinador","embeddable":true,"href":"https:\/\/ffyh.unc.edu.ar\/publicaciones\/wp-json\/wp\/v2\/coordinador?post=1390"},{"taxonomy":"director","embeddable":true,"href":"https:\/\/ffyh.unc.edu.ar\/publicaciones\/wp-json\/wp\/v2\/director?post=1390"}],"curies":[{"name":"wp","href":"https:\/\/api.w.org\/{rel}","templated":true}]}}