{"id":1392,"date":"2015-11-18T08:06:53","date_gmt":"2015-11-18T11:06:53","guid":{"rendered":"https:\/\/ffyh.unc.edu.ar\/publicaciones\/?post_type=product&#038;p=1392"},"modified":"2025-08-26T09:36:10","modified_gmt":"2025-08-26T12:36:10","slug":"actas-foro-de-iniciacion-en-la-investigacion-2015","status":"publish","type":"product","link":"https:\/\/ffyh.unc.edu.ar\/publicaciones\/tienda\/publicaciones-de-investigacion\/seicyt\/actas-seicyt\/actas-foro-de-iniciacion-en-la-investigacion-2015\/","title":{"rendered":"Actas. Foro de Iniciaci\u00f3n en la Investigaci\u00f3n, 2015"},"content":{"rendered":"<p>Creadas hace m\u00e1s de diez a\u00f1os, las Becas de Iniciaci\u00f3n en la Investigaci\u00f3n de la Secretar\u00eda de Investigaci\u00f3n, Ciencia y T\u00e9cnica de la Facultad de Filosof\u00eda y Humanidades est\u00e1n destinadas a estudiantes avanzados y egresados recientes de las carreras de la Facultad y pretenden contribuir a que los alumnos concluyan sus Trabajos Finales de Licenciatura o sus Pr\u00e1cticas Profesionales Supervisadas y a que los egresados puedan insertarse en equipos de investigaci\u00f3n.<\/p>\n<p>Al cabo de diez meses de trabajo, los estudiantes y egresados tienen obligaci\u00f3n de presentar a la SeICyT los resultados de su investigaci\u00f3n a trav\u00e9s de una constancia que d\u00e9 cuenta de la culminaci\u00f3n de su Trabajo Final o de sus Pr\u00e1cticas Profesionales Supervisadas (en el caso de los estudiantes) y un informe (en el caso de los egresados).<\/p>\n<p>Sin embargo, y al margen de las presentaciones que espont\u00e1neamente los becarios efect\u00faan en encuentros cient\u00edficos o de las publicaciones que realizan en revistas y libros de la misma \u00edndole, los avances, las dificultades y los resultados de la investigaci\u00f3n que unos y otros llevan adelante en el per\u00edodo de duraci\u00f3n de la beca no se socializan en espacios destinados a tal fin.<\/p>\n<p>El \u201cForo de Iniciaci\u00f3n en la Investigaci\u00f3n\u201d, que tuvo lugar los d\u00edas 1 y 2 de julio de 2015 pretendi\u00f3 cubrir esa carencia y abrir un lugar que propiciara el intercambio entre los estudiantes y egresados que ya hab\u00edan finalizado su beca y aquellos que, habi\u00e9ndola obtenido para el per\u00edodo entonces en curso, reci\u00e9n comenzaban el desarrollo de sus investigaciones. A demanda de los propios participantes, esta se convirti\u00f3 tambi\u00e9n en una instancia de intervenci\u00f3n para becarios que hab\u00edan sido favorecidos con otras becas similares, en particular las Becas Est\u00edmulo a las Vocaciones Cient\u00edficas del Consejo Interuniversitario Nacional (CIN) y muy especialmente estudiantes avanzados de las carreras de la FFyH, postulantes eventuales a este tipo de becas. De esta manera, el Foro quiso ser un espacio que contribuyera a la divulgaci\u00f3n de la experiencia y de los resultados obtenidos por parte de los becarios salientes y de las inquietudes y expectativas de los nuevos becarios.<\/p>\n<p>A lo largo de dos jornadas y en las m\u00e1s de treinta exposiciones que ahora damos a publicaci\u00f3n, unos y otros, dieron cuenta de hasta qu\u00e9 punto la tarea de investigar, que est\u00e1 asociada ciertamente a la producci\u00f3n de conocimiento, requiere a su vez de conocimientos espec\u00edficos tales como: plantear un problema, formular una hip\u00f3tesis, tomar decisiones te\u00f3rico-metodol\u00f3gicas, construir un objeto de estudio, hacer b\u00fasquedas documentales y\/o bibliogr\u00e1ficas, encarar un trabajo de car\u00e1cter etnogr\u00e1fico. Y tambi\u00e9n: escribir una ponencia y presentarla en un encuentro cient\u00edfico o postular a una beca como las becas de Iniciaci\u00f3n de nuestra Facultad o las becas Est\u00edmulo a las Vocaciones Cient\u00edficas.<\/p>\n","protected":false},"excerpt":{"rendered":"<p>Esta publicaci\u00f3n recupera los trabajos presentados en el \u201cForo de Iniciaci\u00f3n en la Investigaci\u00f3n\u201d, que tuvo lugar los d\u00edas 1 y 2 de julio de 2015 y que pretendi\u00f3 abrir un lugar que propiciara el intercambio entre los estudiantes y egresados que ya hab\u00edan finalizado su beca y aquellos que, habi\u00e9ndola obtenido para el per\u00edodo entonces en curso, reci\u00e9n comenzaban el desarrollo de sus investigaciones. Estas Actas quisieron ser un espacio que contribuyera a la divulgaci\u00f3n de la experiencia y de los resultados obtenidos por parte de los becarios salientes y de las inquietudes y expectativas de los nuevos becarios.<\/p>\n","protected":false},"featured_media":1384,"comment_status":"closed","ping_status":"closed","template":"","meta":{"_acf_changed":false,"colormag_page_container_layout":"default_layout","colormag_page_sidebar_layout":"default_layout"},"product_brand":[],"product_cat":[35,27,33],"product_tag":[1138],"autor":[1028,1025,809,1043,1040,1036,1032,1026,341,1034,228,796,616,1041,1042,830,1037,1039,1024,1027,1031,617,1038,1033,1029,1023,1035,1030],"editor":[],"traductor":[],"compilador":[],"coordinador":[1008,1009],"director":[],"class_list":{"0":"post-1392","1":"product","2":"type-product","3":"status-publish","4":"has-post-thumbnail","6":"product_cat-actas-seicyt","7":"product_cat-publicaciones-de-investigacion","8":"product_cat-seicyt","9":"product_tag-investigacion","10":"autor-agustin-liarte-tiloca","11":"autor-aldana-calderon-archina","12":"autor-camila-tagle","13":"autor-carmelo-daniel-scarcella","14":"autor-cynthia-carolina-ochoa","15":"autor-enrique-de-goycoechea","16":"autor-florencia-muller","17":"autor-jose-maria-caminoa","18":"autor-laura-arese","19":"autor-leticia-daniela-carmignani","20":"autor-leticia-paz-sena","21":"autor-lucas-borrastero","22":"autor-maria-cecilia-diaz","23":"autor-maria-dolores-rivero","24":"autor-maria-lucia-tamagnini","25":"autor-maria-paula-puttini","26":"autor-maria-victoria-lopez","27":"autor-maria-victoria-nunez","28":"autor-mariano-bussi","29":"autor-nancy-casimiro","30":"autor-pamela-ruth-reisin","31":"autor-paulina-iglesias","32":"autor-rocio-maria-molar","33":"autor-rocio-monzon","34":"autor-silvana-marcela-lopez","35":"autor-sofia-yanina-brunero","36":"autor-valentina-cervi","37":"autor-yair-buonfiglio","38":"coordinador-candelaria-de-olmos","39":"coordinador-noelia-garcia","41":"first","42":"instock","43":"shipping-taxable","44":"product-type-external"},"acf":[],"_links":{"self":[{"href":"https:\/\/ffyh.unc.edu.ar\/publicaciones\/wp-json\/wp\/v2\/product\/1392","targetHints":{"allow":["GET"]}}],"collection":[{"href":"https:\/\/ffyh.unc.edu.ar\/publicaciones\/wp-json\/wp\/v2\/product"}],"about":[{"href":"https:\/\/ffyh.unc.edu.ar\/publicaciones\/wp-json\/wp\/v2\/types\/product"}],"replies":[{"embeddable":true,"href":"https:\/\/ffyh.unc.edu.ar\/publicaciones\/wp-json\/wp\/v2\/comments?post=1392"}],"wp:featuredmedia":[{"embeddable":true,"href":"https:\/\/ffyh.unc.edu.ar\/publicaciones\/wp-json\/wp\/v2\/media\/1384"}],"wp:attachment":[{"href":"https:\/\/ffyh.unc.edu.ar\/publicaciones\/wp-json\/wp\/v2\/media?parent=1392"}],"wp:term":[{"taxonomy":"product_brand","embeddable":true,"href":"https:\/\/ffyh.unc.edu.ar\/publicaciones\/wp-json\/wp\/v2\/product_brand?post=1392"},{"taxonomy":"product_cat","embeddable":true,"href":"https:\/\/ffyh.unc.edu.ar\/publicaciones\/wp-json\/wp\/v2\/product_cat?post=1392"},{"taxonomy":"product_tag","embeddable":true,"href":"https:\/\/ffyh.unc.edu.ar\/publicaciones\/wp-json\/wp\/v2\/product_tag?post=1392"},{"taxonomy":"autor","embeddable":true,"href":"https:\/\/ffyh.unc.edu.ar\/publicaciones\/wp-json\/wp\/v2\/autor?post=1392"},{"taxonomy":"editor","embeddable":true,"href":"https:\/\/ffyh.unc.edu.ar\/publicaciones\/wp-json\/wp\/v2\/editor?post=1392"},{"taxonomy":"traductor","embeddable":true,"href":"https:\/\/ffyh.unc.edu.ar\/publicaciones\/wp-json\/wp\/v2\/traductor?post=1392"},{"taxonomy":"compilador","embeddable":true,"href":"https:\/\/ffyh.unc.edu.ar\/publicaciones\/wp-json\/wp\/v2\/compilador?post=1392"},{"taxonomy":"coordinador","embeddable":true,"href":"https:\/\/ffyh.unc.edu.ar\/publicaciones\/wp-json\/wp\/v2\/coordinador?post=1392"},{"taxonomy":"director","embeddable":true,"href":"https:\/\/ffyh.unc.edu.ar\/publicaciones\/wp-json\/wp\/v2\/director?post=1392"}],"curies":[{"name":"wp","href":"https:\/\/api.w.org\/{rel}","templated":true}]}}